{"id":11659,"date":"2023-03-20T17:29:35","date_gmt":"2023-03-20T17:29:35","guid":{"rendered":"https:\/\/cos.m5i.com\/?page_id=11659"},"modified":"2023-12-22T13:23:11","modified_gmt":"2023-12-22T13:23:11","slug":"members","status":"publish","type":"page","link":"https:\/\/oceansupercluster.ca\/fr\/members\/","title":{"rendered":"NOS MEMBRES"},"content":{"rendered":"<div class=\"wpb-content-wrapper\"><div class=\"g-container\">[vc_row][vc_column][vc_column_text]SOC est un groupe de transformation dirig\u00e9 par l\u2019industrie visant \u00e0 r\u00e9soudre certains des plus grands d\u00e9fis des secteurs de l\u2019oc\u00e9an par un programme concert\u00e9 SOC n&rsquo;est pas seulement un r\u00e9seau, c&rsquo;est un catalyseur de croissance pour l&rsquo;\u00e9conomie oc\u00e9anique. Se joindre \u00e0 Supergrappe des oc\u00e9ans du Canada, c&rsquo;est se joindre \u00e0 un mouvement qui cr\u00e9e des changements significatifs tout en favorisant la r\u00e9ussite de votre entreprise. Nous sommes tr\u00e8s fiers de compter pr\u00e8s de 600 membres r\u00e9partis \u00e0 travers le Canada (et \u00e0 l\u2019\u00e9tranger) dans notre r\u00e9seau.<\/p>\n<p>Les membres Iinvestisseurs de l&rsquo;industrie proviennent du secteur priv\u00e9 et d&rsquo;organisations autochtones qui ont des projets actifs cofinanc\u00e9s par SOC.[\/vc_column_text][vc_column_text]<\/p>\n<h3>Membres de l&rsquo;industrie<\/h3>\n<p>[\/vc_column_text][vc_raw_html]PHN0eWxlPi52Y19pdGVteyBkaXNwbGF5IDogZmxleDsgICBhbGlnbi1pdGVtcyA6IGNlbnRlcjt9Ci52Y19pdGVtIC52Y19pbm5lciB7dGV4dC1hbGlnbjogY2VudGVyICFpbXBvcnRhbnQ7IG1heC13aWR0aDo2NSU7fQoudmNfY2Fyb3VzZWwtaW5uZXIge3Bvc2l0aW9uOnJlbGF0aXZlOyBsZWZ0OjQycHg7fQoKCgo8L3N0eWxlPg==[\/vc_raw_html][vc_images_carousel images=\u00a0\u00bb10164,10169,10171,10173,10175,10177,10179,10181,10183,10185,10190,10192,10194,10196,10198,10200,10202,10204,10206,10208,10212,10214,10216,10218,10220,10222,10224,10226,10228,10230,10238,10259,10261,10263,10265,10267,10269,10271,10273,10275,10277,10279,10281,10283,10285,10287,10289,10291,10293,10295,10297,10299,10301,10778,10303,10305,10307,10309,10311,10313,10315,10317,10319,10321,10323,10325,10327,10329,10331,10333,10335,10337,10339,10341,10343,10345,10347,10349,10351,10353,10355,10357,10359,10361,10363,10365,10367,10369,10371,10373,10375,10377,10379,10381,10383&Prime; img_size=\u00a0\u00bbfull\u00a0\u00bb onclick=\u00a0\u00bbcustom_link\u00a0\u00bb custom_links_target=\u00a0\u00bb_blank\u00a0\u00bb speed=\u00a0\u00bb1000&Prime; slides_per_view=\u00a0\u00bb4&Prime; autoplay=\u00a0\u00bbyes\u00a0\u00bb hide_pagination_control=\u00a0\u00bbyes\u00a0\u00bb wrap=\u00a0\u00bbyes\u00a0\u00bb custom_links=\u00a0\u00bb#E-8_aHR0cHMlM0ElMkYlMkZhYmNvLmNhJTJGJTJDaHR0cHMlM0ElMkYlMkZ3d3cuYW9lY2FuYWRhLmNhJTJGJTJDaHR0cHMlM0ElMkYlMkZ3d3cuYWZ0aGVyaWF1bHRib2F0eWFyZC5jb20lMkYlMkNodHRwJTNBJTJGJTJGd3d3LmFsYmlvbm1hcmluZS5jb20lMkYlMkNodHRwcyUzQSUyRiUyRnd3dy5hbGxzd2F0ZXIuY29tJTJGJTJDaHR0cHMlM0ElMkYlMkZhcmVhNTIuY2ElMkYlMkNodHRwcyUzQSUyRiUyRmFzaG9yZWQuY2ElMkYlMkNodHRwcyUzQSUyRiUyRnd3dy5ha2EtZ3JvdXAuY29tJTJGJTJDaHR0cCUzQSUyRiUyRmJsdWVkcm9wdHMuY29tJTJGJTJDaHR0cHMlM0ElMkYlMkZjYW5hZGlhbnVhdnMuY29tJTJGJTJDaHR0cHMlM0ElMkYlMkZjYW5hZGlhbnBvbmQuY2ElMkYlMkNodHRwcyUzQSUyRiUyRmNhcnRlbmF2LmNvbSUyRmZyJTJGJTJDaHR0cHMlM0ElMkYlMkZ3d3cuY2VsbHVsYS5jb20lMkYlMkMlMkNodHRwcyUzQSUyRiUyRnd3dy5jb21wdXN1bHQuY29tJTJGJTJDaHR0cHMlM0ElMkYlMkZ3d3cuY2xlYXJyaXNrLmNvbSUyRiUyQ2h0dHBzJTNBJTJGJTJGd3d3LmNvbGFic29mdHdhcmUuY29tJTJGJTJDaHR0cCUzQSUyRiUyRnd3dy5kYXJ0bW91dGhvY2Vhbi5jb20lMkYlMkNodHRwcyUzQSUyRiUyRnd3dy5kZWVwdHJla2tlci5jb20lMkYlMkNodHRwcyUzQSUyRiUyRnd3dy5kZW5vdmEuY2ElMkYlMkNodHRwJTNBJTJGJTJGd3d3LmRzYW9jZWFuLmNvbSUyRiUyQ2h0dHBzJTNBJTJGJTJGd3d3LmR1eGlvbi5jb20lMkYlMkNodHRwcyUzQSUyRiUyRnd3dy5lZG5hdGVjLmNvbSUyRiUyQ2h0dHBzJTNBJTJGJTJGb2NlYW5zdXBlcmNsdXN0ZXIuY2ElMkZtZW1iZXJzJTJGd3d3LmUtc29uYXIuY2ElMkNodHRwcyUzQSUyRiUyRnd3dy5lc3JpLmNhJTJGZW4tY2ElMkZob21lJTJDaHR0cHMlM0ElMkYlMkZ3d3cuZW1lcmEuY29tJTJGJTJDaHR0cHMlM0ElMkYlMkZlbmVyZ3lyZXNlYXJjaGlubm92YXRpb24uY2ElMkYlMkNodHRwcyUzQSUyRiUyRmZ1bmR5Zm9yY2UuY2ElMkYlMkNodHRwcyUzQSUyRiUyRnd3dy5mdWdyby5jb20lMkYlMkNodHRwcyUzQSUyRiUyRmdlbm9hZGVzaWduLmNvbSUyRiUyQ2h0dHBzJTNBJTJGJTJGd3d3LmdyYXBoZW5lZW50ZXJwcmlzZS5jYSUyRiUyQ2h0dHBzJTNBJTJGJTJGZ3JpZWdzZWFmb29kLmNvbSUyRm5sJTJDaHR0cHMlM0ElMkYlMkZ3d3cuZ3Jpc2ltLmNvbSUyRiUyQ2h0dHBzJTNBJTJGJTJGd3d3Lmgyb2lubm92YXRpb24uY29tJTJGJTJDaHR0cCUzQSUyRiUyRmhhdGNoLmNvbSUyRiUyQ2h0dHBzJTNBJTJGJTJGaGF3Ym9sZHRpbmQuY29tJTJGJTJDaHR0cHMlM0ElMkYlMkZ3d3cuaHlkcm8tc3Vydi5jb20lMkYlMkNodHRwcyUzQSUyRiUyRmhvcml6b25tYXJpdGltZS5jb20lMkYlMkNodHRwcyUzQSUyRiUyRnd3dy5odW50c21hbm1hcmluZS5jYSUyRiUyQ2h0dHAlM0ElMkYlMkZ3d3cuaWRldmVhdS5jb20lMkYlMkNodHRwJTNBJTJGJTJGd3d3LmlpY3RlY2hub2xvZ2llcy5jb20lMkYlMkNodHRwcyUzQSUyRiUyRnd3dy5pbm5vdmFzZWEuY29tJTJGJTJDaHR0cCUzQSUyRiUyRmlydmluZ3NoaXBidWlsZGluZy5jb20lMkYlMkNodHRwcyUzQSUyRiUyRnd3dy5qYXNjby5jb20lMkYlMkNodHRwcyUzQSUyRiUyRmpzcXVhcmVkLmNvbSUyRiUyQ2h0dHBzJTNBJTJGJTJGanVwaXRlcmh5ZHJvLmNvbSUyRiUyQ2h0dHBzJTNBJTJGJTJGcG9tYmNvdXAudGVjaCUyRiUyQ2h0dHBzJTNBJTJGJTJGa3Jha2Vucm9ib3RpY3MuY29tJTJGJTJDaHR0cHMlM0ElMkYlMkZsaXZlc2hpcC5jYSUyRiUyQ2h0dHBzJTNBJTJGJTJGbGl2ZXN0b3JzeWRuZXkuY29tJTJGJTJDaHR0cHMlM0ElMkYlMkZ3d3cubWFlcnNrc3VwcGx5c2VydmljZS5jb20lMkYlMkNodHRwcyUzQSUyRiUyRnd3dy5tYXJhY29ycC5jYSUyRiUyQ2h0dHBzJTNBJTJGJTJGd3d3Lm1hcmltZXRyaWNzLmNvbSUyRiUyQ2h0dHBzJTNBJTJGJTJGbWV0YW1hdGVyaWFsLmNvbSUyRiUyQ2h0dHBzJTNBJTJGJTJGd3d3Lm1vZGVzdHRyZWUuY29tJTJGJTJDaHR0cHMlM0ElMkYlMkZtb3dpLmNvbSUyRiUyQ2h0dHBzJTNBJTJGJTJGd3d3Lm5hdmNhc3QuY29tJTJGJTJDaHR0cHMlM0ElMkYlMkZ0d2l0dGVyLmNvbSUyRm5mYW51bmF2dXQlMkNodHRwcyUzQSUyRiUyRm9jZWFuY2hvaWNlLmNvbSUyRiUyQ2h0dHBzJTNBJTJGJTJGb2NlYW5zb25pY3MuY29tJTJGJTJDaHR0cCUzQSUyRiUyRnd3dy5vY2VhbmZsb29yZ2VvcGh5c2ljcy5jb20lMkYlMkNodHRwcyUzQSUyRiUyRm9jZWFuc3VwZXJjbHVzdGVyLmNhJTJGbWVtYmVycyUyRm9wZW5vY2VhbnJvYm90aWNzLmNvbSUyQ2h0dHBzJTNBJTJGJTJGb3BzbG9jay5jb20lMkYlMkNodHRwJTNBJTJGJTJGb3JjYXNwZWNpYWx0eWZvb2RzLmNvbSUyRiUyQ2h0dHBzJTNBJTJGJTJGd3d3Lm9uZWthd2F0ZXIuY29tJTJGJTJDaHR0cHMlM0ElMkYlMkZ3d3cucGFuZ2Vvc3Vic2VhLmNvbSUyRiUyQ2h0dHBzJTNBJTJGJTJGd3d3LnBpY3NlYS5jby51ayUyRiUyQ2h0dHBzJTNBJTJGJTJGcmJyLWdsb2JhbC5jb20lMkYlMkNodHRwcyUzQSUyRiUyRnd3dy5yaW1vdC5pbyUyRiUyQ2h0dHBzJTNBJTJGJTJGcm9ja25ldHdvcmtzLmNvbSUyRiUyQ2h0dHBzJTNBJTJGJTJGcnV0dGVyLmNhJTJGJTJDaHR0cHMlM0ElMkYlMkZ3d3cuc2FhYi5jb20lMkZwcm9kdWN0cyUyRnNlY3VyaXR5JTJGbWFyaXRpbWUtdHJhZmZpYy1tYW5hZ2VtZW50JTJDaHR0cHMlM0ElMkYlMkZzZW5zb3J0ZWNoY2FuYWRhLmNvbSUyRiUyQ2h0dHBzJTNBJTJGJTJGd3d3Lm9uZWlsZmlzaGVyaWVzLmNvbSUyRiUyQ2h0dHAlM0ElMkYlMkZ3d3cuc2hpZnRlbnZpcm9ubWVudGFsLmNvbSUyRiUyQ2h0dHBzJTNBJTJGJTJGc3Bpcmlyb2JvdGljcy5jb20lMkYlMkNodHRwcyUzQSUyRiUyRnd3dy5zdGFudGVjLmNvbSUyRmVuJTJDaHR0cHMlM0ElMkYlMkZzdHJvYmVsdGVrLmNvbSUyRiUyQ2h0dHBzJTNBJTJGJTJGd3d3LnN1YmNpbWFnaW5nLmNvbSUyRiUyQ2h0dHBzJTNBJTJGJTJGd3d3LnN1c3RhaW5hYmxlbWFyaW5lLmNvbSUyRiUyQ2h0dHBzJTNBJTJGJTJGc29pZm91bmRhdGlvbi5vcmclMkZlbiUyRiUyQ2h0dHBzJTNBJTJGJTJGd3d3LnQ0Zy5jb20lMkYlMkMlMkNodHRwcyUzQSUyRiUyRnd3dy5wb3J0b2ZoYWxpZmF4LmNhJTJGJTJDaHR0cHMlM0ElMkYlMkZhcXVhdGVjaGNlbnRlci5jb20lMkYlMkNodHRwcyUzQSUyRiUyRnRyYWluaW5nLXdvcmtzLmNhJTJGJTJDaHR0cHMlM0ElMkYlMkZ3d3cudHNvdWtlbmF0aW9uLmNvbSUyRiUyQ2h0dHAlM0ElMkYlMkZ3d3cudHJvbm9zamV0LmNvbSUyRm1haW50ZW5hbmNlJTJDaHR0cHMlM0ElMkYlMkZ2YWxlbnRjb3JwLmNvbSUyRiUyQ2h0dHBzJTNBJTJGJTJGd3d3LnZpcnR1YWxtYXJpbmUuY2ElMkYlMkNodHRwcyUzQSUyRiUyRnd3dy52aXN1YWxkZWZlbmNlLmNvbSUyRiUyQ2h0dHBzJTNBJTJGJTJGdm95aXMuY29tJTJGJTJDaHR0cHMlM0ElMkYlMkZ3d3cuYXNodGVhZC10ZWNobm9sb2d5LmNvbSUyRiUyQ2h0dHBzJTNBJTJGJTJGcm92M2QuY29tJTJGJTJDaHR0cHMlM0ElMkYlMkZ4ZW9zdGVjaC5jb20lMkY=\u00a0\u00bb el_id=\u00a0\u00bbslide-members\u00a0\u00bb][vc_column_text]<em>Nos membres de l&rsquo;industriel admissibles sont des organisations du secteur priv\u00e9 \u00e0 but lucratif de toutes tailles, de tous les secteurs et de toutes les r\u00e9gions du Canada, ainsi que des organisations autochtones.<\/em>[\/vc_column_text][vc_column_text]<\/p>\n<h3>Membres associ\u00e9s<\/h3>\n<p>[\/vc_column_text][vc_column_text]<em>Les membres associ\u00e9s sont des organisations \u00e0 but non lucratif, universitaires, gouvernementales et internationales.<\/em><\/p>\n<p>[\/vc_column_text][vc_row_inner][vc_column_inner width=\u00a0\u00bb1\/3&Prime;][vc_column_text]3D Wave Design<br \/>\n3F Waste Recovery<br \/>\nABB Inc.<br \/>\nUniversit\u00e9 Acadia<br \/>\nAcoustic Bait Technologies<br \/>\nAccuras Inc<br \/>\nACTEMIUM (ADM Systems Engineering)<br \/>\nAdvanced Access Engineering<br \/>\nAker Solutions Canada Inc.<br \/>\nAKVA Group<br \/>\nAkvafuture Salmon<br \/>\nAlgae-C<br \/>\nAllsalt Maritime Corporation<br \/>\nAloos Bioscience Ltd.<br \/>\nAltair Engineering Canada Ltd.<br \/>\nAltaML<br \/>\nAltoMaxx Technologies Inc.<br \/>\nAmundsen Science<br \/>\nAngler Solutions Inc.<br \/>\nAntrobus Consulting Ltd.<br \/>\nAP Tech Solutions Inc.<br \/>\nApplied Genomics Ltd.<br \/>\nAqua Forum<br \/>\nAquaculture Association of Nova Scotia<br \/>\nAquafort AI Inc.<br \/>\nArctic Research Foundation<br \/>\nArctic UAV Inc.<br \/>\nArobotNx Solutions Inc.<br \/>\nASL Environmental Sciences Inc.<br \/>\nAssociation of British Columbia Marine Industries (ABCMI)<br \/>\nAtlantic Canada Aerospace &amp; Defence Association (ACADA)<br \/>\nAtlantic Canada Fish Farmers Association (ACFFA)<br \/>\nAtlantic Policy Congress of First Nations Chiefs Secretariat Inc.<br \/>\nAtlanticWild Restorative Sea Food<br \/>\nAUSENCO Sustainability Inc.<br \/>\nBaker &amp; McKenzie LLP<br \/>\nBDC &#8211; Business Development Bank of Canada<br \/>\nBDO Canada LLP<br \/>\nBeyond Aerospace Ltd.<br \/>\nBeyond the Border Consulting Ltd.<br \/>\nBioNB<br \/>\nBiome Renewables<br \/>\nB-Line Transportation Analytics Inc.<br \/>\nBlockscale Solutions Inc.<br \/>\nBlue Lion Labs<br \/>\nBluedrop Learning Networks<br \/>\nBlumara Corp<br \/>\nBridge Gap Renewables<br \/>\nBuckley Yact Design Inc<br \/>\nBujiBui Inc.<br \/>\nBluegreen Canada Inc<br \/>\nBrilliant Labs<br \/>\nCanadian Lidar and Mapping<br \/>\nCanadian Maritime Engineering (CME)<br \/>\nCanadian Network for Ocean Education Society<br \/>\nCanadian Photonic Industry Consortium<br \/>\nCanadian Scientific Submersible Facility<br \/>\nCanadyne Technologies Inc.<br \/>\nCannabis &amp; Hemp Innovation Centre Inc.<br \/>\nCascadia Seaweed<br \/>\nCanscan Softwares and Technologies Inc<br \/>\nCape Breton Partnership<br \/>\nCapilano Maritime Design Ltd.<br \/>\nCaron Hawco Group Inc.<br \/>\nC-CORE<br \/>\nCenter for Entrepreneurship Education &amp; Development<br \/>\nCentre for Ocean Applied Sustainable Technologies (COAST)<br \/>\nCentre for Ocean Ventures and Entrepreneurship (COVE) &amp; Institute for Ocean Research Enterprise (IORE)<br \/>\nC-FER Technologies (1999) Inc.<br \/>\nChief Defence Contractors Inc.<br \/>\nCIDCO<br \/>\nCity of Port Alberni<br \/>\nClean Foundation<br \/>\nClean Valley CIC<br \/>\nClear Seas<br \/>\nCMC Microsystems<br \/>\nCoastal Restoration Society<br \/>\nCoanda Research and Development<br \/>\nCoLab Software Inc.<br \/>\nCollege of the North Atlantic<br \/>\nCompass Canada<br \/>\nComposite Mats Canada Inc.<br \/>\nCompusult Limited<br \/>\nCopsys Industries Inc.<br \/>\nCorporate Traveller<br \/>\nCorvaxian Inc.<br \/>\nCougar Helicopters<br \/>\nCounterspil Research Inc.<br \/>\nCRBM<br \/>\nCrest Mold Technology Inc.<br \/>\nCyber Security Canada<br \/>\nD.M.R. Boat Design Ltd.<br \/>\nDalhousie University<br \/>\nDASCO Equipment Inc.<br \/>\nDashboard Marketing Inc.<br \/>\nDatifex, Inc.<br \/>\nDeep Trekker<br \/>\nDeep Vision Inc.<br \/>\nDeloitte LLP<br \/>\nDeNova Inc.<br \/>\nDepartment of Tourism, Culture, Industry and Innovation Newfoundland and Labrador<br \/>\nDispersa Inc.<br \/>\nDOF Subsea Canada<br \/>\nDominion Diving<br \/>\nDSA<br \/>\nDuxion Motors Inc.<br \/>\nDuggan International Group[\/vc_column_text][\/vc_column_inner][vc_column_inner width=\u00a0\u00bb1\/3&Prime;][vc_column_text]EcoMarine Technologies Inc.<br \/>\nEastern Charlotte Waterway Inc.<br \/>\nEast Coast Mobile Medical Inc. (ECMM)<br \/>\nECO Canada<br \/>\nEngage Creative Technologies<br \/>\nEnginuity Inc.<br \/>\nEnvairo Corporation<br \/>\nEurofish SA<br \/>\nExplor.AI<br \/>\nFisheries and Marine Institute of Memorial University of Newfoundland<br \/>\nFisheries Council of Canada<br \/>\nFishermen &amp; Scientists Research Society<br \/>\nFishing for Success Inc.<br \/>\nForesight Canada<br \/>\nFREDsense Technologies<br \/>\nFrobisher Energy Services Ltd<br \/>\nFundamentally Inc.<br \/>\nGateway Geomatics<br \/>\nGenerix Group<br \/>\nGenesis Group Inc.<br \/>\nGenome Atlantic<br \/>\nGeoSpatial Strategy Group Inc.<br \/>\nGHGSat Inc<br \/>\nGlamox Inc. (Canada)<br \/>\nGlas Ocean Electric Inc.<br \/>\nGlobal Manpower Supply Recruityment<br \/>\nGlobal Spatial Technology Solutions Inc. (GSTS)<br \/>\nGreenLight Software<br \/>\nHakai Institute<br \/>\nHalifax Offshore Consulting<br \/>\nHalifax Partnership<br \/>\nHampidjan Canada Ltd<br \/>\nHefring Marine<br \/>\nHighline Beta<br \/>\nHitech Communications<br \/>\nHonuWorx<br \/>\nICTC &#8211; Information and Communications Technology Council<br \/>\nInav4u inc<br \/>\nInclusifyy<br \/>\nIndustrial Plankton Inc.<br \/>\nInfostrux Solutions<br \/>\nInmarsat<br \/>\nInnovacorp<br \/>\nInnovate Atlantic<br \/>\nInnovation Maritime<br \/>\nInPro Solutions<br \/>\nInrest<br \/>\nIntecsea<br \/>\nInternational Dialogue on Underwater Munitions (IDUM)<br \/>\nInternational Submarine Engineering<br \/>\nIonic Solutions<br \/>\nIgnite Labs Inc.<br \/>\nIndex Biosystems Inc.<br \/>\nIngenious Countermeasures Technologies Inc. (ICMT)<br \/>\nInmarsat<br \/>\nInnovMarine<br \/>\nInPro Solutions<br \/>\nInrest<br \/>\nIntecsea<br \/>\nInternational Submarine Engineering<br \/>\nIonic Solutions<br \/>\nIgnite Labs Inc.<br \/>\nIndex Biosystems Inc.<br \/>\nIngenious Countermeasures Technologies Inc. (ICMT)<br \/>\nInnovacorp<br \/>\nInnovate Atlantic<br \/>\nInnovation Maritime<br \/>\nInternational Dialogue on Underwater Munitions (IDUM)<br \/>\nIT International Telecom Canada Inc.<br \/>\nKatal Energy Inc.<br \/>\nKavacha<br \/>\nKettera Inc.<br \/>\nKognitiv Spark<br \/>\nKoolblock Inc.<br \/>\nLavery Lawyers<br \/>\nLighthouse Labs Inc.<br \/>\nLindsay Construction<br \/>\nLynker Analytics Limited<br \/>\nMara Renewables Corporation<br \/>\nMarine Learning Systems<br \/>\nMarecomms<br \/>\nMarine Environmental Observation, Prediction and Response Network (MEOPAR)<br \/>\nMarine Thinking Inc.<br \/>\nMarineNav Ltd.<br \/>\nMaritime Survey Services Limited<br \/>\nMartec Limited<br \/>\nMerinov<br \/>\nMDSI ApS<br \/>\nMemorial University of Newfoundland<br \/>\nMetOcean Telematics Ltd.<br \/>\nMiawpukek Horizon Maritime Services Ltd.<br \/>\nMissing Link Technologies<br \/>\nMitacs Inc.<br \/>\nModest Tree<br \/>\nMyant Inc.<br \/>\nNational Research Council of Canada<br \/>\nNatural Products Canada<br \/>\nNature Robotics<br \/>\nNature&rsquo;s Way of Canada<br \/>\nNava Develop<br \/>\nNCI Ferry Service Ltd<br \/>\nNew Brunswick Community College (NBCC)<br \/>\nNew Brunswick Innovation Foundation<br \/>\nNew School Foods Inc.<br \/>\nNewfoundland and Labrador Association of Technology and Innovation (NATI)<br \/>\nNewfoundland and Labrador Environmental Industry Association<br \/>\nNEXUS Research and Development Ltd.<br \/>\nNicom IT Solutions<br \/>\nNova Institute Inc.<br \/>\nNova Scotia Boatbuilders Association<br \/>\nNova Scotia Business Inc. (NSBI)<br \/>\nNova Scotia College of Art and Design (NSCAD)<br \/>\nNova Scotia Community College<br \/>\nNova Scotia Innovation Hub<br \/>\nNumurus LLC<br \/>\nNunavut Literacy Council &#8211; Ilitaqsiniq<br \/>\nOcean Diagnostics Inc<br \/>\nOcean Frontier Institute (OFI)<br \/>\nOceansAdvance Inc.<br \/>\nOcean Networks Canada<br \/>\nOcean Set Inc.<br \/>\nOcean Sonics<br \/>\nOffshore Energy Research Association<br \/>\nOneka Technologies<br \/>\nOPAS Mobile[\/vc_column_text][\/vc_column_inner][vc_column_inner width=\u00a0\u00bb1\/3&Prime;][vc_column_text]OVA<br \/>\nPacific Coastal Computing Association<br \/>\nPacific Rim Engineered Products (1987) Ltd.<br \/>\nPalette Skills Inc.<br \/>\nPerennia Food and Agriculture Inc.<br \/>\nPisces Research Project Management Inc.<br \/>\nPlanetary Hydrogen Inc.<br \/>\nPlantee Bioplastics<br \/>\nPolar Marine Ltd.<br \/>\nPolyamyna Nanotech Inc.<br \/>\nPoseidon Ocean Systems Ltd.<br \/>\nPrince Edward Island BioAlliance<br \/>\nPro-Oceanus Systems Inc.<br \/>\nPropel ICT<br \/>\nqualiTEAS<br \/>\nQuantum Devices Corp.<br \/>\nQueen Charlotte Seafoods Ltd.<br \/>\nQueen&rsquo;s University<br \/>\nQVirt Labs Incorporated<br \/>\nR.J. McGregor &amp; Associates<br \/>\nRAS Technologies<br \/>\nRedrock Power Systems<br \/>\nReelData Inc.<br \/>\nRENK Holding Canada Inc.<br \/>\nResource Innovations Inc.<br \/>\nResqunit Canada Inc<br \/>\nRevive Path Inc.<br \/>\nRiipen Networks Inc.<br \/>\nRimot<br \/>\nRising Tide Bio Acoustics<br \/>\nRockland Scientific Inc.<br \/>\nRokologik Programmable Solutions Incorporated<br \/>\nROMOR Ocean Solutions<br \/>\nRoundtable Solutions Inc.<br \/>\nSafetyNet Technologies<br \/>\nSailTimer Inc.<br \/>\nSaint Mary&rsquo;s University<br \/>\nSeaBrick Society<br \/>\nSeaChange Resources, LLC<br \/>\nSeaforth Geosurveys Inc.<br \/>\nSea Smart<br \/>\nSEASI Consulting Inc.<br \/>\nSeashore Maritime Services Limited<br \/>\nSeaspan Ferries Corporation<br \/>\nShift Environmental Technologies Ltd.<br \/>\nShifting Shap3s<br \/>\nShipReality<br \/>\nSkipper Otto&rsquo;s Community Supported Fishery, Ltd<br \/>\nSkaginn 3X<br \/>\nSky Canoe Inc.<br \/>\nSmartfin<br \/>\nSmallfood Inc.<br \/>\nSmart Shores Inc.<br \/>\nSmartICE Sea-Ice Monitoring &amp; Information Inc.<br \/>\nSouth Alberta Institute of Technology (SAIT)<br \/>\nSpar Power Technologies<br \/>\nSpatialnet Solutions<br \/>\nSpiri Robotics<br \/>\nSpringboard Atlantic Inc.<br \/>\nSustainable Sea Products<br \/>\nSurvival Systems Training (SSTL)<br \/>\nSt. Francis Xavier University<br \/>\nSt. Lawrence Global Observatory<br \/>\nStandards Council of Canada<br \/>\nStartup Zone<br \/>\nStratcan<br \/>\nSynapse Inc.<br \/>\nTechnopole Maritime du Quebec<br \/>\nTeebod Technical Solutions<br \/>\nTeem Fish Monitoring Inc.<br \/>\nTerraverdae Bioworks Inc.<br \/>\nThales Canada Inc.<br \/>\nTiller Engineering Inc.<br \/>\nThe Confederacy of Mainland Mi&rsquo;kmaq<br \/>\nThe Fur Institute of Canada<br \/>\nThe Pinnguaq Association<br \/>\nThird Rail Technologies<br \/>\nTown of Conception Bay South<br \/>\nTurbulent Research<br \/>\nTrademodo<br \/>\nTriware Technologies Inc.<br \/>\nTrioca Energy<br \/>\nUlnooweg Development Group<br \/>\nUniversit\u00e9 de Moncton<br \/>\nUniversit\u00e9 de la Colombie-Britannique<br \/>\nUniversit\u00e9 du Nouveau-Brunswick<br \/>\nUniversit\u00e9 de l&rsquo;\u00cele-du-Prince-\u00c9douard<br \/>\nUniversit\u00e9 de Victoria<br \/>\nUniversit\u00e9 de Waterloo<br \/>\nUnmanned Systems Canada<br \/>\nUpGyres<br \/>\nUpstream Solutions<br \/>\nUpswing Solutions<br \/>\nUrchinomics<br \/>\nValent<br \/>\nValores<br \/>\nVancouver Maritime Centre for Climate<br \/>\nVancouver Shipyards Company Ltd. (Seaspan)<br \/>\nVard Electro Canada<br \/>\nVector Solutions<br \/>\nVenor Recruitment Ltd.<br \/>\nVenture for Canada<br \/>\nVericatch<br \/>\nVerschuren Centre Inc.<br \/>\nVision33 Inc.<br \/>\nVisual Defence<br \/>\nVMG Strategic Technology<br \/>\nVoltai Inc.<br \/>\nW\u00e4rtsil\u00e4 Canada Inc.<br \/>\nWaterford Energy Services, Inc.<br \/>\nWeaver Consulting<br \/>\nWelaptega Marine Limited<br \/>\nWhale Seeker Inc.<br \/>\nWhitecap Scientific Corporation<br \/>\nWilderness Tourism Association (BC)<br \/>\nWomen in Resource Development Corp &#8211; WRDC<br \/>\nWSANEC Leadership Council<br \/>\nXerris Inc<br \/>\nPur Agroalimentaire<br \/>\nRenno &amp; Co<br \/>\nSAAM Towage Canada<br \/>\nSacred Seaplants<br \/>\nScient Analytics<br \/>\nSeafarerai<br \/>\nSRI Inc.<br \/>\nWorkforce Warriors Inc.[\/vc_column_text][\/vc_column_inner][\/vc_row_inner][\/vc_column][\/vc_row]<\/p><\/div>\n<\/div>","protected":false},"excerpt":{"rendered":"<p>[vc_row][vc_column][vc_column_text]SOC est un groupe de transformation dirig\u00e9 par l\u2019industrie visant \u00e0 r\u00e9soudre certains des plus grands d\u00e9fis des secteurs de l\u2019oc\u00e9an par un programme concert\u00e9 SOC n&rsquo;est pas seulement un [&hellip;]<\/p>\n","protected":false},"author":2,"featured_media":12884,"parent":0,"menu_order":0,"comment_status":"closed","ping_status":"closed","template":"pages\/members-page.php","meta":{"_acf_changed":false,"footnotes":""},"class_list":["post-11659","page","type-page","status-publish","has-post-thumbnail","hentry"],"acf":[],"_links":{"self":[{"href":"https:\/\/oceansupercluster.ca\/fr\/wp-json\/wp\/v2\/pages\/11659","targetHints":{"allow":["GET"]}}],"collection":[{"href":"https:\/\/oceansupercluster.ca\/fr\/wp-json\/wp\/v2\/pages"}],"about":[{"href":"https:\/\/oceansupercluster.ca\/fr\/wp-json\/wp\/v2\/types\/page"}],"author":[{"embeddable":true,"href":"https:\/\/oceansupercluster.ca\/fr\/wp-json\/wp\/v2\/users\/2"}],"replies":[{"embeddable":true,"href":"https:\/\/oceansupercluster.ca\/fr\/wp-json\/wp\/v2\/comments?post=11659"}],"version-history":[{"count":0,"href":"https:\/\/oceansupercluster.ca\/fr\/wp-json\/wp\/v2\/pages\/11659\/revisions"}],"wp:featuredmedia":[{"embeddable":true,"href":"https:\/\/oceansupercluster.ca\/fr\/wp-json\/wp\/v2\/media\/12884"}],"wp:attachment":[{"href":"https:\/\/oceansupercluster.ca\/fr\/wp-json\/wp\/v2\/media?parent=11659"}],"curies":[{"name":"wp","href":"https:\/\/api.w.org\/{rel}","templated":true}]}}