{"id":12680,"date":"2023-12-11T17:41:41","date_gmt":"2023-12-11T17:41:41","guid":{"rendered":"https:\/\/cos.m5i.com\/?page_id=12680"},"modified":"2023-12-22T02:10:50","modified_gmt":"2023-12-22T02:10:50","slug":"projets","status":"publish","type":"page","link":"https:\/\/oceansupercluster.ca\/fr\/news-media\/projets\/","title":{"rendered":"Recherches et rapports"},"content":{"rendered":"<div class=\"wpb-content-wrapper\"><div class=\"g-container\">[vc_row][vc_column][vc_empty_space][vc_column_text]Une grande partie de notre oc\u00e9an et des possibilit\u00e9s qui s\u2019y trouvent sont inconnus. Le Canada se classe parmi les leaders mondiaux des oc\u00e9ans dans de nombreux domaines, avec des progr\u00e8s positifs au cours des derni\u00e8res ann\u00e9es, mais il reste encore beaucoup \u00e0 faire. Sur la voie de la num\u00e9risation de nos oc\u00e9ans, de la fourniture de solutions climatiques au monde, de la cr\u00e9ation d&rsquo;un plus grand nombre d&rsquo;entreprises, de la cr\u00e9ation de plus d&#8217;emplois et de la r\u00e9alisation du potentiel \u00e9conomique inexploit\u00e9 de l&rsquo;\u00e9conomie oc\u00e9anique pour le Canada, la recherche, l&rsquo;analyse comparative et les classements sont des \u00e9l\u00e9ments importants pour orienter et mesurer ce travail. Supergrappe des oc\u00e9ans du Canada participe r\u00e9guli\u00e8rement \u00e0 des activit\u00e9s de recherche avec des partenaires au Canada et \u00e0 l\u2019\u00e9tranger pour fournir des informations sur ce qui se passe dans le secteur.<\/p>\n<h2>Rapports diffus\u00e9s en partenariat avec Supergrappe des oc\u00e9ans du Canada<\/h2>\n<p>[\/vc_column_text][\/vc_column][\/vc_row][vc_row][vc_column width=\u00a0\u00bb1\/3&Prime;][vc_single_image image=\u00a0\u00bb12850&Prime; img_size=\u00a0\u00bb300&#215;150&Prime; onclick=\u00a0\u00bbcustom_link\u00a0\u00bb link=\u00a0\u00bbhttps:\/\/oceansupercluster.ca\/wp-content\/uploads\/The_Global_Startup_Ecosystem_Report_Climatetech_Edition.pdf\u00a0\u00bb][\/vc_column][vc_column width=\u00a0\u00bb1\/3&Prime;][vc_single_image image=\u00a0\u00bb12848&Prime; img_size=\u00a0\u00bb300&#215;150&Prime; onclick=\u00a0\u00bbcustom_link\u00a0\u00bb link=\u00a0\u00bbhttps:\/\/oceansupercluster.ca\/wp-content\/uploads\/Global_Startup_Ecosystem_Report_Blue_Economy_Edition.pdf\u00a0\u00bb][\/vc_column][vc_column width=\u00a0\u00bb1\/3&Prime;][vc_single_image image=\u00a0\u00bb12845&Prime; img_size=\u00a0\u00bb300&#215;150&Prime; onclick=\u00a0\u00bbcustom_link\u00a0\u00bb link=\u00a0\u00bbhttps:\/\/oceansupercluster.ca\/wp-content\/uploads\/BTB21report.pdf\u00a0\u00bb][\/vc_column][\/vc_row]<\/p><\/div>\n<\/div>","protected":false},"excerpt":{"rendered":"<p>[vc_row][vc_column][vc_empty_space][vc_column_text]Une grande partie de notre oc\u00e9an et des possibilit\u00e9s qui s\u2019y trouvent sont inconnus. Le Canada se classe parmi les leaders mondiaux des oc\u00e9ans dans de nombreux domaines, avec des [&hellip;]<\/p>\n","protected":false},"author":2,"featured_media":12895,"parent":336,"menu_order":0,"comment_status":"closed","ping_status":"closed","template":"","meta":{"_acf_changed":false,"footnotes":""},"class_list":["post-12680","page","type-page","status-publish","has-post-thumbnail","hentry"],"acf":[],"_links":{"self":[{"href":"https:\/\/oceansupercluster.ca\/fr\/wp-json\/wp\/v2\/pages\/12680","targetHints":{"allow":["GET"]}}],"collection":[{"href":"https:\/\/oceansupercluster.ca\/fr\/wp-json\/wp\/v2\/pages"}],"about":[{"href":"https:\/\/oceansupercluster.ca\/fr\/wp-json\/wp\/v2\/types\/page"}],"author":[{"embeddable":true,"href":"https:\/\/oceansupercluster.ca\/fr\/wp-json\/wp\/v2\/users\/2"}],"replies":[{"embeddable":true,"href":"https:\/\/oceansupercluster.ca\/fr\/wp-json\/wp\/v2\/comments?post=12680"}],"version-history":[{"count":0,"href":"https:\/\/oceansupercluster.ca\/fr\/wp-json\/wp\/v2\/pages\/12680\/revisions"}],"up":[{"embeddable":true,"href":"https:\/\/oceansupercluster.ca\/fr\/wp-json\/wp\/v2\/pages\/336"}],"wp:featuredmedia":[{"embeddable":true,"href":"https:\/\/oceansupercluster.ca\/fr\/wp-json\/wp\/v2\/media\/12895"}],"wp:attachment":[{"href":"https:\/\/oceansupercluster.ca\/fr\/wp-json\/wp\/v2\/media?parent=12680"}],"curies":[{"name":"wp","href":"https:\/\/api.w.org\/{rel}","templated":true}]}}