{"id":12696,"date":"2023-06-21T17:55:58","date_gmt":"2023-06-21T17:55:58","guid":{"rendered":"https:\/\/cos.m5i.com\/membership\/"},"modified":"2024-01-25T17:55:53","modified_gmt":"2024-01-25T17:55:53","slug":"adhesion","status":"publish","type":"page","link":"https:\/\/oceansupercluster.ca\/fr\/adhesion\/","title":{"rendered":"ADH\u00c9SION"},"content":{"rendered":"<div class=\"wpb-content-wrapper\"><div class=\"g-container\">[vc_row][vc_column][vc_column_text]<\/p>\n<h2 style=\"text-align: center;\">Joignez-vous \u00e0 SOC<\/h2>\n<p><em>SOC est une grappe de transformation pancanadienne dirig\u00e9e par l&rsquo;industrie qui s&rsquo;efforce de relever certains des plus grands d\u00e9fis dans les secteurs oc\u00e9aniques par le biais d&rsquo;un programme de collaboration. SOC n&rsquo;est pas seulement un r\u00e9seau, c&rsquo;est aussi un catalyseur de croissance pour l&rsquo;\u00e9conomie oc\u00e9anique. Se joindre \u00e0 la Supergrappe des oc\u00e9ans du Canada, c&rsquo;est se joindre \u00e0 un mouvement qui cr\u00e9e des changements significatifs tout en favorisant la r\u00e9ussite de votre entreprise. Ne manquez pas l&rsquo;occasion de faire partie de quelque chose de transformateur : devenez membre d\u00e8s aujourd&rsquo;hui !<\/em>[\/vc_column_text][\/vc_column][\/vc_row][vc_row][vc_column][vc_column_text]<\/p>\n<h3 style=\"text-align: center;\"><em>Veuillez s\u00e9lectionner le type d&rsquo;adh\u00e9sion qui vous convient le mieux<\/em><\/h3>\n<p>[\/vc_column_text][\/vc_column][\/vc_row][vc_row][vc_column width=\u00a0\u00bb1\/2&Prime;][vc_column_text]<\/p>\n<h5 style=\"text-align: center;\">Organismes \u00e0 but non lucratif, milieu universitaire, gouvernements, organisations \u00e9trang\u00e8res :<\/h5>\n<p style=\"text-align: center;\"><a class=\"btn\" href=\"\/fr\/membres-associes\/\" target=\"_blank\" rel=\"noopener\">ASSOCI\u00c9<\/a><\/p>\n<p>[\/vc_column_text][\/vc_column][vc_column width=\u00a0\u00bb1\/2&Prime;][vc_column_text]<\/p>\n<h5 style=\"text-align: center;\">Organismes \u00e0 but lucratif du secteur priv\u00e9 au Canada, tous secteurs confondus :<\/h5>\n<p style=\"text-align: center;\"><a class=\"btn\" href=\"https:\/\/oceansupercluster.ca\/fr\/membres-de-lindustrie\/\" target=\"_blank\" rel=\"noopener\">INDUSTRIE\u00a0 <\/a><\/p>\n<p>[\/vc_column_text][\/vc_column][\/vc_row][vc_row][vc_column][vc_column_text]<\/p>\n<div><\/div>\n<h3 style=\"text-align: center;\">Ce qu&rsquo;en disent les membres de SOC<\/h3>\n<p>[\/vc_column_text][vc_raw_html]JTVCdG1tJTIwbmFtZSUzRCUyMmRlZmF1bHQtdGVzdGltb25pYWxzLWZyJTIyJTVE[\/vc_raw_html][\/vc_column][\/vc_row][vc_row][vc_column][vc_column_text]<\/p>\n<div style=\"text-align: center;\"><\/div>\n<div>\n<h5 style=\"text-align: center;\">Voyez les membres de Supergrappe des oc\u00e9ans du Canada qui b\u00e2tissent notre \u00e9conomie oc\u00e9anique :<\/h5>\n<p style=\"text-align: center;\"><a class=\"btn\" href=\"https:\/\/oceansupercluster.ca\/fr\/members\/\">MEMBRES<\/a><\/p>\n<p>&nbsp;<\/p>\n<\/div>\n<p>[\/vc_column_text][vc_column_text]<strong>Vous avez encore des questions ? Consultez la <\/strong><a href=\"https:\/\/oceansupercluster.ca\/wp-content\/uploads\/Membership-FAQ-1-FR.docx\" target=\"_blank\" rel=\"noopener\"><strong>FAQ sur l\u2019adh\u00e9sion ici<\/strong><\/a>[\/vc_column_text][vc_images_carousel images=\u00a0\u00bb10164,10169,10171,10173,10175,10177,10179,10181,10183,10185,10190,10192,10194,10196,10198,10200,10202,10204,10206,10208,10212,10214,10216,10218,10220,10222,10224,10226,10228,10230,10238,10259,10261,10263,10265,10267,10269,10271,10273,10275,10277,10279,10281,10283,10285,10287,10289,10291,10293,10295,10297,10299,10301,10778,10303,10305,10307,10309,10311,10313,10315,10317,10319,10321,10323,10325,10327,10329,10331,10333,10335,10337,10339,10341,10343,10345,10347,10349,10351,10353,10355,10357,10359,10361,10363,10365,10367,10369,10371,10373,10375,10377,10379,10381,10383&Prime; img_size=\u00a0\u00bbfull\u00a0\u00bb onclick=\u00a0\u00bbcustom_link\u00a0\u00bb custom_links_target=\u00a0\u00bb_blank\u00a0\u00bb speed=\u00a0\u00bb2000&Prime; slides_per_view=\u00a0\u00bb4&Prime; autoplay=\u00a0\u00bbyes\u00a0\u00bb hide_pagination_control=\u00a0\u00bbyes\u00a0\u00bb wrap=\u00a0\u00bbyes\u00a0\u00bb css=\u00a0\u00bb.vc_custom_1686859459341{padding-right: 15px !important;padding-left: 15px !important;}\u00a0\u00bb custom_links=\u00a0\u00bb#E-8_aHR0cHMlM0ElMkYlMkZhYmNvLmNhJTJGJTJDaHR0cHMlM0ElMkYlMkZ3d3cuYW9lY2FuYWRhLmNhJTJGJTJDaHR0cHMlM0ElMkYlMkZ3d3cuYWZ0aGVyaWF1bHRib2F0eWFyZC5jb20lMkYlMkNodHRwJTNBJTJGJTJGd3d3LmFsYmlvbm1hcmluZS5jb20lMkYlMkNodHRwcyUzQSUyRiUyRnd3dy5hbGxzd2F0ZXIuY29tJTJGJTJDaHR0cHMlM0ElMkYlMkZhcmVhNTIuY2ElMkYlMkNodHRwcyUzQSUyRiUyRmFzaG9yZWQuY2ElMkYlMkNodHRwcyUzQSUyRiUyRnd3dy5ha2EtZ3JvdXAuY29tJTJGJTJDaHR0cCUzQSUyRiUyRmJsdWVkcm9wdHMuY29tJTJGJTJDaHR0cHMlM0ElMkYlMkZjYW5hZGlhbnVhdnMuY29tJTJGJTJDaHR0cHMlM0ElMkYlMkZjYW5hZGlhbnBvbmQuY2ElMkYlMkNodHRwcyUzQSUyRiUyRmNhcnRlbmF2LmNvbSUyRmZyJTJGJTJDaHR0cHMlM0ElMkYlMkZ3d3cuY2VsbHVsYS5jb20lMkYlMkMlMkNodHRwcyUzQSUyRiUyRnd3dy5jb21wdXN1bHQuY29tJTJGJTJDaHR0cHMlM0ElMkYlMkZ3d3cuY2xlYXJyaXNrLmNvbSUyRiUyQ2h0dHBzJTNBJTJGJTJGd3d3LmNvbGFic29mdHdhcmUuY29tJTJGJTJDaHR0cCUzQSUyRiUyRnd3dy5kYXJ0bW91dGhvY2Vhbi5jb20lMkYlMkNodHRwcyUzQSUyRiUyRnd3dy5kZWVwdHJla2tlci5jb20lMkYlMkNodHRwcyUzQSUyRiUyRnd3dy5kZW5vdmEuY2ElMkYlMkNodHRwJTNBJTJGJTJGd3d3LmRzYW9jZWFuLmNvbSUyRiUyQ2h0dHBzJTNBJTJGJTJGd3d3LmR1eGlvbi5jb20lMkYlMkNodHRwcyUzQSUyRiUyRnd3dy5lZG5hdGVjLmNvbSUyRiUyQ2h0dHBzJTNBJTJGJTJGb2NlYW5zdXBlcmNsdXN0ZXIuY2ElMkZtZW1iZXJzJTJGd3d3LmUtc29uYXIuY2ElMkNodHRwcyUzQSUyRiUyRnd3dy5lc3JpLmNhJTJGZW4tY2ElMkZob21lJTJDaHR0cHMlM0ElMkYlMkZ3d3cuZW1lcmEuY29tJTJGJTJDaHR0cHMlM0ElMkYlMkZlbmVyZ3lyZXNlYXJjaGlubm92YXRpb24uY2ElMkYlMkNodHRwcyUzQSUyRiUyRmZ1bmR5Zm9yY2UuY2ElMkYlMkNodHRwcyUzQSUyRiUyRnd3dy5mdWdyby5jb20lMkYlMkNodHRwcyUzQSUyRiUyRmdlbm9hZGVzaWduLmNvbSUyRiUyQ2h0dHBzJTNBJTJGJTJGd3d3LmdyYXBoZW5lZW50ZXJwcmlzZS5jYSUyRiUyQ2h0dHBzJTNBJTJGJTJGZ3JpZWdzZWFmb29kLmNvbSUyRm5sJTJDaHR0cHMlM0ElMkYlMkZ3d3cuZ3Jpc2ltLmNvbSUyRiUyQ2h0dHBzJTNBJTJGJTJGd3d3Lmgyb2lubm92YXRpb24uY29tJTJGJTJDaHR0cCUzQSUyRiUyRmhhdGNoLmNvbSUyRiUyQ2h0dHBzJTNBJTJGJTJGaGF3Ym9sZHRpbmQuY29tJTJGJTJDaHR0cHMlM0ElMkYlMkZ3d3cuaHlkcm8tc3Vydi5jb20lMkYlMkNodHRwcyUzQSUyRiUyRmhvcml6b25tYXJpdGltZS5jb20lMkYlMkNodHRwcyUzQSUyRiUyRnd3dy5odW50c21hbm1hcmluZS5jYSUyRiUyQ2h0dHAlM0ElMkYlMkZ3d3cuaWRldmVhdS5jb20lMkYlMkNodHRwJTNBJTJGJTJGd3d3LmlpY3RlY2hub2xvZ2llcy5jb20lMkYlMkNodHRwcyUzQSUyRiUyRnd3dy5pbm5vdmFzZWEuY29tJTJGJTJDaHR0cCUzQSUyRiUyRmlydmluZ3NoaXBidWlsZGluZy5jb20lMkYlMkNodHRwcyUzQSUyRiUyRnd3dy5qYXNjby5jb20lMkYlMkNodHRwcyUzQSUyRiUyRmpzcXVhcmVkLmNvbSUyRiUyQ2h0dHBzJTNBJTJGJTJGanVwaXRlcmh5ZHJvLmNvbSUyRiUyQ2h0dHBzJTNBJTJGJTJGcG9tYmNvdXAudGVjaCUyRiUyQ2h0dHBzJTNBJTJGJTJGa3Jha2Vucm9ib3RpY3MuY29tJTJGJTJDaHR0cHMlM0ElMkYlMkZsaXZlc2hpcC5jYSUyRiUyQ2h0dHBzJTNBJTJGJTJGbGl2ZXN0b3JzeWRuZXkuY29tJTJGJTJDaHR0cHMlM0ElMkYlMkZ3d3cubWFlcnNrc3VwcGx5c2VydmljZS5jb20lMkYlMkNodHRwcyUzQSUyRiUyRnd3dy5tYXJhY29ycC5jYSUyRiUyQ2h0dHBzJTNBJTJGJTJGd3d3Lm1hcmltZXRyaWNzLmNvbSUyRiUyQ2h0dHBzJTNBJTJGJTJGbWV0YW1hdGVyaWFsLmNvbSUyRiUyQ2h0dHBzJTNBJTJGJTJGd3d3Lm1vZGVzdHRyZWUuY29tJTJGJTJDaHR0cHMlM0ElMkYlMkZtb3dpLmNvbSUyRiUyQ2h0dHBzJTNBJTJGJTJGd3d3Lm5hdmNhc3QuY29tJTJGJTJDaHR0cHMlM0ElMkYlMkZ0d2l0dGVyLmNvbSUyRm5mYW51bmF2dXQlMkNodHRwcyUzQSUyRiUyRm9jZWFuY2hvaWNlLmNvbSUyRiUyQ2h0dHBzJTNBJTJGJTJGb2NlYW5zb25pY3MuY29tJTJGJTJDaHR0cCUzQSUyRiUyRnd3dy5vY2VhbmZsb29yZ2VvcGh5c2ljcy5jb20lMkYlMkNodHRwcyUzQSUyRiUyRm9jZWFuc3VwZXJjbHVzdGVyLmNhJTJGbWVtYmVycyUyRm9wZW5vY2VhbnJvYm90aWNzLmNvbSUyQ2h0dHBzJTNBJTJGJTJGb3BzbG9jay5jb20lMkYlMkNodHRwJTNBJTJGJTJGb3JjYXNwZWNpYWx0eWZvb2RzLmNvbSUyRiUyQ2h0dHBzJTNBJTJGJTJGd3d3Lm9uZWthd2F0ZXIuY29tJTJGJTJDaHR0cHMlM0ElMkYlMkZ3d3cucGFuZ2Vvc3Vic2VhLmNvbSUyRiUyQ2h0dHBzJTNBJTJGJTJGd3d3LnBpY3NlYS5jby51ayUyRiUyQ2h0dHBzJTNBJTJGJTJGcmJyLWdsb2JhbC5jb20lMkYlMkNodHRwcyUzQSUyRiUyRnd3dy5yaW1vdC5pbyUyRiUyQ2h0dHBzJTNBJTJGJTJGcm9ja25ldHdvcmtzLmNvbSUyRiUyQ2h0dHBzJTNBJTJGJTJGcnV0dGVyLmNhJTJGJTJDaHR0cHMlM0ElMkYlMkZ3d3cuc2FhYi5jb20lMkZwcm9kdWN0cyUyRnNlY3VyaXR5JTJGbWFyaXRpbWUtdHJhZmZpYy1tYW5hZ2VtZW50JTJDaHR0cHMlM0ElMkYlMkZzZW5zb3J0ZWNoY2FuYWRhLmNvbSUyRiUyQ2h0dHBzJTNBJTJGJTJGd3d3Lm9uZWlsZmlzaGVyaWVzLmNvbSUyRiUyQ2h0dHAlM0ElMkYlMkZ3d3cuc2hpZnRlbnZpcm9ubWVudGFsLmNvbSUyRiUyQ2h0dHBzJTNBJTJGJTJGc3Bpcmlyb2JvdGljcy5jb20lMkYlMkNodHRwcyUzQSUyRiUyRnd3dy5zdGFudGVjLmNvbSUyRmVuJTJDaHR0cHMlM0ElMkYlMkZzdHJvYmVsdGVrLmNvbSUyRiUyQ2h0dHBzJTNBJTJGJTJGd3d3LnN1YmNpbWFnaW5nLmNvbSUyRiUyQ2h0dHBzJTNBJTJGJTJGd3d3LnN1c3RhaW5hYmxlbWFyaW5lLmNvbSUyRiUyQ2h0dHBzJTNBJTJGJTJGc29pZm91bmRhdGlvbi5vcmclMkZlbiUyRiUyQ2h0dHBzJTNBJTJGJTJGd3d3LnQ0Zy5jb20lMkYlMkMlMkNodHRwcyUzQSUyRiUyRnd3dy5wb3J0b2ZoYWxpZmF4LmNhJTJGJTJDaHR0cHMlM0ElMkYlMkZhcXVhdGVjaGNlbnRlci5jb20lMkYlMkNodHRwcyUzQSUyRiUyRnRyYWluaW5nLXdvcmtzLmNhJTJGJTJDaHR0cHMlM0ElMkYlMkZ3d3cudHNvdWtlbmF0aW9uLmNvbSUyRiUyQ2h0dHAlM0ElMkYlMkZ3d3cudHJvbm9zamV0LmNvbSUyRm1haW50ZW5hbmNlJTJDaHR0cHMlM0ElMkYlMkZ2YWxlbnRjb3JwLmNvbSUyRiUyQ2h0dHBzJTNBJTJGJTJGd3d3LnZpcnR1YWxtYXJpbmUuY2ElMkYlMkNodHRwcyUzQSUyRiUyRnd3dy52aXN1YWxkZWZlbmNlLmNvbSUyRiUyQ2h0dHBzJTNBJTJGJTJGdm95aXMuY29tJTJGJTJDaHR0cHMlM0ElMkYlMkZ3d3cuYXNodGVhZC10ZWNobm9sb2d5LmNvbSUyRiUyQ2h0dHBzJTNBJTJGJTJGcm92M2QuY29tJTJGJTJDaHR0cHMlM0ElMkYlMkZ4ZW9zdGVjaC5jb20lMkY=\u00a0\u00bb][vc_raw_html]JTNDc3R5bGUlM0UlMEElMEEudmNfaXRlbSU3QiUyMGRpc3BsYXklMjAlM0ElMjBmbGV4JTNCJTIwJTIwJTIwYWxpZ24taXRlbXMlMjAlM0ElMjBjZW50ZXIlM0IlN0QlMEEudmNfaXRlbSUyMC52Y19pbm5lciUyMCU3QnRleHQtYWxpZ24lM0ElMjBjZW50ZXIlMjAlMjFpbXBvcnRhbnQlM0IlMjBtYXgtd2lkdGglM0E3NSUyNSUzQiU3RCUwQSUwQSUwQSUwQSUzQyUyRnN0eWxlJTNF[\/vc_raw_html][\/vc_column][\/vc_row][vc_row][vc_column][\/vc_column][\/vc_row]<\/div>\n<\/div>","protected":false},"excerpt":{"rendered":"<p>[vc_row][vc_column][vc_column_text] Joignez-vous \u00e0 SOC SOC est une grappe de transformation pancanadienne dirig\u00e9e par l&rsquo;industrie qui s&rsquo;efforce de relever certains des plus grands d\u00e9fis dans les secteurs oc\u00e9aniques par le biais [&hellip;]<\/p>\n","protected":false},"author":6,"featured_media":12888,"parent":0,"menu_order":0,"comment_status":"closed","ping_status":"closed","template":"pages\/members-page.php","meta":{"_acf_changed":false,"footnotes":""},"class_list":["post-12696","page","type-page","status-publish","has-post-thumbnail","hentry"],"acf":[],"_links":{"self":[{"href":"https:\/\/oceansupercluster.ca\/fr\/wp-json\/wp\/v2\/pages\/12696","targetHints":{"allow":["GET"]}}],"collection":[{"href":"https:\/\/oceansupercluster.ca\/fr\/wp-json\/wp\/v2\/pages"}],"about":[{"href":"https:\/\/oceansupercluster.ca\/fr\/wp-json\/wp\/v2\/types\/page"}],"author":[{"embeddable":true,"href":"https:\/\/oceansupercluster.ca\/fr\/wp-json\/wp\/v2\/users\/6"}],"replies":[{"embeddable":true,"href":"https:\/\/oceansupercluster.ca\/fr\/wp-json\/wp\/v2\/comments?post=12696"}],"version-history":[{"count":0,"href":"https:\/\/oceansupercluster.ca\/fr\/wp-json\/wp\/v2\/pages\/12696\/revisions"}],"wp:featuredmedia":[{"embeddable":true,"href":"https:\/\/oceansupercluster.ca\/fr\/wp-json\/wp\/v2\/media\/12888"}],"wp:attachment":[{"href":"https:\/\/oceansupercluster.ca\/fr\/wp-json\/wp\/v2\/media?parent=12696"}],"curies":[{"name":"wp","href":"https:\/\/api.w.org\/{rel}","templated":true}]}}