{"id":13240,"date":"2023-12-13T13:42:09","date_gmt":"2023-12-13T13:42:09","guid":{"rendered":"https:\/\/cos.m5i.com\/media-kit\/"},"modified":"2024-01-09T14:50:13","modified_gmt":"2024-01-09T14:50:13","slug":"trousse-des-medias","status":"publish","type":"page","link":"https:\/\/oceansupercluster.ca\/fr\/trousse-des-medias\/","title":{"rendered":"TROUSSE DES M\u00c9DIAS"},"content":{"rendered":"<div class=\"wpb-content-wrapper\"><div class=\"g-container\">[vc_row][vc_column][vc_column_text]Supergrappe des oc\u00e9ans du Canada est heureuse d&rsquo;offrir diff\u00e9rents formats de son logo d&rsquo;entreprise \u00e0 l&rsquo;usage des m\u00e9dias. Ce logo ne doit pas \u00eatre utilis\u00e9 dans des documents, des rapports ou des pr\u00e9sentations en dehors de l\u2019utilisation m\u00e9diatique sans l\u2019autorisation pr\u00e9alable de SOC. Les m\u00e9dias qui souhaitent obtenir des vid\u00e9o, des photos et des fichiers de portraits d&rsquo;entreprise doivent \u00e9crire \u00e0\u00a0 <a title=\"mailto:marketing@oceansupercluster.ca\" href=\"mailto:marketing@oceansupercluster.ca\">marketing@oceansupercluster.ca<\/a>[\/vc_column_text][\/vc_column][\/vc_row][vc_row][vc_column width=\u00a0\u00bb1\/3&Prime;][vc_single_image image=\u00a0\u00bb13080&Prime; img_size=\u00a0\u00bblarge\u00a0\u00bb][vc_column_text]<\/p>\n<p style=\"text-align: center;\">T\u00e9l\u00e9chargement | <a href=\"https:\/\/oceansupercluster.ca\/wp-content\/uploads\/COSC-Logo-2023-2-scaled.jpg\">JPEG<\/a> | <a href=\"https:\/\/oceansupercluster.ca\/wp-content\/uploads\/COSC-Logo-2023.png\">PNG<\/a><\/p>\n<p>[\/vc_column_text][\/vc_column][vc_column width=\u00a0\u00bb1\/3&Prime;][vc_single_image image=\u00a0\u00bb13082&Prime; img_size=\u00a0\u00bblarge\u00a0\u00bb alignment=\u00a0\u00bbcenter\u00a0\u00bb][vc_column_text]<\/p>\n<p style=\"text-align: center;\">T\u00e9l\u00e9chargement | <a href=\"https:\/\/oceansupercluster.ca\/wp-content\/uploads\/NEW-logo-horizontal-english.jpg\">JPEG<\/a> | <a href=\"https:\/\/oceansupercluster.ca\/wp-content\/uploads\/NEW-logo-horizontal-1.png\">PNG<\/a><\/p>\n<p>[\/vc_column_text][\/vc_column][vc_column width=\u00a0\u00bb1\/3&Prime;][vc_single_image image=\u00a0\u00bb13084&Prime; img_size=\u00a0\u00bblarge\u00a0\u00bb alignment=\u00a0\u00bbcenter\u00a0\u00bb][vc_column_text]<\/p>\n<p style=\"text-align: center;\">T\u00e9l\u00e9chargement | <a href=\"https:\/\/oceansupercluster.ca\/wp-content\/uploads\/NEW-logo-horizontal-english-Blk.jpg\">JPEG<\/a> | <a href=\"https:\/\/oceansupercluster.ca\/wp-content\/uploads\/NEW-logo-horizontal-english-blk.png\">PNG<\/a><\/p>\n<p>[\/vc_column_text][\/vc_column][\/vc_row][vc_row][vc_column width=\u00a0\u00bb1\/3&Prime;][vc_single_image image=\u00a0\u00bb13088&Prime; img_size=\u00a0\u00bbmedium\u00a0\u00bb alignment=\u00a0\u00bbcenter\u00a0\u00bb][vc_column_text]<\/p>\n<p style=\"text-align: center;\">T\u00e9l\u00e9chargement | <a href=\"https:\/\/oceansupercluster.ca\/wp-content\/uploads\/COSC-Logo-2023-Fr-2-scaled.jpg\">JPEG<\/a> | <a href=\"https:\/\/oceansupercluster.ca\/wp-content\/uploads\/COSC-Logo-2023-Fr.png\">PNG<\/a><\/p>\n<p>[\/vc_column_text][\/vc_column][vc_column width=\u00a0\u00bb1\/3&Prime;][vc_single_image image=\u00a0\u00bb13090&Prime; img_size=\u00a0\u00bblarge\u00a0\u00bb alignment=\u00a0\u00bbcenter\u00a0\u00bb][vc_column_text]<\/p>\n<p style=\"text-align: center;\">T\u00e9l\u00e9chargement | <a href=\"https:\/\/oceansupercluster.ca\/wp-content\/uploads\/COSCLogo-Hoz-Fr-RGB-scaled.jpg\">JPEG<\/a> | <a href=\"https:\/\/oceansupercluster.ca\/wp-content\/uploads\/COSCLogo-Hoz-Fr-RGB.png\">PNG<\/a><\/p>\n<p>[\/vc_column_text][\/vc_column][vc_column width=\u00a0\u00bb1\/3&Prime;][vc_single_image image=\u00a0\u00bb13092&Prime; img_size=\u00a0\u00bblarge\u00a0\u00bb alignment=\u00a0\u00bbcenter\u00a0\u00bb][vc_column_text]<\/p>\n<p style=\"text-align: center;\">T\u00e9l\u00e9chargement | <a href=\"https:\/\/oceansupercluster.ca\/wp-content\/uploads\/COSCLogo-Hoz-Fr-BLK-scaled.jpg\">JPEG<\/a> | <a href=\"https:\/\/oceansupercluster.ca\/wp-content\/uploads\/COSCLogo-Hoz-Fr-BLK.png\">PNG<\/a><\/p>\n<p>[\/vc_column_text][\/vc_column][\/vc_row]<\/p><\/div>\n<\/div>","protected":false},"excerpt":{"rendered":"<p>[vc_row][vc_column][vc_column_text]Supergrappe des oc\u00e9ans du Canada est heureuse d&rsquo;offrir diff\u00e9rents formats de son logo d&rsquo;entreprise \u00e0 l&rsquo;usage des m\u00e9dias. Ce logo ne doit pas \u00eatre utilis\u00e9 dans des documents, des rapports [&hellip;]<\/p>\n","protected":false},"author":6,"featured_media":13120,"parent":0,"menu_order":0,"comment_status":"closed","ping_status":"closed","template":"","meta":{"_acf_changed":false,"footnotes":""},"class_list":["post-13240","page","type-page","status-publish","has-post-thumbnail","hentry"],"acf":[],"_links":{"self":[{"href":"https:\/\/oceansupercluster.ca\/fr\/wp-json\/wp\/v2\/pages\/13240","targetHints":{"allow":["GET"]}}],"collection":[{"href":"https:\/\/oceansupercluster.ca\/fr\/wp-json\/wp\/v2\/pages"}],"about":[{"href":"https:\/\/oceansupercluster.ca\/fr\/wp-json\/wp\/v2\/types\/page"}],"author":[{"embeddable":true,"href":"https:\/\/oceansupercluster.ca\/fr\/wp-json\/wp\/v2\/users\/6"}],"replies":[{"embeddable":true,"href":"https:\/\/oceansupercluster.ca\/fr\/wp-json\/wp\/v2\/comments?post=13240"}],"version-history":[{"count":0,"href":"https:\/\/oceansupercluster.ca\/fr\/wp-json\/wp\/v2\/pages\/13240\/revisions"}],"wp:featuredmedia":[{"embeddable":true,"href":"https:\/\/oceansupercluster.ca\/fr\/wp-json\/wp\/v2\/media\/13120"}],"wp:attachment":[{"href":"https:\/\/oceansupercluster.ca\/fr\/wp-json\/wp\/v2\/media?parent=13240"}],"curies":[{"name":"wp","href":"https:\/\/api.w.org\/{rel}","templated":true}]}}