{"id":13535,"date":"2023-12-22T17:50:00","date_gmt":"2023-12-22T17:50:00","guid":{"rendered":"https:\/\/oceansupercluster.ca\/?page_id=13535"},"modified":"2023-12-22T18:56:39","modified_gmt":"2023-12-22T18:56:39","slug":"energie-oceanique-elargie","status":"publish","type":"page","link":"https:\/\/oceansupercluster.ca\/fr\/energie-oceanique-elargie\/","title":{"rendered":"\u00c9NERGIE OC\u00c9ANIQUE \u00c9LARGIE"},"content":{"rendered":"<div class=\"wpb-content-wrapper\"><div class=\"g-container\"><p>[vc_row css=\u00a0\u00bb.vc_custom_1700944608069{padding-top: 50px !important;padding-bottom: 100px !important;}\u00a0\u00bb][vc_column width=\u00a0\u00bb1\/4&Prime;][vc_single_image image=\u00a0\u00bb12124&Prime; img_size=\u00a0\u00bb250&#215;250&Prime; alignment=\u00a0\u00bbcenter\u00a0\u00bb][\/vc_column][vc_column width=\u00a0\u00bb3\/4&Prime;][vc_column_text]<\/div><div class=\"g-container\"><\/p>\r\n<h2 class=\"wp-block-heading\">La valeur de l\u2019\u00e9nergie oc\u00e9anique \u00e9largie pr\u00e9sente le potentiel de passer de 9 milliards de dollars en 2019 \u00e0 100 milliards de dollars en 2035.<\/h2>\r\n<p>Alors que l\u2019\u00e9conomie oc\u00e9anique du Canada d\u2019aujourd\u2019hui est fond\u00e9e sur des sources d\u2019\u00e9nergie traditionnelles, on s\u2019attend \u00e0 ce que d\u2019ici 2035, notre \u00e9conomie oc\u00e9anique fasse l\u2019objet d\u2019investissements importants dans les \u00e9nergies renouvelables et, plus particuli\u00e8rement, le vent en mer qui soutient la production d\u2019hydrog\u00e8ne pour favoriser un transport maritime propre. Le Canada a le vent et l\u2019eau, mais il faudra \u00e9galement des investissements importants dans l\u2019infrastructure pour ces grands projets. Il y a un int\u00e9r\u00eat international croissant \u00e0 ce que le Canada a \u00e0 offrir pour notre avenir \u00e9nerg\u00e9tique, avec des exemples r\u00e9cents, dont la signature de l\u2019Alliance entre le Canada et l\u2019Allemagne pour l\u2019hydrog\u00e8ne en ao\u00fbt 2022 ainsi que la signature de protocoles d\u2019entente par Supergrappe des oc\u00e9ans du Canada avec les leaders europ\u00e9ens de Blue Energy et Marine Renewables Canada en juin 2022.<\/p>\r\n<p>[\/vc_column_text][\/vc_column][\/vc_row][vc_section full_width=\u00a0\u00bbstretch_row\u00a0\u00bb css=\u00a0\u00bb.vc_custom_1700943945494{padding-top: 100px !important;padding-bottom: 100px !important;background-color: #f1f3f4 !important;}\u00a0\u00bb][vc_row][vc_column width=\u00a0\u00bb1\/4&Prime;][vc_column_text]<\/p>\r\n<h2 class=\"title\">Possibilit\u00e9s oc\u00e9aniques<\/h2>\r\n<p>[\/vc_column_text][\/vc_column][vc_column width=\u00a0\u00bb3\/4&Prime;][vc_column_text]<\/p>\r\n<ul>\r\n<li>Le Canada peut tirer parti de l\u2019\u00e9cologisation et de la num\u00e9risation de l\u2019industrie extrac\u00f4ti\u00e8re<\/li>\r\n<li>De nouvelles technologies cl\u00e9s sont n\u00e9cessaires pour soutenir le d\u00e9veloppement des industries canadiennes de l\u2019\u00e9nergie renouvelable des oc\u00e9ans et r\u00e9duire les co\u00fbts des nouveaux d\u00e9veloppements, y compris la surveillance et l\u2019entretien de l\u2019environnement.<\/li>\r\n<li>De nouvelles cha\u00eenes d&rsquo;approvisionnement et de nouvelles infrastructures sont n\u00e9cessaires pour appuyer la cr\u00e9ation de points d&rsquo;entr\u00e9e sur le march\u00e9 pour que le Canada puisse offrir de nouveaux produits aux march\u00e9s mondiaux.<\/li>\r\n<\/ul>\r\n<p>[\/vc_column_text][vc_column_text]<\/p>\r\n<p>Dans le cadre d&rsquo;Ambition 2035, Supergrappe des oc\u00e9ans du Canada organise des tables rondes cibl\u00e9es, convoque des parties prenantes cl\u00e9s et contribue \u00e0 \u00e9tablir des partenariats pour r\u00e9aliser des projets et des solutions essentiels \u00e0 la r\u00e9alisation du plein potentiel du Canada en mati\u00e8re d&rsquo;\u00e9nergie oc\u00e9anique \u00e9largie. Pour en savoir plus sur les prochaines \u00e9tapes d&rsquo;Ambition 2035, <a href=\"https:\/\/cos.m5i.com\/ambition-2035\/\">cliquez ici<\/a>.<\/p>\r\n<p>[\/vc_column_text][\/vc_column][\/vc_row][\/vc_section][vc_section full_width=\u00a0\u00bbstretch_row\u00a0\u00bb css=\u00a0\u00bb.vc_custom_1703100584617{padding-top: 100px !important;padding-bottom: 100px !important;}\u00a0\u00bb][vc_row][vc_column width=\u00a0\u00bb1\/4&Prime;][vc_column_text]<\/p>\r\n<h2 class=\"title\">Projects<\/h2>\r\n<p>[\/vc_column_text][\/vc_column][vc_column width=\u00a0\u00bb3\/4&Prime;][vc_column_text]<\/p>\r\n<p>SOC fait progresser la technologie et l\u2019innovation afin de favoriser les possibilit\u00e9s actuelles du Canada dans le domaine de l\u2019\u00e9nergie et d\u2019aider l\u2019industrie \u00e0 se pr\u00e9parer aux nouvelles possibilit\u00e9s offertes par la transition \u00e9nerg\u00e9tique. Voici des exemples de projets de SOC dans ce domaine :<\/p>\r\n<p>[\/vc_column_text][vc_row_inner][vc_column_inner width=\u00a0\u00bb1\/3&Prime;][vc_single_image image=\u00a0\u00bb9294&Prime; img_size=\u00a0\u00bbmedium\u00a0\u00bb onclick=\u00a0\u00bbcustom_link\u00a0\u00bb link=\u00a0\u00bbhttps:\/\/oceansupercluster.ca\/fr\/project\/canadas-ocean-supercluster-announces-65m-clean-ocean-advanced-biofuels-project\/\u00a0\u00bb][\/vc_column_inner][vc_column_inner width=\u00a0\u00bb1\/3&Prime;][vc_single_image image=\u00a0\u00bb13286&Prime; img_size=\u00a0\u00bbmedium\u00a0\u00bb onclick=\u00a0\u00bbcustom_link\u00a0\u00bb link=\u00a0\u00bbhttps:\/\/oceansupercluster.ca\/fr\/project\/digital-offshore-canada-zones-extracotieres-numerique-du-canada\/\u00a0\u00bb][\/vc_column_inner][vc_column_inner width=\u00a0\u00bb1\/3&Prime;][vc_single_image image=\u00a0\u00bb13290&Prime; img_size=\u00a0\u00bbmedium\u00a0\u00bb onclick=\u00a0\u00bbcustom_link\u00a0\u00bb link=\u00a0\u00bbhttps:\/\/oceansupercluster.ca\/fr\/project\/ocean-energy-smart-grid-integration-project\/\u00a0\u00bb][\/vc_column_inner][\/vc_row_inner][vc_row_inner][vc_column_inner width=\u00a0\u00bb1\/3&Prime;][vc_single_image image=\u00a0\u00bb8810&Prime; img_size=\u00a0\u00bbmedium\u00a0\u00bb onclick=\u00a0\u00bbcustom_link\u00a0\u00bb link=\u00a0\u00bbhttps:\/\/oceansupercluster.ca\/fr\/project\/geoscan-project\/\u00a0\u00bb][\/vc_column_inner][vc_column_inner width=\u00a0\u00bb1\/3&Prime;][vc_single_image image=\u00a0\u00bb9489&Prime; img_size=\u00a0\u00bbmedium\u00a0\u00bb onclick=\u00a0\u00bbcustom_link\u00a0\u00bb link=\u00a0\u00bbhttps:\/\/oceansupercluster.ca\/fr\/project\/arowind-project\/\u00a0\u00bb][\/vc_column_inner][vc_column_inner width=\u00a0\u00bb1\/3&Prime;][\/vc_column_inner][\/vc_row_inner][vc_column_text css=\u00a0\u00bb.vc_custom_1703267389109{padding-top: 50px !important;padding-bottom: 25px !important;}\u00a0\u00bb]<\/p>\r\n<h4 style=\"text-align: left;\">Pour en savoir plus sur le portefeuille complet de projets de SOC, <a href=\"https:\/\/cos.m5i.com\/fr\/what-we-do\/programmes\/\">cliquez ici<\/a>.<\/h4>\r\n<p>[\/vc_column_text][\/vc_column][\/vc_row][\/vc_section]<\/p><\/div><\/div>","protected":false},"excerpt":{"rendered":"<p>[vc_row css=\u00a0\u00bb.vc_custom_1700944608069{padding-top: 50px !important;padding-bottom: 100px !important;}\u00a0\u00bb][vc_column width=\u00a0\u00bb1\/4&Prime;][vc_single_image image=\u00a0\u00bb12124&Prime; img_size=\u00a0\u00bb250&#215;250&Prime; alignment=\u00a0\u00bbcenter\u00a0\u00bb][\/vc_column][vc_column width=\u00a0\u00bb3\/4&Prime;][vc_column_text] La valeur de l\u2019\u00e9nergie oc\u00e9anique \u00e9largie pr\u00e9sente le potentiel de passer de 9 milliards de dollars en 2019 \u00e0 [&hellip;]<\/p>\n","protected":false},"author":6,"featured_media":12241,"parent":0,"menu_order":0,"comment_status":"closed","ping_status":"closed","template":"","meta":{"_acf_changed":false,"footnotes":""},"class_list":["post-13535","page","type-page","status-publish","has-post-thumbnail","hentry"],"acf":[],"_links":{"self":[{"href":"https:\/\/oceansupercluster.ca\/fr\/wp-json\/wp\/v2\/pages\/13535","targetHints":{"allow":["GET"]}}],"collection":[{"href":"https:\/\/oceansupercluster.ca\/fr\/wp-json\/wp\/v2\/pages"}],"about":[{"href":"https:\/\/oceansupercluster.ca\/fr\/wp-json\/wp\/v2\/types\/page"}],"author":[{"embeddable":true,"href":"https:\/\/oceansupercluster.ca\/fr\/wp-json\/wp\/v2\/users\/6"}],"replies":[{"embeddable":true,"href":"https:\/\/oceansupercluster.ca\/fr\/wp-json\/wp\/v2\/comments?post=13535"}],"version-history":[{"count":0,"href":"https:\/\/oceansupercluster.ca\/fr\/wp-json\/wp\/v2\/pages\/13535\/revisions"}],"wp:featuredmedia":[{"embeddable":true,"href":"https:\/\/oceansupercluster.ca\/fr\/wp-json\/wp\/v2\/media\/12241"}],"wp:attachment":[{"href":"https:\/\/oceansupercluster.ca\/fr\/wp-json\/wp\/v2\/media?parent=13535"}],"curies":[{"name":"wp","href":"https:\/\/api.w.org\/{rel}","templated":true}]}}