{"id":13540,"date":"2023-12-22T17:55:39","date_gmt":"2023-12-22T17:55:39","guid":{"rendered":"https:\/\/oceansupercluster.ca\/?page_id=13540"},"modified":"2023-12-22T18:58:42","modified_gmt":"2023-12-22T18:58:42","slug":"fruits-de-mer-durables","status":"publish","type":"page","link":"https:\/\/oceansupercluster.ca\/fr\/fruits-de-mer-durables\/","title":{"rendered":"FRUITS DE MER DURABLES"},"content":{"rendered":"<div class=\"wpb-content-wrapper\"><div class=\"g-container\">[vc_section][vc_row][vc_column width=\u00a0\u00bb1\/4&Prime;][vc_single_image image=\u00a0\u00bb12128&Prime; img_size=\u00a0\u00bb250&#215;250&Prime; alignment=\u00a0\u00bbcenter\u00a0\u00bb][\/vc_column][vc_column width=\u00a0\u00bb3\/4&Prime;][vc_column_text]<\/p>\n<h2 class=\"g-container\">Le secteur canadien des fruits de mer peut doubler d\u2019ici 2040.<\/h2>\n<div class=\"g-container\">\n<p style=\"margin: 0cm 0cm 15.0pt 0cm;\"><span lang=\"FR-CA\">Compte tenu de la croissance rapide de la population mondiale, la demande de prot\u00e9ines, et en particulier de produits de la mer, est \u00e9galement en hausse. En 2019, la valeur du secteur des fruits de mer au Canada \u00e9tait de 8\u00a0milliards de dollars, et l\u2019ambition de faire cro\u00eetre le secteur de 2035 \u00e0 25\u00a0milliards de dollars sera largement favoris\u00e9e par l\u2019aquaculture et la p\u00eache durables, ainsi que par les march\u00e9s \u00e9mergents tels que les algues et les substituts du poisson, dont les solutions d\u2019\u00e9conomie circulaire issues de l\u2019oc\u00e9an qui contribueront \u00e0 cette croissance.<\/span><\/p>\n<p style=\"margin: 0cm;\"><span lang=\"FR-CA\">Dans le cadre d&rsquo;Ambition 2035, Supergrappe des oc\u00e9ans du Canada convoque un comit\u00e9 directeur national sur la bio\u00e9conomie bleue qui pr\u00e9sentera un document de travail public en vue de d\u00e9finir les possibilit\u00e9s pour le Canada, d\u00e9terminer les plus grandes forces et le plus grand potentiel de croissance, ainsi que les approches \u00e0 envisager. En plus de cet effort, SOC convoque des parties prenantes cl\u00e9s et contribue \u00e0 \u00e9tablir des partenariats pour r\u00e9aliser des projets et des solutions essentiels \u00e0 la r\u00e9alisation du plein potentiel du Canada en mati\u00e8re de fruits de mer durables. Pour en savoir plus sur les prochaines \u00e9tapes d&rsquo;Ambition 2035, <a href=\"https:\/\/cos.m5i.com\/fr\/ambition-2035\/\"><span style=\"color: #007bff;\">cliquez ici<\/span><\/a>.<\/span><\/p>\n<\/div>\n<p>[\/vc_column_text][\/vc_column][\/vc_row][\/vc_section][vc_section full_width=\u00a0\u00bbstretch_row\u00a0\u00bb css=\u00a0\u00bb.vc_custom_1703162860288{padding-top: 100px !important;padding-bottom: 50px !important;background-color: #f2f2f2 !important;}\u00a0\u00bb][vc_row][vc_column width=\u00a0\u00bb1\/4&Prime;][vc_column_text]<\/p>\n<h2 style=\"margin: 0cm;\"><span lang=\"FR-CA\" style=\"font-size: 24.0pt; font-family: Poppins; font-weight: normal;\">Projets<\/span><\/h2>\n<p>[\/vc_column_text][\/vc_column][vc_column width=\u00a0\u00bb3\/4&Prime;][vc_column_text]SOC fait progresser la technologie et l\u2019innovation afin de favoriser les possibilit\u00e9s actuelles du Canada dans le domaine des fruits de mer durables, sachant qu&rsquo;une grande partie de la demande en prot\u00e9ines de la population mondiale croissante proviendra de l&rsquo;oc\u00e9an. Voici des exemples de projets de SOC dans ce domaine :[\/vc_column_text][vc_row_inner][vc_column_inner width=\u00a0\u00bb1\/3&Prime;][vc_single_image image=\u00a0\u00bb13256&Prime; img_size=\u00a0\u00bbmedium\u00a0\u00bb onclick=\u00a0\u00bbcustom_link\u00a0\u00bb link=\u00a0\u00bbhttps:\/\/oceansupercluster.ca\/fr\/project\/precision-fish-harvesting-project\/\u00a0\u00bb][\/vc_column_inner][vc_column_inner width=\u00a0\u00bb1\/3&Prime;][vc_single_image image=\u00a0\u00bb13312&Prime; img_size=\u00a0\u00bbmedium\u00a0\u00bb onclick=\u00a0\u00bbcustom_link\u00a0\u00bb link=\u00a0\u00bbhttps:\/\/oceansupercluster.ca\/fr\/project\/canadas-ocean-supercluster-announces-29m-ocean-aware-project\/\u00a0\u00bb][\/vc_column_inner][vc_column_inner width=\u00a0\u00bb1\/3&Prime;][vc_single_image image=\u00a0\u00bb9270&Prime; img_size=\u00a0\u00bbmedium\u00a0\u00bb onclick=\u00a0\u00bbcustom_link\u00a0\u00bb link=\u00a0\u00bbhttps:\/\/oceansupercluster.ca\/fr\/project\/bluevita-technology-project\/\u00a0\u00bb][\/vc_column_inner][\/vc_row_inner][vc_row_inner][vc_column_inner width=\u00a0\u00bb1\/3&Prime;][vc_single_image image=\u00a0\u00bb13296&Prime; img_size=\u00a0\u00bbmedium\u00a0\u00bb onclick=\u00a0\u00bbcustom_link\u00a0\u00bb link=\u00a0\u00bbhttps:\/\/oceansupercluster.ca\/fr\/project\/tallybot-project-artificial-intelligence-for-next-generation-seafood-processing\/\u00a0\u00bb][\/vc_column_inner][vc_column_inner width=\u00a0\u00bb1\/3&Prime;][vc_single_image image=\u00a0\u00bb11953&Prime; img_size=\u00a0\u00bbmedium\u00a0\u00bb onclick=\u00a0\u00bbcustom_link\u00a0\u00bb link=\u00a0\u00bbhttps:\/\/oceansupercluster.ca\/fr\/project\/canadas-ocean-supercluster-announces-maximizing-oyster-production-through-ai-enabled-monitoring-project\/\u00a0\u00bb][\/vc_column_inner][vc_column_inner width=\u00a0\u00bb1\/3&Prime;][vc_single_image image=\u00a0\u00bb9136&Prime; img_size=\u00a0\u00bbmedium\u00a0\u00bb onclick=\u00a0\u00bbcustom_link\u00a0\u00bb link=\u00a0\u00bbhttps:\/\/oceansupercluster.ca\/fr\/project\/canadas-ocean-supercluster-announces-1-4m-roc-fishing-system-project\/\u00a0\u00bb][\/vc_column_inner][\/vc_row_inner][vc_column_text css=\u00a0\u00bb.vc_custom_1703267735146{padding-top: 50px !important;padding-bottom: 25px !important;}\u00a0\u00bb]<\/p>\n<h4>Pour en savoir plus sur le portefeuille complet de projets de SOC, <a href=\"https:\/\/cos.m5i.com\/fr\/what-we-do\/programmes\/\">cliquez ici<\/a>.<\/h4>\n<p>[\/vc_column_text][\/vc_column][\/vc_row][\/vc_section]<\/p><\/div>\n<\/div>","protected":false},"excerpt":{"rendered":"<p>[vc_section][vc_row][vc_column width=\u00a0\u00bb1\/4&Prime;][vc_single_image image=\u00a0\u00bb12128&Prime; img_size=\u00a0\u00bb250&#215;250&Prime; alignment=\u00a0\u00bbcenter\u00a0\u00bb][\/vc_column][vc_column width=\u00a0\u00bb3\/4&Prime;][vc_column_text] Le secteur canadien des fruits de mer peut doubler d\u2019ici 2040. Compte tenu de la croissance rapide de la population mondiale, la demande de [&hellip;]<\/p>\n","protected":false},"author":6,"featured_media":12222,"parent":0,"menu_order":0,"comment_status":"closed","ping_status":"closed","template":"","meta":{"_acf_changed":false,"footnotes":""},"class_list":["post-13540","page","type-page","status-publish","has-post-thumbnail","hentry"],"acf":[],"_links":{"self":[{"href":"https:\/\/oceansupercluster.ca\/fr\/wp-json\/wp\/v2\/pages\/13540","targetHints":{"allow":["GET"]}}],"collection":[{"href":"https:\/\/oceansupercluster.ca\/fr\/wp-json\/wp\/v2\/pages"}],"about":[{"href":"https:\/\/oceansupercluster.ca\/fr\/wp-json\/wp\/v2\/types\/page"}],"author":[{"embeddable":true,"href":"https:\/\/oceansupercluster.ca\/fr\/wp-json\/wp\/v2\/users\/6"}],"replies":[{"embeddable":true,"href":"https:\/\/oceansupercluster.ca\/fr\/wp-json\/wp\/v2\/comments?post=13540"}],"version-history":[{"count":0,"href":"https:\/\/oceansupercluster.ca\/fr\/wp-json\/wp\/v2\/pages\/13540\/revisions"}],"wp:featuredmedia":[{"embeddable":true,"href":"https:\/\/oceansupercluster.ca\/fr\/wp-json\/wp\/v2\/media\/12222"}],"wp:attachment":[{"href":"https:\/\/oceansupercluster.ca\/fr\/wp-json\/wp\/v2\/media?parent=13540"}],"curies":[{"name":"wp","href":"https:\/\/api.w.org\/{rel}","templated":true}]}}