{"id":13545,"date":"2023-12-22T18:02:26","date_gmt":"2023-12-22T18:02:26","guid":{"rendered":"https:\/\/oceansupercluster.ca\/?page_id=13545"},"modified":"2023-12-22T19:00:42","modified_gmt":"2023-12-22T19:00:42","slug":"avenir-du-transport","status":"publish","type":"page","link":"https:\/\/oceansupercluster.ca\/fr\/avenir-du-transport\/","title":{"rendered":"AVENIR DU TRANSPORT"},"content":{"rendered":"<div class=\"wpb-content-wrapper\"><div class=\"g-container\">[vc_row css=\u00a0\u00bb.vc_custom_1701044079374{padding-top: 50px !important;padding-bottom: 100px !important;}\u00a0\u00bb][vc_column width=\u00a0\u00bb1\/4&Prime;][vc_single_image image=\u00a0\u00bb12130&Prime; img_size=\u00a0\u00bb250&#215;250&Prime; alignment=\u00a0\u00bbcenter\u00a0\u00bb][\/vc_column][vc_column width=\u00a0\u00bb3\/4&Prime;][vc_column_text]<\/p>\n<h2 class=\"wp-block-heading\">L\u2019avenir du transport passe par un transport maritime plus \u00e9cologique<\/h2>\n<p>Avec d\u2019importants investissements en place dans la construction navale dans le cadre de la strat\u00e9gie nationale de construction navale, on retrouve \u00e9galement d\u2019importantes possibilit\u00e9s \u00e9conomiques dans les solutions de d\u00e9carbonisation pour l\u2019industrie, car les entit\u00e9s commerciales consid\u00e8rent de plus en plus le transport maritime comme faisant partie de leurs plans de r\u00e9duction des \u00e9missions.<\/p>\n<p>Les investissements de contrepartie de SOC avec l\u2019industrie dans des solutions pour un certain nombre de projets, y compris les rev\u00eatements de navires, l\u2019\u00e9lectrification et le diesel renouvelable viennent favoriser la d\u00e9carbonisation du transport maritime. Pour accro\u00eetre la r\u00e9silience de la cha\u00eene d\u2019approvisionnement, nous aurons \u00e9galement besoin d\u2019investissements importants dans l\u2019infrastructure de port dont la capacit\u00e9 \u00e0 soutenir les nouvelles technologies dans les navires et l\u2019efficacit\u00e9 op\u00e9rationnelle.<\/p>\n<p>Dans le cadre d&rsquo;Ambition 2035, Supergrappe des oc\u00e9ans du Canada organise des tables rondes cibl\u00e9es, convoque des parties prenantes cl\u00e9s et contribue \u00e0 \u00e9tablir des partenariats pour r\u00e9aliser des projets et des solutions essentiels pour fa\u00e7onner et \u00e9cologiser l&rsquo;avenir du transport maritime. Pour en savoir plus sur les prochaines \u00e9tapes d&rsquo;Ambition 2035, <a href=\"https:\/\/cos.m5i.com\/ambition-2035\/\">cliquez ici<\/a>.[\/vc_column_text][\/vc_column][\/vc_row][vc_section full_width=\u00a0\u00bbstretch_row\u00a0\u00bb css=\u00a0\u00bb.vc_custom_1700945702935{padding-top: 100px !important;padding-bottom: 50px !important;background-color: #f1f3f4 !important;}\u00a0\u00bb][vc_row][vc_column width=\u00a0\u00bb1\/4&Prime;][vc_column_text]<\/p>\n<h2>Projets<\/h2>\n<p>[\/vc_column_text][\/vc_column][vc_column width=\u00a0\u00bb3\/4&Prime;][vc_column_text]SOC fait progresser la technologie et l\u2019innovation afin de favoriser les possibilit\u00e9s actuelles du Canada dans le domaine de l\u2019avenir du transport et sa progression vers l\u2019objectif z\u00e9ro \u00e9mission. Voici des exemples de projets de SOC dans ce domaine :[\/vc_column_text][vc_row_inner][vc_column_inner width=\u00a0\u00bb1\/3&Prime;][vc_single_image image=\u00a0\u00bb12753&Prime; img_size=\u00a0\u00bbmedium\u00a0\u00bb onclick=\u00a0\u00bbcustom_link\u00a0\u00bb link=\u00a0\u00bbhttps:\/\/oceansupercluster.ca\/fr\/project\/smart-protective-coatings-project\/\u00a0\u00bb][\/vc_column_inner][vc_column_inner width=\u00a0\u00bb1\/3&Prime;][vc_single_image image=\u00a0\u00bb13284&Prime; img_size=\u00a0\u00bbmedium\u00a0\u00bb onclick=\u00a0\u00bbcustom_link\u00a0\u00bb link=\u00a0\u00bbhttps:\/\/oceansupercluster.ca\/fr\/project\/project-orca-projet-orca\/\u00a0\u00bb][\/vc_column_inner][vc_column_inner width=\u00a0\u00bb1\/3&Prime;][vc_single_image image=\u00a0\u00bb13280&Prime; img_size=\u00a0\u00bbmedium\u00a0\u00bb onclick=\u00a0\u00bbcustom_link\u00a0\u00bb link=\u00a0\u00bbhttps:\/\/oceansupercluster.ca\/fr\/project\/corvus-field-validation-of-energy-storage-system-project\/\u00a0\u00bb][\/vc_column_inner][\/vc_row_inner][vc_row_inner][vc_column_inner width=\u00a0\u00bb1\/3&Prime;][vc_single_image image=\u00a0\u00bb13298&Prime; img_size=\u00a0\u00bbmedium\u00a0\u00bb onclick=\u00a0\u00bbcustom_link\u00a0\u00bb link=\u00a0\u00bbhttps:\/\/oceansupercluster.ca\/fr\/project\/digital-ship-in-service-support-project\/\u00a0\u00bb][\/vc_column_inner][vc_column_inner width=\u00a0\u00bb1\/3&Prime;][vc_single_image image=\u00a0\u00bb13268&Prime; img_size=\u00a0\u00bbmedium\u00a0\u00bb onclick=\u00a0\u00bbcustom_link\u00a0\u00bb link=\u00a0\u00bbhttps:\/\/oceansupercluster.ca\/fr\/project\/bridgevue-project\/\u00a0\u00bb][\/vc_column_inner][vc_column_inner width=\u00a0\u00bb1\/3&Prime;][vc_single_image image=\u00a0\u00bb13411&Prime; img_size=\u00a0\u00bbmedium\u00a0\u00bb onclick=\u00a0\u00bbcustom_link\u00a0\u00bb link=\u00a0\u00bbhttps:\/\/oceansupercluster.ca\/fr\/project\/split-pm-hybrid-propulsion-motor-project\/\u00a0\u00bb][\/vc_column_inner][\/vc_row_inner][vc_row_inner css=\u00a0\u00bb.vc_custom_1703103834161{padding-top: 50px !important;padding-bottom: 25px !important;}\u00a0\u00bb][vc_column_inner][vc_column_text]<\/p>\n<h4>Pour en savoir plus sur le portefeuille complet de projets de SOC, <a href=\"https:\/\/cos.m5i.com\/fr\/what-we-do\/programmes\/\">cliquez ici<\/a>.<\/h4>\n<p>[\/vc_column_text][\/vc_column_inner][\/vc_row_inner][\/vc_column][\/vc_row][\/vc_section]<\/p><\/div>\n<\/div>","protected":false},"excerpt":{"rendered":"<p>[vc_row css=\u00a0\u00bb.vc_custom_1701044079374{padding-top: 50px !important;padding-bottom: 100px !important;}\u00a0\u00bb][vc_column width=\u00a0\u00bb1\/4&Prime;][vc_single_image image=\u00a0\u00bb12130&Prime; img_size=\u00a0\u00bb250&#215;250&Prime; alignment=\u00a0\u00bbcenter\u00a0\u00bb][\/vc_column][vc_column width=\u00a0\u00bb3\/4&Prime;][vc_column_text] L\u2019avenir du transport passe par un transport maritime plus \u00e9cologique Avec d\u2019importants investissements en place dans la construction navale [&hellip;]<\/p>\n","protected":false},"author":6,"featured_media":12239,"parent":0,"menu_order":0,"comment_status":"closed","ping_status":"closed","template":"","meta":{"_acf_changed":false,"footnotes":""},"class_list":["post-13545","page","type-page","status-publish","has-post-thumbnail","hentry"],"acf":[],"_links":{"self":[{"href":"https:\/\/oceansupercluster.ca\/fr\/wp-json\/wp\/v2\/pages\/13545","targetHints":{"allow":["GET"]}}],"collection":[{"href":"https:\/\/oceansupercluster.ca\/fr\/wp-json\/wp\/v2\/pages"}],"about":[{"href":"https:\/\/oceansupercluster.ca\/fr\/wp-json\/wp\/v2\/types\/page"}],"author":[{"embeddable":true,"href":"https:\/\/oceansupercluster.ca\/fr\/wp-json\/wp\/v2\/users\/6"}],"replies":[{"embeddable":true,"href":"https:\/\/oceansupercluster.ca\/fr\/wp-json\/wp\/v2\/comments?post=13545"}],"version-history":[{"count":0,"href":"https:\/\/oceansupercluster.ca\/fr\/wp-json\/wp\/v2\/pages\/13545\/revisions"}],"wp:featuredmedia":[{"embeddable":true,"href":"https:\/\/oceansupercluster.ca\/fr\/wp-json\/wp\/v2\/media\/12239"}],"wp:attachment":[{"href":"https:\/\/oceansupercluster.ca\/fr\/wp-json\/wp\/v2\/media?parent=13545"}],"curies":[{"name":"wp","href":"https:\/\/api.w.org\/{rel}","templated":true}]}}