{"id":13551,"date":"2023-12-22T18:06:55","date_gmt":"2023-12-22T18:06:55","guid":{"rendered":"https:\/\/oceansupercluster.ca\/?page_id=13551"},"modified":"2024-02-23T14:01:34","modified_gmt":"2024-02-23T14:01:34","slug":"solutions-climatiques-oceaniques","status":"publish","type":"page","link":"https:\/\/oceansupercluster.ca\/fr\/solutions-climatiques-oceaniques\/","title":{"rendered":"SOLUTIONS CLIMATIQUES OC\u00c9ANIQUES"},"content":{"rendered":"<div class=\"wpb-content-wrapper\"><div class=\"g-container\">[vc_row css=\u00a0\u00bb.vc_custom_1700946350730{padding-top: 50px !important;padding-bottom: 100px !important;}\u00a0\u00bb][vc_column width=\u00a0\u00bb1\/4&Prime;][vc_single_image image=\u00a0\u00bb12126&Prime; img_size=\u00a0\u00bb250&#215;250&Prime; alignment=\u00a0\u00bbcenter\u00a0\u00bb][\/vc_column][vc_column width=\u00a0\u00bb3\/4&Prime; css=\u00a0\u00bb.vc_custom_1701044155592{padding-top: 0px !important;}\u00a0\u00bb][vc_column_text]\r\n<h2 class=\"wp-block-heading\">Sans notre oc\u00e9an, le Canada n\u2019atteindra pas ses objectifs z\u00e9ro \u00e9mission.<\/h2>\r\n<\/div><div class=\"g-container\">Le Groupe d\u2019experts pour une \u00e9conomie oc\u00e9anique durable a mis \u00e0 jour un rapport \u00e0 l\u2019automne 2023 qui montre que jusqu\u2019\u00e0 35 % de la r\u00e9duction des \u00e9missions requise d\u2019ici 2050 peut \u00eatre r\u00e9alis\u00e9e par l\u2019oc\u00e9an. SOC acc\u00e9l\u00e8re activement la mise en \u0153uvre de solutions novatrices dans tous les secteurs oc\u00e9aniques pour favoriser la sant\u00e9 de notre plan\u00e8te, tout en cr\u00e9ant des possibilit\u00e9s pour les collectivit\u00e9s et les travailleurs au Canada.\r\n\r\nDes technologies oc\u00e9aniques canadiennes dans des domaines tels que la robotique, les communications, les technologies des \u00e9nergies renouvelables, les batteries, la biotechnologie et la g\u00e9nomique ainsi les jumeaux num\u00e9riques et leur exportation vers les march\u00e9s du monde entier offrent le potentiel de cro\u00eetre \u00e0 13\u00a0milliards de dollar. Ceci combin\u00e9 \u00e0 la demande mondiale et \u00e0 l\u2019acc\u00e9l\u00e9ration de solutions technologiques oc\u00e9aniques ax\u00e9es sur le climat cr\u00e9\u00e9es au Canada nous permet donc de pr\u00e9voir une ambition de 20\u00a0milliards de dollars pour la technologie oc\u00e9anique dans son ensemble au Canada d\u2019ici 2035.\r\n\r\nDans le cadre d&rsquo;Ambition 2035, Supergrappe des oc\u00e9ans du Canada organise des tables rondes cibl\u00e9es, convoque des parties prenantes cl\u00e9s et contribue \u00e0 \u00e9tablir des partenariats pour r\u00e9aliser des projets et des solutions essentiels \u00e0 la lutte contre les changements climatiques, \u00e0 l&rsquo;adaptation et \u00e0 la r\u00e9silience des collectivit\u00e9s. Pour en savoir plus sur les prochaines \u00e9tapes d&rsquo;Ambition 2035, <a href=\"https:\/\/cos.m5i.com\/ambition-2035\/\">cliquez ici<\/a>.[\/vc_column_text][\/vc_column][\/vc_row][vc_row full_width=\u00a0\u00bbstretch_row\u00a0\u00bb css=\u00a0\u00bb.vc_custom_1703162914836{padding-top: 100px !important;padding-bottom: 50px !important;background-color: #f2f2f2 !important;}\u00a0\u00bb][vc_column width=\u00a0\u00bb1\/4&Prime;][vc_column_text]\r\n<h2>Projets<\/h2>\r\n[\/vc_column_text][\/vc_column][vc_column width=\u00a0\u00bb3\/4&Prime;][vc_column_text]\r\n\r\nSOC co-investit dans des solutions climatiques oc\u00e9aniques pour favoriser la sant\u00e9 et la productivit\u00e9 de notre plan\u00e8te, de notre pays et de ses habitants. Voici des exemples de projets de SOC dans ce domaine :\r\n\r\n[\/vc_column_text][vc_row_inner css=\u00a0\u00bb.vc_custom_1703105086946{padding-top: 0px !important;padding-bottom: 25px !important;}\u00a0\u00bb][vc_column_inner width=\u00a0\u00bb1\/3&Prime;][vc_single_image image=\u00a0\u00bb7126&Prime; img_size=\u00a0\u00bbmedium\u00a0\u00bb onclick=\u00a0\u00bbcustom_link\u00a0\u00bb link=\u00a0\u00bbhttps:\/\/oceansupercluster.ca\/fr\/oneka-glacier-project\/\u00a0\u00bb][\/vc_column_inner][vc_column_inner width=\u00a0\u00bb1\/3&Prime;][vc_single_image image=\u00a0\u00bb8712&Prime; img_size=\u00a0\u00bbmedium\u00a0\u00bb onclick=\u00a0\u00bbcustom_link\u00a0\u00bb link=\u00a0\u00bbhttps:\/\/oceansupercluster.ca\/project\/fr\/sustainable-protein-for-aquaculture-project\/\u00a0\u00bb][\/vc_column_inner][vc_column_inner width=\u00a0\u00bb1\/3&Prime;][vc_single_image image=\u00a0\u00bb9391&Prime; img_size=\u00a0\u00bbmedium\u00a0\u00bb onclick=\u00a0\u00bbcustom_link\u00a0\u00bb link=\u00a0\u00bbhttps:\/\/oceansupercluster.ca\/fr\/project\/coastal-incident-management-system-cims-project\/\u00a0\u00bb][\/vc_column_inner][\/vc_row_inner][vc_row_inner][vc_column_inner][vc_column_text]\r\n<h4>Pour en savoir plus sur le portefeuille complet de projets de SOC, <a href=\"https:\/\/cos.m5i.com\/fr\/what-we-do\/programmes\/\">cliquez ici<\/a>.<\/h4>\r\n[\/vc_column_text][\/vc_column_inner][\/vc_row_inner][\/vc_column][\/vc_row]<!-- \/wp:post-content --><\/div><\/div>","protected":false},"excerpt":{"rendered":"<p>[vc_row css=\u00a0\u00bb.vc_custom_1700946350730{padding-top: 50px !important;padding-bottom: 100px !important;}\u00a0\u00bb][vc_column width=\u00a0\u00bb1\/4&Prime;][vc_single_image image=\u00a0\u00bb12126&Prime; img_size=\u00a0\u00bb250&#215;250&Prime; alignment=\u00a0\u00bbcenter\u00a0\u00bb][\/vc_column][vc_column width=\u00a0\u00bb3\/4&Prime; css=\u00a0\u00bb.vc_custom_1701044155592{padding-top: 0px !important;}\u00a0\u00bb][vc_column_text] Sans notre oc\u00e9an, le Canada n\u2019atteindra pas ses objectifs z\u00e9ro \u00e9mission. Le Groupe d\u2019experts pour une [&hellip;]<\/p>\n","protected":false},"author":6,"featured_media":12201,"parent":0,"menu_order":0,"comment_status":"closed","ping_status":"closed","template":"","meta":{"_acf_changed":false,"footnotes":""},"class_list":["post-13551","page","type-page","status-publish","has-post-thumbnail","hentry"],"acf":[],"_links":{"self":[{"href":"https:\/\/oceansupercluster.ca\/fr\/wp-json\/wp\/v2\/pages\/13551","targetHints":{"allow":["GET"]}}],"collection":[{"href":"https:\/\/oceansupercluster.ca\/fr\/wp-json\/wp\/v2\/pages"}],"about":[{"href":"https:\/\/oceansupercluster.ca\/fr\/wp-json\/wp\/v2\/types\/page"}],"author":[{"embeddable":true,"href":"https:\/\/oceansupercluster.ca\/fr\/wp-json\/wp\/v2\/users\/6"}],"replies":[{"embeddable":true,"href":"https:\/\/oceansupercluster.ca\/fr\/wp-json\/wp\/v2\/comments?post=13551"}],"version-history":[{"count":0,"href":"https:\/\/oceansupercluster.ca\/fr\/wp-json\/wp\/v2\/pages\/13551\/revisions"}],"wp:featuredmedia":[{"embeddable":true,"href":"https:\/\/oceansupercluster.ca\/fr\/wp-json\/wp\/v2\/media\/12201"}],"wp:attachment":[{"href":"https:\/\/oceansupercluster.ca\/fr\/wp-json\/wp\/v2\/media?parent=13551"}],"curies":[{"name":"wp","href":"https:\/\/api.w.org\/{rel}","templated":true}]}}