{"id":13760,"date":"2024-01-09T14:14:42","date_gmt":"2024-01-09T14:14:42","guid":{"rendered":"https:\/\/oceansupercluster.ca\/?page_id=13760"},"modified":"2024-01-09T14:14:42","modified_gmt":"2024-01-09T14:14:42","slug":"energie-oceanique-renouvelable-elargie","status":"publish","type":"page","link":"https:\/\/oceansupercluster.ca\/fr\/energie-oceanique-renouvelable-elargie\/","title":{"rendered":"\u00c9nergie oc\u00e9anique renouvelable \u00e9largie"},"content":{"rendered":"<div class=\"wpb-content-wrapper\"><div class=\"g-container\">\n<p>[vc_row][vc_column][vc_column_text]<img loading=\"lazy\" decoding=\"async\" class=\"alignnone wp-image-13763 size-full\" src=\"https:\/\/oceansupercluster.ca\/wp-content\/uploads\/ScaledRenewableOceanEnergy_Website_Graphic_FR_fa.jpg\" alt=\"\" width=\"1920\" height=\"567\" srcset=\"https:\/\/oceansupercluster.ca\/wp-content\/uploads\/ScaledRenewableOceanEnergy_Website_Graphic_FR_fa.jpg 1920w, https:\/\/oceansupercluster.ca\/wp-content\/uploads\/ScaledRenewableOceanEnergy_Website_Graphic_FR_fa-300x89.jpg 300w, https:\/\/oceansupercluster.ca\/wp-content\/uploads\/ScaledRenewableOceanEnergy_Website_Graphic_FR_fa-1024x302.jpg 1024w, https:\/\/oceansupercluster.ca\/wp-content\/uploads\/ScaledRenewableOceanEnergy_Website_Graphic_FR_fa-768x227.jpg 768w, https:\/\/oceansupercluster.ca\/wp-content\/uploads\/ScaledRenewableOceanEnergy_Website_Graphic_FR_fa-1536x454.jpg 1536w, https:\/\/oceansupercluster.ca\/wp-content\/uploads\/ScaledRenewableOceanEnergy_Website_Graphic_FR_fa-1320x390.jpg 1320w\" sizes=\"auto, (max-width: 1920px) 100vw, 1920px\" \/><\/p>\n<p>Supergrappe des oc\u00e9ans du Canada (SOC) a lanc\u00e9 un appel de propositions \u00e0 l\u2019\u00e9chelle du Canada dans le cadre de son nouveau programme \u00c9nergie oc\u00e9anique renouvelable \u00e9largie. Cet appel vise le d\u00e9veloppement de technologies qui tirent profit des oc\u00e9ans pour produire de l\u2019\u00e9lectricit\u00e9, r\u00e9duire les \u00e9missions de carbone et procurer des sources d\u2019\u00e9nergie renouvelables.<\/p>\n<p>Par son appel de propositions, SOC est \u00e0 la recherche de projets qui appuieront la transformation de l\u2019\u00e9nergie oc\u00e9anique renouvelable au Canada avec des solutions qui viendront r\u00e9duire les \u00e9missions et cr\u00e9er des avanc\u00e9es dans les solutions neutres en carbone dans le cadre d\u2019un avenir \u00e0 z\u00e9ro \u00e9mission. L\u2019appel vient appuyer l\u2019\u00e9cologisation de l\u2019\u00e9conomie du Canada par le d\u00e9veloppement des industries canadiennes de l\u2019\u00e9nergie oc\u00e9anique renouvelable par :<\/p>\n<ul>\n<li>Un investissement dans les technologies n\u00e9cessaires pour stimuler ou renforcer le secteur de l\u2019\u00e9nergie extrac\u00f4ti\u00e8re du Canada;<\/li>\n<li>Le recours aux comp\u00e9tences et aux technologies du secteur extrac\u00f4tier pour les industries extrac\u00f4ti\u00e8res renouvelables en favorisant un partenariat solide en vue d\u2019accro\u00eetre le d\u00e9veloppement du secteur au Canada;<\/li>\n<li>Une contribution pour \u00e9tablir et renforcer la cha\u00eene d\u2019approvisionnement et les partenariats transfrontaliers entre les entreprises canadiennes requises pour appuyer les nouveaux points d\u2019entr\u00e9e sur le march\u00e9 de l\u2019\u00e9nergie.<\/li>\n<\/ul>\n<p>Les organisations doivent ainsi soumettre un formulaire de d\u00e9claration d\u2019int\u00e9r\u00eat avant <strong>20 h 00 le 20 juin 2023<\/strong>, heure de l\u2019Atlantique, afin que leur projet soit \u00e9valu\u00e9.<\/p>\n<p>Supergrappe des oc\u00e9ans tiendra d\u2019ailleurs une s\u00e9ance d\u2019information virtuelle au sujet de l\u2019appel de propositions \u00c9nergie oc\u00e9anique renouvelable \u00e9largie le 24<strong> mai 2023 \u00e0 14h00<\/strong>, heure de l\u2019Atlantique. <a href=\"https:\/\/www.airmeet.com\/e\/2e252100-ef2f-11ed-b29a-87a35707e9e5\">Inscrivez-vous ici.<\/a><\/p>\n<p>Le processus de pr\u00e9sentation de propositions est en cours. Consultez les lignes directrices du programme pour plus de d\u00e9tails :<\/p>\n<p><span lang=\"FR-CA\"><strong>D\u00e9claration d\u2019int\u00e9r\u00eat (DI) :<\/strong><br \/>\n<a href=\"\/wp-content\/uploads\/2023\/05\/FR_EOI-Template-\u2013-Scaled-Renewable-Ocean-Energy-Program-May-2023.docx\">Mod\u00e8le de d\u00e9claration d\u2019int\u00e9r\u00eat \u2013 \u00c9nergie oc\u00e9anique renouvelable \u00e9largie<\/a><\/span><\/p>\n<p><strong>Autres documents :<br \/>\n<\/strong><a href=\"\/wp-content\/uploads\/2023\/02\/OSC-In-kind-Contributions-to-Projects-2021-01-FR.docx\">Contributions en nature aux projets<\/a><br \/>\n<a href=\"\/wp-content\/uploads\/2023\/02\/OSC-Cost-Eligibility-Guidelines-2022-12-FR.docx\">Lignes directrices sur l\u2019admissibilit\u00e9 des co\u00fbts<\/a><br \/>\n<a href=\"\/wp-content\/uploads\/2023\/02\/OSC-Foreign-Costs-Guidelines-2021.09.17-FR.docx\">Lignes directrices sur les co\u00fbts engag\u00e9s \u00e0 l\u2019\u00e9tranger<\/a><br \/>\n<a href=\"\/wp-content\/uploads\/2023\/02\/IP-Guide-FR.docx\">GUIDE SUR LA PROPRI\u00c9T\u00c9 INTELLECTUELLE (PI)<\/a><\/p>\n<p>https:\/\/youtu.be\/p8mKvIPomT0[\/vc_column_text][\/vc_column][\/vc_row]<\/p>\n<\/div>\n<\/div>","protected":false},"excerpt":{"rendered":"<p>[vc_row][vc_column][vc_column_text] Supergrappe des oc\u00e9ans du Canada (SOC) a lanc\u00e9 un appel de propositions \u00e0 l\u2019\u00e9chelle du Canada dans le cadre de son nouveau programme \u00c9nergie oc\u00e9anique renouvelable \u00e9largie. Cet appel [&hellip;]<\/p>\n","protected":false},"author":2,"featured_media":0,"parent":0,"menu_order":0,"comment_status":"closed","ping_status":"closed","template":"","meta":{"_acf_changed":false,"footnotes":""},"class_list":["post-13760","page","type-page","status-publish","hentry"],"acf":[],"_links":{"self":[{"href":"https:\/\/oceansupercluster.ca\/fr\/wp-json\/wp\/v2\/pages\/13760","targetHints":{"allow":["GET"]}}],"collection":[{"href":"https:\/\/oceansupercluster.ca\/fr\/wp-json\/wp\/v2\/pages"}],"about":[{"href":"https:\/\/oceansupercluster.ca\/fr\/wp-json\/wp\/v2\/types\/page"}],"author":[{"embeddable":true,"href":"https:\/\/oceansupercluster.ca\/fr\/wp-json\/wp\/v2\/users\/2"}],"replies":[{"embeddable":true,"href":"https:\/\/oceansupercluster.ca\/fr\/wp-json\/wp\/v2\/comments?post=13760"}],"version-history":[{"count":0,"href":"https:\/\/oceansupercluster.ca\/fr\/wp-json\/wp\/v2\/pages\/13760\/revisions"}],"wp:attachment":[{"href":"https:\/\/oceansupercluster.ca\/fr\/wp-json\/wp\/v2\/media?parent=13760"}],"curies":[{"name":"wp","href":"https:\/\/api.w.org\/{rel}","templated":true}]}}