{"id":13935,"date":"2024-01-18T21:03:36","date_gmt":"2024-01-18T21:03:36","guid":{"rendered":"https:\/\/oceansupercluster.ca\/?page_id=13935"},"modified":"2024-02-02T12:39:41","modified_gmt":"2024-02-02T12:39:41","slug":"coordonnateur-de-lengagement","status":"publish","type":"page","link":"https:\/\/oceansupercluster.ca\/fr\/coordonnateur-de-lengagement\/","title":{"rendered":"Coordonnateur de l\u2019engagement"},"content":{"rendered":"<div class=\"g-container\">\n<h4>\u00c0 propos de nous\u00a0:<\/h4>\n<p>Supergrappe des oc\u00e9ans du Canada acc\u00e9l\u00e8re le d\u00e9veloppement et la commercialisation de solutions oc\u00e9aniques cr\u00e9\u00e9es au Canada dans les domaines de la transition \u00e9nerg\u00e9tique, la s\u00e9curit\u00e9 alimentaire, l\u2019avenir des transports et les changements climatiques tout en faisant cro\u00eetre davantage d\u2019entreprises, en cr\u00e9ant plus d\u2019emplois et en attirant des talents oc\u00e9aniques. En tant que grappe oc\u00e9anique nationale du Canada, SOC est un coordonnateur de membres, de partenaires et de r\u00e9seaux. Elle agit de catalyseur pour favoriser une croissance transformatrice qui contribue \u00e0 b\u00e2tir l\u2019\u00e9cosyst\u00e8me robuste n\u00e9cessaire pour r\u00e9aliser\u00a0Ambition 2035, soit un potentiel de croissance de 5\u00a0fois dans l\u2019oc\u00e9an d\u2019ici 2035. Pour de plus amples renseignements, consultez <a href=\"https:\/\/oceansupercluster.ca\/wp-content\/uploads\/2023\/12\/Ambition2035_NextSteps_Document_French_Final-1.pdf\">Ambition 2035 &#8211; un potentiel de croissance de 5\u00a0fois dans l\u2019oc\u00e9an au Canada<\/a> d\u2019ici 2035. \u00c0 ce jour, Supergrappe des oc\u00e9ans du Canada a approuv\u00e9 plus de 90\u00a0projets d\u2019une valeur totale de plus de 400 millions de dollars qui permettront de produire plus de 200\u00a0nouveaux produits, proc\u00e9d\u00e9s et services oc\u00e9aniques cr\u00e9\u00e9s au Canada en vue d\u2019une commercialisation \u00e0 l\u2019\u00e9chelle mondiale.\u00a0Veuillez consulter le site \u00e0 oceansupercluster.ca pour obtenir plus d\u2019informations.<\/p>\n<p>SOC compte une \u00e9quipe de plus de 30 employ\u00e9s r\u00e9partis dans huit provinces.<\/p>\n<h4>\u00c0 propos de la candidate ou du candidat\u00a0:<\/h4>\n<p>Relevant du gestionnaire des partenariats et des relations avec les parties prenantes, ce r\u00f4le passionnant permettra de maintenir une base de donn\u00e9es compl\u00e8te et pr\u00e9cise des membres de SOC et d\u2019appuyer la r\u00e9alisation des activit\u00e9s d\u2019engagement.<\/p>\n<p>La personne id\u00e9ale utilisera rapidement ses comp\u00e9tences de collaboration, de cr\u00e9ativit\u00e9 et d\u2019analyse pour maintenir notre base de donn\u00e9es de renseignements sur les membres compl\u00e8te et en constante \u00e9volution, \u00e9laborer des tableaux de bord et des rapports qui \u00e9claireront les d\u00e9cisions strat\u00e9giques et contribueront \u00e0 d\u00e9velopper et \u00e0 mettre en \u0153uvre les processus d\u2019acquisition, d\u2019int\u00e9gration et de conservation des membres de SOC.\u00a0 \u00c0 ce poste, vous serez \u00e9galement appel\u00e9 \u00e0 appuyer l\u2019\u00e9quipe \u00e9largie de l\u2019engagement dans une vari\u00e9t\u00e9 de projets en cours, dont des \u00e9v\u00e9nements virtuels et des activit\u00e9s de recherche.\u00a0 Il s\u2019agit d\u2019une excellente occasion pour un dipl\u00f4m\u00e9, nouveau ou r\u00e9cent, de b\u00e2tir une exp\u00e9rience pr\u00e9cieuse dans la saisie, la gestion et la pr\u00e9sentation de donn\u00e9es. Si cela vous ressemble et que vous \u00eates enthousiasm\u00e9 par l\u2019occasion de contribuer de mani\u00e8re significative \u00e0 l\u2019avenir de l\u2019\u00e9conomie oc\u00e9anique durable du Canada, veuillez poursuivre votre lecture.<\/p>\n<h4>R\u00f4les et responsabilit\u00e9s :<\/h4>\n<ul>\n<li>Maintenir une compr\u00e9hension approfondie et une utilisation experte de la base de donn\u00e9es des membres (Salesforce CRM), du portail des membres, des canaux de communication des membres et des processus d\u2019adh\u00e9sion;<\/li>\n<li>Assurer l\u2019exactitude et la robustesse des donn\u00e9es sur les membres dans la base de donn\u00e9es et collaborer avec les services pour combler des lacunes;<\/li>\n<li>Collaborer avec les services pour optimiser les processus d\u2019int\u00e9gration et de conservation des membres;<\/li>\n<li>Collaborer avec les membres pour r\u00e9pondre aux questions au sujet de l\u2019adh\u00e9sion \u00e0 SOC et travailler avec l\u2019ensemble des services afin d\u2019assurer des r\u00e9ponses exactes et opportunes;<\/li>\n<li>Effectuer des recherches et trouver des membres potentiels par divers moyens, y compris la recherche en ligne, les m\u00e9dias sociaux et les \u00e9v\u00e9nements de r\u00e9seautage;<\/li>\n<li>Analyser plusieurs points de donn\u00e9es et r\u00e9sumer leurs conclusions sur l\u2019adh\u00e9sion et cr\u00e9er des tableaux de bord et des rapports significatifs \u00e0 l\u2019aide de Salesforce CRM et d\u2019autres outils, dont PowerBI;<\/li>\n<li>Appuyer l\u2019\u00e9quipe avec la cartographie des parties prenantes, les perspectives de l\u2019industrie et la sensibilisation des membres potentiels;<\/li>\n<li>Appuyer la documentation et la centralisation des processus entre les services;<\/li>\n<li>Aider l\u2019\u00e9quipe de l\u2019engagement \u00e0 r\u00e9aliser les plans de mobilisation, dont des \u00e9v\u00e9nements;<\/li>\n<li>Contribuer \u00e0 l\u2019\u00e9quipe lors d\u2019occasions connexes au fur et \u00e0 mesure qu\u2019elles se pr\u00e9sentent.<\/li>\n<\/ul>\n<h4>Ce que vous apportez<\/h4>\n<ul>\n<li>\u00a0Technophile, avec des comp\u00e9tences d\u00e9montr\u00e9es en analyse et en pens\u00e9e critique avec la capacit\u00e9 d\u2019effectuer des recherches, de recueillir, d\u2019analyser l\u2019information et de la d\u00e9velopper en id\u00e9es significatives;<\/li>\n<li>Personne entreprenante tr\u00e8s motiv\u00e9e qui est ax\u00e9e sur les r\u00e9sultats avec un sens de l\u2019am\u00e9lioration continue et l\u2019optimisation des processus;<\/li>\n<li>Ax\u00e9 sur des cibles;<\/li>\n<li>Capacit\u00e9 \u00e0 interagir professionnellement avec un \u00e9ventail de parties prenantes par le biais de diverses m\u00e9thodes de communication;<\/li>\n<li>Minutie avec une passion pour l\u2019apprentissage et l\u2019exploration de nouvelles fa\u00e7ons de travailler, qui s\u2019\u00e9panouit dans un environnement de d\u00e9marrage.<\/li>\n<li>Enthousiasme \u00e0 l\u2019id\u00e9e d\u2019utiliser la capacit\u00e9 \u00e0 g\u00e9rer plusieurs priorit\u00e9s;<\/li>\n<li>Capacit\u00e9 \u00e0 \u00e9tablir des relations de travail productives entre les services avec une mentalit\u00e9 d\u2019accomplissement du travail;<\/li>\n<li>\u00c0 l\u2019aise de travailler enti\u00e8rement \u00e0 distance et de s\u2019engager efficacement dans un environnement virtuel, y compris en utilisant les meilleures pratiques en collaboration, mais aussi en travaillant de mani\u00e8re ind\u00e9pendante et autonome.<\/li>\n<\/ul>\n<h4>Qualifications suppl\u00e9mentaires id\u00e9ales<\/h4>\n<ul>\n<li>Grade de premier cycle, dipl\u00f4me ou exp\u00e9rience \u00e9quivalente;<\/li>\n<li>Exp\u00e9rience professionnelle d\u2019au moins un an;<\/li>\n<li>Excellentes comp\u00e9tences en communication verbale et \u00e9crite en anglais;<\/li>\n<li>Exp\u00e9rience de travail dans des organisations bas\u00e9es sur les membres et au service des membres;<\/li>\n<li>Un r\u00e9seau \u00e9tabli et une connaissance de l\u2019\u00e9conomie oc\u00e9anique au Canada sont un atout;<\/li>\n<li>La ma\u00eetrise du fran\u00e7ais est un atout.<\/li>\n<\/ul>\n<p>Nous sommes ravis de continuer \u00e0 b\u00e2tir notre \u00e9quipe avec des professionnels exp\u00e9riment\u00e9s qui sont passionn\u00e9s par la r\u00e9alisation des possibilit\u00e9s du Canada dans l\u2019oc\u00e9an et la croissance de l\u2019\u00e9conomie oc\u00e9anique d\u2019une mani\u00e8re num\u00e9rique, durable et inclusive.<\/p>\n<p>SOC est engag\u00e9e \u00e0 faire progresser votre carri\u00e8re et \u00e0 appuyer le d\u00e9veloppement professionnel \u00e0 l\u2019\u00e9chelle de l\u2019\u00e9quipe par le biais de formations internes en DEI (Diversit\u00e9, \u00e9quit\u00e9 et inclusion).<\/p>\n<p>SOC est engag\u00e9e \u00e0 vivre ses valeurs; ce qui comprend le d\u00e9veloppement d\u2019une exp\u00e9rience diversifi\u00e9e, inclusive et \u00e9quitable pour nos candidats et les membres de notre \u00e9quipe. Veuillez nous informer si vous avez besoin des besoins particuliers pour passer une entrevue.<\/p>\n<p>Postulez d\u00e8s maintenant en soumettant votre lettre de pr\u00e9sentation et votre CV \u00e0\u00a0<a href=\"mailto:hr@oceansupercluster.ca\" data-linkindex=\"1\">hr@oceansupercluster.ca<\/a>.<\/p>\n<h4><strong>Date limite de candidature \u2013 9 f\u00e9vrier 2024 \u00e0 midi HNA.<\/strong><\/h4>\n<\/div>\n","protected":false},"excerpt":{"rendered":"<p>\u00c0 propos de nous\u00a0: Supergrappe des oc\u00e9ans du Canada acc\u00e9l\u00e8re le d\u00e9veloppement et la commercialisation de solutions oc\u00e9aniques cr\u00e9\u00e9es au Canada dans les domaines de la transition \u00e9nerg\u00e9tique, la s\u00e9curit\u00e9 [&hellip;]<\/p>\n","protected":false},"author":9,"featured_media":0,"parent":0,"menu_order":0,"comment_status":"closed","ping_status":"closed","template":"","meta":{"_acf_changed":false,"footnotes":""},"class_list":["post-13935","page","type-page","status-publish","hentry"],"acf":[],"_links":{"self":[{"href":"https:\/\/oceansupercluster.ca\/fr\/wp-json\/wp\/v2\/pages\/13935","targetHints":{"allow":["GET"]}}],"collection":[{"href":"https:\/\/oceansupercluster.ca\/fr\/wp-json\/wp\/v2\/pages"}],"about":[{"href":"https:\/\/oceansupercluster.ca\/fr\/wp-json\/wp\/v2\/types\/page"}],"author":[{"embeddable":true,"href":"https:\/\/oceansupercluster.ca\/fr\/wp-json\/wp\/v2\/users\/9"}],"replies":[{"embeddable":true,"href":"https:\/\/oceansupercluster.ca\/fr\/wp-json\/wp\/v2\/comments?post=13935"}],"version-history":[{"count":0,"href":"https:\/\/oceansupercluster.ca\/fr\/wp-json\/wp\/v2\/pages\/13935\/revisions"}],"wp:attachment":[{"href":"https:\/\/oceansupercluster.ca\/fr\/wp-json\/wp\/v2\/media?parent=13935"}],"curies":[{"name":"wp","href":"https:\/\/api.w.org\/{rel}","templated":true}]}}