{"id":14035,"date":"2023-06-21T18:53:21","date_gmt":"2023-06-21T18:53:21","guid":{"rendered":"https:\/\/oceansupercluster.ca\/associate-membership\/"},"modified":"2024-01-25T17:54:06","modified_gmt":"2024-01-25T17:54:06","slug":"membres-associes","status":"publish","type":"page","link":"https:\/\/oceansupercluster.ca\/fr\/membres-associes\/","title":{"rendered":"MEMBRES ASSOCI\u00c9S\u200b"},"content":{"rendered":"<div class=\"wpb-content-wrapper\"><div class=\"g-container\"><p>[vc_row][vc_column width=\u00a0\u00bb2\/3&Prime;][vc_column_text]<\/p>\r\n<h2>Organismes sans but lucratif, le milieu universitaire, le gouvernement et les organisations constitu\u00e9es \u00e0 l\u2019ext\u00e9rieur du Canada<\/h2>\r\n<h3><strong>AVANTAGES<\/strong><\/h3>\r\n<p><strong>La puissance du r\u00e9seau :<\/strong><\/p>\r\n<ul>\r\n<li>Acc\u00e8s \u00e0 pr\u00e8s de 600\u00a0membres \u00e0 travers le pays pour \u00e9tablir de nouveaux liens d\u2019affaires, trouver des clients et des collaborateurs \u00e0 de nouveaux projets;<\/li>\r\n<li>Participer \u00e0 plus de 20 \u00e9v\u00e9nements r\u00e9serv\u00e9s aux membres\u00a0\u00e0 partir des s\u00e9ances de rencontres express d\u2019entreprises jusqu\u2019aux webinaires de renforcement des capacit\u00e9s en passant par les tables rondes sur invitation uniquement.<\/li>\r\n<\/ul>\r\n<p><strong>Services aux membres :<\/strong><\/p>\r\n<ul>\r\n<li>Recevoir des services aux membres sur mesure dans des domaines cl\u00e9s de votre entreprise, \u00e0 partir de conseils sur la propri\u00e9t\u00e9 intellectuelle jusqu\u2019\u00e0 la mise en \u0153uvre de l\u2019intelligence artificielle, \u00e0 l\u2019attraction et \u00e0 la conservation des talents et \u00e0 la collaboration avec les communaut\u00e9s autochtones;<\/li>\r\n<li>Possibilit\u00e9s de jumelages cibl\u00e9s de membres qui peuvent vous aider \u00e0 faire avancer votre id\u00e9e et \u00e0 trouver vos nouveaux partenaires strat\u00e9giques;<\/li>\r\n<li>Acc\u00e8s aux canaux de communication r\u00e9serv\u00e9s aux membres.<\/li>\r\n<\/ul>\r\n<p><\/div><div class=\"g-container\">[\/vc_column_text][vc_column_text]<\/p>\r\n<h3><strong>L\u2019adh\u00e9sion en tant que membre associ\u00e9 de SOC est gratuite.<\/strong><\/h3>\r\n<p>[\/vc_column_text][vc_empty_space][vc_column_text]<\/p>\r\n<p style=\"text-align: center;\"><a class=\"btn\" href=\"https:\/\/oceansupercluster.ca\/fr\/contact\/devenir-membrer\/\">DEVENIR MEMBRE<\/a><\/p>\r\n<p>[\/vc_column_text][\/vc_column][vc_column width=\u00a0\u00bb1\/3&Prime;][vc_column_text]<\/p>\r\n<div class=\"tmm tmm_smartice-fr tmm-floating-pic\"><div class=\"tmm_1_columns tmm_wrap tmm_plugin_f\"><span class=\"tmm_two_containers_tablet\"><\/span><div class=\"tmm_container \"><div class=\"tmm_member tmm_plugin_f\" style=\"border-top:#444444 solid 5px;\"><div class=\"tmm_circular-borders  tmm_photo tmm_pic_smartice-fr_0\" style=\"background: url(https:\/\/oceansupercluster.ca\/wp-content\/uploads\/Picture2.jpg); margin-left: auto; margin-right:auto; background-size:cover !important;\"><\/div><div class=\"tmm_textblock\"><div class=\"tmm_names\"><span class=\"tmm_fname\">Carolann<\/span> <span class=\"tmm_lname\">Harding<\/span><\/div><div class=\"tmm_job\">CEO, \u146d\u1405\u1548\u140b\u14d0 \u157c\u140b\u144e\u1595 , \u140a\u1405\u14da\u1466\u144e\u1528\u14bb\u14aa\u1546\u1483 , SmartICE Sea Ice Monitoring &amp; Information Inc.<\/div><div class=\"tmm_desc\" style=\"text-align:\">\u00ab En tant que membre de Supergrappe des oc\u00e9ans du Canada, nous avons pu r\u00e9seauter avec des entreprises et des organisations soucieuses de l\u2019oc\u00e9an. Nous avons collabor\u00e9 pour r\u00e9aliser des objectifs communs de formation et de d\u00e9veloppement des talents qui permettront aux membres des communaut\u00e9s autochtones de participer \u00e0 l\u2019\u00e9conomie oc\u00e9anique. Je suis heureuse que Supergrappe des oc\u00e9ans se concentre sur les possibilit\u00e9s des peuples et des communaut\u00e9s autochtones de concert avec eux.\u00a0\u00bb<\/div><div class=\"tmm_scblock\"><\/div><\/div><\/div><div style=\"clear:both;\"><\/div><\/div><\/div><\/div>\r\n<p>[\/vc_column_text][\/vc_column][\/vc_row][vc_row][vc_column][vc_empty_space][vc_column_text]<\/p>\r\n<p style=\"text-align: left;\"><strong>Vous avez des questions? Consultez la <\/strong><a href=\"https:\/\/oceansupercluster.ca\/wp-content\/uploads\/Membership-FAQ-1-FR.docx\" data-type=\"URL\" data-id=\"https:\/\/oceansupercluster.ca\/wp-content\/uploads\/Membership-FAQ-1-FR.docx\"><strong>FAQ sur l\u2019adh\u00e9sion ici<\/strong><\/a>.<\/p>\r\n<p>[\/vc_column_text][\/vc_column][\/vc_row][vc_row disable_element=\u00a0\u00bbyes\u00a0\u00bb][vc_column]<script type=\"text\/javascript\">\n\/* <![CDATA[ *\/\nvar gform;gform||(document.addEventListener(\"gform_main_scripts_loaded\",function(){gform.scriptsLoaded=!0}),document.addEventListener(\"gform\/theme\/scripts_loaded\",function(){gform.themeScriptsLoaded=!0}),window.addEventListener(\"DOMContentLoaded\",function(){gform.domLoaded=!0}),gform={domLoaded:!1,scriptsLoaded:!1,themeScriptsLoaded:!1,isFormEditor:()=>\"function\"==typeof InitializeEditor,callIfLoaded:function(o){return!(!gform.domLoaded||!gform.scriptsLoaded||!gform.themeScriptsLoaded&&!gform.isFormEditor()||(gform.isFormEditor()&&console.warn(\"The use of gform.initializeOnLoaded() is deprecated in the form editor context and will be removed in Gravity Forms 3.1.\"),o(),0))},initializeOnLoaded:function(o){gform.callIfLoaded(o)||(document.addEventListener(\"gform_main_scripts_loaded\",()=>{gform.scriptsLoaded=!0,gform.callIfLoaded(o)}),document.addEventListener(\"gform\/theme\/scripts_loaded\",()=>{gform.themeScriptsLoaded=!0,gform.callIfLoaded(o)}),window.addEventListener(\"DOMContentLoaded\",()=>{gform.domLoaded=!0,gform.callIfLoaded(o)}))},hooks:{action:{},filter:{}},addAction:function(o,r,e,t){gform.addHook(\"action\",o,r,e,t)},addFilter:function(o,r,e,t){gform.addHook(\"filter\",o,r,e,t)},doAction:function(o){gform.doHook(\"action\",o,arguments)},applyFilters:function(o){return gform.doHook(\"filter\",o,arguments)},removeAction:function(o,r){gform.removeHook(\"action\",o,r)},removeFilter:function(o,r,e){gform.removeHook(\"filter\",o,r,e)},addHook:function(o,r,e,t,n){null==gform.hooks[o][r]&&(gform.hooks[o][r]=[]);var d=gform.hooks[o][r];null==n&&(n=r+\"_\"+d.length),gform.hooks[o][r].push({tag:n,callable:e,priority:t=null==t?10:t})},doHook:function(r,o,e){var t;if(e=Array.prototype.slice.call(e,1),null!=gform.hooks[r][o]&&((o=gform.hooks[r][o]).sort(function(o,r){return o.priority-r.priority}),o.forEach(function(o){\"function\"!=typeof(t=o.callable)&&(t=window[t]),\"action\"==r?t.apply(null,e):e[0]=t.apply(null,e)})),\"filter\"==r)return e[0]},removeHook:function(o,r,t,n){var e;null!=gform.hooks[o][r]&&(e=(e=gform.hooks[o][r]).filter(function(o,r,e){return!!(null!=n&&n!=o.tag||null!=t&&t!=o.priority)}),gform.hooks[o][r]=e)}});\n\/* ]]> *\/\n<\/script>\n\n                <div class='gf_browser_gecko gform_wrapper gform_legacy_markup_wrapper gform-theme--no-framework' data-form-theme='legacy' data-form-index='0' id='gform_wrapper_3' style='display:none'>\n                        <div class='gform_heading'>\n                            <h3 class=\"gform_title\">Become a member<\/h3>\n                            <p class='gform_description'><\/p>\n                        <\/div><form method='post' enctype='multipart\/form-data'  id='gform_3'  action='\/fr\/wp-json\/wp\/v2\/pages\/14035' data-formid='3' novalidate>\n                        <div class='gform-body gform_body'><ul id='gform_fields_3' class='gform_fields top_label form_sublabel_below description_below validation_below'><li id=\"field_3_14\" class=\"gfield gfield--type-honeypot gform_validation_container field_sublabel_below gfield--has-description field_description_below field_validation_below gfield_visibility_visible\"  ><label class='gfield_label gform-field-label' for='input_3_14'>Facebook<\/label><div class='ginput_container'><input name='input_14' id='input_3_14' type='text' value='' autocomplete='new-password'\/><\/div><div class='gfield_description' id='gfield_description_3_14'>Ce champ n\u2019est utilis\u00e9 qu\u2019\u00e0 des fins de validation et devrait rester inchang\u00e9.<\/div><\/li><li id=\"field_3_1\" class=\"gfield gfield--type-email gfield_contains_required field_sublabel_below gfield--no-description field_description_below field_validation_below gfield_visibility_visible\"  ><label class='gfield_label gform-field-label' for='input_3_1'>Email<span class=\"gfield_required\"><span class=\"gfield_required gfield_required_asterisk\">*<\/span><\/span><\/label><div class='ginput_container ginput_container_email'>\n                            <input name='input_1' id='input_3_1' type='email' value='' class='large'    aria-required=\"true\" aria-invalid=\"false\"  \/>\n                        <\/div><\/li><li id=\"field_3_2\" class=\"gfield gfield--type-name gfield_contains_required field_sublabel_below gfield--no-description field_description_below field_validation_below gfield_visibility_visible\"  ><label class='gfield_label gform-field-label gfield_label_before_complex' >Name<span class=\"gfield_required\"><span class=\"gfield_required gfield_required_asterisk\">*<\/span><\/span><\/label><div class='ginput_complex ginput_container ginput_container--name no_prefix has_first_name no_middle_name has_last_name no_suffix gf_name_has_2 ginput_container_name gform-grid-row' id='input_3_2'>\n                            \n                            <span id='input_3_2_3_container' class='name_first gform-grid-col gform-grid-col--size-auto' >\n                                                    <input type='text' name='input_2.3' id='input_3_2_3' value=''   aria-required='true'     \/>\n                                                    <label for='input_3_2_3' class='gform-field-label gform-field-label--type-sub '>Pr\u00e9nom<\/label>\n                                                <\/span>\n                            \n                            <span id='input_3_2_6_container' class='name_last gform-grid-col gform-grid-col--size-auto' >\n                                                    <input type='text' name='input_2.6' id='input_3_2_6' value=''   aria-required='true'     \/>\n                                                    <label for='input_3_2_6' class='gform-field-label gform-field-label--type-sub '>Nom<\/label>\n                                                <\/span>\n                            \n                        <\/div><\/li><li id=\"field_3_3\" class=\"gfield gfield--type-text gfield_contains_required field_sublabel_below gfield--no-description field_description_below field_validation_below gfield_visibility_visible\"  ><label class='gfield_label gform-field-label' for='input_3_3'>Company\/Organization Name<span class=\"gfield_required\"><span class=\"gfield_required gfield_required_asterisk\">*<\/span><\/span><\/label><div class='ginput_container ginput_container_text'><input name='input_3' id='input_3_3' type='text' value='' class='large'     aria-required=\"true\" aria-invalid=\"false\"   \/><\/div><\/li><li id=\"field_3_4\" class=\"gfield gfield--type-text gfield_contains_required field_sublabel_below gfield--no-description field_description_below field_validation_below gfield_visibility_visible\"  ><label class='gfield_label gform-field-label' for='input_3_4'>HQ Location<span class=\"gfield_required\"><span class=\"gfield_required gfield_required_asterisk\">*<\/span><\/span><\/label><div class='ginput_container ginput_container_text'><input name='input_4' id='input_3_4' type='text' value='' class='large'     aria-required=\"true\" aria-invalid=\"false\"   \/><\/div><\/li><li id=\"field_3_5\" class=\"gfield gfield--type-select gfield_contains_required field_sublabel_below gfield--no-description field_description_below field_validation_below gfield_visibility_visible\"  ><label class='gfield_label gform-field-label' for='input_3_5'>Industry Focus<span class=\"gfield_required\"><span class=\"gfield_required gfield_required_asterisk\">*<\/span><\/span><\/label><div class='ginput_container ginput_container_select'><select name='input_5' id='input_3_5' class='large gfield_select'    aria-required=\"true\" aria-invalid=\"false\" ><option value='Service' >Service<\/option><option value='Technology' >Technology<\/option><option value='Research &amp; Development' >Research &amp; Development<\/option><option value='Non-Profit' >Non-Profit<\/option><option value='Other' >Other<\/option><\/select><\/div><\/li><li id=\"field_3_6\" class=\"gfield gfield--type-text field_sublabel_below gfield--no-description field_description_below field_validation_below gfield_visibility_visible\"  ><label class='gfield_label gform-field-label' for='input_3_6'>If &quot;Other&quot;, please specify:<\/label><div class='ginput_container ginput_container_text'><input name='input_6' id='input_3_6' type='text' value='' class='large'      aria-invalid=\"false\"   \/><\/div><\/li><li id=\"field_3_7\" class=\"gfield gfield--type-select field_sublabel_below gfield--no-description field_description_below field_validation_below gfield_visibility_visible\"  ><label class='gfield_label gform-field-label' for='input_3_7'>Membership Type<\/label><div class='ginput_container ginput_container_select'><select name='input_7' id='input_3_7' class='large gfield_select'     aria-invalid=\"false\" ><option value='Unsure' >Unsure<\/option><option value='Industry (Investing $50k - $15M)' >Industry (Investing $50k - $15M)<\/option><option value='Associate ($0 or in-kind)' >Associate ($0 or in-kind)<\/option><\/select><\/div><\/li><li id=\"field_3_11\" class=\"gfield gfield--type-captcha field_sublabel_below gfield--no-description field_description_below field_validation_below gfield_visibility_visible\"  ><label class='gfield_label gform-field-label' for='input_3_11'>CAPTCHA<\/label><div id='input_3_11' class='ginput_container ginput_recaptcha' data-sitekey=''  data-theme='light' data-tabindex='0'  data-badge=''><\/div><\/li><li id=\"field_3_10\" class=\"gfield gfield--type-select field_sublabel_below gfield--no-description field_description_below field_validation_below gfield_visibility_visible\"  ><label class='gfield_label gform-field-label' for='input_3_10'>Do you have a project idea?<\/label><div class='ginput_container ginput_container_select'><select name='input_10' id='input_3_10' class='medium gfield_select'     aria-invalid=\"false\" ><option value='No' >No<\/option><option value='Yes' >Yes<\/option><\/select><\/div><\/li><li id=\"field_3_12\" class=\"gfield gfield--type-consent gfield--type-choice gfield--width-full gfield_contains_required field_sublabel_below gfield--no-description field_description_below field_validation_below gfield_visibility_visible\"  ><label class='gfield_label gform-field-label gfield_label_before_complex' >I Agree<span class=\"gfield_required\"><span class=\"gfield_required gfield_required_asterisk\">*<\/span><\/span><\/label><div class='ginput_container ginput_container_consent'><input name='input_12.1' id='input_3_12_1' type='checkbox' value='1'   aria-required=\"true\" aria-invalid=\"false\"   \/> <label class=\"gform-field-label gform-field-label--type-inline gfield_consent_label\" for='input_3_12_1' >I agree to the use of our company's name, logo, description and member contact on the Supercluster website and other public materials. Member contact includes Name \/ Job Title and Email Address and will be used on the member Directory for the supercluster community..<\/label><input type='hidden' name='input_12.2' value='I agree to the use of our company&#039;s name, logo, description and member contact on the Supercluster website and other public materials. Member contact includes Name \/ Job Title and Email Address and will be used on the member Directory for the supercluster community..' class='gform_hidden' \/><input type='hidden' name='input_12.3' value='1' class='gform_hidden' \/><\/div><\/li><li id=\"field_3_13\" class=\"gfield gfield--type-consent gfield--type-choice gfield--width-full gfield_contains_required field_sublabel_below gfield--no-description field_description_below field_validation_below gfield_visibility_visible\"  ><label class='gfield_label gform-field-label gfield_label_before_complex' >Consent<span class=\"gfield_required\"><span class=\"gfield_required gfield_required_asterisk\">*<\/span><\/span><\/label><div class='ginput_container ginput_container_consent'><input name='input_13.1' id='input_3_13_1' type='checkbox' value='1'   aria-required=\"true\" aria-invalid=\"false\"   \/> <label class=\"gform-field-label gform-field-label--type-inline gfield_consent_label\" for='input_3_13_1' >I consent to recieve emails from Supercluster about Supercluster activities and projects and from Supercluster members about their activites and projects.<\/label><input type='hidden' name='input_13.2' value='I consent to recieve emails from Supercluster about Supercluster activities and projects and from Supercluster members about their activites and projects.' class='gform_hidden' \/><input type='hidden' name='input_13.3' value='1' class='gform_hidden' \/><\/div><\/li><\/ul><\/div>\n        <div class='gform-footer gform_footer top_label'> <input type='submit' id='gform_submit_button_3' class='gform_button button' onclick='gform.submission.handleButtonClick(this);' data-submission-type='submit' value='Submit'  \/> \n            <input type='hidden' class='gform_hidden' name='gform_submission_method' data-js='gform_submission_method_3' value='postback' \/>\n            <input type='hidden' class='gform_hidden' name='gform_theme' data-js='gform_theme_3' id='gform_theme_3' value='legacy' \/>\n            <input type='hidden' class='gform_hidden' name='gform_style_settings' data-js='gform_style_settings_3' id='gform_style_settings_3' value='[]' \/>\n            <input type='hidden' class='gform_hidden' name='is_submit_3' value='1' \/>\n            <input type='hidden' class='gform_hidden' name='gform_submit' value='3' \/>\n            \n            <input type='hidden' class='gform_hidden' name='gform_unique_id' value='' \/>\n            <input type='hidden' class='gform_hidden' name='state_3' value='WyJ7XCIxMi4xXCI6XCI1ZWZkYTczM2JiOTg5OGEzYzUxZTI5ZjQwYzI1MjA0N1wiLFwiMTIuMlwiOlwiMDlmYTMwZTI3NDZlOTU4ZTk5YTBjZDZjMjNlYTM5YmZcIixcIjEyLjNcIjpcIjVlZmRhNzMzYmI5ODk4YTNjNTFlMjlmNDBjMjUyMDQ3XCIsXCIxMy4xXCI6XCI1ZWZkYTczM2JiOTg5OGEzYzUxZTI5ZjQwYzI1MjA0N1wiLFwiMTMuMlwiOlwiMTFhNTllZWRiYjkyYWM5MjdlMjlkNDdiZjgwYzY4MjFcIixcIjEzLjNcIjpcIjVlZmRhNzMzYmI5ODk4YTNjNTFlMjlmNDBjMjUyMDQ3XCJ9IiwiYTAzOTY2ZDRkMWE5NDhlZDZmMDNiY2EzOTU0YjcwYzciXQ==' \/>\n            <input type='hidden' autocomplete='off' class='gform_hidden' name='gform_target_page_number_3' id='gform_target_page_number_3' value='0' \/>\n            <input type='hidden' autocomplete='off' class='gform_hidden' name='gform_source_page_number_3' id='gform_source_page_number_3' value='1' \/>\n            <input type='hidden' name='gform_field_values' value='' \/>\n            \n        <\/div>\n                        <\/form>\n                        <\/div><script type=\"text\/javascript\">\n\/* <![CDATA[ *\/\n gform.initializeOnLoaded( function() {gformInitSpinner( 3, 'https:\/\/oceansupercluster.ca\/wp-content\/plugins\/gravityforms\/images\/spinner.svg', true );jQuery('#gform_ajax_frame_3').on('load',function(){var contents = jQuery(this).contents().find('*').html();var is_postback = contents.indexOf('GF_AJAX_POSTBACK') >= 0;if(!is_postback){return;}var form_content = jQuery(this).contents().find('#gform_wrapper_3');var is_confirmation = jQuery(this).contents().find('#gform_confirmation_wrapper_3').length > 0;var is_redirect = contents.indexOf('gformRedirect(){') >= 0;var is_form = form_content.length > 0 && ! is_redirect && ! is_confirmation;var mt = parseInt(jQuery('html').css('margin-top'), 10) + parseInt(jQuery('body').css('margin-top'), 10) + 100;if(is_form){form_content.find('form').css('opacity', 0);jQuery('#gform_wrapper_3').html(form_content.html());if(form_content.hasClass('gform_validation_error')){jQuery('#gform_wrapper_3').addClass('gform_validation_error');} else {jQuery('#gform_wrapper_3').removeClass('gform_validation_error');}setTimeout( function() { \/* delay the scroll by 50 milliseconds to fix a bug in chrome *\/  }, 50 );if(window['gformInitDatepicker']) {gformInitDatepicker();}if(window['gformInitPriceFields']) {gformInitPriceFields();}var current_page = jQuery('#gform_source_page_number_3').val();gformInitSpinner( 3, 'https:\/\/oceansupercluster.ca\/wp-content\/plugins\/gravityforms\/images\/spinner.svg', true );jQuery(document).trigger('gform_page_loaded', [3, current_page]);window['gf_submitting_3'] = false;}else if(!is_redirect){var confirmation_content = jQuery(this).contents().find('.GF_AJAX_POSTBACK').html();if(!confirmation_content){confirmation_content = contents;}jQuery('#gform_wrapper_3').replaceWith(confirmation_content);jQuery(document).trigger('gform_confirmation_loaded', [3]);window['gf_submitting_3'] = false;wp.a11y.speak(jQuery('#gform_confirmation_message_3').text());}else{jQuery('#gform_3').append(contents);if(window['gformRedirect']) {gformRedirect();}}jQuery(document).trigger(\"gform_pre_post_render\", [{ formId: \"3\", currentPage: \"current_page\", abort: function() { this.preventDefault(); } }]);        if (event && event.defaultPrevented) {                return;        }        const gformWrapperDiv = document.getElementById( \"gform_wrapper_3\" );        if ( gformWrapperDiv ) {            const visibilitySpan = document.createElement( \"span\" );            visibilitySpan.id = \"gform_visibility_test_3\";            gformWrapperDiv.insertAdjacentElement( \"afterend\", visibilitySpan );        }        const visibilityTestDiv = document.getElementById( \"gform_visibility_test_3\" );        let postRenderFired = false;        function triggerPostRender() {            if ( postRenderFired ) {                return;            }            postRenderFired = true;            gform.core.triggerPostRenderEvents( 3, current_page );            if ( visibilityTestDiv ) {                visibilityTestDiv.parentNode.removeChild( visibilityTestDiv );            }        }        function debounce( func, wait, immediate ) {            var timeout;            return function() {                var context = this, args = arguments;                var later = function() {                    timeout = null;                    if ( !immediate ) func.apply( context, args );                };                var callNow = immediate && !timeout;                clearTimeout( timeout );                timeout = setTimeout( later, wait );                if ( callNow ) func.apply( context, args );            };        }        const debouncedTriggerPostRender = debounce( function() {            triggerPostRender();        }, 200 );        if ( visibilityTestDiv && visibilityTestDiv.offsetParent === null ) {            const observer = new MutationObserver( ( mutations ) => {                mutations.forEach( ( mutation ) => {                    if ( mutation.type === 'attributes' && visibilityTestDiv.offsetParent !== null ) {                        debouncedTriggerPostRender();                        observer.disconnect();                    }                });            });            observer.observe( document.body, {                attributes: true,                childList: false,                subtree: true,                attributeFilter: [ 'style', 'class' ],            });        } else {            triggerPostRender();        }    } );} ); \n\/* ]]> *\/\n<\/script>\n[\/vc_column][\/vc_row]<\/p><\/div><\/div>","protected":false},"excerpt":{"rendered":"<p>[vc_row][vc_column width=\u00a0\u00bb2\/3&Prime;][vc_column_text] Organismes sans but lucratif, le milieu universitaire, le gouvernement et les organisations constitu\u00e9es \u00e0 l\u2019ext\u00e9rieur du Canada AVANTAGES La puissance du r\u00e9seau : Acc\u00e8s \u00e0 pr\u00e8s de 600\u00a0membres [&hellip;]<\/p>\n","protected":false},"author":6,"featured_media":0,"parent":0,"menu_order":0,"comment_status":"closed","ping_status":"closed","template":"","meta":{"_acf_changed":false,"footnotes":""},"class_list":["post-14035","page","type-page","status-publish","hentry"],"acf":[],"_links":{"self":[{"href":"https:\/\/oceansupercluster.ca\/fr\/wp-json\/wp\/v2\/pages\/14035","targetHints":{"allow":["GET"]}}],"collection":[{"href":"https:\/\/oceansupercluster.ca\/fr\/wp-json\/wp\/v2\/pages"}],"about":[{"href":"https:\/\/oceansupercluster.ca\/fr\/wp-json\/wp\/v2\/types\/page"}],"author":[{"embeddable":true,"href":"https:\/\/oceansupercluster.ca\/fr\/wp-json\/wp\/v2\/users\/6"}],"replies":[{"embeddable":true,"href":"https:\/\/oceansupercluster.ca\/fr\/wp-json\/wp\/v2\/comments?post=14035"}],"version-history":[{"count":0,"href":"https:\/\/oceansupercluster.ca\/fr\/wp-json\/wp\/v2\/pages\/14035\/revisions"}],"wp:attachment":[{"href":"https:\/\/oceansupercluster.ca\/fr\/wp-json\/wp\/v2\/media?parent=14035"}],"curies":[{"name":"wp","href":"https:\/\/api.w.org\/{rel}","templated":true}]}}