{"id":14878,"date":"2024-03-08T12:36:28","date_gmt":"2024-03-08T12:36:28","guid":{"rendered":"https:\/\/oceansupercluster.ca\/onthejob\/"},"modified":"2024-11-06T12:36:59","modified_gmt":"2024-11-06T12:36:59","slug":"onthejob","status":"publish","type":"page","link":"https:\/\/oceansupercluster.ca\/fr\/our-impact\/onthejob\/","title":{"rendered":"On The Job"},"content":{"rendered":"<div class=\"wpb-content-wrapper\"><div class=\"g-container\"><p>[vc_row css=\u00a0\u00bb.vc_custom_1711483070410{padding-top: 50px !important;padding-bottom: 50px !important;}\u00a0\u00bb][vc_column width=\u00a0\u00bb1\/4&Prime;][vc_column_text]<\/div><div class=\"g-container\"><\/p>\r\n<h2 class=\"wp-block-heading\">\u00c0 la d\u00e9couverte des carri\u00e8res oc\u00e9aniques au Canada\u00a0! #OntheJob avec Shawn Kanungo<\/h2>\r\n<p>Pr\u00e9parez-vous \u00e0 vous joindre \u00e0 nous dans une aventure \u00e9pique alors que nous faisons \u00e9quipe avec Shawn Kanungo et certaines de nos incroyables entreprises membres pour vous pr\u00e9senter une nouvelle s\u00e9rie de vid\u00e9os passionnantes qui offre un aper\u00e7u des nombreux types d\u2019emplois dans l\u2019\u00e9conomie oc\u00e9anique durable du Canada.<\/p>\r\n<p>[\/vc_column_text][\/vc_column][vc_column width=\u00a0\u00bb3\/4&Prime;][vc_video link=\u00a0\u00bbhttps:\/\/youtu.be\/Crkcwn26PSA\u00a0\u00bb el_width=\u00a0\u00bb90&Prime; align=\u00a0\u00bbcenter\u00a0\u00bb css=\u00a0\u00bb\u00a0\u00bb][\/vc_column][\/vc_row][vc_section full_width=\u00a0\u00bbstretch_row\u00a0\u00bb css=\u00a0\u00bb.vc_custom_1711483156223{padding-top: 100px !important;padding-bottom: 100px !important;background-color: #f2f2f2 !important;}\u00a0\u00bb][vc_row][vc_column width=\u00a0\u00bb1\/3&Prime;][vc_column_text]<\/p>\r\n<p style=\"text-align: center;\"><strong>Qu\u2019est-ce qui fait le buzz ? \ud83d\ude80<\/strong><\/p>\r\n<p style=\"text-align: center;\">Nous sommes \u00e0 l\u2019avant-garde d\u2019une vague d\u2019opportunit\u00e9s dans les technologies oc\u00e9aniques durables, la recherche r\u00e9volutionnaire et les innovations percutantes, stimulant la croissance dans l\u2019\u00e9conomie, l\u2019environnement et la soci\u00e9t\u00e9.<\/p>\r\n<p>&nbsp;<\/p>\r\n<p>[\/vc_column_text][\/vc_column][vc_column width=\u00a0\u00bb1\/3&Prime;][vc_column_text]<\/p>\r\n<p style=\"text-align: center;\"><strong>Rejoignez la vague de l\u2019\u00e9lan<\/strong> \ud83c\udf1f<\/p>\r\n<p style=\"text-align: center;\">Le Canada est une nation oc\u00e9anique, avec une longue histoire d\u2019activit\u00e9 maritime et un avenir oc\u00e9anique encore plus excitant devant lui. Gr\u00e2ce \u00e0 Ambition 2035, le Canada a un potentiel de croissance multipli\u00e9 par 5 dans le domaine des oc\u00e9ans d\u2019ici 2035. Vous voulez en savoir plus sur le secteur oc\u00e9anique du Canada, son potentiel de croissance et savoir comment vous impliquer\u00a0? Visiter oceansupercluster.ca<\/p>\r\n<p>&nbsp;<\/p>\r\n<p>[\/vc_column_text][\/vc_column][vc_column width=\u00a0\u00bb1\/3&Prime;][vc_column_text]<\/p>\r\n<p style=\"text-align: center;\"><strong>L\u2019appel de l\u2019oc\u00e9an<\/strong> \ud83d\udc99<\/p>\r\n<p style=\"text-align: center;\">Pr\u00eat \u00e0 vous lancer ? Regardez notre s\u00e9rie #OntheJob, laissez-vous inspirer et voyez comment vous pouvez faire partie du potentiel oc\u00e9anique du Canada. L\u2019oc\u00e9an vous appelle et c\u2019est une aventure \u00e0 ne pas manquer.<\/p>\r\n<p>&nbsp;<\/p>\r\n<p>[\/vc_column_text][\/vc_column][\/vc_row][vc_row][vc_column width=\u00a0\u00bb1\/3&Prime;][vc_single_image image=\u00a0\u00bb14399&Prime; img_size=\u00a0\u00bbmedium\u00a0\u00bb alignment=\u00a0\u00bbcenter\u00a0\u00bb][\/vc_column][vc_column width=\u00a0\u00bb1\/3&Prime;][vc_single_image image=\u00a0\u00bb14483&Prime; img_size=\u00a0\u00bbmedium\u00a0\u00bb alignment=\u00a0\u00bbcenter\u00a0\u00bb][\/vc_column][vc_column width=\u00a0\u00bb1\/3&Prime;][vc_single_image image=\u00a0\u00bb14489&Prime; img_size=\u00a0\u00bbmedium\u00a0\u00bb alignment=\u00a0\u00bbcenter\u00a0\u00bb][\/vc_column][\/vc_row][\/vc_section][vc_section css=\u00a0\u00bb.vc_custom_1719932480305{padding-top: 100px !important;}\u00a0\u00bb][vc_row][vc_column width=\u00a0\u00bb2\/3&Prime;][vc_column_text css=\u00a0\u00bb.vc_custom_1719932577288{padding-right: 50px !important;}\u00a0\u00bb]<\/p>\r\n<h2>Virtual Marine<\/h2>\r\n<p>Joueur un, pr\u00e9parez-vous! \ud83c\udfae\ud83c\udf0a Pensez-vous que vos comp\u00e9tences en jeux vid\u00e9o ne servent qu&rsquo;\u00e0 un de vos passe\u2011temps? Pas certain!<\/p>\r\n<p>Shawn Kanungo et Courtney sont \u00e0\u00a0<a class=\"x1i10hfl xjbqb8w x1ejq31n xd10rxx x1sy0etr x17r0tee x972fbf xcfux6l x1qhh985 xm0m39n x9f619 x1ypdohk xt0psk2 xe8uvvx xdj266r x11i5rnm xat24cr x1mh8g0r xexx8yu x4uap5 x18d9i69 xkhd6sd x16tdsg8 x1hl2dhg xggy1nq x1a2a7pz _aa9_ _a6hd\" tabindex=\"0\" role=\"link\" href=\"https:\/\/www.instagram.com\/explore\/tags\/onthejob\/\">#OnTheJob<\/a>\u00a0pour tester leurs comp\u00e9tences chez Virtual Marine! Joignez-vous \u00e0 nous \u00e0 St. John&rsquo;s \u00e0 Terre-Neuve-et-Labrador pour d\u00e9couvrir la fa\u00e7on dont l\u2019exp\u00e9rience de jeu peut ouvrir des possibilit\u00e9s pour l\u2019oc\u00e9an dans le monde r\u00e9el! \ud83d\udd13<\/p>\r\n<p>[\/vc_column_text][\/vc_column][vc_column width=\u00a0\u00bb1\/3&Prime;][vc_video link=\u00a0\u00bbhttps:\/\/www.youtube.com\/watch?v=d87IYnHVO4o\u00a0\u00bb css=\u00a0\u00bb\u00a0\u00bb][\/vc_column][\/vc_row][vc_row][vc_column][vc_separator css=\u00a0\u00bb.vc_custom_1719932339730{padding-top: 10px !important;padding-bottom: 50px !important;}\u00a0\u00bb][\/vc_column][\/vc_row][\/vc_section][vc_section css=\u00a0\u00bb.vc_custom_1719932628842{margin-bottom: 100px !important;}\u00a0\u00bb][vc_row][vc_column width=\u00a0\u00bb2\/3&Prime;][vc_column_text css=\u00a0\u00bb.vc_custom_1719932568268{padding-right: 50px !important;}\u00a0\u00bb]<\/p>\r\n<h2>Katal<\/h2>\r\n<p>Qu\u2019ont en commun une Tesla et le Polar Prince, le navire le plus c\u00e9l\u00e8bre (et potentiellement hant\u00e9) au Canada?\ud83e\udd14\u267b\ufe0f<\/p>\r\n<p>Shawn Kanungo est \u00e0 #OnTheJob avec Katal pour voir la fa\u00e7on dont la technologie oc\u00e9anique de pointe r\u00e9volutionne l\u2019utilisation de machines l\u00e9gendaires pour cr\u00e9er un avenir plus vert.<\/p>\r\n<p>\u00c0 partir de la biologie marine jusqu\u2019\u00e0 l\u2019avenir du transport maritime, un monde du travail stimulant vous attend! \ud83c\udf0a Joignez-vous \u00e0 Shawn dans le deuxi\u00e8me \u00e9pisode de #OnTheJob pour en savoir plus sur la fa\u00e7on de transformer vos passions en une carri\u00e8re passionnante dans le secteur de l\u2019oc\u00e9an!<\/p>\r\n<p>[\/vc_column_text][\/vc_column][vc_column width=\u00a0\u00bb1\/3&Prime;][vc_video link=\u00a0\u00bbhttps:\/\/youtu.be\/X4b3Cuk0lcQ?si=N4O_NWrmWEHBS4D1&Prime; css=\u00a0\u00bb\u00a0\u00bb][\/vc_column][\/vc_row][vc_row css=\u00a0\u00bb.vc_custom_1730896566312{padding-top: 25px !important;}\u00a0\u00bb][vc_column][vc_separator css=\u00a0\u00bb.vc_custom_1723550834059{padding-top: 10px !important;}\u00a0\u00bb][\/vc_column][\/vc_row][\/vc_section][vc_section content_placement=\u00a0\u00bbtop\u00a0\u00bb][vc_row][vc_column width=\u00a0\u00bb2\/3&Prime;][vc_column_text css=\u00a0\u00bb.vc_custom_1723550702762{padding-right: 50px !important;}\u00a0\u00bb]<\/p>\r\n<h2>Cascadia Seaweed<\/h2>\r\n<p>Est-ce que frotter des algues sur votre visage vous fera para\u00eetre instantan\u00e9ment plus jeune? \ud83c\udf3f Et non! Shawn Kanungo l&rsquo;a essay\u00e9 pour que vous n&rsquo;ayez pas \u00e0 le faire!<\/p>\r\n<p>\u00c0 partir de plong\u00e9es rat\u00e9es jusqu\u2019\u00e0 des contes sur des algues, Shawn et Matt sont \u00e0 <a class=\"sc-kSEogv cZlGm vk-MessageHashtag\" href=\"https:\/\/www.linkedin.com\/feed\/hashtag\/?keywords=%23OnTheJob\" target=\"_blank\" rel=\"noopener\">#OnTheJob<\/a> pour naviguer dans les eaux de la Colombie-Britannique \u00e0 la recherche de la l\u00e9gendaire fontaine de jouvence. \ud83e\udddc\u200d\u2642\ufe0f\ud83c\udf0a<\/p>\r\n<p>Joignez-vous \u00e0 Shawn Kanungo et Matt de Cascadia Seaweed dans leur aventure hilarante alors qu\u2019ils explorent les merveilles du varech et la possibilit\u00e9 de cr\u00e9er un changement positif gr\u00e2ce \u00e0 une carri\u00e8re dans le secteur de l&rsquo;oc\u00e9an!<\/p>\r\n<p>[\/vc_column_text][\/vc_column][vc_column width=\u00a0\u00bb1\/3&Prime;][vc_video link=\u00a0\u00bbhttps:\/\/youtu.be\/-poWk2a4TK0&Prime; css=\u00a0\u00bb\u00a0\u00bb][\/vc_column][\/vc_row][vc_row css=\u00a0\u00bb.vc_custom_1730896343138{padding-top: 25px !important;padding-bottom: 50px !important;}\u00a0\u00bb][vc_column][vc_separator css=\u00a0\u00bb.vc_custom_1723550834059{padding-top: 10px !important;}\u00a0\u00bb][\/vc_column][\/vc_row][\/vc_section][vc_section][vc_row][vc_column width=\u00a0\u00bb2\/3&Prime;][vc_column_text css=\u00a0\u00bb.vc_custom_1727188820740{padding-right: 50px !important;}\u00a0\u00bb]<\/p>\r\n<h2>Sensor Technology<\/h2>\r\n<p>Qu\u2019ont en commun les sculptures de Beyonc\u00e9 et la technologie oc\u00e9anique de pointe? Dans cet \u00e9pisode de <a class=\"sc-cFtYDb bhPLmr vk-MessageHashtag\" href=\"https:\/\/www.linkedin.com\/feed\/hashtag\/?keywords=%23OnTheJob\" target=\"_blank\" rel=\"noopener\">#OnTheJob<\/a>, nous avons demand\u00e9 \u00e0 Shawn Kanungo d\u2019amener la poterie \u00e0 un tout autre niveau! \ud83c\udfa8\ud83c\udf0a<\/p>\r\n<p>Joignez-vous \u00e0 Shawn et \u00e0 Niru Somayajula, la DG visionnaire de Sensor Technology LTD, pour d\u00e9couvrir la fa\u00e7on dont une entreprise de poterie est devenue une puissance de la technologie oc\u00e9anique.<\/p>\r\n<p>Un monde de travail enrichissant vous attend entre la fabrication de bijoux et l\u2019ing\u00e9nierie! \ud83d\udc8e\ud83d\udd27 Joignez-vous donc \u00e0 Shawn dans le quatri\u00e8me \u00e9pisode de <a class=\"sc-cFtYDb bhPLmr vk-MessageHashtag\" href=\"https:\/\/www.linkedin.com\/feed\/hashtag\/?keywords=%23OnTheJob\" target=\"_blank\" rel=\"noopener\">#OnTheJob<\/a> pour en savoir plus sur la fa\u00e7on de transformer vos passions en une carri\u00e8re passionnante dans le secteur oc\u00e9anique.<\/p>\r\n<p>[\/vc_column_text][\/vc_column][vc_column width=\u00a0\u00bb1\/3&Prime;][vc_video link=\u00a0\u00bbhttps:\/\/www.youtube.com\/watch?v=pehvsFW0icg&amp;embeds_referring_euri=https%3A%2F%2Foceansupercluster.ca%2F&amp;source_ve_path=MjM4NTE\u00a0\u00bb css=\u00a0\u00bb\u00a0\u00bb][\/vc_column][\/vc_row][vc_row css=\u00a0\u00bb.vc_custom_1730896343138{padding-top: 25px !important;padding-bottom: 50px !important;}\u00a0\u00bb][vc_column][vc_separator css=\u00a0\u00bb.vc_custom_1723550834059{padding-top: 10px !important;}\u00a0\u00bb][\/vc_column][\/vc_row][\/vc_section][vc_section][vc_row][vc_column width=\u00a0\u00bb2\/3&Prime;][vc_column_text css=\u00a0\u00bb.vc_custom_1730896070008{padding-right: 50px !important;}\u00a0\u00bb]<\/p>\r\n<h2>Marine Thinking<\/h2>\r\n<p>\ud83d\udea8 \u00c9chou\u00e9 dans le port d&rsquo;Halifax&#8230; mais pas pour longtemps !<\/p>\r\n<p>Dans cette aventure\u00a0<a href=\"https:\/\/www.linkedin.com\/feed\/hashtag\/?keywords=%23OnTheJob\" target=\"_blank\" rel=\"noopener\">#OnTheJob<\/a>, Shawn Kanungo est secouru par un navire autonome : pas d&rsquo;\u00e9quipage, juste une technologie de pointe qui vient \u00e0 la rescousse. \ud83d\udea4\u2728<\/p>\r\n<p>Faites d\u00e9filer pour voir la fa\u00e7on dont les solutions novatrices de Marine Thinking assurent la s\u00e9curit\u00e9 des explorateurs oc\u00e9aniques, m\u00eame lorsqu&rsquo;ils sont \u00e0 des kilom\u00e8tres du rivage. \ud83c\udf0a L&rsquo;industrie oc\u00e9anique \u00e9volue, tout comme les possibilit\u00e9s de carri\u00e8re, gr\u00e2ce au soutien de la haute technologie \u00e0 partir de la terre ferme.<\/p>\r\n<p>[\/vc_column_text][\/vc_column][vc_column width=\u00a0\u00bb1\/3&Prime;][vc_video link=\u00a0\u00bbhttps:\/\/www.youtube.com\/watch?time_continue=3&amp;v=GCBXWvY3q5k&amp;embeds_referring_euri=https%3A%2F%2Foceansupercluster.ca%2F&amp;source_ve_path=MjM4NTE\u00a0\u00bb css=\u00a0\u00bb\u00a0\u00bb][\/vc_column][\/vc_row][\/vc_section][vc_section full_width=\u00a0\u00bbstretch_row\u00a0\u00bb css=\u00a0\u00bb.vc_custom_1719932437867{padding-top: 100px !important;padding-bottom: 100px !important;background-color: #f2f2f2 !important;}\u00a0\u00bb][vc_row][vc_column width=\u00a0\u00bb1\/4&Prime;][vc_column_text css=\u00a0\u00bb\u00a0\u00bb]<\/p>\r\n<h2>Curieux de savoir comment commencer dans les carri\u00e8res oc\u00e9aniques\u00a0?<\/h2>\r\n<p>[\/vc_column_text][\/vc_column][vc_column width=\u00a0\u00bb3\/4&Prime;][vc_column_text]<\/p>\r\n<p><span data-contrast=\"none\">Le Carrefour des carri\u00e8res de SOC est une base de donn\u00e9es consultable de 600+ possibilit\u00e9s oc\u00e9aniques qui comprend des sites d\u2019emploi, des possibilit\u00e9s pour les jeunes, des \u00e9v\u00e9nements de carri\u00e8re, des profils de carri\u00e8re, des \u00e9tudes et des stages par province ou dans des endroits \u00e9loign\u00e9s.<\/span><\/p>\r\n<p><span data-contrast=\"none\">Si vous avez une ressource suppl\u00e9mentaire \u00e0 ajouter, veuille <\/span><a href=\"mailto:contact@oceansupercluster.ca\"><span data-contrast=\"none\">contact@oceansupercluster.ca<\/span><\/a><span data-contrast=\"none\"> pour l\u2019inclure dans notre Carrefour des carri\u00e8res de SOC.<\/span><\/p>\r\n<p>[\/vc_column_text][vc_btn title=\u00a0\u00bbCarrefour des carri\u00e8res\u00a0\u00bb style=\u00a0\u00bbflat\u00a0\u00bb shape=\u00a0\u00bbsquare\u00a0\u00bb color=\u00a0\u00bbprimary\u00a0\u00bb size=\u00a0\u00bblg\u00a0\u00bb align=\u00a0\u00bbleft\u00a0\u00bb link=\u00a0\u00bburl:https%3A%2F%2Foceansupercluster.ca%2Fcareers-in-ocean%2F|\u00a0\u00bb el_class=\u00a0\u00bbvbtn\u00a0\u00bb][\/vc_column][\/vc_row][\/vc_section]<\/p><\/div><\/div>","protected":false},"excerpt":{"rendered":"<p>[vc_row css=\u00a0\u00bb.vc_custom_1711483070410{padding-top: 50px !important;padding-bottom: 50px !important;}\u00a0\u00bb][vc_column width=\u00a0\u00bb1\/4&Prime;][vc_column_text] \u00c0 la d\u00e9couverte des carri\u00e8res oc\u00e9aniques au Canada\u00a0! #OntheJob avec Shawn Kanungo Pr\u00e9parez-vous \u00e0 vous joindre \u00e0 nous dans une aventure \u00e9pique alors [&hellip;]<\/p>\n","protected":false},"author":6,"featured_media":14426,"parent":341,"menu_order":0,"comment_status":"closed","ping_status":"closed","template":"","meta":{"_acf_changed":false,"footnotes":""},"class_list":["post-14878","page","type-page","status-publish","has-post-thumbnail","hentry"],"acf":[],"_links":{"self":[{"href":"https:\/\/oceansupercluster.ca\/fr\/wp-json\/wp\/v2\/pages\/14878","targetHints":{"allow":["GET"]}}],"collection":[{"href":"https:\/\/oceansupercluster.ca\/fr\/wp-json\/wp\/v2\/pages"}],"about":[{"href":"https:\/\/oceansupercluster.ca\/fr\/wp-json\/wp\/v2\/types\/page"}],"author":[{"embeddable":true,"href":"https:\/\/oceansupercluster.ca\/fr\/wp-json\/wp\/v2\/users\/6"}],"replies":[{"embeddable":true,"href":"https:\/\/oceansupercluster.ca\/fr\/wp-json\/wp\/v2\/comments?post=14878"}],"version-history":[{"count":0,"href":"https:\/\/oceansupercluster.ca\/fr\/wp-json\/wp\/v2\/pages\/14878\/revisions"}],"up":[{"embeddable":true,"href":"https:\/\/oceansupercluster.ca\/fr\/wp-json\/wp\/v2\/pages\/341"}],"wp:featuredmedia":[{"embeddable":true,"href":"https:\/\/oceansupercluster.ca\/fr\/wp-json\/wp\/v2\/media\/14426"}],"wp:attachment":[{"href":"https:\/\/oceansupercluster.ca\/fr\/wp-json\/wp\/v2\/media?parent=14878"}],"curies":[{"name":"wp","href":"https:\/\/api.w.org\/{rel}","templated":true}]}}