{"id":15222,"date":"2024-05-16T18:47:05","date_gmt":"2024-05-16T18:47:05","guid":{"rendered":"https:\/\/oceansupercluster.ca\/blue-bioeconomy\/"},"modified":"2025-04-09T11:30:09","modified_gmt":"2025-04-09T11:30:09","slug":"blue-bioeconomy","status":"publish","type":"page","link":"https:\/\/oceansupercluster.ca\/fr\/blue-bioeconomy\/","title":{"rendered":"Bio\u00e9conomie bleue"},"content":{"rendered":"<div class=\"wpb-content-wrapper\"><div class=\"g-container\">[vc_row css=\u00a0\u00bb.vc_custom_1715885901973{padding-top: 25px !important;}\u00a0\u00bb][vc_column width=\u00a0\u00bb1\/4&Prime;][vc_single_image image=\u00a0\u00bb15782&Prime; img_size=\u00a0\u00bbLarge\u00a0\u00bb onclick=\u00a0\u00bbcustom_link\u00a0\u00bb css=\u00a0\u00bb.vc_custom_1718020730086{margin-right: 12px !important;border-right-width: 2px !important;padding-right: 12px !important;}\u00a0\u00bb link=\u00a0\u00bbhttps:\/\/oceansupercluster.ca\/wp-content\/uploads\/Blue-Bioeconomy-Discussion-Paper-2024_Fr-2.pdf\u00a0\u00bb][\/vc_column][vc_column width=\u00a0\u00bb3\/4&Prime;][vc_column_text css=\u00a0\u00bb.vc_custom_1716832168668{padding-top: 0px !important;padding-bottom: 50px !important;}\u00a0\u00bb]<\/p>\n<h3>La bio\u00e9conomie bleue du Canada<\/h3>\n<p>\u00c0 partir de la p\u00eache et de l\u2019aquaculture jusqu\u2019aux biomat\u00e9riaux et les produits biopharmaceutiques, le potentiel de la bio\u00e9conomie bleue du Canada est aussi vaste que notre littoral. Des technologies \u00e9mergentes, telles que la r\u00e9colte et la culture des macroalgues, la culture des microalgues, la biotechnologie marine et la valorisation des co-produits, repr\u00e9sentent des possibilit\u00e9s \u00e9conomiques, soci\u00e9tales et environnementales inexploit\u00e9es.<br \/>\nL\u2019impact \u00e9conomique de la bio\u00e9conomie bleue du Canada s\u2019\u00e9l\u00e8ve actuellement \u00e0 plus de 10 milliards de dollars et on estime que les march\u00e9s mondiaux des algues \u00e0 eux seuls conna\u00eetront une croissance de plus de 10 milliards de dollars d\u2019ici 2030. Dans ce contexte, la bio\u00e9conomie bleue et ses divers sous-secteurs repr\u00e9sentent une occasion de croissance \u00e9conomique extraordinaire, ainsi que des avantages soci\u00e9taux et environnementaux positifs.<\/p>\n<p>Pour profiter de cette occasion, le Canada aura besoin d\u2019une approche strat\u00e9gique en vue de cr\u00e9er des conditions qui stimulent l\u2019innovation et soutiennent la croissance des entreprises commerciales. Cela doit inclure l\u2019\u00e9volution continue des industries de l\u2019aquaculture et des esp\u00e8ces sauvages de poissons ainsi que des fruits de mer. Il faudra \u00e9galement des approches et des investissements uniques dans des sous secteurs \u00e9mergents comme la r\u00e9colte et la culture des macroalgues, la culture des microalgues, la biotechnologie marine et la valorisation des co-produits.<\/p>\n<p>Supergrappe des oc\u00e9ans du Canada a \u00e9tabli un comit\u00e9 directeur national pour guider l\u2019\u00e9laboration d\u2019une strat\u00e9gie de bio\u00e9conomie bleue pour le Canada. Notre premi\u00e8re \u00e9tape a consist\u00e9 \u00e0 \u00e9laborer un document de discussion afin de guider les consultations nationales menant \u00e0 la cr\u00e9ation de la strat\u00e9gie.[\/vc_column_text][vc_btn title=\u00a0\u00bbT\u00e9l\u00e9chargez Votre Copie\u00a0\u00bb style=\u00a0\u00bbflat\u00a0\u00bb shape=\u00a0\u00bbsquare\u00a0\u00bb color=\u00a0\u00bbinfo\u00a0\u00bb css=\u00a0\u00bb\u00a0\u00bb link=\u00a0\u00bburl:https%3A%2F%2Foceansupercluster.ca%2Fwp-content%2Fuploads%2FBlue-Bioeconomy-Discussion-Paper-2024_Fr-2.pdf|target:_blank\u00a0\u00bb el_class=\u00a0\u00bbvbtn\u00a0\u00bb][\/vc_column][\/vc_row][vc_row css=\u00a0\u00bb.vc_custom_1715885901973{padding-top: 25px !important;}\u00a0\u00bb][vc_column width=\u00a0\u00bb1\/4&Prime;][vc_single_image image=\u00a0\u00bb18602&Prime; img_size=\u00a0\u00bbLarge\u00a0\u00bb onclick=\u00a0\u00bbcustom_link\u00a0\u00bb css=\u00a0\u00bb.vc_custom_1744198144147{margin-right: 12px !important;border-right-width: 2px !important;padding-right: 12px !important;}\u00a0\u00bb link=\u00a0\u00bbhttps:\/\/oceansupercluster.ca\/wp-content\/uploads\/Blue-Bioeconomy-Discussion-Paper-2024_Fr-2.pdf\u00a0\u00bb][\/vc_column][vc_column width=\u00a0\u00bb3\/4&Prime;][vc_column_text css=\u00a0\u00bb.vc_custom_1744197752414{padding-top: 0px !important;padding-bottom: 50px !important;}\u00a0\u00bb]<\/p>\n<h3>Rapport sur la strat\u00e9gie de l\u2019\u00e9conomie bleue du Canada<\/h3>\n<p>Supergrappe des oc\u00e9ans du Canada (SOC) et le Comit\u00e9 directeur national de la bio\u00e9conomie bleue ont lanc\u00e9 le Rapport sur la strat\u00e9gie de l\u2019\u00e9conomie bleue du Canada.<\/p>\n<p>Gr\u00e2ce aux connaissances pr\u00e9sent\u00e9es dans ce nouveau rapport par des chefs de file de l\u2019industrie, des chercheurs, des dirigeants autochtones et des repr\u00e9sentants gouvernementaux de partout au Canada, le Comit\u00e9 directeur national publiera une approche strat\u00e9gique pour le Canada en vue de fa\u00e7onner davantage les possibilit\u00e9s de croissance rapide de la bio\u00e9conomie bleue. Il s\u2019agit l\u00e0 d\u2019une approche n\u00e9cessaire pour r\u00e9aliser ces possibilit\u00e9s.[\/vc_column_text][vc_btn title=\u00a0\u00bbT\u00e9l\u00e9chargez Votre Copie\u00a0\u00bb style=\u00a0\u00bbflat\u00a0\u00bb shape=\u00a0\u00bbsquare\u00a0\u00bb color=\u00a0\u00bbinfo\u00a0\u00bb css=\u00a0\u00bb\u00a0\u00bb link=\u00a0\u00bburl:https%3A%2F%2Foceansupercluster.ca%2Fwp-content%2Fuploads%2FBlue-Bioeconomy_Insights-Report-2024_Fr.pdf|target:_blank\u00a0\u00bb el_class=\u00a0\u00bbvbtn\u00a0\u00bb][\/vc_column][\/vc_row]<\/p><\/div>\n<\/div>","protected":false},"excerpt":{"rendered":"<p>[vc_row css=\u00a0\u00bb.vc_custom_1715885901973{padding-top: 25px !important;}\u00a0\u00bb][vc_column width=\u00a0\u00bb1\/4&Prime;][vc_single_image image=\u00a0\u00bb15782&Prime; img_size=\u00a0\u00bbLarge\u00a0\u00bb onclick=\u00a0\u00bbcustom_link\u00a0\u00bb css=\u00a0\u00bb.vc_custom_1718020730086{margin-right: 12px !important;border-right-width: 2px !important;padding-right: 12px !important;}\u00a0\u00bb link=\u00a0\u00bbhttps:\/\/oceansupercluster.ca\/wp-content\/uploads\/Blue-Bioeconomy-Discussion-Paper-2024_Fr-2.pdf\u00a0\u00bb][\/vc_column][vc_column width=\u00a0\u00bb3\/4&Prime;][vc_column_text css=\u00a0\u00bb.vc_custom_1716832168668{padding-top: 0px !important;padding-bottom: 50px !important;}\u00a0\u00bb] La bio\u00e9conomie bleue du Canada \u00c0 partir de [&hellip;]<\/p>\n","protected":false},"author":9,"featured_media":15206,"parent":0,"menu_order":0,"comment_status":"closed","ping_status":"closed","template":"","meta":{"_acf_changed":false,"footnotes":""},"class_list":["post-15222","page","type-page","status-publish","has-post-thumbnail","hentry"],"acf":[],"_links":{"self":[{"href":"https:\/\/oceansupercluster.ca\/fr\/wp-json\/wp\/v2\/pages\/15222","targetHints":{"allow":["GET"]}}],"collection":[{"href":"https:\/\/oceansupercluster.ca\/fr\/wp-json\/wp\/v2\/pages"}],"about":[{"href":"https:\/\/oceansupercluster.ca\/fr\/wp-json\/wp\/v2\/types\/page"}],"author":[{"embeddable":true,"href":"https:\/\/oceansupercluster.ca\/fr\/wp-json\/wp\/v2\/users\/9"}],"replies":[{"embeddable":true,"href":"https:\/\/oceansupercluster.ca\/fr\/wp-json\/wp\/v2\/comments?post=15222"}],"version-history":[{"count":0,"href":"https:\/\/oceansupercluster.ca\/fr\/wp-json\/wp\/v2\/pages\/15222\/revisions"}],"wp:featuredmedia":[{"embeddable":true,"href":"https:\/\/oceansupercluster.ca\/fr\/wp-json\/wp\/v2\/media\/15206"}],"wp:attachment":[{"href":"https:\/\/oceansupercluster.ca\/fr\/wp-json\/wp\/v2\/media?parent=15222"}],"curies":[{"name":"wp","href":"https:\/\/api.w.org\/{rel}","templated":true}]}}