{"id":15322,"date":"2024-05-21T19:38:56","date_gmt":"2024-05-21T19:38:56","guid":{"rendered":"https:\/\/oceansupercluster.ca\/ambition-2035-toolkit-be-an-ambition-2035-champion\/"},"modified":"2024-05-23T11:52:35","modified_gmt":"2024-05-23T11:52:35","slug":"ambition-2035-toolkit-be-an-ambition-2035-champion","status":"publish","type":"page","link":"https:\/\/oceansupercluster.ca\/fr\/ambition-2035-toolkit-be-an-ambition-2035-champion\/","title":{"rendered":"Ambition 2035 : Bo\u00eete \u00e0 outils"},"content":{"rendered":"<div class=\"wpb-content-wrapper\"><div class=\"g-container\">[vc_section][vc_row][vc_column width=\u00a0\u00bb1\/4&Prime;][vc_column_text]<\/p>\n<h2>Fa\u00e7on d\u2019utiliser cette bo\u00eete \u00e0 outils<\/h2>\n<p>[\/vc_column_text][\/vc_column][vc_column width=\u00a0\u00bb3\/4&Prime;][vc_column_text]Depuis le lancement d\u2019Ambition 2035, des membres, des partenaires ainsi que d\u2019autres parties prenantes de la communaut\u00e9 oc\u00e9anique du Canada ont manifest\u00e9 un int\u00e9r\u00eat croissant pour contribuer \u00e0 rehausser la sensibilisation sur la signification d\u2019une croissance de notre \u00e9conomie oc\u00e9anique de 5 fois et au r\u00f4le que nous y jouons tous.<\/p>\n<p>En plus d\u2019assister \u00e0 des \u00e9v\u00e9nements, de participer \u00e0 des tables rondes et de vous joindre \u00e0 des comit\u00e9s pour faire progresser les domaines cl\u00e9s de croissance et nos efforts collectifs sous-jacents, vous avez \u00e9galement demand\u00e9 des ressources num\u00e9riques et imprim\u00e9es en vue de montrer davantage votre soutien envers cette ambition de croissance.<\/p>\n<p>Cette bo\u00eete \u00e0 outils constitue la premi\u00e8re ressource pour commencer la campagne de sensibilisation. Nous vous invitons donc \u00e0 utiliser le logo, les ressources visuelles et le texte \u00e0 votre guise. Veuillez prendre note que vous n\u2019\u00eates pas oblig\u00e9 de tout utiliser ou d\u2019utiliser quoi que ce soit. Servez-vous de ce qui convient le mieux, pour vous et votre organisation.<\/p>\n<p>\u00c9tant donn\u00e9 que ce n\u2019est que le d\u00e9but, nous aimerions savoir si d\u2019autres ressources d\u2019Ambition 2035 pourraient vous \u00eatre utiles. N\u2019h\u00e9sitez donc pas \u00e0 nous envoyer un courriel \u00e0 ambition2035@oceansupercluster.ca.[\/vc_column_text][\/vc_column][\/vc_row][\/vc_section][vc_section full_width=\u00a0\u00bbstretch_row\u00a0\u00bb css=\u00a0\u00bb.vc_custom_1716318225991{padding-top: 50px !important;padding-bottom: 50px !important;background-color: #f2f2f2 !important;}\u00a0\u00bb][vc_row][vc_column width=\u00a0\u00bb1\/4&Prime;][vc_column_text]<\/p>\n<h2>Macaron<\/h2>\n<p>[\/vc_column_text][\/vc_column][vc_column width=\u00a0\u00bb3\/4&Prime;][vc_images_carousel images=\u00a0\u00bb15336,15334,15332,15330&Prime; img_size=\u00a0\u00bbfull\u00a0\u00bb onclick=\u00a0\u00bblink_no\u00a0\u00bb slides_per_view=\u00a0\u00bb4&Prime; hide_pagination_control=\u00a0\u00bbyes\u00a0\u00bb hide_prev_next_buttons=\u00a0\u00bbyes\u00a0\u00bb css=\u00a0\u00bb.vc_custom_1716464397511{padding-bottom: 25px !important;}\u00a0\u00bb][vc_column_text]Ce macaron peut servir \u00e0 divers usages. Pensez \u00e0 l\u2019ajouter \u00e0 votre site Web, de l\u2019afficher fi\u00e8rement au haut ou au bas dans le pied de page. Le choix de son positionnement vous revient. Cela signifie que vous faites partie d\u2019un nombre croissant d\u2019organisations qui soutiennent ensemble l\u2019ambition d\u2019un potentiel de croissance de 220 milliards de dollars, soit une croissance sup\u00e9rieure de 5 fois \u00e0 celle de l\u2019\u00e9conomie oc\u00e9anique du Canada.<\/p>\n<p>La bo\u00eete \u00e0 outils vous offre deux options aux formats PNG et SVG. Votre \u00e9quipe de services num\u00e9riques ou Web devrait \u00eatre en mesure d\u2019ajouter facilement ce graphique \u00e0 l\u2019endroit o\u00f9 il convient le mieux \u00e0 votre organisation. Si vous avez des questions sur la fa\u00e7on d\u2019utiliser cette ressource ou toute autre ressource, n\u2019h\u00e9sitez pas \u00e0 nous en faire part![\/vc_column_text][vc_btn title=\u00a0\u00bbT\u00e9l\u00e9charger\u00a0\u00bb style=\u00a0\u00bbflat\u00a0\u00bb shape=\u00a0\u00bbsquare\u00a0\u00bb color=\u00a0\u00bbinfo\u00a0\u00bb el_class=\u00a0\u00bbvbtn\u00a0\u00bb link=\u00a0\u00bburl:https%3A%2F%2Foceansupercluster.ca%2Fwp-content%2Fuploads%2FAmbition-2035-Macaron.zip\u00a0\u00bb][\/vc_column][\/vc_row][\/vc_section][vc_section css=\u00a0\u00bb.vc_custom_1716318623808{padding-top: 50px !important;padding-bottom: 50px !important;}\u00a0\u00bb][vc_row][vc_column width=\u00a0\u00bb1\/4&Prime;][vc_column_text]<\/p>\n<h2>Images de couverture sociale<\/h2>\n<p>[\/vc_column_text][\/vc_column][vc_column width=\u00a0\u00bb3\/4&Prime;][vc_images_carousel images=\u00a0\u00bb15340,15338&Prime; img_size=\u00a0\u00bblarge\u00a0\u00bb onclick=\u00a0\u00bblink_no\u00a0\u00bb slides_per_view=\u00a0\u00bb2&Prime; hide_pagination_control=\u00a0\u00bbyes\u00a0\u00bb hide_prev_next_buttons=\u00a0\u00bbyes\u00a0\u00bb css=\u00a0\u00bb.vc_custom_1716464567820{padding-bottom: 25px !important;}\u00a0\u00bb][vc_column_text]Pensez \u00e0 mettre \u00e0 jour les pages de couverture de votre profil d\u2019entreprise. Deux options cr\u00e9atives vous sont offertes. Vous pouvez \u00e9galement penser \u00e0 placer le MACARON comme \u00e9l\u00e9ment graphique dans vos images de profil social actuelles.[\/vc_column_text][vc_btn title=\u00a0\u00bbT\u00e9l\u00e9charger\u00a0\u00bb style=\u00a0\u00bbflat\u00a0\u00bb shape=\u00a0\u00bbsquare\u00a0\u00bb color=\u00a0\u00bbinfo\u00a0\u00bb el_class=\u00a0\u00bbvbtn\u00a0\u00bb link=\u00a0\u00bburl:https%3A%2F%2Foceansupercluster.ca%2Fwp-content%2Fuploads%2FAmbition-2035-Images-de-couverture-sociale.zip\u00a0\u00bb][\/vc_column][\/vc_row][\/vc_section][vc_section full_width=\u00a0\u00bbstretch_row\u00a0\u00bb css=\u00a0\u00bb.vc_custom_1716318339816{padding-top: 50px !important;padding-bottom: 50px !important;background-color: #f2f2f2 !important;}\u00a0\u00bb][vc_row][vc_column width=\u00a0\u00bb1\/4&Prime;][vc_column_text]<\/p>\n<h2>Publications sociales<\/h2>\n<p>[\/vc_column_text][\/vc_column][vc_column width=\u00a0\u00bb3\/4&Prime;][vc_row_inner][vc_column_inner][vc_images_carousel images=\u00a0\u00bb15342,15350,15348,15346,15344&Prime; img_size=\u00a0\u00bblarge\u00a0\u00bb onclick=\u00a0\u00bblink_no\u00a0\u00bb slides_per_view=\u00a0\u00bb3&Prime; wrap=\u00a0\u00bbyes\u00a0\u00bb css=\u00a0\u00bb.vc_custom_1716464550959{padding-bottom: 25px !important;}\u00a0\u00bb][vc_column_text]Nous avons r\u00e9dig\u00e9 quelques publications sociales pour commencer \u00e0 parler d\u2019Ambition 2035 (si vous ne l\u2019avez pas d\u00e9j\u00e0 fait). Beaucoup d\u2019informations utiles se trouvent sur notre site Web. Vous pouvez vous en servir aussi. Nous vous invitons \u00e0 identifier d\u2019autres partenaires, influenceurs d\u2019affaires, investisseurs et repr\u00e9sentants gouvernementaux aussi! La longueur du texte convient \u00e0 toutes les plates-formes.[\/vc_column_text][vc_btn title=\u00a0\u00bbT\u00e9l\u00e9charger\u00a0\u00bb style=\u00a0\u00bbflat\u00a0\u00bb shape=\u00a0\u00bbsquare\u00a0\u00bb color=\u00a0\u00bbinfo\u00a0\u00bb el_class=\u00a0\u00bbvbtn\u00a0\u00bb link=\u00a0\u00bburl:https%3A%2F%2Foceansupercluster.ca%2Fwp-content%2Fuploads%2FAmbition-2035-Publications-sociales.zip\u00a0\u00bb][\/vc_column_inner][\/vc_row_inner][\/vc_column][\/vc_row][\/vc_section][vc_row css=\u00a0\u00bb.vc_custom_1716318610976{padding-top: 50px !important;padding-bottom: 50px !important;}\u00a0\u00bb][vc_column width=\u00a0\u00bb1\/4&Prime;][vc_column_text]<\/p>\n<h2>Signature de courriel<\/h2>\n<p>[\/vc_column_text][\/vc_column][vc_column width=\u00a0\u00bb3\/4&Prime;][vc_single_image image=\u00a0\u00bb15352&Prime; img_size=\u00a0\u00bbfull\u00a0\u00bb][vc_column_text]Pensez \u00e0 mettre \u00e0 jour la signature \u00e9lectronique de votre organisation. Vous avez le choix entre deux options : une banni\u00e8re avec graphique ou un design de texte adapt\u00e9.[\/vc_column_text][vc_btn title=\u00a0\u00bbT\u00e9l\u00e9charger\u00a0\u00bb style=\u00a0\u00bbflat\u00a0\u00bb shape=\u00a0\u00bbsquare\u00a0\u00bb color=\u00a0\u00bbinfo\u00a0\u00bb el_class=\u00a0\u00bbvbtn\u00a0\u00bb link=\u00a0\u00bburl:https%3A%2F%2Foceansupercluster.ca%2Fwp-content%2Fuploads%2FAmbition-2035-Signature-de-courriel.zip\u00a0\u00bb][\/vc_column][\/vc_row][vc_section full_width=\u00a0\u00bbstretch_row\u00a0\u00bb css=\u00a0\u00bb.vc_custom_1716318600783{padding-top: 50px !important;padding-bottom: 50px !important;background-color: #f2f2f2 !important;}\u00a0\u00bb][vc_row][vc_column width=\u00a0\u00bb1\/4&Prime;][vc_column_text]<\/p>\n<h2>Cartes postales num\u00e9riques<\/h2>\n<p>[\/vc_column_text][\/vc_column][vc_column width=\u00a0\u00bb3\/4&Prime;][vc_images_carousel images=\u00a0\u00bb15356,15354&Prime; img_size=\u00a0\u00bblarge\u00a0\u00bb onclick=\u00a0\u00bblink_no\u00a0\u00bb slides_per_view=\u00a0\u00bb2&Prime; hide_pagination_control=\u00a0\u00bbyes\u00a0\u00bb hide_prev_next_buttons=\u00a0\u00bbyes\u00a0\u00bb css=\u00a0\u00bb.vc_custom_1716464689934{padding-bottom: 25px !important;}\u00a0\u00bb][vc_column_text]Ces cartes servent \u00e0 expliquer la fa\u00e7on dont nous r\u00e9aliserons ensemble Ambition 2035. Vous pouvez les utiliser \u00e0 votre guise, par exemple en les ajoutant \u00e0 votre bulletin \u00e9lectronique, sur votre intranet ou dans un courriel que vous envoyez \u00e0 une personne qui souhaite en savoir plus.[\/vc_column_text][vc_btn title=\u00a0\u00bbT\u00e9l\u00e9charger\u00a0\u00bb style=\u00a0\u00bbflat\u00a0\u00bb shape=\u00a0\u00bbsquare\u00a0\u00bb color=\u00a0\u00bbinfo\u00a0\u00bb el_class=\u00a0\u00bbvbtn\u00a0\u00bb link=\u00a0\u00bburl:https%3A%2F%2Foceansupercluster.ca%2Fwp-content%2Fuploads%2FAmbition-2035-Cartes-postales-numeriques.zip\u00a0\u00bb][\/vc_column][\/vc_row][\/vc_section]<\/p><\/div>\n<\/div>","protected":false},"excerpt":{"rendered":"<p>[vc_section][vc_row][vc_column width=\u00a0\u00bb1\/4&Prime;][vc_column_text] Fa\u00e7on d\u2019utiliser cette bo\u00eete \u00e0 outils [\/vc_column_text][\/vc_column][vc_column width=\u00a0\u00bb3\/4&Prime;][vc_column_text]Depuis le lancement d\u2019Ambition 2035, des membres, des partenaires ainsi que d\u2019autres parties prenantes de la communaut\u00e9 oc\u00e9anique du Canada ont [&hellip;]<\/p>\n","protected":false},"author":9,"featured_media":0,"parent":0,"menu_order":0,"comment_status":"closed","ping_status":"closed","template":"","meta":{"_acf_changed":false,"footnotes":""},"class_list":["post-15322","page","type-page","status-publish","hentry"],"acf":[],"_links":{"self":[{"href":"https:\/\/oceansupercluster.ca\/fr\/wp-json\/wp\/v2\/pages\/15322","targetHints":{"allow":["GET"]}}],"collection":[{"href":"https:\/\/oceansupercluster.ca\/fr\/wp-json\/wp\/v2\/pages"}],"about":[{"href":"https:\/\/oceansupercluster.ca\/fr\/wp-json\/wp\/v2\/types\/page"}],"author":[{"embeddable":true,"href":"https:\/\/oceansupercluster.ca\/fr\/wp-json\/wp\/v2\/users\/9"}],"replies":[{"embeddable":true,"href":"https:\/\/oceansupercluster.ca\/fr\/wp-json\/wp\/v2\/comments?post=15322"}],"version-history":[{"count":0,"href":"https:\/\/oceansupercluster.ca\/fr\/wp-json\/wp\/v2\/pages\/15322\/revisions"}],"wp:attachment":[{"href":"https:\/\/oceansupercluster.ca\/fr\/wp-json\/wp\/v2\/media?parent=15322"}],"curies":[{"name":"wp","href":"https:\/\/api.w.org\/{rel}","templated":true}]}}