{"id":15408,"date":"2024-05-24T18:43:41","date_gmt":"2024-05-24T18:43:41","guid":{"rendered":"https:\/\/oceansupercluster.ca\/verifying-ocean-climate-impacts-project\/"},"modified":"2024-05-31T19:11:07","modified_gmt":"2024-05-31T19:11:07","slug":"verifying-ocean-climate-impacts-project","status":"publish","type":"page","link":"https:\/\/oceansupercluster.ca\/fr\/verifying-ocean-climate-impacts-project\/","title":{"rendered":"SUPERGRAPPE DES OC\u00c9ANS DU CANADA ANNONCE UN PROJET DE 5\u00a0M$ POUR FAIRE PROGRESSER L&rsquo;\u00c9LEVAGE DU VARECH ET L&rsquo;\u00c9VALUATION DE LA FIXATION DE CARBONE"},"content":{"rendered":"<div class=\"g-container\"><img loading=\"lazy\" decoding=\"async\" class=\"aligncenter wp-image-15405 size-full\" src=\"https:\/\/oceansupercluster.ca\/wp-content\/uploads\/Veritree-Technology_1920x1080_Eng_Fr.jpg\" alt=\"\" width=\"1920\" height=\"1080\" srcset=\"https:\/\/oceansupercluster.ca\/wp-content\/uploads\/Veritree-Technology_1920x1080_Eng_Fr.jpg 1920w, https:\/\/oceansupercluster.ca\/wp-content\/uploads\/Veritree-Technology_1920x1080_Eng_Fr-300x169.jpg 300w, https:\/\/oceansupercluster.ca\/wp-content\/uploads\/Veritree-Technology_1920x1080_Eng_Fr-1024x576.jpg 1024w, https:\/\/oceansupercluster.ca\/wp-content\/uploads\/Veritree-Technology_1920x1080_Eng_Fr-768x432.jpg 768w, https:\/\/oceansupercluster.ca\/wp-content\/uploads\/Veritree-Technology_1920x1080_Eng_Fr-1536x864.jpg 1536w, https:\/\/oceansupercluster.ca\/wp-content\/uploads\/Veritree-Technology_1920x1080_Eng_Fr-1320x743.jpg 1320w\" sizes=\"auto, (max-width: 1920px) 100vw, 1920px\" \/><\/p>\n<p>(Ottawa, ON) Supergrappe des oc\u00e9ans du Canada (SOC) a annonc\u00e9 aujourd\u2019hui le projet V\u00e9rification des impacts climatiques oc\u00e9aniques pour r\u00e9pondre au besoin urgent de l\u2019industrie oc\u00e9anique en mati\u00e8re de durabilit\u00e9, d\u2019\u00e9volutivit\u00e9 et de solutions mesurables pour \u00e9valuer l&rsquo;impact du varech sur la fixation de carbone, la biodiversit\u00e9 et la sant\u00e9 des oc\u00e9ans.<\/p>\n<p>Dirig\u00e9 par Veritree Technology Inc. situ\u00e9 \u00e0 Vancouver en Colombie-Britannique, le projet vise \u00e0 \u00e9laborer des m\u00e9thodologies robustes pour l&rsquo;\u00e9valuation de la fixation de carbone, \u00e0 construire des flotteurs \u00e9co\u00e9nerg\u00e9tiques, \u00e0 \u00e9tablir des micro\u00e9closeries pour la culture de semences, \u00e0 former une main-d&rsquo;\u0153uvre qualifi\u00e9e et \u00e0 mettre en \u0153uvre un syst\u00e8me de notification et de v\u00e9rification du carbone (MRV). De plus, une PON de restauration des oc\u00e9ans, avec un indice oc\u00e9anique int\u00e9gr\u00e9, guidera l&rsquo;\u00e9valuation du projet.<\/p>\n<p>En partenariat avec Coastal Kelp Inc., ce projet repr\u00e9sente une valeur totale de pr\u00e8s de 5\u00a0millions de dollars. Supergrappe des oc\u00e9ans du Canada y contribue pr\u00e8s de 2,1\u00a0millions de dollars et le reste du financement provient des partenaires du projet.<\/p>\n<p>La conception \u00e9volutive garantit que les avantages seront accessibles dans diff\u00e9rentes r\u00e9gions, favorisant ainsi l&rsquo;inclusion. La mise en \u0153uvre de la PON de restauration des oc\u00e9ans et de l\u2019indice des oc\u00e9ans permettra aux communaut\u00e9s de g\u00e9rer des projets de restauration locaux, renfor\u00e7ant ainsi leur sentiment d\u2019appropriation et leur engagement en faveur de la durabilit\u00e9. De plus, le projet vise \u00e0 \u00e9tablir une cha\u00eene de valeur compl\u00e8te pour les impacts v\u00e9rifi\u00e9s de la restauration des oc\u00e9ans, positionnant le Canada comme un chef de file dans ce domaine et fournissant un cadre adaptable \u00e0 une utilisation mondiale.<\/p>\n<p>En offrant une formation de perfectionnement de la main-d\u2019\u0153uvre sur des techniques d\u2019\u00e9levage et de restauration du varech, ce projet cr\u00e9e des possibilit\u00e9s d\u2019emploi durables, en particulier dans les communaut\u00e9s c\u00f4ti\u00e8res et autochtones. Cela vient non seulement soutenir la croissance \u00e9conomique, mais favorise \u00e9galement l\u2019engagement dans l\u2019\u00e9conomie bleue.<\/p>\n<p><strong>Citations<\/strong><\/p>\n<p>\u00ab\u00a0Notre gouvernement est heureux d\u2019appuyer Supergrappe des oc\u00e9ans du Canada alors qu\u2019elle fait progresser des initiatives qui favorisent la durabilit\u00e9 tout en renfor\u00e7ant la comp\u00e9titivit\u00e9 de l\u2019industrie et la croissance \u00e9conomique, a d\u00e9clar\u00e9 l\u2019honorable Fran\u00e7ois\u2011Philippe Champagne, ministre de l\u2019Innovation, des Sciences et de l\u2019Industrie. \u00ab\u00a0Le projet V\u00e9rification des impacts climatiques oc\u00e9aniques, soit l\u2019un des trois projets annonc\u00e9s aujourd\u2019hui, soutiendra les possibilit\u00e9s \u00e9conomiques pour les collectivit\u00e9s c\u00f4ti\u00e8res et autochtones et positionnera le Canada en tant que chef de file en mati\u00e8re de pratiques durables de restauration des oc\u00e9ans.\u00a0\u00bb<\/p>\n<p>\u00ab\u00a0Supergrappe des oc\u00e9ans du Canada est fi\u00e8re de co-investir dans le projet V\u00e9rification des impacts climatiques oc\u00e9aniques, reconnaissant ainsi la n\u00e9cessit\u00e9 de solutions durables, \u00e9volutives et mesurables pour \u00e9valuer l\u2019impact du varech sur la fixation de carbone, la biodiversit\u00e9 et la sant\u00e9 des oc\u00e9ans\u00a0\u00bb, a d\u00e9clar\u00e9 Kendra MacDonald, directrice g\u00e9n\u00e9rale de Supergrappe des oc\u00e9ans du Canada. \u00ab\u00a0Ce projet contribuera \u00e0 autonomiser les communaut\u00e9s ax\u00e9es sur les activit\u00e9s de restauration, la cr\u00e9ation d\u2019emplois et de nouvelles croissances, ainsi que la construction d\u2019un avenir oc\u00e9anique plus durable. \u00bb<\/p>\n<p><strong>\u00c0 propos de Supergrappe des oc\u00e9ans du Canada<\/strong><br \/>\nSupergrappe des oc\u00e9ans du Canada acc\u00e9l\u00e8re le d\u00e9veloppement et la commercialisation de solutions oc\u00e9aniques cr\u00e9\u00e9es au Canada dans les domaines de la transition \u00e9nerg\u00e9tique, la s\u00e9curit\u00e9 alimentaire, l\u2019avenir des transports et les changements climatiques tout en faisant cro\u00eetre davantage d\u2019entreprises, en cr\u00e9ant plus d\u2019emplois et en attirant des talents oc\u00e9aniques. En tant que grappe oc\u00e9anique nationale du Canada, SOC est un coordonnateur de membres, de partenaires et de r\u00e9seaux. Elle agit de catalyseur pour favoriser une croissance transformatrice qui contribue \u00e0 b\u00e2tir l\u2019\u00e9cosyst\u00e8me robuste n\u00e9cessaire pour r\u00e9aliser\u00a0<a href=\"https:\/\/oceansupercluster.ca\/wp-content\/uploads\/2022\/12\/EN_OSC-Ambition-2035.pdf\">Ambition 2035<\/a>, soit un potentiel de croissance de 5\u00a0fois dans l\u2019oc\u00e9an d\u2019ici 2035. \u00c0 ce jour, Supergrappe des oc\u00e9ans du Canada a approuv\u00e9 pr\u00e8s de 100\u00a0projets qui permettront de produire plus de 220\u00a0nouveaux produits, proc\u00e9d\u00e9s et services oc\u00e9aniques cr\u00e9\u00e9s au Canada en vue d\u2019une commercialisation \u00e0 l\u2019\u00e9chelle mondiale. Pour obtenir plus d\u2019informations, veuillez consulter le site \u00e0 <a href=\"https:\/\/www.oceansupercluster.ca\/\">oceansupercluster.ca<\/a><\/p>\n<p><strong>Personnes-ressources pour les m\u00e9dias\u00a0:<\/strong><br \/>\nNancy Andrews<br \/>\nSupergrappe des oc\u00e9ans du Canada<br \/>\n<a href=\"mailto:nancy.andrews@oceansupercluster.ca\">nancy.andrews@oceansupercluster.ca<\/a><\/div>\n","protected":false},"excerpt":{"rendered":"<p>(Ottawa, ON) Supergrappe des oc\u00e9ans du Canada (SOC) a annonc\u00e9 aujourd\u2019hui le projet V\u00e9rification des impacts climatiques oc\u00e9aniques pour r\u00e9pondre au besoin urgent de l\u2019industrie oc\u00e9anique en mati\u00e8re de durabilit\u00e9, [&hellip;]<\/p>\n","protected":false},"author":9,"featured_media":0,"parent":0,"menu_order":0,"comment_status":"closed","ping_status":"closed","template":"","meta":{"_acf_changed":false,"footnotes":""},"class_list":["post-15408","page","type-page","status-publish","hentry"],"acf":[],"_links":{"self":[{"href":"https:\/\/oceansupercluster.ca\/fr\/wp-json\/wp\/v2\/pages\/15408","targetHints":{"allow":["GET"]}}],"collection":[{"href":"https:\/\/oceansupercluster.ca\/fr\/wp-json\/wp\/v2\/pages"}],"about":[{"href":"https:\/\/oceansupercluster.ca\/fr\/wp-json\/wp\/v2\/types\/page"}],"author":[{"embeddable":true,"href":"https:\/\/oceansupercluster.ca\/fr\/wp-json\/wp\/v2\/users\/9"}],"replies":[{"embeddable":true,"href":"https:\/\/oceansupercluster.ca\/fr\/wp-json\/wp\/v2\/comments?post=15408"}],"version-history":[{"count":0,"href":"https:\/\/oceansupercluster.ca\/fr\/wp-json\/wp\/v2\/pages\/15408\/revisions"}],"wp:attachment":[{"href":"https:\/\/oceansupercluster.ca\/fr\/wp-json\/wp\/v2\/media?parent=15408"}],"curies":[{"name":"wp","href":"https:\/\/api.w.org\/{rel}","templated":true}]}}