{"id":15412,"date":"2024-05-24T18:47:00","date_gmt":"2024-05-24T18:47:00","guid":{"rendered":"https:\/\/oceansupercluster.ca\/canadian-electric-propulsion-acceleration-coalition-cepac-project\/"},"modified":"2024-05-31T19:14:46","modified_gmt":"2024-05-31T19:14:46","slug":"canadian-electric-propulsion-acceleration-coalition-cepac-project","status":"publish","type":"page","link":"https:\/\/oceansupercluster.ca\/fr\/news-media\/news\/canadian-electric-propulsion-acceleration-coalition-cepac-project\/","title":{"rendered":"Projet Coalition canadienne pour l&rsquo;acc\u00e9l\u00e9ration de la propulsion \u00e9lectrique (CEPAC)"},"content":{"rendered":"<div class=\"g-container\"><img loading=\"lazy\" decoding=\"async\" class=\"wp-image-15401 size-large aligncenter\" src=\"https:\/\/oceansupercluster.ca\/wp-content\/uploads\/Photon_1920x1080_Eng_Fr-1024x576.jpg\" alt=\"\" width=\"900\" height=\"506\" srcset=\"https:\/\/oceansupercluster.ca\/wp-content\/uploads\/Photon_1920x1080_Eng_Fr-1024x576.jpg 1024w, https:\/\/oceansupercluster.ca\/wp-content\/uploads\/Photon_1920x1080_Eng_Fr-300x169.jpg 300w, https:\/\/oceansupercluster.ca\/wp-content\/uploads\/Photon_1920x1080_Eng_Fr-768x432.jpg 768w, https:\/\/oceansupercluster.ca\/wp-content\/uploads\/Photon_1920x1080_Eng_Fr-1536x864.jpg 1536w, https:\/\/oceansupercluster.ca\/wp-content\/uploads\/Photon_1920x1080_Eng_Fr-1320x743.jpg 1320w, https:\/\/oceansupercluster.ca\/wp-content\/uploads\/Photon_1920x1080_Eng_Fr.jpg 1920w\" sizes=\"auto, (max-width: 900px) 100vw, 900px\" \/><\/div>\n","protected":false},"excerpt":{"rendered":"","protected":false},"author":9,"featured_media":0,"parent":334,"menu_order":0,"comment_status":"closed","ping_status":"closed","template":"","meta":{"_acf_changed":false,"footnotes":""},"class_list":["post-15412","page","type-page","status-publish","hentry"],"acf":[],"_links":{"self":[{"href":"https:\/\/oceansupercluster.ca\/fr\/wp-json\/wp\/v2\/pages\/15412","targetHints":{"allow":["GET"]}}],"collection":[{"href":"https:\/\/oceansupercluster.ca\/fr\/wp-json\/wp\/v2\/pages"}],"about":[{"href":"https:\/\/oceansupercluster.ca\/fr\/wp-json\/wp\/v2\/types\/page"}],"author":[{"embeddable":true,"href":"https:\/\/oceansupercluster.ca\/fr\/wp-json\/wp\/v2\/users\/9"}],"replies":[{"embeddable":true,"href":"https:\/\/oceansupercluster.ca\/fr\/wp-json\/wp\/v2\/comments?post=15412"}],"version-history":[{"count":0,"href":"https:\/\/oceansupercluster.ca\/fr\/wp-json\/wp\/v2\/pages\/15412\/revisions"}],"up":[{"embeddable":true,"href":"https:\/\/oceansupercluster.ca\/fr\/wp-json\/wp\/v2\/pages\/334"}],"wp:attachment":[{"href":"https:\/\/oceansupercluster.ca\/fr\/wp-json\/wp\/v2\/media?parent=15412"}],"curies":[{"name":"wp","href":"https:\/\/api.w.org\/{rel}","templated":true}]}}