{"id":15824,"date":"2024-06-14T13:54:37","date_gmt":"2024-06-14T13:54:37","guid":{"rendered":"https:\/\/oceansupercluster.ca\/oceantechcall\/"},"modified":"2024-08-20T15:22:42","modified_gmt":"2024-08-20T15:22:42","slug":"oceantechcall","status":"publish","type":"page","link":"https:\/\/oceansupercluster.ca\/fr\/oceantechcall\/","title":{"rendered":"APPEL TECHNOLOGIE OC\u00c9ANIQUE 2024"},"content":{"rendered":"<div class=\"wpb-content-wrapper\"><div class=\"g-container\">[vc_row][vc_column width=\u00a0\u00bb1\/2&Prime;][vc_column_text css=\u00a0\u00bb\u00a0\u00bb]Supergrappe des oc\u00e9ans du Canada (SOC) a lanc\u00e9 le programme pancanadien <strong>Technologie oc\u00e9anique 2024<\/strong> avec un appel de propositions pour appuyer le d\u00e9veloppement et l\u2019adoption de la Technologie oc\u00e9aniques au Canada. Ce programme qui vise \u00e0 stimuler l\u2019\u00e9conomie oc\u00e9anique du Canada apportera des investissements suppl\u00e9mentaires dans des solutions de Technologie oc\u00e9anique pour l\u2019oc\u00e9an align\u00e9es sur les objectifs d\u2019Ambition 2035.<\/p>\n<p>Date limite de la soumission de d\u00e9claration d\u2019int\u00e9r\u00eat :<strong> Vendredi 6 septembre 2024, \u00e0 20 h HAA | 21 h HAE | 16 h HAP<\/strong><\/p>\n<p>Les demandes re\u00e7ues apr\u00e8s la date limite indiqu\u00e9e ci-dessus ne seront pas trait\u00e9es.<\/p>\n<p><span data-contrast=\"auto\">Les soumissions compl\u00e8tes de d\u00e9clarations d\u2019int\u00e9r\u00eat doivent \u00eatre envoy\u00e9es par courriel \u00e0 l\u2019adresse suivante : <\/span><a href=\"mailto:technology@oceansupercluster.ca\"><i><span data-contrast=\"none\">technology@oceansupercluster.ca<\/span><\/i><span data-ccp-props=\"{&quot;201341983&quot;:0,&quot;335559739&quot;:160,&quot;335559740&quot;:259}\">\u00a0<\/span><\/a><\/p>\n<p><span data-contrast=\"auto\">Veuillez envoyer vos demandes \u00e0 : <em><a href=\"mailto:technology@oceansupercluster.ca\">technology@oceansupercluster.ca<\/a><\/em><\/span><\/p>\n<p><strong>Mod\u00e8les de d\u00e9claration d\u2019int\u00e9r\u00eat\u00a0: <\/strong><\/p>\n<p>Mod\u00e8le de d\u00e9claration d\u2019int\u00e9r\u00eat \u2013 <a href=\"https:\/\/oceansupercluster.ca\/wp-content\/uploads\/OSC-Ocean-Technology-Call-for-Proposals-2024-EOI-Template-FR.docx\">Appel Technologie oc\u00e9anique 2024 | Vue d\u2019ensemble<\/a><br \/>\nMod\u00e8le de d\u00e9claration d\u2019int\u00e9r\u00eat \u2013 <a href=\"https:\/\/oceansupercluster.ca\/wp-content\/uploads\/OSC-Ocean-Technology-Call-for-Proposals-2024-Budget-Template-FR.xlsm\">Appel Technologie oc\u00e9anique 2024 | Budget<\/a><\/p>\n<p><strong>Autres documents de support\u00a0:<\/strong><\/p>\n<p><a href=\"https:\/\/oceansupercluster.ca\/wp-content\/uploads\/OSC-Cost-Eligibility-Guidelines-2023-12-FR-1.pdf\">Lignes directrices sur l\u2019admissibilit\u00e9 des co\u00fbts de SOC<\/a><\/p>\n<p><a href=\"https:\/\/oceansupercluster.ca\/wp-content\/uploads\/OSC-In-kind-Contributions-to-Projects-2021-01-FR.docx\">Contributions en nature aux projets de SOC<\/a><\/p>\n<p><a href=\"https:\/\/oceansupercluster.ca\/wp-content\/uploads\/OSC-Foreign-Cost-Guidelines-2023-12_FR-1.pdf\">Lignes directrices sur les co\u00fbts engag\u00e9s \u00e0 l\u2019\u00e9tranger de SOC<\/a><\/p>\n<p><a href=\"https:\/\/oceansupercluster.ca\/wp-content\/uploads\/IP-and-Data-Guide_Branded_Fr_2024.pdf\">Guide sur la PI<\/a><\/p>\n<p><strong>Inscription au webinaire sur l\u2019appel Technologie oc\u00e9anique\u00a0:<\/strong><\/p>\n<p>Airmeet : <a href=\"https:\/\/www.airmeet.com\/e\/224167a0-2e39-11ef-b99b-21b734f24483\">Appel \u00e0 propositions sur les technologies oc\u00e9aniques 2024<\/a>[\/vc_column_text][\/vc_column][vc_column width=\u00a0\u00bb1\/2&Prime;][vc_single_image image=\u00a0\u00bb15886&Prime; img_size=\u00a0\u00bbFull\u00a0\u00bb onclick=\u00a0\u00bbcustom_link\u00a0\u00bb img_link_target=\u00a0\u00bb_blank\u00a0\u00bb css=\u00a0\u00bb\u00a0\u00bb link=\u00a0\u00bbhttps:\/\/oceansupercluster.ca\/wp-content\/uploads\/2024-Ocean-Techonology_Guidelines_French.pdf\u00a0\u00bb][vc_btn title=\u00a0\u00bbT\u00e9l\u00e9charger maintenant\u00a0\u00bb style=\u00a0\u00bbflat\u00a0\u00bb shape=\u00a0\u00bbsquare\u00a0\u00bb color=\u00a0\u00bbinfo\u00a0\u00bb css=\u00a0\u00bb\u00a0\u00bb link=\u00a0\u00bburl:https%3A%2F%2Foceansupercluster.ca%2Fwp-content%2Fuploads%2F2024-Ocean-Techonology_Guidelines_French.pdf\u00a0\u00bb el_class=\u00a0\u00bbvbtn\u00a0\u00bb][\/vc_column][\/vc_row]<\/div>\n<\/div>","protected":false},"excerpt":{"rendered":"<p>[vc_row][vc_column width=\u00a0\u00bb1\/2&Prime;][vc_column_text css=\u00a0\u00bb\u00a0\u00bb]Supergrappe des oc\u00e9ans du Canada (SOC) a lanc\u00e9 le programme pancanadien Technologie oc\u00e9anique 2024 avec un appel de propositions pour appuyer le d\u00e9veloppement et l\u2019adoption de la Technologie [&hellip;]<\/p>\n","protected":false},"author":6,"featured_media":0,"parent":0,"menu_order":0,"comment_status":"closed","ping_status":"closed","template":"","meta":{"_acf_changed":false,"footnotes":""},"class_list":["post-15824","page","type-page","status-publish","hentry"],"acf":[],"_links":{"self":[{"href":"https:\/\/oceansupercluster.ca\/fr\/wp-json\/wp\/v2\/pages\/15824","targetHints":{"allow":["GET"]}}],"collection":[{"href":"https:\/\/oceansupercluster.ca\/fr\/wp-json\/wp\/v2\/pages"}],"about":[{"href":"https:\/\/oceansupercluster.ca\/fr\/wp-json\/wp\/v2\/types\/page"}],"author":[{"embeddable":true,"href":"https:\/\/oceansupercluster.ca\/fr\/wp-json\/wp\/v2\/users\/6"}],"replies":[{"embeddable":true,"href":"https:\/\/oceansupercluster.ca\/fr\/wp-json\/wp\/v2\/comments?post=15824"}],"version-history":[{"count":0,"href":"https:\/\/oceansupercluster.ca\/fr\/wp-json\/wp\/v2\/pages\/15824\/revisions"}],"wp:attachment":[{"href":"https:\/\/oceansupercluster.ca\/fr\/wp-json\/wp\/v2\/media?parent=15824"}],"curies":[{"name":"wp","href":"https:\/\/api.w.org\/{rel}","templated":true}]}}