{"id":16175,"date":"2024-08-08T18:21:18","date_gmt":"2024-08-08T18:21:18","guid":{"rendered":"https:\/\/oceansupercluster.ca\/ocean-ai-exploration\/"},"modified":"2024-10-03T13:26:41","modified_gmt":"2024-10-03T13:26:41","slug":"ocean-ai-exploration","status":"publish","type":"page","link":"https:\/\/oceansupercluster.ca\/fr\/ocean-ai-exploration\/","title":{"rendered":"Exploration de l\u2019IA pour l\u2019oc\u00e9an"},"content":{"rendered":"<div class=\"wpb-content-wrapper\"><div class=\"g-container\">[vc_section css=\u00a0\u00bb.vc_custom_1723145191145{padding-bottom: 50px !important;}\u00a0\u00bb][vc_row][vc_column width=\u00a0\u00bb1\/4&Prime;][vc_column_text css_animation=\u00a0\u00bbleft-to-right\u00a0\u00bb css=\u00a0\u00bb.vc_custom_1723141232213{padding-right: 50px !important;}\u00a0\u00bb]<\/p>\n<h2>Appel de propositions Exploration de l\u2019IA pour l\u2019oc\u00e9an<\/h2>\n<p>[\/vc_column_text][\/vc_column][vc_column width=\u00a0\u00bb3\/4&Prime;][vc_row_inner][vc_column_inner width=\u00a0\u00bb1\/2&Prime;][vc_column_text css=\u00a0\u00bb\u00a0\u00bb]<\/p>\n<h3>Introduction<\/h3>\n<p>L\u2019appel de propositions Exploration de l\u2019IA pour l\u2019oc\u00e9an vise \u00e0 favoriser les projets exploratoires de l\u2019intelligence artificielle dans le secteur oc\u00e9anique. Cette initiative a pour but de soutenir les entreprises aux premi\u00e8res \u00e9tapes de la g\u00e9n\u00e9ration d\u2019id\u00e9es, du d\u00e9veloppement de mod\u00e8les et des efforts fondamentaux pour int\u00e9grer l\u2019IA dans leurs op\u00e9rations. En fournissant des investissements cibl\u00e9s, nous d\u00e9sirons faciliter l\u2019exploration du potentiel de l\u2019IA aux organisations en vue de rehausser la productivit\u00e9, \u00e9largir les d\u00e9bouch\u00e9s commerciaux et stimuler une croissance durable. L\u2019objectif ultime est que ces efforts aboutissent \u00e0 la cr\u00e9ation de nouvelles propri\u00e9t\u00e9s intellectuelles, contribuant ainsi \u00e0 la comp\u00e9titivit\u00e9 \u00e0 long terme et \u00e0 la capacit\u00e9 d\u2019innovation du secteur oc\u00e9anique.<\/p>\n<p><strong>Date limite pour la soumission des d\u00e9clarations d\u2019int\u00e9r\u00eat: 18 octobre 2024<br \/>\n20 H 00 HAA <\/strong>|<strong> 19 H 00 HAE<\/strong> |<strong> 16 H 00 HAP<\/strong><span class=\"TextRun SCXW137518549 BCX0\" lang=\"EN-CA\" xml:lang=\"EN-CA\" data-contrast=\"auto\"><span class=\"NormalTextRun SCXW137518549 BCX0\"><br \/>\n<\/span><\/span><\/p>\n<p><span data-contrast=\"auto\">Les demandes re\u00e7ues apr\u00e8s la date limite indiqu\u00e9e ci-dessus ne seront pas trait\u00e9es.<\/span>[\/vc_column_text][vc_btn title=\u00a0\u00bbT\u00e9l\u00e9charger maintenant\u00a0\u00bb style=\u00a0\u00bbflat\u00a0\u00bb shape=\u00a0\u00bbsquare\u00a0\u00bb color=\u00a0\u00bbinfo\u00a0\u00bb css=\u00a0\u00bb.vc_custom_1726757013868{padding-right: 50px !important;}\u00a0\u00bb link=\u00a0\u00bburl:https%3A%2F%2Foceansupercluster.ca%2Fwp-content%2Fuploads%2FOAIE_Guidelines_Fr_Sept19.pdf|target:_blank\u00a0\u00bb el_class=\u00a0\u00bbvbtn\u00a0\u00bb][\/vc_column_inner][vc_column_inner width=\u00a0\u00bb1\/2&Prime;][vc_single_image image=\u00a0\u00bb16183&Prime; img_size=\u00a0\u00bbfull\u00a0\u00bb onclick=\u00a0\u00bbcustom_link\u00a0\u00bb img_link_target=\u00a0\u00bb_blank\u00a0\u00bb css=\u00a0\u00bb.vc_custom_1726757022714{padding-left: 50px !important;}\u00a0\u00bb link=\u00a0\u00bbhttps:\/\/oceansupercluster.ca\/wp-content\/uploads\/OAIE_Guidelines_Fr_Sept19.pdf\u00a0\u00bb][\/vc_column_inner][\/vc_row_inner][vc_separator css=\u00a0\u00bb.vc_custom_1723139788775{padding-bottom: 35px !important;}\u00a0\u00bb][vc_column_text css=\u00a0\u00bb\u00a0\u00bb]<\/p>\n<h3>Contact<\/h3>\n<p><span data-contrast=\"auto\">Les soumissions compl\u00e8tes de d\u00e9clarations d\u2019int\u00e9r\u00eat doivent \u00eatre envoy\u00e9es par courriel \u00e0 l\u2019adresse suivante : <a href=\"mailto:ai@oceansupercluster.ca\">ai@oceansupercluster.ca<\/a><\/span><\/p>\n<p><span data-contrast=\"auto\">Veuillez envoyer vos demandes \u00e0 : <a href=\"mailto:ai@oceansupercluster.ca\">ai@oceansupercluster.ca<\/a><\/span>[\/vc_column_text][vc_separator css=\u00a0\u00bb.vc_custom_1723139788775{padding-bottom: 35px !important;}\u00a0\u00bb][vc_column_text css=\u00a0\u00bb\u00a0\u00bb]<\/p>\n<h3>Documents d\u2019information<\/h3>\n<p>[\/vc_column_text][vc_toggle title=\u00a0\u00bbMod\u00e8les de d\u00e9claration d\u2019int\u00e9r\u00eat :\u00a0\u00bb css=\u00a0\u00bb\u00a0\u00bb]<\/p>\n<ul>\n<li><a href=\"https:\/\/oceansupercluster.ca\/wp-content\/uploads\/OSC-AI-Discovery-2024-Call-EOI-Template-FR.docx\">Mod\u00e8le de d\u00e9claration d\u2019int\u00e9r\u00eat \u2013 Appel Exploration de l\u2019IA pour l\u2019oc\u00e9an 2024 | Vue d\u2019ensemble<\/a><\/li>\n<li><a href=\"https:\/\/oceansupercluster.ca\/wp-content\/uploads\/EOI-Budget-Template_PCAIS2024_V1-Copy-FR.xlsm\">Mod\u00e8le de d\u00e9claration d\u2019int\u00e9r\u00eat \u2013 Appel Exploration de l\u2019IA pour l\u2019oc\u00e9an 2024 | Budget<\/a><\/li>\n<\/ul>\n<p>[\/vc_toggle][vc_toggle title=\u00a0\u00bbAutres documents de support :\u00a0\u00bb css=\u00a0\u00bb\u00a0\u00bb]<\/p>\n<ul>\n<li><a href=\"https:\/\/oceansupercluster.ca\/wp-content\/uploads\/OSC-Cost-Eligibility-Guidelines-2023-12-FR-1.pdf\">Lignes directrices sur l\u2019admissibilit\u00e9 des co\u00fbts de SOC<\/a><\/li>\n<li><a href=\"https:\/\/oceansupercluster.ca\/wp-content\/uploads\/OSC-In-kind-Contributions-to-Projects-2021-01-FR.docx\">Contributions en nature aux projets de SOC<\/a><\/li>\n<li><a href=\"https:\/\/oceansupercluster.ca\/wp-content\/uploads\/OSC-Foreign-Cost-Guidelines-2023-12_FR-1.pdf\">Lignes directrices sur les co\u00fbts engag\u00e9s \u00e0 l\u2019\u00e9tranger de SOC<\/a><\/li>\n<li><a href=\"https:\/\/oceansupercluster.ca\/wp-content\/uploads\/IP-and-Data-Guide-Sept-2024-French.pdf\">Guide sur la PI<\/a><\/li>\n<\/ul>\n<p>[\/vc_toggle][\/vc_column][\/vc_row][\/vc_section][vc_section full_width=\u00a0\u00bbstretch_row\u00a0\u00bb css=\u00a0\u00bb.vc_custom_1723145064253{padding-top: 50px !important;padding-bottom: 50px !important;background-color: #f2f2f2 !important;}\u00a0\u00bb][vc_row][vc_column width=\u00a0\u00bb1\/4&Prime;][vc_column_text css_animation=\u00a0\u00bbleft-to-right\u00a0\u00bb css=\u00a0\u00bb\u00a0\u00bb]<\/p>\n<h2>Webinaire sur l\u2019appel Exploration de l\u2019IA pour l\u2019oc\u00e9an<\/h2>\n<p>[\/vc_column_text][\/vc_column][vc_column width=\u00a0\u00bb3\/4&Prime;][vc_row_inner][vc_column_inner][vc_column_text css=\u00a0\u00bb\u00a0\u00bb]<\/p>\n<h3>Avez-vous des questions ?<\/h3>\n<p>Join OSC leadership for an in-depth webinar on the Ocean AI Exploration Call for Proposals 2024. This session will answer your questions about the Expression of Interest (EOI), the application process, and any other inquiries related to the Call.[\/vc_column_text][vc_video link=\u00a0\u00bbhttps:\/\/youtu.be\/ePWqNqKKx8Q\u00a0\u00bb css=\u00a0\u00bb\u00a0\u00bb][vc_btn title=\u00a0\u00bbRegardez maintenant\u00a0\u00bb style=\u00a0\u00bbflat\u00a0\u00bb shape=\u00a0\u00bbsquare\u00a0\u00bb color=\u00a0\u00bbinfo\u00a0\u00bb css=\u00a0\u00bb\u00a0\u00bb link=\u00a0\u00bburl:https%3A%2F%2Fwww.youtube.com%2Fwatch%3Fv%3DeM36TdDvQcM%26feature%3Dyoutu.be|target:_blank\u00a0\u00bb el_class=\u00a0\u00bbvbtn\u00a0\u00bb][\/vc_column_inner][\/vc_row_inner][\/vc_column][\/vc_row][\/vc_section]<\/p><\/div>\n<\/div>","protected":false},"excerpt":{"rendered":"<p>[vc_section css=\u00a0\u00bb.vc_custom_1723145191145{padding-bottom: 50px !important;}\u00a0\u00bb][vc_row][vc_column width=\u00a0\u00bb1\/4&Prime;][vc_column_text css_animation=\u00a0\u00bbleft-to-right\u00a0\u00bb css=\u00a0\u00bb.vc_custom_1723141232213{padding-right: 50px !important;}\u00a0\u00bb] Appel de propositions Exploration de l\u2019IA pour l\u2019oc\u00e9an [\/vc_column_text][\/vc_column][vc_column width=\u00a0\u00bb3\/4&Prime;][vc_row_inner][vc_column_inner width=\u00a0\u00bb1\/2&Prime;][vc_column_text css=\u00a0\u00bb\u00a0\u00bb] Introduction L\u2019appel de propositions Exploration de l\u2019IA pour l\u2019oc\u00e9an [&hellip;]<\/p>\n","protected":false},"author":9,"featured_media":0,"parent":0,"menu_order":0,"comment_status":"closed","ping_status":"closed","template":"","meta":{"_acf_changed":false,"footnotes":""},"class_list":["post-16175","page","type-page","status-publish","hentry"],"acf":[],"_links":{"self":[{"href":"https:\/\/oceansupercluster.ca\/fr\/wp-json\/wp\/v2\/pages\/16175","targetHints":{"allow":["GET"]}}],"collection":[{"href":"https:\/\/oceansupercluster.ca\/fr\/wp-json\/wp\/v2\/pages"}],"about":[{"href":"https:\/\/oceansupercluster.ca\/fr\/wp-json\/wp\/v2\/types\/page"}],"author":[{"embeddable":true,"href":"https:\/\/oceansupercluster.ca\/fr\/wp-json\/wp\/v2\/users\/9"}],"replies":[{"embeddable":true,"href":"https:\/\/oceansupercluster.ca\/fr\/wp-json\/wp\/v2\/comments?post=16175"}],"version-history":[{"count":0,"href":"https:\/\/oceansupercluster.ca\/fr\/wp-json\/wp\/v2\/pages\/16175\/revisions"}],"wp:attachment":[{"href":"https:\/\/oceansupercluster.ca\/fr\/wp-json\/wp\/v2\/media?parent=16175"}],"curies":[{"name":"wp","href":"https:\/\/api.w.org\/{rel}","templated":true}]}}