{"id":16219,"date":"2024-07-25T12:40:11","date_gmt":"2024-07-25T12:40:11","guid":{"rendered":"https:\/\/oceansupercluster.ca\/oaitf\/"},"modified":"2025-03-10T19:02:50","modified_gmt":"2025-03-10T19:02:50","slug":"oaitf","status":"publish","type":"page","link":"https:\/\/oceansupercluster.ca\/fr\/oaitf\/","title":{"rendered":"Cours Bases des technologies et de l\u2019IA oc\u00e9aniques (OAITF)"},"content":{"rendered":"<div class=\"wpb-content-wrapper\"><div class=\"g-container\">[vc_section css=\u00a0\u00bb.vc_custom_1722348633801{padding-top: 50px !important;padding-bottom: 50px !important;}\u00a0\u00bb][vc_row][vc_column width=\u00a0\u00bb1\/4&Prime;][vc_column_text css=\u00a0\u00bb\u00a0\u00bb]<\/p>\n<h2 class=\"title\">Cours Bases des<br \/>\ntechnologies et de<br \/>\nl\u2019IA oc\u00e9aniques<br \/>\n(OAITF)<\/h2>\n<p>[\/vc_column_text][\/vc_column][vc_column width=\u00a0\u00bb3\/4&Prime;][vc_column_text css=\u00a0\u00bb\u00a0\u00bb]<\/p>\n<h3>Fa\u00e7onner l\u2019avenir des technologies oc\u00e9aniques gr\u00e2ce \u00e0 l\u2019IA<\/h3>\n<p>Bienvenue au cours Bases des technologies et de l\u2019IA oc\u00e9aniques &#8211; le programme phare con\u00e7u sp\u00e9cifiquement pour faciliter la ma\u00eetrise de l\u2019IA et des technologies pour les professionnels du secteur oc\u00e9anique. Cette initiative unique propose des s\u00e9ances en ligne de type s\u00e9minaire anim\u00e9es par des experts de l\u2019industrie en vue de favoriser la maturit\u00e9 num\u00e9rique et de promouvoir l\u2019application responsable et efficace de l\u2019IA.<\/p>\n<p>Ce programme complet s\u2019adresse \u00e0 un vaste public dans le secteur de l\u2019oc\u00e9an, \u00e0 partir des nouveaux venus jusqu\u2019aux professionnels techniques en passant par les chefs d\u2019entreprise. Il est con\u00e7u pour aider les participants \u00e0 tirer profit de l\u2019IA et des technologies pour obtenir un avantage strat\u00e9gique et un renforcement des capacit\u00e9s. La diversit\u00e9 des sujets permet aux participants d\u2019acqu\u00e9rir une compr\u00e9hension approfondie des technologies num\u00e9riques et de l\u2019IA ainsi que d\u2019apprendre \u00e0 les appliquer de mani\u00e8re responsable et efficace dans diff\u00e9rents contextes.<\/p>\n<h4>Des participants de la premi\u00e8re cohorte ont parl\u00e9 ainsi de leurs exp\u00e9riences d\u2019apprentissage\u00a0:<\/h4>\n<ul>\n<li>\u00ab Le nombre \u00e9lev\u00e9 de cas d\u2019utilisation pr\u00e9sent\u00e9s pour la cybers\u00e9curit\u00e9 m\u2019a \u00e9t\u00e9 pr\u00e9cieux, car cela m\u2019a fait comprendre que je devais embaucher un professionnel pour prot\u00e9ger mon r\u00e9seau. \u00bb<\/li>\n<li>\u00ab\u00a0Pour une conf\u00e9rence de 1,5 heure, elle a couvert beaucoup de contenu, et ce, dans un format tr\u00e8s complet et structur\u00e9. Bravo!\u00a0\u00bb<\/li>\n<li>\u00ab\u00a0Simplifi\u00e9 et beaucoup d\u2019exemples. C\u2019est comme assister \u00e0 un cours d\u2019introduction \u00e0 la formation!\u00a0\u00bb<\/li>\n<\/ul>\n<p>[\/vc_column_text][vc_column_text css=\u00a0\u00bb\u00a0\u00bb]<\/p>\n<h3>\u00c9l\u00e9ments cl\u00e9s<\/h3>\n<ul>\n<li data-leveltext=\"\uf0b7\" data-font=\"Symbol\" data-listid=\"6\" data-list-defn-props=\"{&quot;335552541&quot;:1,&quot;335559685&quot;:720,&quot;335559991&quot;:360,&quot;469769226&quot;:&quot;Symbol&quot;,&quot;469769242&quot;:[8226],&quot;469777803&quot;:&quot;left&quot;,&quot;469777804&quot;:&quot;\uf0b7&quot;,&quot;469777815&quot;:&quot;multilevel&quot;}\" aria-setsize=\"-1\" data-aria-posinset=\"1\" data-aria-level=\"1\"><span data-contrast=\"none\"><strong>S\u00e9ances anim\u00e9es par des experts :<\/strong> Des connaissances fournies par des experts de premier plan en technologies num\u00e9riques et en IA sp\u00e9cifiques au secteur de l\u2019oc\u00e9an.<\/span><\/li>\n<li data-leveltext=\"\uf0b7\" data-font=\"Symbol\" data-listid=\"6\" data-list-defn-props=\"{&quot;335552541&quot;:1,&quot;335559685&quot;:720,&quot;335559991&quot;:360,&quot;469769226&quot;:&quot;Symbol&quot;,&quot;469769242&quot;:[8226],&quot;469777803&quot;:&quot;left&quot;,&quot;469777804&quot;:&quot;\uf0b7&quot;,&quot;469777815&quot;:&quot;multilevel&quot;}\" aria-setsize=\"-1\" data-aria-posinset=\"1\" data-aria-level=\"1\"><strong>Apprentissage interactif :<\/strong> Ateliers pratiques et \u00e9tudes de cas pour appliquer des connaissances th\u00e9oriques.<\/li>\n<li data-leveltext=\"\uf0b7\" data-font=\"Symbol\" data-listid=\"6\" data-list-defn-props=\"{&quot;335552541&quot;:1,&quot;335559685&quot;:720,&quot;335559991&quot;:360,&quot;469769226&quot;:&quot;Symbol&quot;,&quot;469769242&quot;:[8226],&quot;469777803&quot;:&quot;left&quot;,&quot;469777804&quot;:&quot;\uf0b7&quot;,&quot;469777815&quot;:&quot;multilevel&quot;}\" aria-setsize=\"-1\" data-aria-posinset=\"1\" data-aria-level=\"1\"><strong>Occasions de r\u00e9seautage :<\/strong> Connectez-vous avec vos pairs et des experts pour favoriser la collaboration et l&rsquo;\u00e9change d&rsquo;id\u00e9es.<\/li>\n<li data-leveltext=\"\uf0b7\" data-font=\"Symbol\" data-listid=\"6\" data-list-defn-props=\"{&quot;335552541&quot;:1,&quot;335559685&quot;:720,&quot;335559991&quot;:360,&quot;469769226&quot;:&quot;Symbol&quot;,&quot;469769242&quot;:[8226],&quot;469777803&quot;:&quot;left&quot;,&quot;469777804&quot;:&quot;\uf0b7&quot;,&quot;469777815&quot;:&quot;multilevel&quot;}\" aria-setsize=\"-1\" data-aria-posinset=\"1\" data-aria-level=\"1\"><strong>Certificat d&rsquo;ach\u00e8vement :<\/strong> Les participants re\u00e7oivent un certificat attestant qu&rsquo;ils ont suivi le programme.<\/li>\n<\/ul>\n<p>[\/vc_column_text][vc_btn title=\u00a0\u00bbInscrivez-vous d\u00e8s maintenant\u00a0\u00bb color=\u00a0\u00bbinfo\u00a0\u00bb css=\u00a0\u00bb\u00a0\u00bb link=\u00a0\u00bburl:https%3A%2F%2Fforms.office.com%2Fpages%2Fresponsepage.aspx%3Fid%3DYruorEE3CUyjzZa3gu4b7VPgTFDxa9ZAuD6FfKG-gThUM1RLUUNCTVNEWFZDT0M3R1k4SVlUSFVURS4u%26route%3Dshorturl|target:_blank\u00a0\u00bb][\/vc_column][\/vc_row][\/vc_section][vc_section full_width=\u00a0\u00bbstretch_row\u00a0\u00bb css=\u00a0\u00bb.vc_custom_1722352400649{padding-top: 50px !important;padding-bottom: 50px !important;background-image: url(https:\/\/oceansupercluster.ca\/wp-content\/uploads\/Firefly-data-graphic-overlay-with-waves-made-of-light-in-the-background-41826.png?id=16056) !important;background-position: center !important;background-repeat: no-repeat !important;background-size: cover !important;}\u00a0\u00bb][vc_row][vc_column][\/vc_column][\/vc_row][\/vc_section][vc_section css=\u00a0\u00bb.vc_custom_1722351019970{padding-top: 75px !important;}\u00a0\u00bb][vc_row css=\u00a0\u00bb.vc_custom_1722351171558{padding-bottom: 0px !important;}\u00a0\u00bb][vc_column width=\u00a0\u00bb1\/4&Prime;][vc_column_text css_animation=\u00a0\u00bbslideInLeft\u00a0\u00bb css=\u00a0\u00bb\u00a0\u00bb]<\/p>\n<h2>\u00c0 propos du programme<\/h2>\n<p>[\/vc_column_text][\/vc_column][vc_column width=\u00a0\u00bb3\/4&Prime;][vc_row_inner][vc_column_inner css=\u00a0\u00bb.vc_custom_1722348619697{padding-bottom: 50px !important;}\u00a0\u00bb][vc_column_text css=\u00a0\u00bb\u00a0\u00bb]<\/p>\n<h3><strong>Personnes qui devraient s\u2019inscrire et pourquoi\u00a0:<\/strong><\/h3>\n<p>Ce cours est con\u00e7u pour toute personne du secteur oc\u00e9anique qui d\u00e9sire d\u00e9velopper ses connaissances de l&rsquo;IA et des technologies oc\u00e9aniques, dont :<\/p>\n<ul>\n<li><strong>Les fondateurs et les DG :<\/strong> Obtenez des connaissances sur l&rsquo;exploitation de l&rsquo;IA pour favoriser une croissance strat\u00e9gique, l&rsquo;am\u00e9lioration des processus d&rsquo;affaires et la stimulation de l&rsquo;innovation au sein de votre organisation.<\/li>\n<li><strong>Les professionnels des TI et les administrateurs syst\u00e8me :<\/strong> Mettez \u00e0 jour et d\u00e9veloppez des comp\u00e9tences techniques en IA, en infonuagique et en cybers\u00e9curit\u00e9.<\/li>\n<li><strong>Les chefs d&rsquo;entreprise et les gestionnaires :<\/strong> Obtenez des connaissances strat\u00e9giques sur l&rsquo;exploitation de l&rsquo;IA et des technologies num\u00e9riques pour obtenir un avantage concurrentiel et une efficacit\u00e9 op\u00e9rationnelle.<\/li>\n<li><strong>Les gestionnaires de projet et les analystes d&rsquo;affaires :<\/strong> Comprenez l&rsquo;application de l&rsquo;IA dans la rationalisation des processus de gestion de projet et d&rsquo;analyse commerciale.<\/li>\n<li><strong>Les d\u00e9veloppeurs et les ing\u00e9nieurs de logiciels :<\/strong> Approfondissez vos connaissances des algorithmes d\u2019IA, de l\u2019architecture infonuagique et des pratiques de cybers\u00e9curit\u00e9 pour d\u00e9velopper des solutions avanc\u00e9es.<\/li>\n<li><strong>Les professionnels en d\u00e9but de carri\u00e8re :<\/strong> Acqu\u00e9rez des comp\u00e9tences pratiques qui rehaussent et \u00e9largissent l&rsquo;expertise dans l&rsquo;analyse de donn\u00e9es et les applications technologiques.<\/li>\n<\/ul>\n<p>[\/vc_column_text][\/vc_column_inner][\/vc_row_inner][vc_separator color=\u00a0\u00bbcustom\u00a0\u00bb css=\u00a0\u00bb.vc_custom_1723032744815{margin-top: 0px !important;}\u00a0\u00bb accent_color=\u00a0\u00bb#efefef\u00a0\u00bb][\/vc_column][\/vc_row][vc_row css=\u00a0\u00bb.vc_custom_1722351399133{padding-top: 50px !important;padding-bottom: 0px !important;}\u00a0\u00bb][vc_column width=\u00a0\u00bb1\/4&Prime;][\/vc_column][vc_column width=\u00a0\u00bb3\/4&Prime; css=\u00a0\u00bb.vc_custom_1722348501933{padding-bottom: 50px !important;}\u00a0\u00bb][vc_row_inner equal_height=\u00a0\u00bbyes\u00a0\u00bb content_placement=\u00a0\u00bbmiddle\u00a0\u00bb][vc_column_inner][vc_column_text css=\u00a0\u00bb\u00a0\u00bb]<\/p>\n<h3>Quels sont les types de sujets couverts?<\/h3>\n<p><strong>1. <\/strong>Gestion des donn\u00e9es<br \/>\nLa gestion des donn\u00e9es est con\u00e7ue pour donner aux professionnels du secteur oc\u00e9anique les connaissances de base sur la fa\u00e7on de recueillir, de traiter et d\u2019utiliser efficacement des donn\u00e9es oc\u00e9aniques et marines pour favoriser une prise de d\u00e9cision \u00e9clair\u00e9e et une planification strat\u00e9gique. L\u2019accent est mis sur les subtilit\u00e9s du traitement d\u2019une gamme d\u2019ensembles de donn\u00e9es provenant de diverses applications et utilisations telles que les op\u00e9rations maritimes, la surveillance environnementale, les op\u00e9rations internes, et m\u00eame les donn\u00e9es des m\u00e9dias sociaux. Cette s\u00e9ance portera sur les meilleures pratiques en mati\u00e8re de stockage et d\u2019\u00e9tiquetage des donn\u00e9es en vue du partage ou de l\u2019analyse des donn\u00e9es. Les participants apprendront la fa\u00e7on de tirer parti de plateformes et d\u2019outils num\u00e9riques de gratuits \u00e0 peu de frais pour favoriser la gestion efficace des donn\u00e9es maritimes, am\u00e9liorant ainsi leur capacit\u00e9 \u00e0 relever les d\u00e9fis complexes li\u00e9s au secteur oc\u00e9anique, \u00e0 la gestion des ressources et aux entreprises commerciales.<\/p>\n<p><strong>2.<\/strong> Science et analyse des donn\u00e9es<br \/>\nEn tant que comp\u00e9tence tangible pour tout le monde, cette section se concentre sur le traitement des donn\u00e9es, l\u2019analyse statistique, les techniques de visualisation et la fa\u00e7on dont les informations bas\u00e9es sur les donn\u00e9es peuvent \u00e9clairer les d\u00e9cisions commerciales. Ce module offre des concepts de techniques analytiques avanc\u00e9es aux professionnels du secteur oc\u00e9anique pour transformer de vastes ensembles de donn\u00e9es organisationnelles en id\u00e9es exploitables. Cette s\u00e9ance approfondit ainsi l\u2019analyse statistique commune afin de permettre aux participants de d\u00e9couvrir les tendances, de pr\u00e9voir les conditions oc\u00e9aniques et d\u2019optimiser des op\u00e9rations maritimes pour se doter d\u2019une meilleure prise de d\u00e9cision et un avantage strat\u00e9gique dans un environnement hautement concurrentiel.<\/p>\n<p><strong>3.<\/strong> Principes fondamentaux de la cybers\u00e9curit\u00e9<br \/>\nLes participants seront initi\u00e9s aux concepts cl\u00e9s de la cybers\u00e9curit\u00e9 et aux strat\u00e9gies pratiques pour prot\u00e9ger les donn\u00e9es et les syst\u00e8mes dans l\u2019environnement num\u00e9rique d\u2019aujourd\u2019hui. Cette s\u00e9ance est con\u00e7ue pour les PME et les r\u00f4les non techniques, qui se doivent de plus en plus d\u2019avoir une compr\u00e9hension de base et de g\u00e9rer les risques li\u00e9s \u00e0 la cybers\u00e9curit\u00e9. On y aborde des sujets fondamentaux en mettant l\u2019accent sur les applications r\u00e9elles auxquelles les entreprises sont confront\u00e9es, dont l\u2019utilisation de logiciels et de solutions tiers.<\/p>\n<p><strong>4.<\/strong> Infonuagique pour les affaires<br \/>\nCette s\u00e9ance se concentre sur les aspects critiques de l\u2019infonuagique adapt\u00e9e aux petites et moyennes entreprises, couvrant l\u2019infrastructure-service (IaaS), la plateforme-service (PaaS) et le logiciel-service (SaaS). \u00c0 la fin de cette s\u00e9ance, les participants auront une compr\u00e9hension approfondie de la fa\u00e7on d\u2019exploiter l\u2019infonuagique pour faire progresser leur petite entreprise en s\u2019assurant qu\u2019ils peuvent naviguer dans la complexit\u00e9 des services infonuagiques et prendre des d\u00e9cisions \u00e9clair\u00e9es concernant leur strat\u00e9gie infonuagique.<\/p>\n<p><strong>5.<\/strong> Intelligence artificielle et apprentissage machine<br \/>\nComposante essentielle de tout programme fondamental d\u2019IA oc\u00e9anique, ce domaine plonge dans les algorithmes, les mod\u00e8les et les techniques qui permettent aux machines d\u2019apprendre \u00e0 partir de donn\u00e9es et d\u2019effectuer des t\u00e2ches sans \u00eatre explicitement programm\u00e9es pour chaque t\u00e2che sp\u00e9cifique. La s\u00e9ance couvre un \u00e9ventail de sujets allant de l\u2019apprentissage supervis\u00e9 et non supervis\u00e9 jusqu\u2019aux r\u00e9seaux neuronaux et l\u2019apprentissage profond, ainsi que les applications pratiques de l\u2019IA dans divers domaines. Les participants apprennent que des algorithmes d\u2019IA et des mod\u00e8les d\u2019apprentissage machine peuvent \u00eatre appliqu\u00e9s pour interpr\u00e9ter des donn\u00e9es maritimes complexes, automatiser des processus et d\u00e9velopper des solutions novatrices pour relever des d\u00e9fis oc\u00e9aniques pressants. Cette s\u00e9ance est essentielle pour concevoir des possibilit\u00e9s de tirer parti de l\u2019IA et de l\u2019apprentissage machine en vue de r\u00e9aliser des avanc\u00e9es r\u00e9volutionnaires dans les sciences marines et les industries maritimes tout en favorisant l\u2019efficacit\u00e9 et la durabilit\u00e9. De plus, les participants comprendront les compromis entre le d\u00e9veloppement de mod\u00e8les \u00e0 l\u2019interne; ce qui permet une plus grande personnalisation, mais n\u00e9cessite des ressources importantes, et la commodit\u00e9 d\u2019acheter des mod\u00e8les pr\u00e9construits; ce qui peut poser des risques tels que le manque de transparence ou la d\u00e9pendance excessive \u00e0 l\u2019\u00e9gard de fournisseurs tiers.<\/p>\n<p><strong>6.<\/strong> IA dans la productivit\u00e9 et les processus commerciaux<br \/>\nCette section explore l\u2019intersection de l\u2019intelligence artificielle avec la productivit\u00e9 personnelle et organisationnelle en se concentrant sur la fa\u00e7on dont les outils et les techniques de l\u2019IA peuvent automatiser des t\u00e2ches habituelles, am\u00e9liorer les processus de prise de d\u00e9cision et optimiser les flux de travail, que ce soit \u00e0 l\u2019interne pour am\u00e9liorer les op\u00e9rations ou pour des produits et services potentiels. Le programme couvre les applications bas\u00e9es sur l\u2019IA, dont la gestion de projet et la gestion de la relation avec la client\u00e8le (CRM). En comprenant la fa\u00e7on de tirer parti de l\u2019IA pour la productivit\u00e9, les apprenants peuvent aider \u00e0 cerner des occasions d\u2019accro\u00eetre l\u2019efficacit\u00e9, de r\u00e9duire les co\u00fbts et de favoriser l\u2019innovation au sein de leur organisation.<\/p>\n<p><strong>7.<\/strong> \u00c9thique, politique et gouvernance dans les technologies num\u00e9riques et de l\u2019IA<strong><br \/>\n<\/strong>Comme les technologies num\u00e9riques et de l\u2019IA ont un impact croissant sur tous les aspects de la soci\u00e9t\u00e9, il est essentiel que les programmes fondamentaux abordent des consid\u00e9rations \u00e9thiques, des implications politiques et des structures de gouvernance li\u00e9es \u00e0 leur d\u00e9ploiement dans le secteur oc\u00e9anique. Cela comprend la compr\u00e9hension des pr\u00e9occupations en mati\u00e8re de confidentialit\u00e9, des pr\u00e9jug\u00e9s et de l\u2019\u00e9quit\u00e9 en IA, des questions de r\u00e9glementation et de conformit\u00e9, et la fa\u00e7on de concevoir et de mettre en \u0153uvre la technologie de mani\u00e8re \u00e9thique, responsable et inclusive.<\/p>\n<p><strong>8.<\/strong> Technologies \u00e9mergentes<strong><br \/>\n<\/strong>Cette s\u00e9ance sur les technologies \u00e9mergentes explorera les avanc\u00e9es de pointe qui fa\u00e7onnent l\u2019avenir des industries. Les sujets abord\u00e9s incluront la cha\u00eene de blocs et ses applications pour les transactions s\u00e9curis\u00e9es et la gestion de la cha\u00eene logistique, l\u2019Internet des objets (IoT) pour la cr\u00e9ation de syst\u00e8mes interconnect\u00e9s qui optimisent les op\u00e9rations ainsi que le potentiel de l\u2019informatique quantique pour r\u00e9volutionner le traitement des donn\u00e9es et la r\u00e9solution de probl\u00e8mes. La s\u00e9ance explorera \u00e9galement le r\u00f4le de la 5G dans la mise en place de r\u00e9seaux de communication plus rapides et plus fiables et la fa\u00e7on dont les technologies de r\u00e9alit\u00e9 \u00e9tendue (XR) telles que la r\u00e9alit\u00e9 augment\u00e9e et virtuelle transforment la formation, le marketing et l\u2019engagement client. Les participants acquerront un aper\u00e7u pratique de la fa\u00e7on dont ces technologies \u00e9mergentes peuvent \u00eatre exploit\u00e9es pour stimuler l\u2019innovation et garder une longueur d\u2019avance.<\/p>\n<p><strong>9.<\/strong> Strat\u00e9gies de transformation num\u00e9rique<strong><br \/>\n<\/strong>Cette s\u00e9ance donne un aper\u00e7u de la fa\u00e7on dont les organisations peuvent mettre en \u0153uvre les technologies num\u00e9riques et de l\u2019IA de fa\u00e7on strat\u00e9gique pour innover, rivaliser et prosp\u00e9rer en utilisant des informations\/enseignements des modules pr\u00e9c\u00e9dents. Cette s\u00e9ance abordera \u00e9galement la pr\u00e9paration organisationnelle, l\u2019alignement strat\u00e9gique, le changement culturel et la gestion du changement.<\/p>\n<p>Tout le contenu du module sera livr\u00e9 en anglais (sous-titres cod\u00e9s en fran\u00e7ais sur demande)[\/vc_column_text][\/vc_column_inner][\/vc_row_inner][vc_separator color=\u00a0\u00bbcustom\u00a0\u00bb css=\u00a0\u00bb.vc_custom_1723032735565{padding-top: 35px !important;}\u00a0\u00bb accent_color=\u00a0\u00bb#efefef\u00a0\u00bb][\/vc_column][\/vc_row][vc_row css=\u00a0\u00bb.vc_custom_1722351475202{padding-bottom: 50px !important;}\u00a0\u00bb][vc_column width=\u00a0\u00bb1\/4&Prime;][\/vc_column][vc_column width=\u00a0\u00bb3\/4&Prime; css=\u00a0\u00bb.vc_custom_1722348610433{padding-bottom: 50px !important;}\u00a0\u00bb][vc_row_inner][vc_column_inner][vc_column_text css=\u00a0\u00bb\u00a0\u00bb]<\/p>\n<h3>Quand le cours a-t-il lieu?<\/h3>\n<p>Neuf\u00a0s\u00e9ances th\u00e9matiques sont offertes pour chaque cohorte, avec trois\u00a0options d\u2019heure de groupe diff\u00e9rente. Chaque s\u00e9ance comprend 90 minutes d\u2019apprentissage et de r\u00e9seautage\u00a0ax\u00e9es\u00a0sur un\u00a0sujet sp\u00e9cifique. Veuillez regarder attentivement les dates ci-dessous, car la pr\u00e9sence est obligatoire. \u00a0Les participants assisteront aux s\u00e9ances de cours le m\u00eame jour de la semaine et \u00e0 la m\u00eame heure pendant toute la dur\u00e9e du cours. Les modifications apport\u00e9es \u00e0 l\u2019option de jour et d\u2019heure s\u00e9lectionn\u00e9s\u00a0ne seront pas\u00a0autoris\u00e9es\u00a0apr\u00e8s l\u2019inscription. Cela garantit les possibilit\u00e9s de r\u00e9seautage,\u00a0l\u2019\u00e9tablissement de relations et le maintien de\u00a0la confidentialit\u00e9 pour tous les participants.<\/p>\n<ul>\n<li><strong>Cohorte 3 :<\/strong> Avril \u00e0 juin 2025<\/li>\n<\/ul>\n<p><em>* L&rsquo;ordre des s\u00e9ances est sujet \u00e0 changement.<\/em>[\/vc_column_text][vc_toggle title=\u00a0\u00bbCohorte 3 \u2014 Groupe du mardi :\u00a0\u00bb css=\u00a0\u00bb\u00a0\u00bb]<\/p>\n<ul>\n<li>S\u00e9ance 1 \u2013 22 avril, 8h00, HNP | 11h00, HE | Midi, HA<\/li>\n<li>S\u00e9ance 2 \u2013 29 avril, 8h00, HNP | 11h00, HE | Midi, HA<\/li>\n<li>S\u00e9ance 3 \u2013 6 mai, 8h00, HNP | 11h00, HE | Midi, HA<\/li>\n<li>S\u00e9ance 4 \u2013 13 mai, 8h00, HNP | 11h00, HE | Midi, HA<\/li>\n<li>S\u00e9ance 5 \u2013 27 mai, 8h00, HNP | 11h00, HE | Midi, HA<\/li>\n<li>S\u00e9ance 6 \u2013 3 juin, 8h00, HNP | 11h00, HE | Midi, HA<\/li>\n<li>S\u00e9ance 7 \u2013 10 juin, 8h00, HNP | 11h00, HE | Midi, HA<\/li>\n<li>S\u00e9ance 8 \u2013 17 juin, 8h00, HNP | 11h00, HE | Midi, HA<\/li>\n<li>S\u00e9ance 9 \u2013 25 juin, 8h00, HNP | 11h00, HE | Midi, HA<\/li>\n<\/ul>\n<p>[\/vc_toggle][vc_toggle title=\u00a0\u00bbCohorte 3 \u2014 Groupe du mercredi :\u00a0\u00bb css=\u00a0\u00bb\u00a0\u00bb]<\/p>\n<ul>\n<li>S\u00e9ance 1 \u2013 23 avril, 11h00, HNP | 14h00, HE | 15h00, HA<\/li>\n<li>S\u00e9ance 2 \u2013 30 avril, 11h00, HNP | 14h00, HE | 15h00, HA<\/li>\n<li>S\u00e9ance 3 \u2013 7 mai, 11h00, HNP | 14h00, HE | 15h00, HA<\/li>\n<li>S\u00e9ance 4 \u2013 14 mai, 11h00, HNP | 14h00, HE | 15h00, HA<\/li>\n<li>S\u00e9ance 5 \u2013 28 mai, 11h00, HNP | 14h00, HE | 15h00, HA<\/li>\n<li>S\u00e9ance 6 \u2013 4 juin, 11h00, HNP | 14h00, HE | 15h00, HA<\/li>\n<li>S\u00e9ance 7 \u2013 11 juin, 11h00, HNP | 14h00, HE | 15h00, HA<\/li>\n<li>S\u00e9ance 8 \u2013 18 juin, 11h00, HNP | 14h00, HE | 15h00, HA<\/li>\n<li>S\u00e9ance 9 \u2013 25 juin, 11h00, HNP | 14h00, HE | 15h00, HA<\/li>\n<\/ul>\n<p>[\/vc_toggle][vc_toggle title=\u00a0\u00bbCohorte 3 \u2014 Groupe du jeudi :\u00a0\u00bb css=\u00a0\u00bb\u00a0\u00bb]<\/p>\n<ul>\n<li>S\u00e9ance 1 \u2013 24 avril, 15h00, HNP | 18h00, HE | 19h00, HA<\/li>\n<li>S\u00e9ance 2 \u2013 1 mai, 15h00, HNP | 18h00, HE | 19h00, HA<\/li>\n<li>S\u00e9ance 3 \u2013 8 mai, 15h00, HNP | 18h00, HE | 19h00, HA<\/li>\n<li>S\u00e9ance 4 \u2013 15 mai, 15h00, HNP | 18h00, HE | 19h00, HA<\/li>\n<li>S\u00e9ance 5 \u2013 29 mai, 15h00, HNP | 18h00, HE | 19h00, HA<\/li>\n<li>S\u00e9ance 6 \u2013 5 juin, 15h00, HNP | 18h00, HE | 19h00, HA<\/li>\n<li>S\u00e9ance 7 \u2013 12 juin, 15h00, HNP | 18h00, HE | 19h00, HA<\/li>\n<li>S\u00e9ance 8 \u2013 19 juin, 15h00, HNP | 18h00, HE | 19h00, HA<\/li>\n<li>S\u00e9ance 9 \u2013 26 juin, 15h00, HNP | 18h00, HE | 19h00, HA<\/li>\n<\/ul>\n<p>[\/vc_toggle][\/vc_column_inner][\/vc_row_inner][\/vc_column][\/vc_row][\/vc_section][vc_section full_width=\u00a0\u00bbstretch_row\u00a0\u00bb css=\u00a0\u00bb.vc_custom_1722351957528{padding-top: 100px !important;padding-bottom: 100px !important;background-color: #f2f2f2 !important;}\u00a0\u00bb][vc_row][vc_column css_animation=\u00a0\u00bbslideInLeft\u00a0\u00bb width=\u00a0\u00bb1\/4&Prime;][vc_column_text css=\u00a0\u00bb\u00a0\u00bb]<\/p>\n<h2>Inscriptions<\/h2>\n<p>[\/vc_column_text][\/vc_column][vc_column width=\u00a0\u00bb3\/4&Prime;][vc_column_text css=\u00a0\u00bb\u00a0\u00bb]<\/p>\n<ul>\n<li>Des frais d\u2019inscription de 100\u00a0$ plus les taxes applicables doivent \u00eatre pay\u00e9s lors de l\u2019acceptation. Le lien vers les modules du cours ne sera pas envoy\u00e9 avant la r\u00e9ception du paiement.<\/li>\n<li>Les inscriptions doivent \u00eatre effectu\u00e9es avant le mercredi 11 d\u00e9cembre 2024, \u00e0 midi, HNP | 16h00, HA.<\/li>\n<li>Les personnes int\u00e9ress\u00e9es s\u2019inscrivent \u00e0 l\u2019une des 20\u00a0places disponibles par s\u00e9ance.<\/li>\n<li>Veuillez pr\u00e9ciser le groupe pr\u00e9f\u00e9r\u00e9 (mardi, mercredi, jeudi)<\/li>\n<li>Vous d\u00e9sirez savoir autre chose? Communiquez avec nous \u00e0 oaitf@oceansupercluster.ca<\/li>\n<\/ul>\n<p>[\/vc_column_text][vc_btn title=\u00a0\u00bbInscrivez-vous d\u00e8s maintenant\u00a0\u00bb color=\u00a0\u00bbinfo\u00a0\u00bb css=\u00a0\u00bb\u00a0\u00bb link=\u00a0\u00bburl:https%3A%2F%2Fforms.office.com%2Fpages%2Fresponsepage.aspx%3Fid%3DYruorEE3CUyjzZa3gu4b7VPgTFDxa9ZAuD6FfKG-gThUM1RLUUNCTVNEWFZDT0M3R1k4SVlUSFVURS4u%26route%3Dshorturl|target:_blank\u00a0\u00bb][\/vc_column][\/vc_row][\/vc_section]<\/p><\/div>\n<\/div>","protected":false},"excerpt":{"rendered":"<p>[vc_section css=\u00a0\u00bb.vc_custom_1722348633801{padding-top: 50px !important;padding-bottom: 50px !important;}\u00a0\u00bb][vc_row][vc_column width=\u00a0\u00bb1\/4&Prime;][vc_column_text css=\u00a0\u00bb\u00a0\u00bb] Cours Bases des technologies et de l\u2019IA oc\u00e9aniques (OAITF) [\/vc_column_text][\/vc_column][vc_column width=\u00a0\u00bb3\/4&Prime;][vc_column_text css=\u00a0\u00bb\u00a0\u00bb] Fa\u00e7onner l\u2019avenir des technologies oc\u00e9aniques gr\u00e2ce \u00e0 l\u2019IA Bienvenue au [&hellip;]<\/p>\n","protected":false},"author":6,"featured_media":16191,"parent":0,"menu_order":0,"comment_status":"closed","ping_status":"closed","template":"","meta":{"_acf_changed":false,"footnotes":""},"class_list":["post-16219","page","type-page","status-publish","has-post-thumbnail","hentry"],"acf":[],"_links":{"self":[{"href":"https:\/\/oceansupercluster.ca\/fr\/wp-json\/wp\/v2\/pages\/16219","targetHints":{"allow":["GET"]}}],"collection":[{"href":"https:\/\/oceansupercluster.ca\/fr\/wp-json\/wp\/v2\/pages"}],"about":[{"href":"https:\/\/oceansupercluster.ca\/fr\/wp-json\/wp\/v2\/types\/page"}],"author":[{"embeddable":true,"href":"https:\/\/oceansupercluster.ca\/fr\/wp-json\/wp\/v2\/users\/6"}],"replies":[{"embeddable":true,"href":"https:\/\/oceansupercluster.ca\/fr\/wp-json\/wp\/v2\/comments?post=16219"}],"version-history":[{"count":0,"href":"https:\/\/oceansupercluster.ca\/fr\/wp-json\/wp\/v2\/pages\/16219\/revisions"}],"wp:featuredmedia":[{"embeddable":true,"href":"https:\/\/oceansupercluster.ca\/fr\/wp-json\/wp\/v2\/media\/16191"}],"wp:attachment":[{"href":"https:\/\/oceansupercluster.ca\/fr\/wp-json\/wp\/v2\/media?parent=16219"}],"curies":[{"name":"wp","href":"https:\/\/api.w.org\/{rel}","templated":true}]}}