{"id":17045,"date":"2024-12-05T13:18:40","date_gmt":"2024-12-05T13:18:40","guid":{"rendered":"https:\/\/oceansupercluster.ca\/the-future-of-ocean-ai-a-strategic-approach-for-canada\/"},"modified":"2025-10-28T18:04:44","modified_gmt":"2025-10-28T18:04:44","slug":"ia-oceanique","status":"publish","type":"page","link":"https:\/\/oceansupercluster.ca\/fr\/ia-oceanique\/","title":{"rendered":"IA oc\u00e9anique"},"content":{"rendered":"<div class=\"wpb-content-wrapper\"><div class=\"g-container\">[vc_section full_width=\u00a0\u00bbstretch_row\u00a0\u00bb css=\u00a0\u00bb.vc_custom_1761674617095{margin-top: -100px !important;padding-top: 100px !important;padding-bottom: 100px !important;background-color: #FFFFFF !important;}\u00a0\u00bb][vc_row][vc_column width=\u00a0\u00bb1\/6&Prime; css=\u00a0\u00bb.vc_custom_1733846971720{padding-right: 50px !important;}\u00a0\u00bb][\/vc_column][vc_column width=\u00a0\u00bb2\/3&Prime;][vc_column_text css_animation=\u00a0\u00bbnone\u00a0\u00bb css=\u00a0\u00bb\u00a0\u00bb]<\/p>\n<h2 style=\"text-align: center;\"><span style=\"color: #1ac0de;\"><strong>Une approche strat\u00e9gique pour le Canada<\/strong><\/span><\/h2>\n<p>[\/vc_column_text][vc_column_text css=\u00a0\u00bb\u00a0\u00bb]<\/p>\n<p style=\"text-align: center;\"><span style=\"color: #000000;\">Le secteur oc\u00e9anique du Canada est confront\u00e9 \u00e0 des d\u00e9fis uniques qui exigent des solutions novatrices. L\u2019IA offre le potentiel de relever efficacement ces d\u00e9fis en procurant souvent des impacts significatifs avez moins de ressources. Reconnaissant cette possibilit\u00e9, Supergrappe des oc\u00e9ans du Canada (SOC) a d\u00e9cid\u00e9 d\u2019explorer davantage le potentiel de l\u2019IA en \u00e9laborant cette analyse et cette feuille de route de l\u2019IA oc\u00e9anique.<\/span><\/p>\n<p>[\/vc_column_text][vc_btn title=\u00a0\u00bbLisez le rapport\u00a0\u00bb color=\u00a0\u00bbinfo\u00a0\u00bb align=\u00a0\u00bbcenter\u00a0\u00bb css=\u00a0\u00bb\u00a0\u00bb link=\u00a0\u00bburl:https%3A%2F%2Foceansupercluster.ca%2Fwp-content%2Fuploads%2FOcean-AI_Insights-Report_Fr_1211.pdf|target:_blank\u00a0\u00bb el_class=\u00a0\u00bbvbtn\u00a0\u00bb][\/vc_column][vc_column width=\u00a0\u00bb1\/6&Prime;][\/vc_column][\/vc_row][\/vc_section][vc_section full_width=\u00a0\u00bbstretch_row\u00a0\u00bb css=\u00a0\u00bb.vc_custom_1761674381865{padding-top: 100px !important;padding-bottom: 75px !important;background-color: #E5F8FB !important;}\u00a0\u00bb][vc_row css=\u00a0\u00bb.vc_custom_1733405131276{padding-top: 0px !important;padding-bottom: 0px !important;}\u00a0\u00bb][vc_column width=\u00a0\u00bb1\/4&Prime; css=\u00a0\u00bb.vc_custom_1733846989199{padding-right: 50px !important;}\u00a0\u00bb][vc_column_text css_animation=\u00a0\u00bbnone\u00a0\u00bb css=\u00a0\u00bb\u00a0\u00bb]<\/p>\n<h2>Ressources d\u2019IA oc\u00e9anique<\/h2>\n<p>[\/vc_column_text][\/vc_column][vc_column width=\u00a0\u00bb3\/4&Prime;][vc_row_inner][vc_column_inner width=\u00a0\u00bb1\/4&Prime; css=\u00a0\u00bb.vc_custom_1733232200285{padding-right: 25px !important;padding-left: 25px !important;}\u00a0\u00bb][vc_single_image image=\u00a0\u00bb17066&Prime; img_size=\u00a0\u00bbmedium\u00a0\u00bb alignment=\u00a0\u00bbcenter\u00a0\u00bb onclick=\u00a0\u00bbcustom_link\u00a0\u00bb img_link_target=\u00a0\u00bb_blank\u00a0\u00bb css=\u00a0\u00bb\u00a0\u00bb link=\u00a0\u00bbhttps:\/\/oceansupercluster.ca\/wp-content\/uploads\/Ocean-AI_Insights-Report_Fr_1211.pdf\u00a0\u00bb][vc_column_text css=\u00a0\u00bb\u00a0\u00bb]<\/p>\n<p style=\"text-align: center;\"><span style=\"color: #000000;\"><strong>Une approche strat\u00e9gique pour le Canada<\/strong><\/span><\/p>\n<p>[\/vc_column_text][\/vc_column_inner][vc_column_inner width=\u00a0\u00bb1\/4&Prime; css=\u00a0\u00bb.vc_custom_1733232207451{padding-right: 25px !important;padding-left: 25px !important;}\u00a0\u00bb][vc_single_image image=\u00a0\u00bb20526&Prime; img_size=\u00a0\u00bbmedium\u00a0\u00bb alignment=\u00a0\u00bbcenter\u00a0\u00bb onclick=\u00a0\u00bbcustom_link\u00a0\u00bb img_link_target=\u00a0\u00bb_blank\u00a0\u00bb css=\u00a0\u00bb\u00a0\u00bb link=\u00a0\u00bbhttps:\/\/oceansupercluster.ca\/wp-content\/uploads\/Ocean-AI_-Insights-Report-2025_Fr.pdf\u00a0\u00bb][vc_column_text css=\u00a0\u00bb\u00a0\u00bb]<\/p>\n<p style=\"text-align: center;\"><strong>Rapport sommaire<\/strong><\/p>\n<p>[\/vc_column_text][\/vc_column_inner][vc_column_inner width=\u00a0\u00bb1\/4&Prime; css=\u00a0\u00bb.vc_custom_1733232214648{padding-right: 25px !important;padding-left: 25px !important;}\u00a0\u00bb][\/vc_column_inner][vc_column_inner width=\u00a0\u00bb1\/4&Prime;][\/vc_column_inner][\/vc_row_inner][\/vc_column][\/vc_row][\/vc_section][vc_section css=\u00a0\u00bb.vc_custom_1733405098405{padding-top: 100px !important;padding-bottom: 75px !important;}\u00a0\u00bb][vc_row][vc_column width=\u00a0\u00bb1\/4&Prime;][vc_column_text css_animation=\u00a0\u00bbnone\u00a0\u00bb css=\u00a0\u00bb\u00a0\u00bb]<\/p>\n<h2>Ressources d\u2019IA oc\u00e9anique<\/h2>\n<p>[\/vc_column_text][\/vc_column][vc_column width=\u00a0\u00bb3\/4&Prime;][vc_column_text css=\u00a0\u00bb\u00a0\u00bb]<\/p>\n<div class=\"wpb_text_column wpb_content_element\">\n<div class=\"wpb_wrapper\">\n<p>Pour \u00e9laborer ce plan exhaustif, SOC a men\u00e9 des entrevues aupr\u00e8s de parties prenantes cl\u00e9s afin de recueillir des connaissances sur l\u2019adoption de l\u2019IA ainsi que les d\u00e9fis et les r\u00e9ussites connexes. Combin\u00e9es \u00e0 une \u00e9tude de march\u00e9 et \u00e0 un sondage men\u00e9 aupr\u00e8s de 71\u00a0participants, ces entrevues apportent une compr\u00e9hension compl\u00e8te du r\u00f4le et du potentiel de l\u2019IA dans le secteur oc\u00e9anique. Ce plan vise \u00e0 promouvoir l\u2019adoption responsable de l\u2019IA pour faire cro\u00eetre l\u2019\u00e9conomie oc\u00e9anique du Canada en faisant la d\u00e9monstration des applications actuelles de l\u2019IA, en soulignant les d\u00e9fis de l\u2019industrie et en offrant des possibilit\u00e9s et des recommandations. Cette approche exhaustive souligne le potentiel de transformation de l\u2019IA dans le secteur oc\u00e9anique.<\/p>\n<p>Apr\u00e8s avoir men\u00e9 14\u00a0entrevues aupr\u00e8s de leaders de l\u2019industrie, SOC a d\u00e9fini quatre obstacles majeurs qui entravent l\u2019int\u00e9gration g\u00e9n\u00e9ralis\u00e9e de l\u2019IA dans le secteur oc\u00e9anique\u00a0:<\/p>\n<\/div>\n<\/div>\n<p>[\/vc_column_text][vc_row_inner][vc_column_inner width=\u00a0\u00bb1\/4&Prime; css=\u00a0\u00bb.vc_custom_1733232813649{padding-right: 25px !important;padding-left: 25px !important;}\u00a0\u00bb][vc_icon icon_fontawesome=\u00a0\u00bbfas fa-question\u00a0\u00bb color=\u00a0\u00bbturquoise\u00a0\u00bb size=\u00a0\u00bblg\u00a0\u00bb align=\u00a0\u00bbcenter\u00a0\u00bb css=\u00a0\u00bb\u00a0\u00bb][vc_column_text css=\u00a0\u00bb\u00a0\u00bb]<\/p>\n<p style=\"text-align: center;\"><strong>L\u2019\u00e9cart des connaissances en IA<\/strong><\/p>\n<p>[\/vc_column_text][\/vc_column_inner][vc_column_inner width=\u00a0\u00bb1\/4&Prime; css=\u00a0\u00bb.vc_custom_1733232823537{padding-right: 25px !important;padding-left: 25px !important;}\u00a0\u00bb][vc_icon icon_fontawesome=\u00a0\u00bbfas fa-seedling\u00a0\u00bb color=\u00a0\u00bbturquoise\u00a0\u00bb size=\u00a0\u00bblg\u00a0\u00bb align=\u00a0\u00bbcenter\u00a0\u00bb css=\u00a0\u00bb\u00a0\u00bb][vc_column_text css=\u00a0\u00bb\u00a0\u00bb]<\/p>\n<p style=\"text-align: center;\"><strong>La maturit\u00e9 num\u00e9rique<\/strong><\/p>\n<p>[\/vc_column_text][\/vc_column_inner][vc_column_inner width=\u00a0\u00bb1\/4&Prime; css=\u00a0\u00bb.vc_custom_1733232834639{padding-right: 25px !important;padding-left: 25px !important;}\u00a0\u00bb][vc_icon icon_fontawesome=\u00a0\u00bbfas fa-server\u00a0\u00bb color=\u00a0\u00bbturquoise\u00a0\u00bb size=\u00a0\u00bblg\u00a0\u00bb align=\u00a0\u00bbcenter\u00a0\u00bb css=\u00a0\u00bb\u00a0\u00bb][vc_column_text css=\u00a0\u00bb\u00a0\u00bb]<\/p>\n<p style=\"text-align: center;\"><strong>La maturit\u00e9 num\u00e9rique<\/strong><\/p>\n<p>[\/vc_column_text][\/vc_column_inner][vc_column_inner width=\u00a0\u00bb1\/4&Prime; css=\u00a0\u00bb.vc_custom_1733232853385{padding-right: 25px !important;padding-left: 25px !important;}\u00a0\u00bb][vc_icon icon_fontawesome=\u00a0\u00bbfas fa-file-invoice-dollar\u00a0\u00bb color=\u00a0\u00bbturquoise\u00a0\u00bb size=\u00a0\u00bblg\u00a0\u00bb align=\u00a0\u00bbcenter\u00a0\u00bb css=\u00a0\u00bb\u00a0\u00bb][vc_column_text css=\u00a0\u00bb\u00a0\u00bb]<\/p>\n<p style=\"text-align: center;\"><strong>La pression financi\u00e8re<\/strong><\/p>\n<p>[\/vc_column_text][\/vc_column_inner][\/vc_row_inner][\/vc_column][\/vc_row][\/vc_section][vc_section full_width=\u00a0\u00bbstretch_row\u00a0\u00bb css=\u00a0\u00bb.vc_custom_1761674392895{padding-top: 100px !important;padding-bottom: 100px !important;background-color: #E5F8FB !important;}\u00a0\u00bb][vc_row][vc_column width=\u00a0\u00bb1\/4&Prime;][vc_column_text css_animation=\u00a0\u00bbnone\u00a0\u00bb css=\u00a0\u00bb\u00a0\u00bb]<\/p>\n<h2>Action de SOC<\/h2>\n<p>[\/vc_column_text][\/vc_column][vc_column width=\u00a0\u00bb3\/4&Prime;][vc_column_text css=\u00a0\u00bb\u00a0\u00bb]<\/p>\n<ul>\n<li>SOC a lanc\u00e9 le\u00a0cours <a href=\"https:\/\/oceansupercluster.ca\/fr\/oaitf\/\">Bases des technologies et de l\u2019IA oc\u00e9aniques<\/a> pour offrir aux professionnels actuels du secteur oc\u00e9anique une formation sur l\u2019IA dans un contexte oc\u00e9anique.<\/li>\n<li>SOC a aussi lanc\u00e9 une campagne sur les m\u00e9dias sociaux intitul\u00e9e\u00a0<a href=\"https:\/\/oceansupercluster.ca\/fr\/our-impact\/member-stories\/\">Story to Tell<\/a> (Histoire \u00e0 conter)\u00a0qui pr\u00e9sente des projets actuels d\u2019IA oc\u00e9anique. Cette campagne d\u00e9montre le potentiel de l\u2019IA dans le secteur oc\u00e9anique tout en fournissant des exemples de la fa\u00e7on dont l\u2019IA oc\u00e9anique contribue d\u00e9j\u00e0 \u00e0 la croissance du secteur.<\/li>\n<li>Par le biais d\u2019\u00e9v\u00e9nements pour les membres et de notre canal Slack r\u00e9serv\u00e9 aux membres, SOC offre des occasions de r\u00e9seautage aux professionnels du secteur oc\u00e9anique afin qu\u2019ils puissent rassembler leurs id\u00e9es et leurs projets. Cette mobilisation de professionnels du secteur oc\u00e9anique favorise la collaboration pour rehausser les innovations.<\/li>\n<li>Gr\u00e2ce \u00e0 ses appels de propositions en IA oc\u00e9anique et \u00e0 ses\u00a0<a href=\"https:\/\/oceansupercluster.ca\/fr\/what-we-do\/programs\/\">Projets et programmes<\/a>, SOC permet aux PME du secteur oc\u00e9anique d\u2019obtenir le financement n\u00e9cessaire pour faire progresser leurs projets en IA oc\u00e9anique.<\/li>\n<\/ul>\n<p>[\/vc_column_text][\/vc_column][\/vc_row][\/vc_section][vc_section full_width=\u00a0\u00bbstretch_row\u00a0\u00bb css=\u00a0\u00bb.vc_custom_1733405063088{padding-top: 100px !important;padding-bottom: 100px !important;background-color: #FFFFFF !important;}\u00a0\u00bb][vc_row][vc_column width=\u00a0\u00bb1\/4&Prime; css=\u00a0\u00bb.vc_custom_1733847666469{padding-right: 50px !important;}\u00a0\u00bb][vc_column_text css_animation=\u00a0\u00bbnone\u00a0\u00bb css=\u00a0\u00bb\u00a0\u00bb]<\/p>\n<h2>Projets d\u2019IA de SOC<\/h2>\n<p>[\/vc_column_text][\/vc_column][vc_column width=\u00a0\u00bb3\/4&Prime;][vc_images_carousel images=\u00a0\u00bb15900,13946,11971,11953,11965,11959,13944,11962,14439,11950,11968&Prime; img_size=\u00a0\u00bb960&#215;540&Prime; onclick=\u00a0\u00bbcustom_link\u00a0\u00bb slides_per_view=\u00a0\u00bb2&Prime; autoplay=\u00a0\u00bbyes\u00a0\u00bb partial_view=\u00a0\u00bbyes\u00a0\u00bb wrap=\u00a0\u00bbyes\u00a0\u00bb css=\u00a0\u00bb\u00a0\u00bb custom_links=\u00a0\u00bb#E-8_aHR0cHMlM0ElMkYlMkZvY2VhbnN1cGVyY2x1c3Rlci5jYSUyRmZyJTJGcHJvamVjdCUyRmNhbmFkYXMtb2NlYW4tc3VwZXJjbHVzdGVyLWFubm91bmNlcy0yLTVtLXByb2plY3QtdG8tYWNjZWxlcmF0ZS1hZG9wdGlvbi1vZi1haS1pbi10aGUtb2NlYW4tc2VjdG9yJTJGJTJDaHR0cHMlM0ElMkYlMkZvY2VhbnN1cGVyY2x1c3Rlci5jYSUyRmZyJTJGcHJvamVjdCUyRmNhbmFkYXMtb2NlYW4tc3VwZXJjbHVzdGVyLWFubm91bmNlcy1maXNodnVlLWFpLXBsYXRmb3JtLXByb2plY3QtY29tbWVyY2lhbGx5LWludGVncmF0aW5nLWFpLWluLWZpc2hlcmllcy1tb25pdG9yaW5nJTJGJTJDaHR0cHMlM0ElMkYlMkZvY2VhbnN1cGVyY2x1c3Rlci5jYSUyRmZyJTJGcHJvamVjdCUyRmNhbmFkYXMtb2NlYW4tc3VwZXJjbHVzdGVyLWFubm91bmNlcy0xMC01bS1oeWRyb2F3YXJlLXByb2plY3QtZXhwYW5kaW5nLWh5ZHJvcG93ZXItYW5kLXNhZmVndWFyZC1oYWJpdGF0cy11c2luZy1haS1wb3dlcmVkLWZpc2gtbW9uaXRvcmluZyUyRiUyQ2h0dHBzJTNBJTJGJTJGb2NlYW5zdXBlcmNsdXN0ZXIuY2ElMkZmciUyRnByb2plY3QlMkZjYW5hZGFzLW9jZWFuLXN1cGVyY2x1c3Rlci1hbm5vdW5jZXMtbWF4aW1pemluZy1veXN0ZXItcHJvZHVjdGlvbi10aHJvdWdoLWFpLWVuYWJsZWQtbW9uaXRvcmluZy1wcm9qZWN0JTJGJTJDaHR0cHMlM0ElMkYlMkZvY2VhbnN1cGVyY2x1c3Rlci5jYSUyRmZyJTJGcHJvamVjdCUyRmNhbmFkYXMtb2NlYW4tc3VwZXJjbHVzdGVyLWFubm91bmNlcy12aXN1YWwtYXNzZXNzbWVudC1vZi1hcXVhY3VsdHVyZS1wZW5zLXByb2plY3QlMkYlMkNodHRwcyUzQSUyRiUyRm9jZWFuc3VwZXJjbHVzdGVyLmNhJTJGZnIlMkZwcm9qZWN0JTJGY2FuYWRhcy1vY2Vhbi1zdXBlcmNsdXN0ZXItZnVuZHMtc2NpZW50LWFuYWx5dGljcy1pbmMtcy1saXRob3Njb3BlLXByb2plY3QtbmV4dC1nZW5lcmF0aW9uLW9mLW11bHRpLW1vZGFsLXNlZGltZW50LWNoYXJhY3Rlcml6YXRpb24tc29sdXRpb24lMkYlMkNodHRwcyUzQSUyRiUyRm9jZWFuc3VwZXJjbHVzdGVyLmNhJTJGZnIlMkZwcm9qZWN0JTJGY2FuYWRhcy1vY2Vhbi1zdXBlcmNsdXN0ZXItYW5ub3VuY2VzLWVuaGFuY2luZy1lbnZpcm9ubWVudGFsLWRuYS10aHJvdWdoLWFpLXByb2plY3QlMkYlMkNodHRwcyUzQSUyRiUyRm9jZWFuc3VwZXJjbHVzdGVyLmNhJTJGZnIlMkZwcm9qZWN0JTJGY2FuYWRhcy1vY2Vhbi1zdXBlcmNsdXN0ZXItYW5ub3VuY2VzLTJtLWF1dG9ub21vdXMtcm9ib3RpYy1jYXBhYmlsaXRpZXMtZm9yLWFxdWFjdWx0dXJlLXByb2plY3QlMkYlMkNodHRwcyUzQSUyRiUyRm9jZWFuc3VwZXJjbHVzdGVyLmNhJTJGZnIlMkZwcm9qZWN0JTJGY2FuYWRhcy1vY2Vhbi1zdXBlcmNsdXN0ZXItYW5ub3VuY2VzLTEybS1haS1wb3dlcmVkLWJlcnRoLXNjaGVkdWxlLW1hbmFnZW1lbnQtcHJvamVjdCUyRiUyQ2h0dHBzJTNBJTJGJTJGb2NlYW5zdXBlcmNsdXN0ZXIuY2ElMkZmciUyRnByb2plY3QlMkZjYW5hZGFzLW9jZWFuLXN1cGVyY2x1c3Rlci0xLTZtLWFpLWRyaXZlbi1zZW5zb3JzLWZvci1zZWF3ZWVkLW1lYXN1cmVtZW50LXByb2plY3QlMkYlMkNodHRwcyUzQSUyRiUyRm9jZWFuc3VwZXJjbHVzdGVyLmNhJTJGZnIlMkZwcm9qZWN0JTJGY2FuYWRhcy1vY2Vhbi1zdXBlcmNsdXN0ZXItYW5ub3VuY2VzLWFpLWZvci1zY2FsYWJsZS1maXNoZXJpZXMtbW9uaXRvcmluZy1wcm9qZWN0JTJG\u00a0\u00bb][vc_btn title=\u00a0\u00bbAfficher plus de projets\u00a0\u00bb color=\u00a0\u00bbinfo\u00a0\u00bb css=\u00a0\u00bb.vc_custom_1733847439862{margin-top: 25px !important;margin-left: 10px !important;}\u00a0\u00bb link=\u00a0\u00bburl:https%3A%2F%2Foceansupercluster.ca%2Ffr%2Fwhat-we-do%2Fproject-portfolio%2F\u00a0\u00bb el_class=\u00a0\u00bbvbtn\u00a0\u00bb][\/vc_column][\/vc_row][\/vc_section][vc_section full_width=\u00a0\u00bbstretch_row\u00a0\u00bb css=\u00a0\u00bb.vc_custom_1733402495288{padding-top: 75px !important;padding-bottom: 50px !important;background-color: #18406F !important;}\u00a0\u00bb][vc_row][vc_column width=\u00a0\u00bb1\/4&Prime;][vc_column_text css_animation=\u00a0\u00bbnone\u00a0\u00bb css=\u00a0\u00bb\u00a0\u00bb]<\/p>\n<h2><span style=\"color: #ffffff;\">Engagement<\/span><\/h2>\n<p>[\/vc_column_text][\/vc_column][vc_column width=\u00a0\u00bb3\/4&Prime;][vc_column_text css=\u00a0\u00bb\u00a0\u00bb]<span style=\"color: #ffffff;\">En approfondissant l\u2019impact de l\u2019IA, SOC promeut l\u2019int\u00e9gration de technologies avanc\u00e9es pour rehausser la performance et la durabilit\u00e9. Le potentiel de l\u2019IA \u00e0 relever des d\u00e9fis critiques, \u00e0 g\u00e9n\u00e9rer des avantages \u00e9conomiques et \u00e0 soutenir des efforts de conservation de l\u2019environnement est au premier plan de cette initiative.<\/span>[\/vc_column_text][vc_column_text css=\u00a0\u00bb\u00a0\u00bb]<span style=\"color: #ffffff;\"><strong>Les objectifs strat\u00e9giques d\u00e9finis comprennent\u00a0:<\/strong><\/span><\/p>\n<ul>\n<li><span style=\"color: #ffffff;\">Investir dans le d\u00e9veloppement des comp\u00e9tences<\/span><\/li>\n<li><span style=\"color: #ffffff;\">Am\u00e9liorer la gestion des donn\u00e9es<\/span><\/li>\n<li><span style=\"color: #ffffff;\">Renforcer l\u2019infrastructure technologique<\/span><\/li>\n<li><span style=\"color: #ffffff;\">Augmenter des investissements<\/span><\/li>\n<li><span style=\"color: #ffffff;\">Favoriser la collaboration<\/span><\/li>\n<\/ul>\n<p><span style=\"color: #ffffff;\">En mettant en \u0153uvre ces objectifs strat\u00e9giques, le secteur oc\u00e9anique peut surmonter efficacement les obstacles \u00e0 l\u2019adoption de l\u2019IA et exploiter le potentiel de transformation des technologies de l\u2019IA.<\/span>[\/vc_column_text][\/vc_column][\/vc_row][\/vc_section]<\/div>\n<\/div>","protected":false},"excerpt":{"rendered":"<p>[vc_section full_width=\u00a0\u00bbstretch_row\u00a0\u00bb css=\u00a0\u00bb.vc_custom_1761674617095{margin-top: -100px !important;padding-top: 100px !important;padding-bottom: 100px !important;background-color: #FFFFFF !important;}\u00a0\u00bb][vc_row][vc_column width=\u00a0\u00bb1\/6&Prime; css=\u00a0\u00bb.vc_custom_1733846971720{padding-right: 50px !important;}\u00a0\u00bb][\/vc_column][vc_column width=\u00a0\u00bb2\/3&Prime;][vc_column_text css_animation=\u00a0\u00bbnone\u00a0\u00bb css=\u00a0\u00bb\u00a0\u00bb] Une approche strat\u00e9gique pour le Canada [\/vc_column_text][vc_column_text css=\u00a0\u00bb\u00a0\u00bb] Le secteur oc\u00e9anique du [&hellip;]<\/p>\n","protected":false},"author":9,"featured_media":16894,"parent":0,"menu_order":0,"comment_status":"closed","ping_status":"closed","template":"","meta":{"_acf_changed":false,"footnotes":""},"class_list":["post-17045","page","type-page","status-publish","has-post-thumbnail","hentry"],"acf":[],"_links":{"self":[{"href":"https:\/\/oceansupercluster.ca\/fr\/wp-json\/wp\/v2\/pages\/17045","targetHints":{"allow":["GET"]}}],"collection":[{"href":"https:\/\/oceansupercluster.ca\/fr\/wp-json\/wp\/v2\/pages"}],"about":[{"href":"https:\/\/oceansupercluster.ca\/fr\/wp-json\/wp\/v2\/types\/page"}],"author":[{"embeddable":true,"href":"https:\/\/oceansupercluster.ca\/fr\/wp-json\/wp\/v2\/users\/9"}],"replies":[{"embeddable":true,"href":"https:\/\/oceansupercluster.ca\/fr\/wp-json\/wp\/v2\/comments?post=17045"}],"version-history":[{"count":5,"href":"https:\/\/oceansupercluster.ca\/fr\/wp-json\/wp\/v2\/pages\/17045\/revisions"}],"predecessor-version":[{"id":20531,"href":"https:\/\/oceansupercluster.ca\/fr\/wp-json\/wp\/v2\/pages\/17045\/revisions\/20531"}],"wp:featuredmedia":[{"embeddable":true,"href":"https:\/\/oceansupercluster.ca\/fr\/wp-json\/wp\/v2\/media\/16894"}],"wp:attachment":[{"href":"https:\/\/oceansupercluster.ca\/fr\/wp-json\/wp\/v2\/media?parent=17045"}],"curies":[{"name":"wp","href":"https:\/\/api.w.org\/{rel}","templated":true}]}}