{"id":17316,"date":"2024-12-16T17:39:25","date_gmt":"2024-12-16T17:39:25","guid":{"rendered":"https:\/\/oceansupercluster.ca\/level-up\/"},"modified":"2025-02-24T12:34:46","modified_gmt":"2025-02-24T12:34:46","slug":"rehaussez-vos-connaissances","status":"publish","type":"page","link":"https:\/\/oceansupercluster.ca\/fr\/rehaussez-vos-connaissances\/","title":{"rendered":"Rehaussez vos connaissances"},"content":{"rendered":"<div class=\"wpb-content-wrapper\"><div class=\"g-container\">[vc_row][vc_column width=\u00a0\u00bb2\/3&Prime;][vc_column_text css=\u00a0\u00bb\u00a0\u00bb]<\/p>\n<h2 id=\"tw-target-text\" class=\"tw-data-text tw-text-large tw-ta\" dir=\"ltr\" data-placeholder=\"Translation\" data-ved=\"2ahUKEwjz3o2dua-KAxVorokEHQVROaYQ3ewLegQICRAV\" aria-label=\"Translated text: Passez au niveau sup\u00e9rieur avec OSC\u00a0: explorez les ressources, les outils et les conversations pour soutenir l\u2019\u00e9conomie oc\u00e9anique durable du Canada\"><span class=\"Y2IQFc\" lang=\"fr\"><strong>Rehaussez vos connaissances avec SOC :<\/strong> explorez les ressources, les outils et les conversations pour soutenir l\u2019\u00e9conomie oc\u00e9anique durable du Canada<\/span><\/h2>\n<p>[\/vc_column_text][vc_column_text css=\u00a0\u00bb\u00a0\u00bb]Rehaussez vos connaissances avec SOC est une s\u00e9rie de webinaires et de conversations visant \u00e0 renforcer les capacit\u00e9s, \u00e0 partager des exp\u00e9riences et des outils et \u00e0 soutenir les membres de SOC dans leurs importantes contributions \u00e0 l\u2019\u00e9conomie oc\u00e9anique durable du Canada. Sur ce site, vous trouverez des ressources telles que des enregistrements et des documents provenant de webinaires pass\u00e9s. N&rsquo;h\u00e9sitez pas \u00e0 les utiliser et \u00e0 les diffuser au sein de votre organisation.<\/p>\n<p>Avez-vous des questions sur l&rsquo;un des \u00e9v\u00e9nements ou avez-vous d&rsquo;autres suggestions ? Vous pouvez toujours nous joindre au <a style=\"letter-spacing: 0.03em;\" href=\"mailto:membership@oceansupercluster.ca\" target=\"_blank\" rel=\"noopener\">membership@oceansupercluster.ca<\/a>[\/vc_column_text][\/vc_column][vc_column width=\u00a0\u00bb1\/3&Prime;][vc_single_image image=\u00a0\u00bb17318&Prime; img_size=\u00a0\u00bbmedium\u00a0\u00bb alignment=\u00a0\u00bbright\u00a0\u00bb css=\u00a0\u00bb\u00a0\u00bb][\/vc_column][\/vc_row][vc_row][vc_column][vc_empty_space][vc_empty_space][\/vc_column][\/vc_row][vc_row][vc_column width=\u00a0\u00bb1\/3&Prime;][vc_column_text css=\u00a0\u00bb\u00a0\u00bb]<\/p>\n<h4 style=\"text-align: center;\"><span style=\"color: #13c0dd;\">Consid\u00e9rations pratiques sur la propri\u00e9t\u00e9 intellectuelle pour l&rsquo;intelligence artificielle<\/span><\/h4>\n<p>[\/vc_column_text][vc_video link=\u00a0\u00bbhttps:\/\/youtu.be\/RQh2kNfEeSI?si=J34B4KxMAEtRr2mv\u00a0\u00bb css=\u00a0\u00bb.vc_custom_1734374386869{border-radius: 20px !important;}\u00a0\u00bb][vc_column_text css=\u00a0\u00bb\u00a0\u00bb]<\/p>\n<p style=\"text-align: center;\"><a href=\"https:\/\/oceansupercluster.ca\/wp-content\/uploads\/Level-Up-With-The-OSC-Practical-Intellectual-Property-Considerations-for-Artificial-Intelligence-ENG-1-FR.docx\">Document d&rsquo;appui<\/a><\/p>\n<p>[\/vc_column_text][\/vc_column][vc_column width=\u00a0\u00bb1\/3&Prime;][\/vc_column][vc_column width=\u00a0\u00bb1\/3&Prime;][vc_column_text css=\u00a0\u00bb\u00a0\u00bb]<\/p>\n<h4 style=\"text-align: center;\"><span style=\"color: #13c0dd;\">Conseils, outils et mod\u00e8les de communication efficaces pour raconter votre histoire<\/span><\/h4>\n<p>[\/vc_column_text][vc_video link=\u00a0\u00bbhttps:\/\/youtu.be\/jDx_WKvIWWw?si=t6vBa7ecdaRqQaDD\u00a0\u00bb css=\u00a0\u00bb.vc_custom_1734374404933{border-radius: 20px !important;}\u00a0\u00bb][\/vc_column][\/vc_row][vc_row][vc_column][vc_empty_space][\/vc_column][\/vc_row][vc_row][vc_column width=\u00a0\u00bb1\/3&Prime;][vc_column_text css=\u00a0\u00bb\u00a0\u00bb]<\/p>\n<h4 style=\"text-align: center;\"><span style=\"color: #13c0dd;\">L&rsquo;avenir de la main-d&rsquo;\u0153uvre oc\u00e9anique<\/span><\/h4>\n<p>[\/vc_column_text][vc_video link=\u00a0\u00bbhttps:\/\/youtu.be\/HiqzjGFVz38&Prime; css=\u00a0\u00bb\u00a0\u00bb][\/vc_column][vc_column width=\u00a0\u00bb1\/3&Prime;][\/vc_column][vc_column width=\u00a0\u00bb1\/3&Prime;][vc_column_text css=\u00a0\u00bb\u00a0\u00bb]<\/p>\n<h4 style=\"text-align: center;\"><span style=\"color: #13c0dd;\">L\u2019infonuagique pour les entreprises<\/span><\/h4>\n<p>[\/vc_column_text][vc_video link=\u00a0\u00bbhttps:\/\/youtu.be\/NvMNoEayNp0&Prime; css=\u00a0\u00bb\u00a0\u00bb][vc_column_text css=\u00a0\u00bb\u00a0\u00bb]<\/p>\n<p style=\"text-align: center;\"><a href=\"https:\/\/oceansupercluster.ca\/wp-content\/uploads\/OSC-Cloud-Talk-summary-FR.docx\">R\u00e9sum\u00e9 de la conf\u00e9rence Infonuagique de SOC<\/a><\/p>\n<p style=\"text-align: center;\"><a href=\"https:\/\/oceansupercluster.ca\/wp-content\/uploads\/OSC-Cloud-Talk-slides.pdf\">Pr\u00e9sentation<\/a><\/p>\n<p>[\/vc_column_text][\/vc_column][\/vc_row][vc_row][vc_column][vc_empty_space][\/vc_column][\/vc_row][vc_row][vc_column width=\u00a0\u00bb1\/3&Prime;][vc_column_text css=\u00a0\u00bb\u00a0\u00bb]<\/p>\n<h4 style=\"text-align: center;\"><span style=\"color: #13c0dd;\">\u00c9tablissement de relations, recrutement, embauche et r\u00e9tention avec des Autochtones en partenariat<\/span><\/h4>\n<p>[\/vc_column_text][vc_video link=\u00a0\u00bbhttps:\/\/youtu.be\/-PwvM3O-T58?si=9CGODb4JZGnZBSKn\u00a0\u00bb css=\u00a0\u00bb\u00a0\u00bb][vc_column_text css=\u00a0\u00bb\u00a0\u00bb]<\/p>\n<p style=\"text-align: center;\"><a href=\"https:\/\/oceansupercluster.ca\/wp-content\/uploads\/FINAL-Indigenous-Recruitment-and-Retention-Presentation.pdf\">Pr\u00e9sentation<\/a><\/p>\n<p>[\/vc_column_text][\/vc_column][vc_column width=\u00a0\u00bb1\/3&Prime;][\/vc_column][vc_column width=\u00a0\u00bb1\/3&Prime;][vc_column_text css=\u00a0\u00bb\u00a0\u00bb]<\/p>\n<h4 class=\"style-scope ytd-watch-metadata\" style=\"text-align: center;\"><span style=\"color: #13c0dd;\">Maximisez le potentiel de votre projet financ\u00e9 par SOC avec la DEI<\/span><\/h4>\n<p>[\/vc_column_text][vc_empty_space][vc_video link=\u00a0\u00bbhttps:\/\/youtu.be\/aEUTAg4crlw?si=KRiATYumTT6cp-GI\u00a0\u00bb css=\u00a0\u00bb\u00a0\u00bb][vc_column_text css=\u00a0\u00bb\u00a0\u00bb]<\/p>\n<p style=\"text-align: center;\"><a href=\"https:\/\/oceansupercluster.ca\/wp-content\/uploads\/Level-Up-With-The-OSC-Maximizing-DEI-in-Your-OSC-Funded-Project-ENG-1-FR.docx\">Maximiser le DEI dans votre projet financ\u00e9 par SOC<\/a><\/p>\n<p>[\/vc_column_text][\/vc_column][\/vc_row][vc_row][vc_column][vc_empty_space][\/vc_column][\/vc_row][vc_row][vc_column width=\u00a0\u00bb1\/3&Prime;][vc_column_text css=\u00a0\u00bb\u00a0\u00bb]<\/p>\n<h4 style=\"text-align: center;\"><span style=\"color: #13c0dd;\">Cr\u00e9er des parcours de carri\u00e8re bleus gr\u00e2ce \u00e0 l\u2019exp\u00e9rience \u00e9tudiante<\/span><\/h4>\n<p>[\/vc_column_text][vc_video link=\u00a0\u00bbhttps:\/\/youtu.be\/jtBiNqK9Bhg?si=ZsJCPAQTGbJAvfLg\u00a0\u00bb css=\u00a0\u00bb\u00a0\u00bb][vc_column_text css=\u00a0\u00bb\u00a0\u00bb]<\/p>\n<p style=\"text-align: center;\"><a href=\"https:\/\/oceansupercluster.ca\/wp-content\/uploads\/Blue-Career-Pathways-Resource-Document-FR.docx\">Document de ressources sur les parcours de carri\u00e8re bleus<\/a><\/p>\n<p>[\/vc_column_text][\/vc_column][vc_column width=\u00a0\u00bb1\/3&Prime;][\/vc_column][vc_column width=\u00a0\u00bb1\/3&Prime;][\/vc_column][\/vc_row]<\/p><\/div>\n<\/div>","protected":false},"excerpt":{"rendered":"<p>[vc_row][vc_column width=\u00a0\u00bb2\/3&Prime;][vc_column_text css=\u00a0\u00bb\u00a0\u00bb] Rehaussez vos connaissances avec SOC : explorez les ressources, les outils et les conversations pour soutenir l\u2019\u00e9conomie oc\u00e9anique durable du Canada [\/vc_column_text][vc_column_text css=\u00a0\u00bb\u00a0\u00bb]Rehaussez vos connaissances avec SOC [&hellip;]<\/p>\n","protected":false},"author":6,"featured_media":0,"parent":0,"menu_order":0,"comment_status":"closed","ping_status":"closed","template":"","meta":{"_acf_changed":false,"footnotes":""},"class_list":["post-17316","page","type-page","status-publish","hentry"],"acf":[],"_links":{"self":[{"href":"https:\/\/oceansupercluster.ca\/fr\/wp-json\/wp\/v2\/pages\/17316","targetHints":{"allow":["GET"]}}],"collection":[{"href":"https:\/\/oceansupercluster.ca\/fr\/wp-json\/wp\/v2\/pages"}],"about":[{"href":"https:\/\/oceansupercluster.ca\/fr\/wp-json\/wp\/v2\/types\/page"}],"author":[{"embeddable":true,"href":"https:\/\/oceansupercluster.ca\/fr\/wp-json\/wp\/v2\/users\/6"}],"replies":[{"embeddable":true,"href":"https:\/\/oceansupercluster.ca\/fr\/wp-json\/wp\/v2\/comments?post=17316"}],"version-history":[{"count":0,"href":"https:\/\/oceansupercluster.ca\/fr\/wp-json\/wp\/v2\/pages\/17316\/revisions"}],"wp:attachment":[{"href":"https:\/\/oceansupercluster.ca\/fr\/wp-json\/wp\/v2\/media?parent=17316"}],"curies":[{"name":"wp","href":"https:\/\/api.w.org\/{rel}","templated":true}]}}