{"id":17604,"date":"2024-10-29T13:45:19","date_gmt":"2024-10-29T13:45:19","guid":{"rendered":"https:\/\/oceansupercluster.ca\/sponsorship\/"},"modified":"2025-02-06T13:00:07","modified_gmt":"2025-02-06T13:00:07","slug":"sponsorship","status":"publish","type":"page","link":"https:\/\/oceansupercluster.ca\/fr\/sponsorship\/","title":{"rendered":"Commandite au Sommet Ambition 2035"},"content":{"rendered":"<div class=\"wpb-content-wrapper\"><div class=\"g-container\">[vc_section css=\u00a0\u00bb.vc_custom_1731439859493{padding-top: 25px !important;padding-bottom: 50px !important;}\u00a0\u00bb][vc_row][vc_column][vc_single_image image=\u00a0\u00bb17607&Prime; img_size=\u00a0\u00bbfull\u00a0\u00bb css=\u00a0\u00bb\u00a0\u00bb][\/vc_column][\/vc_row][vc_row css=\u00a0\u00bb.vc_custom_1731439866540{padding-top: 75px !important;}\u00a0\u00bb][vc_column width=\u00a0\u00bb1\/4&Prime;][vc_column_text css=\u00a0\u00bb\u00a0\u00bb]<\/p>\n<h2><span class=\"TextRun SCXW178693866 BCX8\" lang=\"EN-CA\" xml:lang=\"EN-CA\" data-contrast=\"auto\"><span class=\"NormalTextRun SCXW178693866 BCX8\">Ambition 2035<\/span><\/span><\/h2>\n<p>[\/vc_column_text][\/vc_column][vc_column width=\u00a0\u00bb3\/4&Prime;][vc_column_text css=\u00a0\u00bb\u00a0\u00bb]<\/p>\n<h3>Orientez l\u2019avenir de l\u2019\u00e9conomie oc\u00e9anique du Canada<\/h3>\n<h4>Devenez commanditaire du Sommet Ambition 2035<\/h4>\n<p>Le projet Ambition 2035 positionne le Canada en tant que chef de file mondial de l\u2019\u00e9conomie oc\u00e9anique. Nous visons ainsi \u00e0 faire passer l\u2019\u00e9conomie oc\u00e9anique \u00e0 220 milliards de dollars d\u2019ici 2035 en collaboration avec la communaut\u00e9 oc\u00e9anique du pays.<\/p>\n<p>Notre Sommet Ambition 2035 rassemblera des leaders de l\u2019industrie, des gouvernements, des communaut\u00e9s autochtones et des investisseurs en vue de favoriser la concr\u00e9tisation de ce potentiel de croissance de 5 fois. L\u2019acc\u00e9l\u00e9ration de la croissance durable, inclusive et num\u00e9rique des oc\u00e9ans du Canada est un engagement que SOC partage avec ses membres d\u2019un oc\u00e9an \u00e0 l\u2019autre. Ensemble, nous priorisons :<\/p>\n<ul>\n<li><strong>Le rassemblement<\/strong> du secteur oc\u00e9anique du Canada pour changer la fa\u00e7on dont on m\u00e8ne des activit\u00e9s oc\u00e9aniques.<\/li>\n<li><strong>La cr\u00e9ation<\/strong> de solutions intersectorielles pour g\u00e9n\u00e9rer une nouvelle croissance \u00e9conomique.<\/li>\n<li><strong>La d\u00e9carbonisation<\/strong> de l\u2019activit\u00e9 marine pour aider \u00e0 atteindre des objectifs climatiques agressifs.<\/li>\n<li><strong>Le soutien<\/strong> aux petites et moyennes entreprises afin qu\u2019elles se d\u00e9veloppent pour cr\u00e9er un nouveau potentiel de march\u00e9.<\/li>\n<li><strong>La commercialisation<\/strong> d\u2019innovations oc\u00e9aniques cr\u00e9\u00e9es au Canada pour aider \u00e0 r\u00e9soudre certains des plus grands d\u00e9fis oc\u00e9aniques du monde entier.<\/li>\n<\/ul>\n<p>[\/vc_column_text][\/vc_column][\/vc_row][\/vc_section][vc_section css=\u00a0\u00bb.vc_custom_1731433402078{padding-top: 25px !important;padding-bottom: 50px !important;background-color: #FFFFFF !important;}\u00a0\u00bb][vc_row][vc_column width=\u00a0\u00bb1\/4&Prime;][vc_column_text css=\u00a0\u00bb\u00a0\u00bb]<\/p>\n<h2>Devenir un<br \/>\ncommanditaire<\/h2>\n<p>[\/vc_column_text][\/vc_column][vc_column width=\u00a0\u00bb3\/4&Prime;][vc_column_text css=\u00a0\u00bb\u00a0\u00bb]<\/p>\n<h4>Cr\u00e9er des possibilit\u00e9s uniques pour d\u00e9velopper votre marque et votre influence<\/h4>\n<p>Que vous d\u00e9siriez accro\u00eetre la visibilit\u00e9 de votre marque ou fa\u00e7onner l\u2019avenir de l\u2019\u00e9conomie oc\u00e9anique du Canada, le Sommet Ambition 2035 offre des possibilit\u00e9s de commandite in\u00e9gal\u00e9es.\u202fUne commandite peut ainsi :<\/p>\n<ul>\n<li><strong>Positionner votre marque comme leader<\/strong>\u202fen mati\u00e8re de d\u00e9veloppement durable, d\u2019innovation et de croissance \u00e9conomique<\/li>\n<li><strong>Rehausser votre visibilit\u00e9<\/strong>\u202fgr\u00e2ce \u00e0 la strat\u00e9gie de marque des \u00e9v\u00e9nements, \u00e0 la couverture m\u00e9diatique et aux campagnes num\u00e9riques<\/li>\n<li><strong>\u00c9tablir des liens avec les cadres dirigeants\u202fet les d\u00e9cideurs<\/strong> de toute l\u2019\u00e9conomie oc\u00e9anique<\/li>\n<li><strong>Fa\u00e7onner l\u2019avenir\u202f<\/strong>de l\u2019\u00e9conomie oc\u00e9anique du Canada par la d\u00e9fense des politiques et des tables rondes<\/li>\n<\/ul>\n<p>En tant que commanditaire officiel, vous contribuerez \u00e0 rehausser l\u2019\u00e9lan d\u2019Ambition 2035 et \u00e0 favoriser une \u00e9conomie oc\u00e9anique durable.[\/vc_column_text][\/vc_column][\/vc_row][\/vc_section][vc_section full_width=\u00a0\u00bbstretch_row\u00a0\u00bb css=\u00a0\u00bb.vc_custom_1730377041928{padding-top: 75px !important;padding-bottom: 50px !important;background-color: #F2F2F2 !important;}\u00a0\u00bb][vc_row equal_height=\u00a0\u00bbyes\u00a0\u00bb][vc_column][vc_column_text css=\u00a0\u00bb\u00a0\u00bb]<\/p>\n<h2>Forfaits de commandite \u00e0 plusieurs paliers<\/h2>\n<p>[\/vc_column_text][vc_column_text css=\u00a0\u00bb\u00a0\u00bb]Maximisez votre impact avec des avantages complets. Chaque palier procure des niveaux croissants de visibilit\u00e9, d\u2019influence et d\u2019acc\u00e8s.[\/vc_column_text][vc_row_inner equal_height=\u00a0\u00bbyes\u00a0\u00bb][vc_column_inner width=\u00a0\u00bb1\/4&Prime;][vc_column_text css=\u00a0\u00bb.vc_custom_1737992600187{padding-top: 25px !important;padding-right: 25px !important;padding-bottom: 25px !important;padding-left: 25px !important;background-color: #FFFFFF !important;}\u00a0\u00bb]<\/p>\n<h2 style=\"text-align: center;\"><img loading=\"lazy\" decoding=\"async\" class=\"aligncenter wp-image-16726 size-thumbnail\" src=\"https:\/\/oceansupercluster.ca\/wp-content\/uploads\/Ambition_Tiers_Bronze_500x500-150x150.png\" alt=\"\" width=\"150\" height=\"150\" srcset=\"https:\/\/oceansupercluster.ca\/wp-content\/uploads\/Ambition_Tiers_Bronze_500x500-150x150.png 150w, https:\/\/oceansupercluster.ca\/wp-content\/uploads\/Ambition_Tiers_Bronze_500x500-300x300.png 300w, https:\/\/oceansupercluster.ca\/wp-content\/uploads\/Ambition_Tiers_Bronze_500x500-50x50.png 50w, https:\/\/oceansupercluster.ca\/wp-content\/uploads\/Ambition_Tiers_Bronze_500x500.png 500w\" sizes=\"auto, (max-width: 150px) 100vw, 150px\" \/><\/h2>\n<h2 style=\"text-align: center;\">Bronze<\/h2>\n<h3 style=\"text-align: center;\">10 000 $<\/h3>\n<ul>\n<li>Logo de commandite sur la page d\u2019accueil de l\u2019\u00e9v\u00e9nement avec un lien vers l\u2019adresse URL de l\u2019entreprise<\/li>\n<li>Publication sur les m\u00e9dias sociaux mettant en \u00e9vidence vos contributions de commandite<\/li>\n<li>Articles \u00e0 inclure dans les sacs des participants<\/li>\n<li>Inscriptions compl\u00e8tes et gratuites des d\u00e9l\u00e9gu\u00e9s, dont <strong>un laissez-passer<\/strong> pour tous les \u00e9v\u00e9nements sociaux<\/li>\n<li>Logo avec un lien vers l\u2019adresse URL de l\u2019entreprise inclus dans l\u2019onglet Commanditaire de l\u2019application de l\u2019\u00e9v\u00e9nement<\/li>\n<li>Logo de l\u2019entreprise et reconnaissance sur des \u00e9crans ou des affiches dans les zones de r\u00e9seautage et lors d\u2019\u00e9v\u00e9nements s\u00e9lectionn\u00e9s<\/li>\n<\/ul>\n<p>[\/vc_column_text][\/vc_column_inner][vc_column_inner width=\u00a0\u00bb1\/4&Prime;][vc_column_text css=\u00a0\u00bb.vc_custom_1738846955063{padding-top: 25px !important;padding-right: 25px !important;padding-bottom: 30px !important;padding-left: 25px !important;background-color: #FFFFFF !important;}\u00a0\u00bb]<\/p>\n<h2 style=\"text-align: center;\"><img loading=\"lazy\" decoding=\"async\" class=\"aligncenter wp-image-16732 size-thumbnail\" src=\"https:\/\/oceansupercluster.ca\/wp-content\/uploads\/Ambition_Tiers_Silver_500x500-150x150.png\" alt=\"\" width=\"150\" height=\"150\" srcset=\"https:\/\/oceansupercluster.ca\/wp-content\/uploads\/Ambition_Tiers_Silver_500x500-150x150.png 150w, https:\/\/oceansupercluster.ca\/wp-content\/uploads\/Ambition_Tiers_Silver_500x500-300x300.png 300w, https:\/\/oceansupercluster.ca\/wp-content\/uploads\/Ambition_Tiers_Silver_500x500-50x50.png 50w, https:\/\/oceansupercluster.ca\/wp-content\/uploads\/Ambition_Tiers_Silver_500x500.png 500w\" sizes=\"auto, (max-width: 150px) 100vw, 150px\" \/><\/h2>\n<h2 style=\"text-align: center;\">Argent<\/h2>\n<h3 style=\"text-align: center;\">15 000 $<\/h3>\n<p>Acc\u00e8s \u00e0 tous les avantages Bronze et bien plus encore, notamment :<\/p>\n<ul>\n<li>Inscriptions compl\u00e8tes et gratuites des d\u00e9l\u00e9gu\u00e9s, dont <strong>deux laissez-passer<\/strong> pour tous les \u00e9v\u00e9nements sociaux<\/li>\n<li>Logo dans la brochure num\u00e9rique du programme<\/li>\n<\/ul>\n<p>[\/vc_column_text][\/vc_column_inner][vc_column_inner width=\u00a0\u00bb1\/4&Prime;][vc_column_text css=\u00a0\u00bb.vc_custom_1738846962221{padding-top: 25px !important;padding-right: 25px !important;padding-bottom: 25px !important;padding-left: 25px !important;background-color: #FFFFFF !important;}\u00a0\u00bb]<\/p>\n<h2 style=\"text-align: center;\"><img loading=\"lazy\" decoding=\"async\" class=\"aligncenter wp-image-16728 size-thumbnail\" src=\"https:\/\/oceansupercluster.ca\/wp-content\/uploads\/Ambition_Tiers_Gold_500x500-150x150.png\" alt=\"\" width=\"150\" height=\"150\" srcset=\"https:\/\/oceansupercluster.ca\/wp-content\/uploads\/Ambition_Tiers_Gold_500x500-150x150.png 150w, https:\/\/oceansupercluster.ca\/wp-content\/uploads\/Ambition_Tiers_Gold_500x500-300x300.png 300w, https:\/\/oceansupercluster.ca\/wp-content\/uploads\/Ambition_Tiers_Gold_500x500-50x50.png 50w, https:\/\/oceansupercluster.ca\/wp-content\/uploads\/Ambition_Tiers_Gold_500x500.png 500w\" sizes=\"auto, (max-width: 150px) 100vw, 150px\" \/><\/h2>\n<h2 style=\"text-align: center;\">Or<\/h2>\n<h3 style=\"text-align: center;\">20 000 $<\/h3>\n<p><strong>Acc\u00e8s \u00e0 tous les avantages Bronze et bien plus encore, notamment :<\/strong><\/p>\n<ul>\n<li>Inscriptions compl\u00e8tes et gratuites des d\u00e9l\u00e9gu\u00e9s, dont <strong>quatre laissez-passer<\/strong> pour tous les \u00e9v\u00e9nements sociaux<\/li>\n<li>Annonce 1\/4 page dans la brochure num\u00e9rique du programme<\/li>\n<li>Occasion de pr\u00e9senter ou de remercier un conf\u00e9rencier principal<\/li>\n<li>Reconnaissance verbale lors des allocutions d\u2019ouverture et de cl\u00f4ture<\/li>\n<li>Logos sur des pieds de page de certains courriels de marketing pour le symposium<\/li>\n<\/ul>\n<p>[\/vc_column_text][\/vc_column_inner][vc_column_inner width=\u00a0\u00bb1\/4&Prime;][vc_column_text css=\u00a0\u00bb.vc_custom_1738846969772{padding-top: 25px !important;padding-right: 25px !important;padding-bottom: 25px !important;padding-left: 25px !important;background-color: #FFFFFF !important;}\u00a0\u00bb]<\/p>\n<h2 style=\"text-align: center;\"><img loading=\"lazy\" decoding=\"async\" class=\"aligncenter wp-image-16730 size-thumbnail\" src=\"https:\/\/oceansupercluster.ca\/wp-content\/uploads\/Ambition_Tiers_Platinum_500x500-150x150.png\" alt=\"\" width=\"150\" height=\"150\" srcset=\"https:\/\/oceansupercluster.ca\/wp-content\/uploads\/Ambition_Tiers_Platinum_500x500-150x150.png 150w, https:\/\/oceansupercluster.ca\/wp-content\/uploads\/Ambition_Tiers_Platinum_500x500-300x300.png 300w, https:\/\/oceansupercluster.ca\/wp-content\/uploads\/Ambition_Tiers_Platinum_500x500-50x50.png 50w, https:\/\/oceansupercluster.ca\/wp-content\/uploads\/Ambition_Tiers_Platinum_500x500.png 500w\" sizes=\"auto, (max-width: 150px) 100vw, 150px\" \/><\/h2>\n<h2 style=\"text-align: center;\">Platine<\/h2>\n<h3 style=\"text-align: center;\">25 000 $<\/h3>\n<p><strong>Acc\u00e8s \u00e0 tous les avantages Bronze et bien plus encore, notamment :<\/strong><\/p>\n<ul>\n<li>Inscriptions compl\u00e8tes et gratuites des d\u00e9l\u00e9gu\u00e9s, dont <strong>six laissez-passer<\/strong> pour tous les \u00e9v\u00e9nements sociaux<\/li>\n<li>Annonce 1\/2 page dans la brochure num\u00e9rique du programme<\/li>\n<li>Occasion de pr\u00e9senter ou de remercier un conf\u00e9rencier principal<\/li>\n<li>Reconnaissance verbale lors des allocutions d\u2019ouverture et de cl\u00f4ture<\/li>\n<li>Logos sur des pieds de page de certains courriels de marketing pour le symposium<\/li>\n<li>Soumission de contenu vid\u00e9o \u00e0 partager via les r\u00e9seaux sociaux<\/li>\n<li>Possibilit\u00e9 de s\u2019adresser aux participants lors d\u2019une s\u00e9ance pl\u00e9ni\u00e8re ou d\u2019une s\u00e9ance de r\u00e9seautage<\/li>\n<li>Possibilit\u00e9 d\u2019organiser une s\u00e9ance pl\u00e9ni\u00e8re de 30 minute<\/li>\n<\/ul>\n<p>[\/vc_column_text][\/vc_column_inner][\/vc_row_inner][\/vc_column][\/vc_row][\/vc_section][vc_section css=\u00a0\u00bb.vc_custom_1731433360810{padding-top: 75px !important;padding-bottom: 50px !important;}\u00a0\u00bb][vc_row equal_height=\u00a0\u00bbyes\u00a0\u00bb css=\u00a0\u00bb.vc_custom_1731433590135{background-color: #FFFFFF !important;}\u00a0\u00bb][vc_column width=\u00a0\u00bb1\/4&Prime;][vc_column_text css=\u00a0\u00bb\u00a0\u00bb]<\/p>\n<h2>Une commandite<br \/>\n\u00c0 la carte<\/h2>\n<p>[\/vc_column_text][\/vc_column][vc_column width=\u00a0\u00bb3\/4&Prime;][vc_row_inner equal_height=\u00a0\u00bbyes\u00a0\u00bb][vc_column_inner width=\u00a0\u00bb1\/3&Prime; css=\u00a0\u00bb.vc_custom_1731433622259{padding-bottom: 50px !important;}\u00a0\u00bb el_id=\u00a0\u00bbcontent-grid\u00a0\u00bb][vc_column_text css=\u00a0\u00bb.vc_custom_1737992794430{padding-top: 25px !important;padding-right: 25px !important;padding-bottom: 50px !important;padding-left: 25px !important;background-color: #F2F2F2 !important;}\u00a0\u00bb]<\/p>\n<h3 style=\"text-align: center;\">Commandite de publicit\u00e9<\/h3>\n<h4 style=\"text-align: center;\">1 000 $ \u00e0 2 000 $<\/h4>\n<p><strong>Annonce par courriel<\/strong><br \/>\nUne annonce qui sera incluse dans un courriel de marketing destin\u00e9 aux participants. Annonce \u00e0 concevoir par le commanditaire.<\/p>\n<p><strong>Annonce de soutien<\/strong><br \/>\nUne annonce d\u2019une demi-page qui sera incluse dans notre brochure de programme. Annonce \u00e0 concevoir par le commanditaire.[\/vc_column_text][\/vc_column_inner][vc_column_inner width=\u00a0\u00bb1\/3&Prime;][vc_column_text css=\u00a0\u00bb.vc_custom_1737992824688{padding-top: 25px !important;padding-right: 25px !important;padding-bottom: 25px !important;padding-left: 25px !important;background-color: #F2F2F2 !important;}\u00a0\u00bb]<\/p>\n<h3 style=\"text-align: center;\">Organisateur d\u2019une pause-caf\u00e9<\/h3>\n<h4 style=\"text-align: center;\">3 000 $<\/h4>\n<p>\u00c9levez la visibilit\u00e9 de votre marque avec un service de restauration quotidien pour tous les participants.<\/p>\n<ul>\n<li>Logos affich\u00e9s sur un ou des \u00e9crans du site pendant la pause du midi<\/li>\n<li>R\u00e9f\u00e9rence dans la brochure de programme num\u00e9rique et notre page d\u2019accueil de l\u2019\u00e9v\u00e9nement<\/li>\n<li>Une publication sur les m\u00e9dias sociaux remerciant les commanditaires<\/li>\n<\/ul>\n<p>[\/vc_column_text][\/vc_column_inner][vc_column_inner width=\u00a0\u00bb1\/3&Prime;][vc_column_text css=\u00a0\u00bb.vc_custom_1737992868514{padding-top: 25px !important;padding-right: 25px !important;padding-bottom: 25px !important;padding-left: 25px !important;background-color: #F2F2F2 !important;}\u00a0\u00bb]<\/p>\n<h3 style=\"text-align: center;\">Commanditaire de la pause du midi<\/h3>\n<h4 style=\"text-align: center;\">4 000 $<\/h4>\n<p>\u00c9levez la visibilit\u00e9 de votre marque avec un service de restauration quotidien pour tous les participants.<\/p>\n<ul>\n<li>Logos affich\u00e9s sur un ou des \u00e9crans du site pendant la pause du midi<\/li>\n<li>R\u00e9f\u00e9rence dans la brochure de programme num\u00e9rique et notre page d\u2019accueil de l\u2019\u00e9v\u00e9nement<\/li>\n<li>Une publication sur les m\u00e9dias sociaux remerciant les commanditaires<\/li>\n<\/ul>\n<p>[\/vc_column_text][\/vc_column_inner][\/vc_row_inner][\/vc_column][\/vc_row][vc_row equal_height=\u00a0\u00bbyes\u00a0\u00bb][vc_column width=\u00a0\u00bb1\/4&Prime;][\/vc_column][vc_column width=\u00a0\u00bb3\/4&Prime;][vc_row_inner equal_height=\u00a0\u00bbyes\u00a0\u00bb][vc_column_inner width=\u00a0\u00bb1\/3&Prime;][vc_column_text css=\u00a0\u00bb.vc_custom_1737992912920{padding-top: 25px !important;padding-right: 25px !important;padding-bottom: 50px !important;padding-left: 25px !important;background-color: #F2F2F2 !important;}\u00a0\u00bb]<\/p>\n<h3 style=\"text-align: center;\">Commanditaire de la r\u00e9ception de bienvenue<\/h3>\n<h4 style=\"text-align: center;\">8 500 $<\/h4>\n<p>Soyez les h\u00f4tes de notre r\u00e9ception de bienvenue et d\u00e9marrez notre \u00e9v\u00e9nement Ambition 2035 avec \u00e9clat!<\/p>\n<ul>\n<li>Banni\u00e8res publicitaires affich\u00e9es \u00e0 l\u2019entr\u00e9e de la salle de r\u00e9ception de bienvenue<\/li>\n<li>Reconnaissance verbale lors des allocutions de bienvenue en tant que commanditaires exclusifs<\/li>\n<li>Possibilit\u00e9 de prendre la parole pendant 5 minutes dans le cadre des allocutions de bienvenue<\/li>\n<li>R\u00e9f\u00e9rence dans la brochure de programme num\u00e9rique et notre page d\u2019accueil de l\u2019\u00e9v\u00e9nement<\/li>\n<li>Une publication sur les m\u00e9dias sociaux remerciant les commanditaires<\/li>\n<\/ul>\n<p>[\/vc_column_text][\/vc_column_inner][vc_column_inner width=\u00a0\u00bb1\/3&Prime;][vc_column_text css=\u00a0\u00bb.vc_custom_1737992950496{padding-top: 25px !important;padding-right: 25px !important;padding-bottom: 25px !important;padding-left: 25px !important;background-color: #F2F2F2 !important;}\u00a0\u00bb]<\/p>\n<h3 style=\"text-align: center;\">Commanditaire du souper<\/h3>\n<h4 style=\"text-align: center;\">10 000 $<\/h4>\n<p>Les soupers sont une occasion de r\u00e9seauter avec les participants et de rehausser la visibilit\u00e9 de votre marque en rassemblant tout le monde pour d\u00e9guster une excellente nourriture et profiter d\u2019un r\u00e9seautage cl\u00e9.<\/p>\n<ul>\n<li>Logos affich\u00e9s sur un \u00e9cran pendant le souper<\/li>\n<li>Banni\u00e8res publicitaires affich\u00e9es \u00e0 l\u2019entr\u00e9e de la salle<\/li>\n<li>Reconnaissance verbale pendant le souper en tant que commanditaires exclusifs<\/li>\n<li>Possibilit\u00e9 de prendre la parole pendant 5 minutes dans le cadre des allocutions de bienvenue<\/li>\n<li>R\u00e9f\u00e9rence dans la brochure de programme num\u00e9rique et notre page d\u2019accueil de l\u2019\u00e9v\u00e9nement<\/li>\n<\/ul>\n<p>[\/vc_column_text][\/vc_column_inner][vc_column_inner width=\u00a0\u00bb1\/3&Prime;][vc_column_text css=\u00a0\u00bb.vc_custom_1737992981989{padding-top: 25px !important;padding-right: 25px !important;padding-bottom: 25px !important;padding-left: 25px !important;background-color: #F2F2F2 !important;}\u00a0\u00bb]<\/p>\n<h3 style=\"text-align: center;\">R\u00e9ception internationale<\/h3>\n<h4 style=\"text-align: center;\">8 500 $<\/h4>\n<p>Soyez les h\u00f4tes d\u2019une r\u00e9ception et aidez le Canada \u00e0 renforcer ses liens avec les march\u00e9s internationaux! Avantages :<\/p>\n<ul>\n<li>Banni\u00e8res publicitaires affich\u00e9es \u00e0 l\u2019entr\u00e9e de la salle de r\u00e9ception<\/li>\n<li>Reconnaissance verbale lors des allocutions de bienvenue en tant que commanditaires exclusifs<\/li>\n<li>Possibilit\u00e9 de prendre la parole pendant 5 minutes dans le cadre des allocutions de bienvenue<\/li>\n<li>R\u00e9f\u00e9rence dans la brochure de programme num\u00e9rique et notre page d\u2019accueil de l\u2019\u00e9v\u00e9nement<\/li>\n<li>Une publication sur les m\u00e9dias sociaux remerciant tous les commanditaire<\/li>\n<\/ul>\n<p>[\/vc_column_text][\/vc_column_inner][\/vc_row_inner][\/vc_column][\/vc_row][\/vc_section][vc_section full_width=\u00a0\u00bbstretch_row\u00a0\u00bb css=\u00a0\u00bb.vc_custom_1731433227006{background-color: #F2F2F2 !important;}\u00a0\u00bb][vc_row css=\u00a0\u00bb.vc_custom_1731433331071{padding-top: 75px !important;padding-bottom: 50px !important;}\u00a0\u00bb][vc_column width=\u00a0\u00bb1\/4&Prime;][vc_column_text css=\u00a0\u00bb\u00a0\u00bb]<\/p>\n<h2>Communiquez<br \/>\navec nous<\/h2>\n<p>[\/vc_column_text][\/vc_column][vc_column width=\u00a0\u00bb3\/4&Prime;][vc_column_text css=\u00a0\u00bb\u00a0\u00bb]Pour de plus amples renseignements ou pour discuter des diff\u00e9rentes possibilit\u00e9s de commandite, veuillez \u00e9crire \u00e0<a href=\"mailto:jakub.skrzypczyk@oceansupercluster.ca\"> jakub.skrzypczyk@oceansupercluster.ca<\/a>[\/vc_column_text][\/vc_column][\/vc_row][\/vc_section]<\/div>\n<\/div>","protected":false},"excerpt":{"rendered":"<p>[vc_section css=\u00a0\u00bb.vc_custom_1731439859493{padding-top: 25px !important;padding-bottom: 50px !important;}\u00a0\u00bb][vc_row][vc_column][vc_single_image image=\u00a0\u00bb17607&Prime; img_size=\u00a0\u00bbfull\u00a0\u00bb css=\u00a0\u00bb\u00a0\u00bb][\/vc_column][\/vc_row][vc_row css=\u00a0\u00bb.vc_custom_1731439866540{padding-top: 75px !important;}\u00a0\u00bb][vc_column width=\u00a0\u00bb1\/4&Prime;][vc_column_text css=\u00a0\u00bb\u00a0\u00bb] Ambition 2035 [\/vc_column_text][\/vc_column][vc_column width=\u00a0\u00bb3\/4&Prime;][vc_column_text css=\u00a0\u00bb\u00a0\u00bb] Orientez l\u2019avenir de l\u2019\u00e9conomie oc\u00e9anique du Canada Devenez commanditaire du Sommet [&hellip;]<\/p>\n","protected":false},"author":9,"featured_media":15206,"parent":0,"menu_order":0,"comment_status":"closed","ping_status":"closed","template":"","meta":{"_acf_changed":false,"footnotes":""},"class_list":["post-17604","page","type-page","status-publish","has-post-thumbnail","hentry"],"acf":[],"_links":{"self":[{"href":"https:\/\/oceansupercluster.ca\/fr\/wp-json\/wp\/v2\/pages\/17604","targetHints":{"allow":["GET"]}}],"collection":[{"href":"https:\/\/oceansupercluster.ca\/fr\/wp-json\/wp\/v2\/pages"}],"about":[{"href":"https:\/\/oceansupercluster.ca\/fr\/wp-json\/wp\/v2\/types\/page"}],"author":[{"embeddable":true,"href":"https:\/\/oceansupercluster.ca\/fr\/wp-json\/wp\/v2\/users\/9"}],"replies":[{"embeddable":true,"href":"https:\/\/oceansupercluster.ca\/fr\/wp-json\/wp\/v2\/comments?post=17604"}],"version-history":[{"count":0,"href":"https:\/\/oceansupercluster.ca\/fr\/wp-json\/wp\/v2\/pages\/17604\/revisions"}],"wp:featuredmedia":[{"embeddable":true,"href":"https:\/\/oceansupercluster.ca\/fr\/wp-json\/wp\/v2\/media\/15206"}],"wp:attachment":[{"href":"https:\/\/oceansupercluster.ca\/fr\/wp-json\/wp\/v2\/media?parent=17604"}],"curies":[{"name":"wp","href":"https:\/\/api.w.org\/{rel}","templated":true}]}}