{"id":17691,"date":"2023-06-06T18:10:08","date_gmt":"2023-06-06T18:10:08","guid":{"rendered":"https:\/\/oceansupercluster.ca\/?page_id=17691"},"modified":"2025-02-05T13:05:22","modified_gmt":"2025-02-05T13:05:22","slug":"reseau-2","status":"publish","type":"page","link":"https:\/\/oceansupercluster.ca\/fr\/reseau-2\/","title":{"rendered":"R\u00c9SEAU"},"content":{"rendered":"\n<div class=\"wp-block-group\" style=\"padding-right:var(--wp--preset--spacing--20);padding-left:var(--wp--preset--spacing--20)\"><div class=\"wp-block-group__inner-container is-layout-constrained wp-container-core-group-is-layout-56a9e311 wp-block-group-is-layout-constrained\"><div class=\"g-container\">\n<h2 class=\"wp-block-heading\">Un r\u00e9seau oc\u00e9anique connect\u00e9 \u2013 Changer la fa\u00e7on de mener des activit\u00e9s maritimes<\/h2>\n<\/div>\n\n<div class=\"g-container\">\n<p>Comptant des membres d\u2019un oc\u00e9an \u00e0 l\u2019autre, SOC rassemble un r\u00e9seau de secteurs et de r\u00e9gions oc\u00e9aniques qui, dans bien des cas, n\u2019ont jamais travaill\u00e9 ensemble auparavant. Avec des milliers de participants \u00e0 des \u00e9v\u00e9nements, 300 partenaires engag\u00e9s dans le portefeuille de projets de SOC et pr\u00e8s de 100 nouvelles entreprises oc\u00e9aniques soutenues, le r\u00e9seau oc\u00e9anique du Canada n\u2019a jamais \u00e9t\u00e9 aussi connect\u00e9. En cr\u00e9ant un espace de r\u00e9seautage et de jumelage, d\u2019\u00e9change d\u2019id\u00e9es et de pr\u00e9sentation d\u2019argumentaires, de renforcement des capacit\u00e9s et de d\u00e9veloppement des comp\u00e9tences, ainsi que de promotion crois\u00e9e des activit\u00e9s, SOC organise r\u00e9guli\u00e8rement des \u00e9v\u00e9nements, des webinaires et des occasions de formation pour ses membres. Pour conna\u00eetre les \u00e9v\u00e9nements \u00e0 venir, consultez le calendrier des \u00e9v\u00e9nements&nbsp;<a href=\"https:\/\/cos.m5i.com\/calendar\/\">ici<\/a>.<\/p>\n<\/div>\n\n<div class=\"g-container\">\n<p>Dans le cadre d\u2019Ambition 2035, Supergrappe des oc\u00e9ans du Canada organise des tables rondes cibl\u00e9es, convoque des parties prenantes cl\u00e9s et contribue \u00e0 \u00e9tablir des partenariats pour r\u00e9aliser des projets et des solutions essentiels \u00e0 la r\u00e9solution de certains des plus grands d\u00e9fis mondiaux et \u00e0 la mise en place d\u2019un \u00e9cosyst\u00e8me d\u2019innovation robuste n\u00e9cessaire pour le soutenir. Pour en savoir plus sur les prochaines \u00e9tapes d\u2019Ambition 2035,&nbsp;<a href=\"https:\/\/cos.m5i.com\/fr\/ambition-2035\/\">cliquez ici<\/a>.<\/p>\n<\/div>\n\n<\/div><\/div>\n\n\n<div class=\"g-container\">\n<p><\/p>\n<\/div>","protected":false},"excerpt":{"rendered":"<p>Un r\u00e9seau oc\u00e9anique connect\u00e9 \u2013 Changer la fa\u00e7on de mener des activit\u00e9s maritimes Comptant des membres d\u2019un oc\u00e9an \u00e0 l\u2019autre, SOC rassemble un r\u00e9seau de secteurs et de r\u00e9gions oc\u00e9aniques [&hellip;]<\/p>\n","protected":false},"author":13,"featured_media":12238,"parent":0,"menu_order":0,"comment_status":"closed","ping_status":"closed","template":"","meta":{"_acf_changed":false,"footnotes":""},"class_list":["post-17691","page","type-page","status-publish","has-post-thumbnail","hentry"],"acf":[],"_links":{"self":[{"href":"https:\/\/oceansupercluster.ca\/fr\/wp-json\/wp\/v2\/pages\/17691","targetHints":{"allow":["GET"]}}],"collection":[{"href":"https:\/\/oceansupercluster.ca\/fr\/wp-json\/wp\/v2\/pages"}],"about":[{"href":"https:\/\/oceansupercluster.ca\/fr\/wp-json\/wp\/v2\/types\/page"}],"author":[{"embeddable":true,"href":"https:\/\/oceansupercluster.ca\/fr\/wp-json\/wp\/v2\/users\/13"}],"replies":[{"embeddable":true,"href":"https:\/\/oceansupercluster.ca\/fr\/wp-json\/wp\/v2\/comments?post=17691"}],"version-history":[{"count":0,"href":"https:\/\/oceansupercluster.ca\/fr\/wp-json\/wp\/v2\/pages\/17691\/revisions"}],"wp:featuredmedia":[{"embeddable":true,"href":"https:\/\/oceansupercluster.ca\/fr\/wp-json\/wp\/v2\/media\/12238"}],"wp:attachment":[{"href":"https:\/\/oceansupercluster.ca\/fr\/wp-json\/wp\/v2\/media?parent=17691"}],"curies":[{"name":"wp","href":"https:\/\/api.w.org\/{rel}","templated":true}]}}