{"id":17808,"date":"2025-02-20T18:24:51","date_gmt":"2025-02-20T18:24:51","guid":{"rendered":"https:\/\/oceansupercluster.ca\/ambition-2035-awards\/"},"modified":"2025-05-07T12:49:55","modified_gmt":"2025-05-07T12:49:55","slug":"ambition-2035-awards","status":"publish","type":"page","link":"https:\/\/oceansupercluster.ca\/fr\/ambition-2035-awards\/","title":{"rendered":"Prix Ambition 2035"},"content":{"rendered":"<div class=\"wpb-content-wrapper\"><div class=\"g-container\">[vc_section css=\u00a0\u00bb.vc_custom_1740076795898{padding-top: -50px !important;background-color: #FFFFFF !important;}\u00a0\u00bb][vc_row css=\u00a0\u00bb.vc_custom_1740076767604{padding-top: -50px !important;padding-bottom: 75px !important;}\u00a0\u00bb][vc_column width=\u00a0\u00bb1\/4&Prime;][vc_single_image image=\u00a0\u00bb18173&Prime; img_size=\u00a0\u00bbfull\u00a0\u00bb css=\u00a0\u00bb.vc_custom_1742490338559{padding-right: 100px !important;}\u00a0\u00bb][\/vc_column][vc_column width=\u00a0\u00bb3\/4&Prime;][vc_column_text css=\u00a0\u00bb\u00a0\u00bb]<\/p>\n<h2><strong><span style=\"color: #216efa;\"><span class=\"TextRun SCXW257072849 BCX8\" lang=\"EN-US\" xml:lang=\"EN-US\" data-contrast=\"auto\"><span class=\"NormalTextRun CommentHighlightRest SCXW257072849 BCX8\" data-ccp-parastyle=\"heading 2\"><span class=\"NormalTextRun SCXW175807436 BCX8\" data-ccp-parastyle=\"heading 3\">Que sont les Prix Ambition 2035?<br \/>\nReconnaissance des innovateurs oc\u00e9aniques du Canada<\/span><\/span><\/span><\/span><\/strong><\/h2>\n<p>Les <strong>Prix ambition 2035<\/strong> sont d\u00e9cern\u00e9s dans le cadre d\u2019un concours national venant reconna\u00eetre les entreprises qui font progresser l\u2019\u00e9conomie oc\u00e9anique du Canada. Les prix soutiennent les entreprises oc\u00e9aniques qui stimulent l\u2019innovation, la durabilit\u00e9 et le succ\u00e8s commercial dans l\u2019\u00e9conomie oc\u00e9anique.[\/vc_column_text][vc_row_inner][vc_column_inner width=\u00a0\u00bb1\/4&Prime;][vc_column_text css=\u00a0\u00bb\u00a0\u00bb]<strong>Prix Ambition 2035<\/strong><br \/>\nPartenaire d\u2019investissement[\/vc_column_text][vc_single_image image=\u00a0\u00bb18339&Prime; img_size=\u00a0\u00bbmedium\u00a0\u00bb onclick=\u00a0\u00bbcustom_link\u00a0\u00bb css=\u00a0\u00bb\u00a0\u00bb link=\u00a0\u00bbhttps:\/\/www.bdc.ca\/fr\u00a0\u00bb][\/vc_column_inner][vc_column_inner width=\u00a0\u00bb3\/4&Prime;][\/vc_column_inner][\/vc_row_inner][\/vc_column][\/vc_row][\/vc_section][vc_section full_width=\u00a0\u00bbstretch_row\u00a0\u00bb css=\u00a0\u00bb.vc_custom_1740073146752{padding-top: 100px !important;padding-bottom: 75px !important;background-color: #052B38 !important;}\u00a0\u00bb][vc_row][vc_column width=\u00a0\u00bb1\/4&Prime;][vc_column_text css=\u00a0\u00bb\u00a0\u00bb]<\/p>\n<h2><span style=\"color: #ffffff;\"><span class=\"EOP CommentHighlightRest SCXW140661592 BCX8\" data-ccp-props=\"{&quot;134245418&quot;:false,&quot;134245529&quot;:false,&quot;335559738&quot;:280,&quot;335559739&quot;:80}\">Qui peut s\u2019inscrire?<\/span><\/span><\/h2>\n<p>[\/vc_column_text][\/vc_column][vc_column width=\u00a0\u00bb3\/4&Prime;][vc_column_text css=\u00a0\u00bb\u00a0\u00bb]<span style=\"color: #ffffff;\">Nous sommes \u00e0 la recherche d\u2019<strong>entreprises en d\u00e9marrage, des PME et des entreprises en expansion<\/strong> qui\u00a0:<\/span><\/p>\n<ul>\n<li><span style=\"color: #ffffff;\">Ont d\u00e9montr\u00e9 <strong>la demande du march\u00e9 et le potentiel d&rsquo;\u00e9volutivit\u00e9<\/strong><\/span><\/li>\n<li><span style=\"color: #ffffff;\">D\u00e9montrent <strong>la traction commerciale et la pr\u00e9paration \u00e0 l&rsquo;investissement<\/strong><\/span><\/li>\n<li><span style=\"color: #ffffff;\">D\u00e9montrent de solides <strong>capacit\u00e9s d&rsquo;ex\u00e9cution<\/strong><\/span><\/li>\n<li><span style=\"color: #ffffff;\">Contribuent \u00e0 <strong>des r\u00e9sultats durables<\/strong> align\u00e9s sur <strong>Ambition\u00a02035<\/strong><\/span><\/li>\n<\/ul>\n<p>[\/vc_column_text][\/vc_column][\/vc_row][\/vc_section][vc_section css=\u00a0\u00bb.vc_custom_1740067118157{padding-top: 100px !important;padding-bottom: 75px !important;}\u00a0\u00bb][vc_row][vc_column width=\u00a0\u00bb1\/4&Prime;][vc_column_text css=\u00a0\u00bb\u00a0\u00bb]<\/p>\n<h2><span class=\"TextRun SCXW121921130 BCX8\" lang=\"EN-US\" xml:lang=\"EN-US\" data-contrast=\"none\"><span class=\"NormalTextRun SCXW121921130 BCX8\" data-ccp-parastyle=\"heading 3\">Cat\u00e9gories de prix<\/span><\/span><\/h2>\n<p>[\/vc_column_text][\/vc_column][vc_column width=\u00a0\u00bb3\/4&Prime;][vc_row_inner][vc_column_inner width=\u00a0\u00bb1\/3&Prime;][vc_single_image image=\u00a0\u00bb17801&Prime; img_size=\u00a0\u00bb150&#215;150&Prime; alignment=\u00a0\u00bbcenter\u00a0\u00bb css=\u00a0\u00bb\u00a0\u00bb][vc_column_text css=\u00a0\u00bb\u00a0\u00bb]<\/p>\n<h3 style=\"text-align: center;\"><span style=\"color: #216efa;\"><b>Prix<br \/>\nHorizon bleu\u00a0<\/b><\/span><\/h3>\n<p style=\"text-align: center;\"><span data-contrast=\"auto\">R\u00e9compense les entreprises \u00e9tablies qui ont connu un succ\u00e8s commercial et un leadership sur le march\u00e9.<\/span><\/p>\n<p style=\"text-align: center;\"><strong>30 000 $ CAN<\/strong><\/p>\n<p>[\/vc_column_text][\/vc_column_inner][vc_column_inner width=\u00a0\u00bb1\/3&Prime;][vc_single_image image=\u00a0\u00bb17805&Prime; img_size=\u00a0\u00bb150&#215;150&Prime; alignment=\u00a0\u00bbcenter\u00a0\u00bb css=\u00a0\u00bb\u00a0\u00bb][vc_column_text css=\u00a0\u00bb\u00a0\u00bb]<\/p>\n<h3 style=\"text-align: center;\"><span style=\"color: #216efa;\"><b>\u00a0Prix Perc\u00e9e<br \/>\ndans l\u2019oc\u00e9an\u00a0<\/b><\/span><\/h3>\n<p style=\"text-align: center;\"><span data-contrast=\"auto\">R\u00e9compense les entreprises \u00e9mergentes apportant des solutions oc\u00e9aniques r\u00e9volutionnaires.<\/span><\/p>\n<p style=\"text-align: center;\"><strong>20 000 $ CAN<\/strong><\/p>\n<p>[\/vc_column_text][\/vc_column_inner][vc_column_inner width=\u00a0\u00bb1\/3&Prime;][vc_single_image image=\u00a0\u00bb17803&Prime; img_size=\u00a0\u00bb150&#215;150&Prime; alignment=\u00a0\u00bbcenter\u00a0\u00bb css=\u00a0\u00bb\u00a0\u00bb][vc_column_text css=\u00a0\u00bb\u00a0\u00bb]<\/p>\n<h3 style=\"text-align: center;\"><span style=\"color: #216efa;\"><b>Prix Choix<br \/>\n<\/b><\/span><span style=\"color: #216efa;\"><b>des gens\u00a0<\/b><\/span><\/h3>\n<p style=\"text-align: center;\"><span data-contrast=\"auto\">Est d\u00e9cern\u00e9 au finaliste ayant le plus grand engagement public dans une campagne sur les m\u00e9dias sociaux. <\/span><\/p>\n<p style=\"text-align: center;\"><strong>5 000 $ CAN<\/strong><\/p>\n<p>[\/vc_column_text][\/vc_column_inner][\/vc_row_inner][vc_separator css=\u00a0\u00bb.vc_custom_1740161763392{padding-bottom: 50px !important;}\u00a0\u00bb][vc_column_text css=\u00a0\u00bb.vc_custom_1742495742731{margin-top: 0px !important;padding-top: 0px !important;padding-right: 0px !important;padding-bottom: 0px !important;padding-left: 0px !important;background-color: #FFFFFF !important;}\u00a0\u00bb]<\/p>\n<h3><span style=\"color: #216efa;\">Les finalistes recevront :<\/span><\/h3>\n<ul>\n<li>Un soutien complet aux d\u00e9placements pour se joindre \u00e0 nous lors du Sommet Ambition\u00a02035 tenu \u00e0 Ottawa (du 21 au 23\u00a0mai). Ils y pr\u00e9senteront leurs id\u00e9es directement aux investisseurs mondiaux et aux leaders de l\u2019industrie.<\/li>\n<li>Encadrement expert d&rsquo;Ann Carpenter, PDG de Braid Theory, pour \u00e9toffer vos pr\u00e9sentations d&rsquo;investissement en vue du Sommet.<\/li>\n<li>Une promotion sur les canaux sociaux de Supergrappe des oc\u00e9ans du Canada alors qu\u2019ils concourent pour le Prix Choix des gens<strong>.<\/strong><\/li>\n<li>Couverture m\u00e9diatique dans le cadre des pr\u00e9sentations du Sommet Ambition 2035.<\/li>\n<li><span data-olk-copy-source=\"MessageBody\">Acc\u00e8s exclusif aux membres du jury, dont\u2026<\/span><\/li>\n<\/ul>\n<p>[\/vc_column_text][vc_row_inner][vc_column_inner width=\u00a0\u00bb1\/5&Prime;][vc_single_image image=\u00a0\u00bb17701&Prime; alignment=\u00a0\u00bbcenter\u00a0\u00bb css=\u00a0\u00bb\u00a0\u00bb][vc_column_text css=\u00a0\u00bb\u00a0\u00bb]<\/p>\n<p style=\"text-align: center;\"><b><span data-olk-copy-source=\"MessageBody\">Kendra MacDonald<br \/>\n<\/span><\/b>PDG, Supergrappe des oc\u00e9ans du Canada<\/p>\n<p>[\/vc_column_text][\/vc_column_inner][vc_column_inner width=\u00a0\u00bb1\/5&Prime;][vc_single_image image=\u00a0\u00bb17699&Prime; alignment=\u00a0\u00bbcenter\u00a0\u00bb css=\u00a0\u00bb\u00a0\u00bb][vc_column_text css=\u00a0\u00bb\u00a0\u00bb]<\/p>\n<p style=\"text-align: center;\"><b><span data-olk-copy-source=\"MessageBody\">John Risley<br \/>\n<\/span><\/b>Pr\u00e9sident du Conseil d&rsquo;administration, Supergrappe des oc\u00e9ans du Canada<\/p>\n<p>[\/vc_column_text][\/vc_column_inner][vc_column_inner width=\u00a0\u00bb1\/5&Prime;][vc_single_image image=\u00a0\u00bb18177&Prime; alignment=\u00a0\u00bbcenter\u00a0\u00bb css=\u00a0\u00bb\u00a0\u00bb][vc_column_text css=\u00a0\u00bb\u00a0\u00bb]<\/p>\n<p style=\"text-align: center;\"><b><span data-olk-copy-source=\"MessageBody\">Paula Mendon\u00e7a<br \/>\n<\/span><\/b>Directrice g\u00e9n\u00e9rale, Projet Startup des Oc\u00e9ans<\/p>\n<p>[\/vc_column_text][\/vc_column_inner][vc_column_inner width=\u00a0\u00bb1\/5&Prime;][vc_single_image image=\u00a0\u00bb18316&Prime; alignment=\u00a0\u00bbcenter\u00a0\u00bb css=\u00a0\u00bb\u00a0\u00bb][vc_column_text css=\u00a0\u00bb\u00a0\u00bb]<\/p>\n<p style=\"text-align: center;\"><strong>David Golding<\/strong><br \/>\nResponsable des partenariats mondiaux d\u2019innovation,<br \/>\nInnover au Royaume-Uni<\/p>\n<p>[\/vc_column_text][\/vc_column_inner][vc_column_inner width=\u00a0\u00bb1\/5&Prime;][vc_single_image image=\u00a0\u00bb18935&Prime; alignment=\u00a0\u00bbcenter\u00a0\u00bb css=\u00a0\u00bb\u00a0\u00bb][vc_column_text css=\u00a0\u00bb\u00a0\u00bb]<\/p>\n<p style=\"text-align: center;\"><strong>Matt Stanley<\/strong><br \/>\nPartenaire, Fonds de technologies climatiques, BDC<\/p>\n<p>[\/vc_column_text][\/vc_column_inner][\/vc_row_inner][\/vc_column][\/vc_row][\/vc_section][vc_section full_width=\u00a0\u00bbstretch_row\u00a0\u00bb css=\u00a0\u00bb.vc_custom_1740161728772{padding-top: 75px !important;padding-bottom: 50px !important;background-color: #F2F2F2 !important;border-color: #F2F2F2 !important;}\u00a0\u00bb][vc_row][vc_column width=\u00a0\u00bb1\/4&Prime;][vc_column_text css=\u00a0\u00bb\u00a0\u00bb]<\/p>\n<h2>Fa\u00e7on de vous inscrire<\/h2>\n<p>[\/vc_column_text][\/vc_column][vc_column width=\u00a0\u00bb3\/4&Prime;][vc_column_text css=\u00a0\u00bb\u00a0\u00bb]<strong>D\u00e9but des inscriptions :<\/strong> 25 f\u00e9vrier 2025<br \/>\n<strong>Date limite des inscriptions :<\/strong> Les demandes sont maintenant ferm\u00e9es.<br \/>\n<strong>Annonce des finalistes :<\/strong> 5 mai 2025<br \/>\n<strong>\u00c9v\u00e9nement de pr\u00e9sentation et c\u00e9r\u00e9monie de remise des prix :<\/strong> 21 mai 2025[\/vc_column_text][vc_btn title=\u00a0\u00bbR\u00e8glement du concours\u00a0\u00bb style=\u00a0\u00bbflat\u00a0\u00bb shape=\u00a0\u00bbsquare\u00a0\u00bb color=\u00a0\u00bbinfo\u00a0\u00bb css=\u00a0\u00bb\u00a0\u00bb link=\u00a0\u00bburl:https%3A%2F%2Foceansupercluster.ca%2Fwp-content%2Fuploads%2FPeoples-Choice-Award-Contest-Rules_Fr.pdf|target:_blank\u00a0\u00bb el_class=\u00a0\u00bbvbtn\u00a0\u00bb][\/vc_column][\/vc_row][\/vc_section]<\/div>\n<\/div>","protected":false},"excerpt":{"rendered":"<p>[vc_section css=\u00a0\u00bb.vc_custom_1740076795898{padding-top: -50px !important;background-color: #FFFFFF !important;}\u00a0\u00bb][vc_row css=\u00a0\u00bb.vc_custom_1740076767604{padding-top: -50px !important;padding-bottom: 75px !important;}\u00a0\u00bb][vc_column width=\u00a0\u00bb1\/4&Prime;][vc_single_image image=\u00a0\u00bb18173&Prime; img_size=\u00a0\u00bbfull\u00a0\u00bb css=\u00a0\u00bb.vc_custom_1742490338559{padding-right: 100px !important;}\u00a0\u00bb][\/vc_column][vc_column width=\u00a0\u00bb3\/4&Prime;][vc_column_text css=\u00a0\u00bb\u00a0\u00bb] Que sont les Prix Ambition 2035? Reconnaissance des innovateurs oc\u00e9aniques du [&hellip;]<\/p>\n","protected":false},"author":9,"featured_media":15206,"parent":0,"menu_order":0,"comment_status":"closed","ping_status":"closed","template":"","meta":{"_acf_changed":false,"footnotes":""},"class_list":["post-17808","page","type-page","status-publish","has-post-thumbnail","hentry"],"acf":[],"_links":{"self":[{"href":"https:\/\/oceansupercluster.ca\/fr\/wp-json\/wp\/v2\/pages\/17808","targetHints":{"allow":["GET"]}}],"collection":[{"href":"https:\/\/oceansupercluster.ca\/fr\/wp-json\/wp\/v2\/pages"}],"about":[{"href":"https:\/\/oceansupercluster.ca\/fr\/wp-json\/wp\/v2\/types\/page"}],"author":[{"embeddable":true,"href":"https:\/\/oceansupercluster.ca\/fr\/wp-json\/wp\/v2\/users\/9"}],"replies":[{"embeddable":true,"href":"https:\/\/oceansupercluster.ca\/fr\/wp-json\/wp\/v2\/comments?post=17808"}],"version-history":[{"count":5,"href":"https:\/\/oceansupercluster.ca\/fr\/wp-json\/wp\/v2\/pages\/17808\/revisions"}],"predecessor-version":[{"id":18937,"href":"https:\/\/oceansupercluster.ca\/fr\/wp-json\/wp\/v2\/pages\/17808\/revisions\/18937"}],"wp:featuredmedia":[{"embeddable":true,"href":"https:\/\/oceansupercluster.ca\/fr\/wp-json\/wp\/v2\/media\/15206"}],"wp:attachment":[{"href":"https:\/\/oceansupercluster.ca\/fr\/wp-json\/wp\/v2\/media?parent=17808"}],"curies":[{"name":"wp","href":"https:\/\/api.w.org\/{rel}","templated":true}]}}