{"id":18024,"date":"2025-03-13T13:33:11","date_gmt":"2025-03-13T13:33:11","guid":{"rendered":"https:\/\/oceansupercluster.ca\/charting-the-course\/"},"modified":"2025-03-18T11:43:21","modified_gmt":"2025-03-18T11:43:21","slug":"tracer-la-voie","status":"publish","type":"page","link":"https:\/\/oceansupercluster.ca\/fr\/tracer-la-voie\/","title":{"rendered":"Tracer la voie jusqu\u2019en 2035"},"content":{"rendered":"<div class=\"wpb-content-wrapper\"><div class=\"g-container\">[vc_section css=\u00a0\u00bb.vc_custom_1741873430337{padding-top: 50px !important;padding-bottom: 50px !important;}\u00a0\u00bb][vc_row][vc_column width=\u00a0\u00bb1\/4&Prime;][vc_single_image image=\u00a0\u00bb18026&Prime; img_size=\u00a0\u00bblarge\u00a0\u00bb onclick=\u00a0\u00bbcustom_link\u00a0\u00bb css=\u00a0\u00bb\u00a0\u00bb link=\u00a0\u00bbhttps:\/\/oceansupercluster.ca\/wp-content\/uploads\/Ambition-2035_Tracer-La-Voie-1.pdf\u00a0\u00bb][\/vc_column][vc_column width=\u00a0\u00bb3\/4&Prime;][vc_column_text css=\u00a0\u00bb\u00a0\u00bb]<\/p>\n<h2><strong>Faire cro\u00eetre l\u2019\u00e9conomie oc\u00e9anique du Canada de 5\u00a0fois d\u2019ici\u00a02035<\/strong><\/h2>\n<p>L\u2019Organisation de coop\u00e9ration et de d\u00e9veloppement \u00e9conomiques (<a href=\"https:\/\/www.oecd.org\/fr\/publications\/l-economie-de-la-mer-en-2030_9789264275928-fr.html\">OCDE<\/a>) pr\u00e9voit que l\u2019\u00e9conomie oc\u00e9anique mondiale d\u00e9passera la croissance de l\u2019ensemble de l\u2019\u00e9conomie mondiale de presque 20\u00a0pour cent d\u2019ici 2030. Pour le Canada, il s\u2019agit d\u2019une occasion d\u2019acc\u00e9l\u00e9rer la cr\u00e9ation de plus de produits et services oc\u00e9aniques au Canada, de faire progresser les technologies pour renforcer la s\u00e9curit\u00e9 maritime, d\u2019accro\u00eetre la productivit\u00e9 et la comp\u00e9titivit\u00e9 ainsi que de favoriser l\u2019expansion des entreprises et de la main-d\u2019\u0153uvre en vue d\u2019apporter une croissance transformationnelle. Le moment est donc venu d\u2019\u00eatre audacieux dans notre ambition en tant que nation oc\u00e9anique; sinon, nous risquons de prendre du retard.<\/p>\n<p><strong>Le moment est VENU.\u00a0<\/strong><\/p>\n<p>R\u00e9unis par Supergrappe des oc\u00e9ans du Canada, des centaines d\u2019intervenants de la communaut\u00e9 oc\u00e9anique du Canada ont uni leurs forces pour d\u00e9velopper une plateforme commune appel\u00e9e Ambition 2035. Cette plateforme contribuera \u00e0 tracer la voie \u00e0 suivre pour faire cro\u00eetre l\u2019\u00e9conomie oc\u00e9anique du Canada de 5\u00a0fois, soit \u00e0 220\u00a0milliards de dollars, d\u2019ici 2035. Cette plateforme se fonde sur six secteurs de croissance qui s\u2019harmonisent aux solutions oc\u00e9aniques les plus pressantes dont le Canada a besoin \u00e0 l\u2019\u00e9chelle mondiale, et o\u00f9 le Canada peut prendre le r\u00f4le de chef de file. D\u00e9couvrez la fa\u00e7on dont nous parviendrons \u00e0 cette croissance de 5\u00a0fois d\u2019ici 2035 gr\u00e2ce \u00e0 notre document sur la nouvelle plateforme,\u00a0<strong>Tracer la voie:<\/strong><strong> Faire cro\u00eetre l\u2019\u00e9conomie oc\u00e9anique du Canada de 5\u00a0fois d\u2019ici 2035.<\/strong>[\/vc_column_text][vc_btn title=\u00a0\u00bbT\u00e9l\u00e9chargez votre exemplaire\u00a0\u00bb style=\u00a0\u00bbflat\u00a0\u00bb shape=\u00a0\u00bbsquare\u00a0\u00bb color=\u00a0\u00bbinfo\u00a0\u00bb size=\u00a0\u00bbsm\u00a0\u00bb css=\u00a0\u00bb\u00a0\u00bb el_class=\u00a0\u00bbvbtn\u00a0\u00bb link=\u00a0\u00bburl:https%3A%2F%2Foceansupercluster.ca%2Fwp-content%2Fuploads%2FAmbition-2035_Tracer-La-Voie-1.pdf|target:_blank\u00a0\u00bb][\/vc_column][\/vc_row][\/vc_section][vc_row][vc_column width=\u00a0\u00bb1\/5&Prime;][vc_single_image image=\u00a0\u00bb18056&Prime; img_size=\u00a0\u00bbmedium\u00a0\u00bb alignment=\u00a0\u00bbcenter\u00a0\u00bb css=\u00a0\u00bb\u00a0\u00bb][vc_column_text css=\u00a0\u00bb\u00a0\u00bb]<\/p>\n<p style=\"text-align: center;\"><strong>De bons emplois bien<\/strong><br \/>\n<strong>r\u00e9mun\u00e9r\u00e9s et des entreprises<\/strong><br \/>\n<strong>en pleine croissance<\/strong><\/p>\n<p>[\/vc_column_text][\/vc_column][vc_column width=\u00a0\u00bb1\/5&Prime;][vc_single_image image=\u00a0\u00bb18063&Prime; img_size=\u00a0\u00bbmedium\u00a0\u00bb alignment=\u00a0\u00bbcenter\u00a0\u00bb css=\u00a0\u00bb\u00a0\u00bb][vc_column_text css=\u00a0\u00bb\u00a0\u00bb]<\/p>\n<p style=\"text-align: center;\"><strong>Des communaut\u00e9s<\/strong><br \/>\n<strong>prosp\u00e8res et r\u00e9silientes<\/strong><\/p>\n<p>[\/vc_column_text][\/vc_column][vc_column width=\u00a0\u00bb1\/5&Prime;][vc_single_image image=\u00a0\u00bb18068&Prime; img_size=\u00a0\u00bbmedium\u00a0\u00bb alignment=\u00a0\u00bbcenter\u00a0\u00bb css=\u00a0\u00bb\u00a0\u00bb][vc_column_text css=\u00a0\u00bb\u00a0\u00bb]<\/p>\n<p style=\"text-align: center;\"><strong>Augmentation de la productivit\u00e9<\/strong><br \/>\n<strong>et de la croissance \u00e9conomique<\/strong><\/p>\n<p>[\/vc_column_text][\/vc_column][vc_column width=\u00a0\u00bb1\/5&Prime;][vc_single_image image=\u00a0\u00bb18070&Prime; img_size=\u00a0\u00bbmedium\u00a0\u00bb alignment=\u00a0\u00bbcenter\u00a0\u00bb css=\u00a0\u00bb\u00a0\u00bb][vc_column_text css=\u00a0\u00bb\u00a0\u00bb]<\/p>\n<p style=\"text-align: center;\"><strong>Acc\u00e9l\u00e9ration de la technologie<\/strong><br \/>\n<strong>oc\u00e9anique cr\u00e9\u00e9e au Canada<\/strong><\/p>\n<p>[\/vc_column_text][\/vc_column][vc_column width=\u00a0\u00bb1\/5&Prime;][vc_single_image image=\u00a0\u00bb18072&Prime; img_size=\u00a0\u00bbmedium\u00a0\u00bb alignment=\u00a0\u00bbcenter\u00a0\u00bb css=\u00a0\u00bb\u00a0\u00bb][vc_column_text css=\u00a0\u00bb\u00a0\u00bb]<\/p>\n<p style=\"text-align: center;\"><strong>Partenariats strat\u00e9giques<\/strong><br \/>\n<strong>et collaboration<\/strong><\/p>\n<p>[\/vc_column_text][\/vc_column][\/vc_row]<\/p><\/div>\n<\/div>","protected":false},"excerpt":{"rendered":"<p>[vc_section css=\u00a0\u00bb.vc_custom_1741873430337{padding-top: 50px !important;padding-bottom: 50px !important;}\u00a0\u00bb][vc_row][vc_column width=\u00a0\u00bb1\/4&Prime;][vc_single_image image=\u00a0\u00bb18026&Prime; img_size=\u00a0\u00bblarge\u00a0\u00bb onclick=\u00a0\u00bbcustom_link\u00a0\u00bb css=\u00a0\u00bb\u00a0\u00bb link=\u00a0\u00bbhttps:\/\/oceansupercluster.ca\/wp-content\/uploads\/Ambition-2035_Tracer-La-Voie-1.pdf\u00a0\u00bb][\/vc_column][vc_column width=\u00a0\u00bb3\/4&Prime;][vc_column_text css=\u00a0\u00bb\u00a0\u00bb] Faire cro\u00eetre l\u2019\u00e9conomie oc\u00e9anique du Canada de 5\u00a0fois d\u2019ici\u00a02035 L\u2019Organisation de coop\u00e9ration et de d\u00e9veloppement \u00e9conomiques [&hellip;]<\/p>\n","protected":false},"author":9,"featured_media":18048,"parent":0,"menu_order":0,"comment_status":"closed","ping_status":"closed","template":"","meta":{"_acf_changed":false,"footnotes":""},"class_list":["post-18024","page","type-page","status-publish","has-post-thumbnail","hentry"],"acf":[],"_links":{"self":[{"href":"https:\/\/oceansupercluster.ca\/fr\/wp-json\/wp\/v2\/pages\/18024","targetHints":{"allow":["GET"]}}],"collection":[{"href":"https:\/\/oceansupercluster.ca\/fr\/wp-json\/wp\/v2\/pages"}],"about":[{"href":"https:\/\/oceansupercluster.ca\/fr\/wp-json\/wp\/v2\/types\/page"}],"author":[{"embeddable":true,"href":"https:\/\/oceansupercluster.ca\/fr\/wp-json\/wp\/v2\/users\/9"}],"replies":[{"embeddable":true,"href":"https:\/\/oceansupercluster.ca\/fr\/wp-json\/wp\/v2\/comments?post=18024"}],"version-history":[{"count":0,"href":"https:\/\/oceansupercluster.ca\/fr\/wp-json\/wp\/v2\/pages\/18024\/revisions"}],"wp:featuredmedia":[{"embeddable":true,"href":"https:\/\/oceansupercluster.ca\/fr\/wp-json\/wp\/v2\/media\/18048"}],"wp:attachment":[{"href":"https:\/\/oceansupercluster.ca\/fr\/wp-json\/wp\/v2\/media?parent=18024"}],"curies":[{"name":"wp","href":"https:\/\/api.w.org\/{rel}","templated":true}]}}