{"id":18903,"date":"2025-04-09T13:48:44","date_gmt":"2025-04-09T13:48:44","guid":{"rendered":"https:\/\/oceansupercluster.ca\/oceantechfuture\/"},"modified":"2025-09-05T11:00:34","modified_gmt":"2025-09-05T11:00:34","slug":"oceantechfuture","status":"publish","type":"page","link":"https:\/\/oceansupercluster.ca\/fr\/oceantechfuture\/","title":{"rendered":"L&rsquo;avenir des technologies oc\u00e9aniques"},"content":{"rendered":"<div class=\"wpb-content-wrapper\"><div class=\"g-container\">\n<p>[vc_section full_width=\u00a0\u00bbstretch_row\u00a0\u00bb css=\u00a0\u00bb.vc_custom_1746211322442{padding-top: 75px !important;padding-bottom: 50px !important;background-color: #FFFFFF !important;}\u00a0\u00bb][vc_row][vc_column width=\u00a0\u00bb1\/4&Prime;][\/vc_column][vc_column width=\u00a0\u00bb1\/2&Prime;][vc_column_text css=\u00a0\u00bb\u00a0\u00bb]<\/p>\n<h2 style=\"text-align: center;\"><span data-olk-copy-source=\"MessageBody\">Faites votre place en IA et nouvelles technologies oc\u00e9aniques.<\/span><\/h2>\n<p style=\"text-align: center;\">Quand vous lisez \u00ab\u2009carri\u00e8res oc\u00e9aniques\u2009\u00bb, vous pensez \u00e0 la p\u00eache, aux activit\u00e9s maritimes ou \u00e0 la biologie marine\u2026 C\u2019est tout \u00e0 fait normal\u2009! Mais vous n\u2019avez pas besoin de vivre pr\u00e8s de l\u2019oc\u00e9an pour faire carri\u00e8re dans ce domaine\u2009! D\u2019un oc\u00e9an \u00e0 l\u2019autre, et partout au milieu, des opportunit\u00e9s vous attendent, et ce, sans \u00e9quipement de plong\u00e9e requis\u2009!<\/p>\n<p style=\"text-align: center;\">Plongez dans un oc\u00e9an de possibilit\u00e9s\u2009! Un emploi int\u00e9ressant vous attend dans l\u2019un des secteurs les plus dynamiques du Canada (qui devrait quintupler pour atteindre 220\u00a0milliards de dollars d\u2019ici 2035).<\/p>\n<p>[\/vc_column_text][\/vc_column][vc_column width=\u00a0\u00bb1\/4&Prime;][\/vc_column][\/vc_row][vc_row][vc_column][vc_video link=\u00a0\u00bbhttps:\/\/youtu.be\/B2bNfNrMzLo\u00a0\u00bb el_width=\u00a0\u00bb70&Prime; align=\u00a0\u00bbcenter\u00a0\u00bb css=\u00a0\u00bb\u00a0\u00bb][\/vc_column][\/vc_row][\/vc_section][vc_section full_width=\u00a0\u00bbstretch_row\u00a0\u00bb content_placement=\u00a0\u00bbmiddle\u00a0\u00bb css=\u00a0\u00bb.vc_custom_1746126998798{padding-top: 75px !important;padding-bottom: 50px !important;background-color: #E5F8FB !important;}\u00a0\u00bb][vc_row content_placement=\u00a0\u00bbmiddle\u00a0\u00bb][vc_column][vc_column_text css=\u00a0\u00bb\u00a0\u00bb]<\/p>\n<h4 style=\"text-align: center;\">D\u00e9sirez-vous rester inform\u00e9 sur les technologies oc\u00e9aniques?<\/h4>\n<p>[\/vc_column_text][vc_btn title=\u00a0\u00bbSuivez-nous sur LinkedIn\u00a0\u00bb style=\u00a0\u00bbflat\u00a0\u00bb shape=\u00a0\u00bbsquare\u00a0\u00bb color=\u00a0\u00bbinfo\u00a0\u00bb align=\u00a0\u00bbcenter\u00a0\u00bb css=\u00a0\u00bb\u00a0\u00bb el_class=\u00a0\u00bbvbtn\u00a0\u00bb link=\u00a0\u00bburl:https%3A%2F%2Fwww.linkedin.com%2Fcompany%2Fcanada-s-ocean-supercluster|target:_blank\u00a0\u00bb][\/vc_column][\/vc_row][\/vc_section][vc_section css=\u00a0\u00bb.vc_custom_1746211332545{padding-top: 75px !important;padding-bottom: 50px !important;}\u00a0\u00bb][vc_row][vc_column width=\u00a0\u00bb1\/2&Prime;][vc_column_text css=\u00a0\u00bb.vc_custom_1746461774932{padding-right: 75px !important;}\u00a0\u00bb]<\/p>\n<h2>L\u2019industrie oc\u00e9anique canadienne est innovante, de plus en plus num\u00e9rique et en constante \u00e9volution.<\/h2>\n<p>Que vous ayez un esprit cr\u00e9atif ou analytique, que vous aimiez les jeux vid\u00e9o ou l\u2019ing\u00e9nierie, vos comp\u00e9tences et vos int\u00e9r\u00eats trouveront leur place dans l\u2019industrie oc\u00e9anique. Trouvez une carri\u00e8re qui correspond \u00e0 vos valeurs et qui fait la diff\u00e9rence. L\u2019industrie oc\u00e9anique a besoin de nouveaux dipl\u00f4m\u00e9s, de professionnels en d\u00e9but de carri\u00e8re et de professionnels en transition de carri\u00e8re qui sont :[\/vc_column_text][\/vc_column][vc_column width=\u00a0\u00bb1\/2&Prime;][vc_row_inner][vc_column_inner width=\u00a0\u00bb1\/2&Prime; css=\u00a0\u00bb.vc_custom_1746127178142{padding-right: 15px !important;}\u00a0\u00bb][vc_single_image image=\u00a0\u00bb18869&Prime; img_size=\u00a0\u00bb100&#215;100&Prime; css=\u00a0\u00bb\u00a0\u00bb][vc_column_text css=\u00a0\u00bb\u00a0\u00bb]<\/p>\n<h4>Curieux et cr\u00e9atifs<\/h4>\n<p>Les probl\u00e8mes complexes n\u00e9cessitent des id\u00e9es cr\u00e9atives. Tous les domaines d\u2019expertise peuvent contribuer \u00e0 l\u2019\u00e9laboration de solutions innovantes pour les oc\u00e9ans.[\/vc_column_text][\/vc_column_inner][vc_column_inner width=\u00a0\u00bb1\/2&Prime; css=\u00a0\u00bb.vc_custom_1746127332777{padding-left: 15px !important;}\u00a0\u00bb][vc_single_image image=\u00a0\u00bb18879&Prime; img_size=\u00a0\u00bb100&#215;100&Prime; css=\u00a0\u00bb\u00a0\u00bb][vc_column_text css=\u00a0\u00bb\u00a0\u00bb]<\/p>\n<h4>Aptes \u00e0 travailler en \u00e9quipe<\/h4>\n<p>Travaillez avec des personnes issues de tous horizons et poss\u00e9dant des connaissances vari\u00e9es dans le secteur des technologies oc\u00e9aniques : le travail d\u2019\u00e9quipe est essentiel.[\/vc_column_text][\/vc_column_inner][\/vc_row_inner][vc_row_inner][vc_column_inner width=\u00a0\u00bb1\/2&Prime; css=\u00a0\u00bb.vc_custom_1746127191651{padding-right: 15px !important;}\u00a0\u00bb][vc_single_image image=\u00a0\u00bb18871&Prime; img_size=\u00a0\u00bb100&#215;100&Prime; css=\u00a0\u00bb\u00a0\u00bb][vc_column_text css=\u00a0\u00bb\u00a0\u00bb]<\/p>\n<h4>Des leaders environnementaux<\/h4>\n<p>La sant\u00e9 de nos oc\u00e9ans est essentielle \u00e0 la prosp\u00e9rit\u00e9 de l\u2019industrie. Les d\u00e9fenseurs passionn\u00e9s de l\u2019environnement sont indispensables \u00e0 la croissance du secteur.[\/vc_column_text][\/vc_column_inner][vc_column_inner width=\u00a0\u00bb1\/2&Prime; css=\u00a0\u00bb.vc_custom_1746127340009{padding-left: 15px !important;}\u00a0\u00bb][vc_single_image image=\u00a0\u00bb18873&Prime; img_size=\u00a0\u00bb100&#215;100&Prime; css=\u00a0\u00bb\u00a0\u00bb][vc_column_text css=\u00a0\u00bb\u00a0\u00bb]<\/p>\n<h4>Des pr\u00e9curseurs<\/h4>\n<p>Ce secteur est en constante \u00e9volution, r\u00e9agissant aux nouveaux d\u00e9fis et saisissant les opportunit\u00e9s d\u2019innovation. Pour cela, vous devez avoir une longueur d\u2019avance et \u00eatre \u00e0 l\u2019aff\u00fbt des solutions efficaces.[\/vc_column_text][\/vc_column_inner][\/vc_row_inner][\/vc_column][\/vc_row][\/vc_section][vc_section full_width=\u00a0\u00bbstretch_row\u00a0\u00bb css=\u00a0\u00bb.vc_custom_1746211341725{padding-top: 75px !important;padding-bottom: 50px !important;background-color: #E5F8FB !important;}\u00a0\u00bb][vc_row css=\u00a0\u00bb.vc_custom_1746127026512{padding-bottom: 25px !important;}\u00a0\u00bb][vc_column width=\u00a0\u00bb1\/4&Prime;][\/vc_column][vc_column width=\u00a0\u00bb1\/2&Prime;][vc_column_text css=\u00a0\u00bb\u00a0\u00bb]<\/p>\n<h4 style=\"text-align: center;\">\u00c9coutez les membres de Supergrappe des oc\u00e9ans du Canada expliquer comment ils exploitent l\u2019IA pour am\u00e9liorer l\u2019efficacit\u00e9 et la productivit\u00e9, et d\u00e9couvrez les solutions oc\u00e9aniques innovantes et cr\u00e9atives utilis\u00e9es \u00e0 travers le monde. Ce ne sont l\u00e0 que quelques exemples tir\u00e9s de notre groupe de 800 organisations membres.<\/h4>\n<p>[\/vc_column_text][\/vc_column][vc_column width=\u00a0\u00bb1\/4&Prime;][\/vc_column][\/vc_row][vc_row][vc_column width=\u00a0\u00bb1\/3&Prime;][vc_video link=\u00a0\u00bbhttps:\/\/youtu.be\/5adp9ds5U5U?si=1cc9Nngvil1K53Ng\u00a0\u00bb css=\u00a0\u00bb.vc_custom_1746126922606{padding-bottom: 25px !important;}\u00a0\u00bb][vc_column_text css=\u00a0\u00bb\u00a0\u00bb]<\/p>\n<h4>GSTS<\/h4>\n<p>Avez-vous d\u00e9j\u00e0 entendu parler d\u2019un GPS pour les navires\u2009? C\u2019est exactement ce que fait GSTS avec sa plateforme OCIANA. D\u00e9couvrez leur segment dans notre s\u00e9rie \u00ab\u2009Une histoire \u00e0 conter\u2009\u00bb pour savoir comment ils utilisent l\u2019IA pour les navires, permettant ainsi d\u2019assurer la s\u00e9curit\u00e9 environnementale et commerciale.[\/vc_column_text][\/vc_column][vc_column width=\u00a0\u00bb1\/3&Prime;][vc_video link=\u00a0\u00bbhttps:\/\/youtu.be\/dqLJ_o8Uu5M?si=MV3nyDLPXCEYdGXO\u00a0\u00bb css=\u00a0\u00bb.vc_custom_1746126911315{padding-bottom: 25px !important;}\u00a0\u00bb][vc_column_text css=\u00a0\u00bb.vc_custom_1746461941985{margin-top: 0px !important;margin-right: 0px !important;margin-bottom: 0px !important;margin-left: 0px !important;}\u00a0\u00bb]<\/p>\n<h4>OnDeck Fisheries AI<\/h4>\n<p>Cette entreprise de Vancouver (C.-B.) utilise l\u2019IA pour automatiser la surveillance des populations de poissons dans les p\u00eaches commerciales, ce qui permet d\u2019\u00e9conomiser des milliers d\u2019heures d\u2019analyse vid\u00e9o, tout en am\u00e9liorant la pr\u00e9cision des donn\u00e9es. Voil\u00e0 une fa\u00e7on d\u2019utiliser la technologie pour contribuer \u00e0 prot\u00e9ger la biodiversit\u00e9 marine. Voyez par vous-m\u00eame\u2009![\/vc_column_text][\/vc_column][vc_column width=\u00a0\u00bb1\/3&Prime;][vc_video link=\u00a0\u00bbhttps:\/\/youtu.be\/aeI4f662Cy8?si=Oc9Xeb-iqxTpRiSJ\u00a0\u00bb css=\u00a0\u00bb.vc_custom_1746126937382{padding-bottom: 25px !important;}\u00a0\u00bb][vc_column_text css=\u00a0\u00bb.vc_custom_1746461958049{margin-top: 0px !important;margin-right: 0px !important;margin-bottom: 0px !important;margin-left: 0px !important;}\u00a0\u00bb]<\/p>\n<h4>Whaleseeker<\/h4>\n<p>Whaleseeker, une entreprise certifi\u00e9e B Corp \u00e9tablie \u00e0 Montr\u00e9al (Qc), utilise l\u2019IA pour analyser des photos a\u00e9riennes de mammif\u00e8res marins. C\u2019est essentiel pour les chercheurs dans de nombreux domaines, notamment la conservation marine et le transport maritime. Plongez dans leur univers et d\u00e9couvrez leur histoire\u2009![\/vc_column_text][\/vc_column][\/vc_row][\/vc_section][vc_section css=\u00a0\u00bb.vc_custom_1746211350737{padding-top: 75px !important;padding-bottom: 50px !important;}\u00a0\u00bb][vc_row][vc_column width=\u00a0\u00bb1\/2&Prime; css=\u00a0\u00bb.vc_custom_1744894079377{padding-right: 50px !important;}\u00a0\u00bb][vc_column_text css=\u00a0\u00bb.vc_custom_1746792864188{padding-right: 75px !important;}\u00a0\u00bb]<\/p>\n<h2>Nos membres d\u00e9montrent constamment l&rsquo;influence croissante de l&rsquo;IA sur l&rsquo;innovation oc\u00e9anique.<\/h2>\n<p>Alors que l&rsquo;IA se d\u00e9veloppe et s&rsquo;am\u00e9liore, le secteur oc\u00e9anique a besoin de personnes comp\u00e9tentes et enthousiastes pour s\u2019impliquer dans cette croissance et ce d\u00e9veloppement. Joignez-vous \u00e0 nous!<\/p>\n<p>[\/vc_column_text][\/vc_column][vc_column width=\u00a0\u00bb1\/2&Prime;][vc_row_inner][vc_column_inner width=\u00a0\u00bb1\/2&Prime; css=\u00a0\u00bb.vc_custom_1746127297227{padding-right: 15px !important;}\u00a0\u00bb][vc_single_image image=\u00a0\u00bb18865&Prime; img_size=\u00a0\u00bb100&#215;100&Prime; css=\u00a0\u00bb\u00a0\u00bb][vc_column_text css=\u00a0\u00bb\u00a0\u00bb]Vous n\u2019habitez pas pr\u00e8s de l\u2019oc\u00e9an\u2009? Pas de probl\u00e8me. Les entreprises sp\u00e9cialis\u00e9es dans les technologies oc\u00e9aniques ont leur si\u00e8ge social partout au Canada, d\u2019un oc\u00e9an \u00e0 l\u2019autre.[\/vc_column_text][\/vc_column_inner][vc_column_inner width=\u00a0\u00bb1\/2&Prime; css=\u00a0\u00bb.vc_custom_1746127267085{padding-left: 15px !important;}\u00a0\u00bb][vc_single_image image=\u00a0\u00bb18867&Prime; img_size=\u00a0\u00bb100&#215;100&Prime; css=\u00a0\u00bb.vc_custom_1746127224609{padding-right: 15px !important;}\u00a0\u00bb][vc_column_text css=\u00a0\u00bb\u00a0\u00bb]L\u2019\u00e9conomie oc\u00e9anique devrait cr\u00e9er 20\u2009000 emplois d\u2019ici 2030. Trouvez votre carri\u00e8re dans un secteur qui garantit des emplois int\u00e9ressants et bien r\u00e9mun\u00e9r\u00e9s aux Canadiens.[\/vc_column_text][\/vc_column_inner][\/vc_row_inner][vc_row_inner][vc_column_inner width=\u00a0\u00bb1\/2&Prime; css=\u00a0\u00bb.vc_custom_1746127284249{padding-right: 15px !important;}\u00a0\u00bb][vc_single_image image=\u00a0\u00bb18875&Prime; img_size=\u00a0\u00bb100&#215;100&Prime; css=\u00a0\u00bb.vc_custom_1746127234014{padding-right: 15px !important;}\u00a0\u00bb][vc_column_text css=\u00a0\u00bb\u00a0\u00bb]L\u2019\u00e9conomie oc\u00e9anique du Canada est sur la bonne voie pour atteindre 220 milliards de dollars d\u2019ici 2035.[\/vc_column_text][\/vc_column_inner][vc_column_inner width=\u00a0\u00bb1\/2&Prime; css=\u00a0\u00bb.vc_custom_1746127275056{padding-left: 15px !important;}\u00a0\u00bb][vc_single_image image=\u00a0\u00bb18877&Prime; img_size=\u00a0\u00bb100&#215;100&Prime; css=\u00a0\u00bb\u00a0\u00bb][vc_column_text css=\u00a0\u00bb\u00a0\u00bb]L\u2019\u00e9conomie oc\u00e9anique offre un environnement id\u00e9al pour les entreprises en d\u00e9marrage : 185 nouvelles entreprises oc\u00e9aniques ont vu le jour au Canada depuis 2019, et ce n\u2019est qu\u2019un d\u00e9but\u2009![\/vc_column_text][\/vc_column_inner][\/vc_row_inner][\/vc_column][\/vc_row][\/vc_section][vc_section full_width=\u00a0\u00bbstretch_row\u00a0\u00bb content_placement=\u00a0\u00bbmiddle\u00a0\u00bb css=\u00a0\u00bb.vc_custom_1746211359996{padding-top: 75px !important;padding-bottom: 50px !important;background-color: #E5F8FB !important;}\u00a0\u00bb][vc_row content_placement=\u00a0\u00bbmiddle\u00a0\u00bb][vc_column width=\u00a0\u00bb1\/2&Prime; css=\u00a0\u00bb.vc_custom_1744894093916{padding-right: 50px !important;}\u00a0\u00bb][vc_column_text css=\u00a0\u00bb\u00a0\u00bb]<\/p>\n<h4>R\u00e9fl\u00e9chissez \u00e0 la mani\u00e8re dont vous pourriez co-investir avec la SOC pour lancer votre projet oc\u00e9anique.<\/h4>\n<p>R\u00e9seautage, partenariats, formation, \u00e9v\u00e9nements r\u00e9serv\u00e9s aux membres, occasions de projets, visibilit\u00e9 accrue sur le march\u00e9 \u2014 les membres de SOC travaillent ensemble pour contribuer \u00e0 un oc\u00e9an plus sain et plus productif, tout en cr\u00e9ant d\u2019importantes opportunit\u00e9s \u00e9conomiques pour r\u00e9aliser l\u2019Ambition 2035. Joignez-vous \u00e0 une industrie \u00e0 l\u2019avant-garde de l\u2019innovation en mati\u00e8re d\u2019IA au Canada et dans le monde, et participez \u00e0 quelque chose de grand : le littoral le plus long du monde.[\/vc_column_text][vc_row_inner][vc_column_inner width=\u00a0\u00bb1\/2&Prime;][vc_btn title=\u00a0\u00bbDevenez membre\u00a0\u00bb style=\u00a0\u00bbflat\u00a0\u00bb shape=\u00a0\u00bbsquare\u00a0\u00bb color=\u00a0\u00bbinfo\u00a0\u00bb css=\u00a0\u00bb\u00a0\u00bb link=\u00a0\u00bburl:https%3A%2F%2Foceansupercluster.ca%2Fmembership%2F|target:_blank\u00a0\u00bb el_class=\u00a0\u00bbvbtn\u00a0\u00bb][\/vc_column_inner][vc_column_inner width=\u00a0\u00bb1\/2&Prime;][vc_btn title=\u00a0\u00bbFinancez votre projet\u00a0\u00bb style=\u00a0\u00bbflat\u00a0\u00bb shape=\u00a0\u00bbsquare\u00a0\u00bb color=\u00a0\u00bbinfo\u00a0\u00bb css=\u00a0\u00bb\u00a0\u00bb link=\u00a0\u00bburl:https%3A%2F%2Foceansupercluster.ca%2Fwhat-we-do%2Fprojects%2F|target:_blank\u00a0\u00bb el_class=\u00a0\u00bbvbtn\u00a0\u00bb][\/vc_column_inner][\/vc_row_inner][\/vc_column][vc_column width=\u00a0\u00bb1\/2&Prime; css=\u00a0\u00bb.vc_custom_1746126444760{background-image: url(https:\/\/oceansupercluster.ca\/wp-content\/uploads\/OSC-2025-Recruitment-Campaign-Inline-Image-Apr-25.jpg?id=18881) !important;background-position: center !important;background-repeat: no-repeat !important;background-size: contain !important;}\u00a0\u00bb][vc_empty_space height=\u00a0\u00bb500px\u00a0\u00bb][\/vc_column][\/vc_row][\/vc_section][vc_row][\/vc_row][vc_column][\/vc_column][vc_column_text]<\/p>\n<p>I am text block. Click edit button to change this text. Lorem ipsum dolor sit amet, consectetur adipiscing elit. Ut elit tellus, luctus nec ullamcorper mattis, pulvinar dapibus leo.<\/p>\n<p>[\/vc_column_text]<\/p>\n<\/div>\n<\/div>","protected":false},"excerpt":{"rendered":"<p>[vc_section full_width=\u00a0\u00bbstretch_row\u00a0\u00bb css=\u00a0\u00bb.vc_custom_1746211322442{padding-top: 75px !important;padding-bottom: 50px !important;background-color: #FFFFFF !important;}\u00a0\u00bb][vc_row][vc_column width=\u00a0\u00bb1\/4&Prime;][\/vc_column][vc_column width=\u00a0\u00bb1\/2&Prime;][vc_column_text css=\u00a0\u00bb\u00a0\u00bb] Faites votre place en IA et nouvelles technologies oc\u00e9aniques. Quand vous lisez \u00ab\u2009carri\u00e8res oc\u00e9aniques\u2009\u00bb, vous pensez \u00e0 la [&hellip;]<\/p>\n","protected":false},"author":6,"featured_media":20095,"parent":0,"menu_order":0,"comment_status":"closed","ping_status":"closed","template":"","meta":{"_acf_changed":false,"footnotes":""},"class_list":["post-18903","page","type-page","status-publish","has-post-thumbnail","hentry"],"acf":[],"_links":{"self":[{"href":"https:\/\/oceansupercluster.ca\/fr\/wp-json\/wp\/v2\/pages\/18903","targetHints":{"allow":["GET"]}}],"collection":[{"href":"https:\/\/oceansupercluster.ca\/fr\/wp-json\/wp\/v2\/pages"}],"about":[{"href":"https:\/\/oceansupercluster.ca\/fr\/wp-json\/wp\/v2\/types\/page"}],"author":[{"embeddable":true,"href":"https:\/\/oceansupercluster.ca\/fr\/wp-json\/wp\/v2\/users\/6"}],"replies":[{"embeddable":true,"href":"https:\/\/oceansupercluster.ca\/fr\/wp-json\/wp\/v2\/comments?post=18903"}],"version-history":[{"count":11,"href":"https:\/\/oceansupercluster.ca\/fr\/wp-json\/wp\/v2\/pages\/18903\/revisions"}],"predecessor-version":[{"id":20210,"href":"https:\/\/oceansupercluster.ca\/fr\/wp-json\/wp\/v2\/pages\/18903\/revisions\/20210"}],"wp:featuredmedia":[{"embeddable":true,"href":"https:\/\/oceansupercluster.ca\/fr\/wp-json\/wp\/v2\/media\/20095"}],"wp:attachment":[{"href":"https:\/\/oceansupercluster.ca\/fr\/wp-json\/wp\/v2\/media?parent=18903"}],"curies":[{"name":"wp","href":"https:\/\/api.w.org\/{rel}","templated":true}]}}