{"id":19314,"date":"2024-12-06T19:36:06","date_gmt":"2024-12-06T19:36:06","guid":{"rendered":"https:\/\/oceansupercluster.ca\/osc-resources\/"},"modified":"2026-03-26T14:13:29","modified_gmt":"2026-03-26T14:13:29","slug":"osc-resources","status":"publish","type":"page","link":"https:\/\/oceansupercluster.ca\/fr\/osc-resources\/","title":{"rendered":"OSC Resources"},"content":{"rendered":"<div class=\"wpb-content-wrapper\"><div class=\"g-container\">[vc_row][vc_column width=\u00a0\u00bb1\/2&Prime;][vc_column_text css_animation=\u00a0\u00bbnone\u00a0\u00bb css=\u00a0\u00bb\u00a0\u00bb]<\/p>\n<h1><span style=\"color: #1ebedc;\">Bienvenue<\/span><\/h1>\n<p>[\/vc_column_text][vc_column_text css=\u00a0\u00bb\u00a0\u00bb]<\/p>\n<h3><span style=\"color: #000000;\">F\u00e9licitations et bienvenue \u00e0 bord! Nous sommes ravis de nous associer \u00e0 vous pour votre projet SOC. Vous trouverez ci-dessous une liste de documents con\u00e7us pour vous aider, vous et votre \u00e9quipe, \u00e0 chaque \u00e9tape.<\/span><\/h3>\n<p>[\/vc_column_text][\/vc_column][vc_column width=\u00a0\u00bb1\/2&Prime;][vc_single_image image=\u00a0\u00bb17209&Prime; img_size=\u00a0\u00bbmedium\u00a0\u00bb alignment=\u00a0\u00bbright\u00a0\u00bb css=\u00a0\u00bb\u00a0\u00bb][\/vc_column][\/vc_row][vc_row][vc_column][vc_empty_space height=\u00a0\u00bb50px\u00a0\u00bb][\/vc_column][\/vc_row][vc_row][vc_column][vc_column_text css=\u00a0\u00bb\u00a0\u00bb]<\/p>\n<h1><span style=\"color: #1ebedc;\">Ressources de projets de SOC<\/span><\/h1>\n<p>[\/vc_column_text][vc_empty_space height=\u00a0\u00bb25px\u00a0\u00bb][\/vc_column][\/vc_row][vc_row][vc_column css=\u00a0\u00bb.vc_custom_1734090026316{background-color: #FFFFFF !important;}\u00a0\u00bb][vc_column_text css=\u00a0\u00bb.vc_custom_1750170128219{margin-right: 12px !important;background-color: #0C223B !important;}\u00a0\u00bb]<\/p>\n<h3><span style=\"color: #ffffff;\">Lignes directrices et d<\/span><span style=\"color: #ffffff;\">ocuments de politique<\/span><\/h3>\n<p>[\/vc_column_text][vc_column_text css=\u00a0\u00bb\u00a0\u00bb]<\/p>\n<ul>\n<li><a href=\"https:\/\/oceansupercluster.ca\/wp-content\/uploads\/OSC-Project-Kickoff-Summary-Guide-March-2025-FR.docx\">Guide r\u00e9capitulatif sur le lancement du projet de SOC<\/a><\/li>\n<li><a href=\"https:\/\/oceansupercluster.ca\/wp-content\/uploads\/OSC-Cost-Eligibility-Guidelines_202504_FR-1.pdf\">Lignes directrices sur l\u2019admissibilit\u00e9 des co\u00fbts<\/a><\/li>\n<li><a href=\"https:\/\/oceansupercluster.ca\/wp-content\/uploads\/2023\/12\/Projects-Navigation_Member-portal.pdf\">Member Portal Project Budget Insights \u2013 Navigating from a Project Finance Perspective<\/a><\/li>\n<li><a href=\"https:\/\/oceansupercluster.ca\/wp-content\/uploads\/Projects-Navigation_Member-portal-FR.docx\">Guide de l&rsquo;utilisateur &#8211; Soumission du rapport de progr\u00e8s du portail des membres<\/a><\/li>\n<li><a href=\"https:\/\/oceansupercluster.ca\/wp-content\/uploads\/IP-and-Data-Guide-Sept-2024-French.pdf\">Guide sur la propri\u00e9t\u00e9 intellectuelle (PI) et les donn\u00e9es<\/a><\/li>\n<li><a href=\"https:\/\/oceansupercluster.ca\/wp-content\/uploads\/IP-Registry-Instructions-for-Project-Participants-April-2025-FR.docx\">Registre de PI<\/a><\/li>\n<li><a href=\"https:\/\/oceansupercluster.ca\/wp-content\/uploads\/Data-Registry_Instructions-for-OSC-Members_Sept-2024-FR.docx\">Registre de donn\u00e9es<\/a><\/li>\n<li><a href=\"https:\/\/oceansupercluster.ca\/wp-content\/uploads\/OSC-Projects-Media-Policy-October-2023-FR.docx\">Projets de SOC &#8211; Politique sur les m\u00e9dias<\/a><\/li>\n<li><a href=\"https:\/\/oceansupercluster.ca\/wp-content\/uploads\/Travel-and-Expense-Policy-for-Project-Participants_FR_202504-1.pdf\">Participant au projet &#8211; <span style=\"letter-spacing: 0.03em;\">Politique sur les d\u00e9placements et les d\u00e9penses<\/span><\/a><\/li>\n<\/ul>\n<p>[\/vc_column_text][vc_empty_space height=\u00a0\u00bb50px\u00a0\u00bb][vc_row_inner][vc_column_inner width=\u00a0\u00bb1\/4&Prime;][vc_video link=\u00a0\u00bbhttps:\/\/youtu.be\/-NlHeq7zxWc\u00a0\u00bb css=\u00a0\u00bb\u00a0\u00bb title=\u00a0\u00bbVid\u00e9o 1&Prime;][vc_column_text css=\u00a0\u00bb\u00a0\u00bb]Exigences de soumission de demande[\/vc_column_text][vc_empty_space][\/vc_column_inner][vc_column_inner width=\u00a0\u00bb1\/4&Prime;][vc_video link=\u00a0\u00bbhttps:\/\/youtu.be\/WJSRJ0VtCw0&Prime; css=\u00a0\u00bb\u00a0\u00bb title=\u00a0\u00bbVid\u00e9o 2&Prime;][vc_column_text css=\u00a0\u00bb\u00a0\u00bb]Mod\u00e8le de financement de projet \u2013 Fonctionnement[\/vc_column_text][vc_empty_space][\/vc_column_inner][vc_column_inner width=\u00a0\u00bb1\/4&Prime;][vc_video link=\u00a0\u00bbhttps:\/\/youtu.be\/WTRIAydWDoU\u00a0\u00bb css=\u00a0\u00bb\u00a0\u00bb title=\u00a0\u00bbVid\u00e9o 3&Prime;][vc_column_text css=\u00a0\u00bb\u00a0\u00bb]Budget et r\u00e9clamation des salaires et avantages sociaux[\/vc_column_text][vc_empty_space][\/vc_column_inner][vc_column_inner width=\u00a0\u00bb1\/4&Prime;][vc_video link=\u00a0\u00bbhttps:\/\/youtu.be\/0g4COK4Nof0&Prime; css=\u00a0\u00bb\u00a0\u00bb title=\u00a0\u00bbVid\u00e9o 4&Prime;][vc_column_text css=\u00a0\u00bb\u00a0\u00bb]Budg\u00e9tisation\/Demande de remboursement de mat\u00e9riel et de fournitures[\/vc_column_text][vc_empty_space][\/vc_column_inner][\/vc_row_inner][vc_row_inner][vc_column_inner width=\u00a0\u00bb1\/4&Prime;][vc_video link=\u00a0\u00bbhttps:\/\/youtu.be\/n7jCLffD72c\u00a0\u00bb css=\u00a0\u00bb\u00a0\u00bb title=\u00a0\u00bbVid\u00e9o 5&Prime;][vc_column_text css=\u00a0\u00bb\u00a0\u00bb]Location et location d\u2019installations[\/vc_column_text][vc_empty_space][\/vc_column_inner][vc_column_inner width=\u00a0\u00bb1\/4&Prime;][vc_video link=\u00a0\u00bbhttps:\/\/youtu.be\/wsiyraH4jDk\u00a0\u00bb css=\u00a0\u00bb\u00a0\u00bb title=\u00a0\u00bbVid\u00e9o 6&Prime;][vc_column_text css=\u00a0\u00bb\u00a0\u00bb]Communications et marketing li\u00e9s \u00e0 la budg\u00e9tisation et aux r\u00e9clamations[\/vc_column_text][vc_empty_space][\/vc_column_inner][vc_column_inner width=\u00a0\u00bb1\/4&Prime;][vc_video link=\u00a0\u00bbhttps:\/\/youtu.be\/4WypV_yzLGM\u00a0\u00bb css=\u00a0\u00bb\u00a0\u00bb title=\u00a0\u00bbVid\u00e9o 7&Prime;][vc_column_text css=\u00a0\u00bb\u00a0\u00bb]Budget\/R\u00e9clamation d\u2019autres co\u00fbts directs[\/vc_column_text][vc_empty_space][\/vc_column_inner][vc_column_inner width=\u00a0\u00bb1\/4&Prime;][vc_video link=\u00a0\u00bbhttps:\/\/youtu.be\/7D0z6UGxRqg\u00a0\u00bb css=\u00a0\u00bb\u00a0\u00bb title=\u00a0\u00bbVid\u00e9o 8&Prime;][vc_column_text css=\u00a0\u00bb\u00a0\u00bb]Mod\u00e8le de budget et pr\u00e9visions[\/vc_column_text][vc_empty_space][\/vc_column_inner][\/vc_row_inner][vc_row_inner][vc_column_inner width=\u00a0\u00bb1\/4&Prime;][vc_video link=\u00a0\u00bbhttps:\/\/youtu.be\/MRU7KUQhvIw\u00a0\u00bb css=\u00a0\u00bb\u00a0\u00bb title=\u00a0\u00bbVid\u00e9o 9&Prime;][vc_column_text css=\u00a0\u00bb\u00a0\u00bb]Budgetisation et r\u00e9clamation de frais de d\u00e9placement[\/vc_column_text][vc_empty_space][\/vc_column_inner][vc_column_inner width=\u00a0\u00bb1\/4&Prime;][vc_video link=\u00a0\u00bbhttps:\/\/youtu.be\/rXCfjDUJ__Q\u00a0\u00bb css=\u00a0\u00bb\u00a0\u00bb title=\u00a0\u00bbVid\u00e9o 10&Prime;][vc_column_text css=\u00a0\u00bb\u00a0\u00bb]Autres contributions gouvernementales[\/vc_column_text][vc_empty_space][\/vc_column_inner][\/vc_row_inner][\/vc_column][\/vc_row][vc_row][vc_column width=\u00a0\u00bb1\/2&Prime;][vc_column_text css=\u00a0\u00bb.vc_custom_1748537208067{background-color: #0C223B !important;}\u00a0\u00bb]<\/p>\n<h3><span style=\"color: #ffffff;\">Formulaires<\/span><\/h3>\n<p>[\/vc_column_text][vc_column_text css=\u00a0\u00bb\u00a0\u00bb]<\/p>\n<ul>\n<li><a href=\"https:\/\/oceansupercluster.ca\/wp-content\/uploads\/OSC-Claim-Submission-Payroll-Attestation-Form_122024-FR-1.docx\">Soumission de demande et attestation de paie<\/a><\/li>\n<li><a href=\"https:\/\/view.officeapps.live.com\/op\/view.aspx?src=https%3A%2F%2Foceansupercluster.ca%2Fwp-content%2Fuploads%2FOSC-Detailed-Claim-and-Reconciliation-Form_022025_FR.xlsx&amp;wdOrigin=BROWSELINK\">Formulaire de r\u00e9clamation d\u00e9taill\u00e9<\/a><\/li>\n<li><a href=\"https:\/\/oceansupercluster.ca\/wp-content\/uploads\/ProjectChangeRequestForm_Dec2023-FR.docx\">Formulaire de demande de changement de projet<\/a><\/li>\n<li><a href=\"https:\/\/oceansupercluster.ca\/wp-content\/uploads\/2.0-OSC-Foreign-Costs-Justification-Tier-1-Template_102023-FR.docx\">Niveau 1* &#8211; Mod\u00e8le d\u2019information sur les co\u00fbts \u00e9trangers<\/a><\/li>\n<li><a href=\"https:\/\/view.officeapps.live.com\/op\/view.aspx?src=https%3A%2F%2Foceansupercluster.ca%2Fwp-content%2Fuploads%2F2.0-OSC-Foreign-Costs-Justification-Tier-2-Template_102023-FR.docx&amp;wdOrigin=BROWSELINK\">Niveau 2* &#8211; Mod\u00e8le d\u2019information sur les co\u00fbts \u00e9trangers<\/a><\/li>\n<li><a href=\"https:\/\/oceansupercluster.ca\/wp-content\/uploads\/Project-Advance-Request-Forecast-Template_202503-FR.xlsx\">Mod\u00e8le de pr\u00e9vision de demande d&rsquo;avance de projet<\/a><\/li>\n<li><a href=\"https:\/\/oceansupercluster.ca\/wp-content\/uploads\/OSC-Capital-Expenditure-Approval-Form_202502-FR-1.docx\">Formulaire d&rsquo;approbation des d\u00e9penses en immobilisations<\/a><\/li>\n<li><a href=\"https:\/\/oceansupercluster.ca\/wp-content\/uploads\/FMV-Attestation-for-Non-Matched-In-kind-Contributions-FR-1.docx\">Attestation de JVM pour les contributions en nature sans contrepartie<\/a><\/li>\n<li>\u00c9valuation du projet Cyber Gate<\/li>\n<\/ul>\n<p>[\/vc_column_text][\/vc_column][vc_column width=\u00a0\u00bb1\/2&Prime;][vc_column_text css=\u00a0\u00bb.vc_custom_1748537238372{background-color: #0C223B !important;}\u00a0\u00bb]<\/p>\n<h3><span style=\"color: #ffffff;\">Questions fr\u00e9quemment pos\u00e9es<\/span><\/h3>\n<p>[\/vc_column_text][vc_column_text css=\u00a0\u00bb\u00a0\u00bb]<\/p>\n<ul>\n<li><a href=\"https:\/\/oceansupercluster.ca\/wp-content\/uploads\/FAQ_Claim-Form-FR.docx\">Documents de r\u00e9clamation<\/a><\/li>\n<li><a href=\"https:\/\/oceansupercluster.ca\/wp-content\/uploads\/Quarterly-Reporting-FAQ-FR.docx\">Document de rapport trimestriel<\/a><\/li>\n<\/ul>\n<p>[\/vc_column_text][\/vc_column][\/vc_row][vc_row][vc_column][vc_empty_space height=\u00a0\u00bb50px\u00a0\u00bb][\/vc_column][\/vc_row][vc_row][vc_column width=\u00a0\u00bb1\/3&Prime;][vc_column_text css=\u00a0\u00bb\u00a0\u00bb]<\/p>\n<h1><span style=\"color: #1ebedc;\">Faites la connaissance de l\u2019\u00c9quipe de SOC<\/span><\/h1>\n<p>[\/vc_column_text][\/vc_column][vc_column width=\u00a0\u00bb2\/3&Prime;][vc_column_text css=\u00a0\u00bb\u00a0\u00bb]Gestionnaire du programme de leadership technologique<br \/>\n<strong>Patrick LeClair<\/strong><br \/>\n<a href=\"mailto:patrick.leclair@oceansupercluster.ca\">patrick.leclair@oceansupercluster.ca<\/a> (heure de l\u2019Atlantique)<\/p>\n<p>Gestionnaire du programme de leadership technologique<br \/>\n<strong>Colleen Menard<\/strong><br \/>\n<a href=\"mailto:colleen.menard@oceansupercluster.ca\">colleen.menard@oceansupercluster.ca<\/a> (heure de l\u2019Atlantique)<\/p>\n<p>Gestionnaire du programme<br \/>\n<strong><span class=\"tmm_fname\">Heather\u00a0<\/span><span class=\"tmm_lname\">MuLock<br \/>\n<\/span><\/strong><a href=\"mailto:heather.mulock@oceansupercluster.ca\"><span class=\"tmm_lname\">heather.mulock@oceansupercluster.ca<\/span><\/a>\u00a0<span class=\"tmm_lname\">(heure de l\u2019Atlantique)<\/span><\/p>\n<p>Responsable de programme<br \/>\n<strong>Sophie Treptau<\/strong><br \/>\n<a href=\"mailto:sophie.treptau@oceansupercluster.ca\">sophie.treptau@oceansupercluster.ca<\/a> (heure de l\u2019Atlantique)<\/p>\n<p>Responsable du financement de projets<br \/>\n<strong>Danielle Babstock<\/strong><br \/>\n<a href=\"mailto:danielle.babstock@oceansupercluster.ca\">danielle.babstock@oceansupercluster.ca<\/a> (heure de Terre-Neuve-et-Labrador)<\/p>\n<p>Comptable de projet<br \/>\n<strong>Jasmin Lawas<\/strong><br \/>\n<a href=\"mailto:jasmin.lawas@oceansupercluster.ca\">jasmin.lawas@oceansupercluster.ca<\/a> (heure de l\u2019Est)<\/p>\n<p>Comptable de projet<br \/>\n<strong>Faustina Mambwere<\/strong><br \/>\n<a href=\"mailto:faustina.mambwere@oceansupercluster.ca\">faustina.mambwere@oceansupercluster.ca<\/a><\/p>\n<p>Propri\u00e9t\u00e9 intellectuelle et gestion des donn\u00e9es<br \/>\n<strong>Shafiq Manji<\/strong><br \/>\n<a href=\"mailto:shafiq.manji@oceansupercluster.ca\">shafiq.manji@oceansupercluster.ca<\/a> (heure de l\u2019Est)<\/p>\n<p>Partenariats et engagement<br \/>\n<strong>Jakub Skrzypczyk<\/strong><br \/>\n<a href=\"mailto:Jakub.Skrzypczyk@oceansupercluster.ca\">Jakub.Skrzypczyk@oceansupercluster.ca<\/a> (heure de l\u2019Atlantique)<\/p>\n<p>Directrice de l\u2019engagement et des communications<br \/>\n<strong>Nancy Andrews<\/strong><br \/>\n<a href=\"mailto:Nancy.Andrews@oceansupercluster.ca\">Nancy.Andrews@oceansupercluster.ca<\/a> (heure de Terre-Neuve-et-Labrador)[\/vc_column_text][\/vc_column][\/vc_row][vc_row][vc_column][vc_empty_space][\/vc_column][\/vc_row][vc_row][vc_column width=\u00a0\u00bb1\/3&Prime;][vc_column_text css=\u00a0\u00bb\u00a0\u00bb]<\/p>\n<h1><span style=\"color: #1ebedc;\">Demandes des m\u00e9dias<\/span><\/h1>\n<p>[\/vc_column_text][\/vc_column][vc_column width=\u00a0\u00bb2\/3&Prime;][vc_column_text css=\u00a0\u00bb\u00a0\u00bb]Les occasions m\u00e9diatiques constituent un excellent moyen de promouvoir les projets de SOC. De temps \u00e0 autre, vous pourriez recevoir des demandes d\u2019entrevue avec les m\u00e9dias, ou vous pouvez d\u00e9cider de distribuer un communiqu\u00e9 de presse de mani\u00e8re proactive aux m\u00e9dias au sujet d\u2019un jalon du projet ou d\u2019autres informations pertinentes sur votre projet. Veuillez aviser SOC lorsque vous communiquez avec les m\u00e9dias pour une entrevue ou pour l\u2019\u00e9laboration de documents m\u00e9diatiques. Dans le cas o\u00f9 un communiqu\u00e9 de presse soit en cours d\u2019\u00e9laboration, veuillez fournir vos documents \u00e0 l\u2019avance \u00e0 des fins d\u2019examen.<\/p>\n<p>SOC s\u2019engage \u00e0 effectuer l\u2019examen des documents m\u00e9diatiques dans un d\u00e9lai de 24 heures, et plus rapidement si n\u00e9cessaire en fonction de la situation. Si vous souhaitez nous aviser d\u2019une demande des m\u00e9dias ou nous fournir des documents m\u00e9diatiques \u00e0 des fins d\u2019examen, veuillez envoyer un courriel \u00e0 <a href=\"mailto:marketing@oceansupercluster.ca\">marketing@oceansupercluster.ca<\/a>[\/vc_column_text][\/vc_column][\/vc_row]<\/div>\n<\/div>","protected":false},"excerpt":{"rendered":"<p>[vc_row][vc_column width=\u00a0\u00bb1\/2&Prime;][vc_column_text css_animation=\u00a0\u00bbnone\u00a0\u00bb css=\u00a0\u00bb\u00a0\u00bb] Bienvenue [\/vc_column_text][vc_column_text css=\u00a0\u00bb\u00a0\u00bb] F\u00e9licitations et bienvenue \u00e0 bord! Nous sommes ravis de nous associer \u00e0 vous pour votre projet SOC. Vous trouverez ci-dessous une liste de [&hellip;]<\/p>\n","protected":false},"author":6,"featured_media":0,"parent":0,"menu_order":0,"comment_status":"closed","ping_status":"closed","template":"","meta":{"_acf_changed":false,"footnotes":""},"class_list":["post-19314","page","type-page","status-publish","hentry"],"acf":[],"_links":{"self":[{"href":"https:\/\/oceansupercluster.ca\/fr\/wp-json\/wp\/v2\/pages\/19314","targetHints":{"allow":["GET"]}}],"collection":[{"href":"https:\/\/oceansupercluster.ca\/fr\/wp-json\/wp\/v2\/pages"}],"about":[{"href":"https:\/\/oceansupercluster.ca\/fr\/wp-json\/wp\/v2\/types\/page"}],"author":[{"embeddable":true,"href":"https:\/\/oceansupercluster.ca\/fr\/wp-json\/wp\/v2\/users\/6"}],"replies":[{"embeddable":true,"href":"https:\/\/oceansupercluster.ca\/fr\/wp-json\/wp\/v2\/comments?post=19314"}],"version-history":[{"count":33,"href":"https:\/\/oceansupercluster.ca\/fr\/wp-json\/wp\/v2\/pages\/19314\/revisions"}],"predecessor-version":[{"id":21084,"href":"https:\/\/oceansupercluster.ca\/fr\/wp-json\/wp\/v2\/pages\/19314\/revisions\/21084"}],"wp:attachment":[{"href":"https:\/\/oceansupercluster.ca\/fr\/wp-json\/wp\/v2\/media?parent=19314"}],"curies":[{"name":"wp","href":"https:\/\/api.w.org\/{rel}","templated":true}]}}