{"id":20355,"date":"2025-09-16T14:35:45","date_gmt":"2025-09-16T14:35:45","guid":{"rendered":"https:\/\/oceansupercluster.ca\/marine-carbon-dioxide-removal\/"},"modified":"2025-12-08T17:47:12","modified_gmt":"2025-12-08T17:47:12","slug":"marine-carbon-dioxide-removal","status":"publish","type":"page","link":"https:\/\/oceansupercluster.ca\/fr\/marine-carbon-dioxide-removal\/","title":{"rendered":"\u00c9limination du dioxyde de carbone en milieu mar"},"content":{"rendered":"<div class=\"wpb-content-wrapper\"><div class=\"g-container\">[vc_section css=\u00a0\u00bb.vc_custom_1758032317185{padding-top: 50px !important;padding-bottom: 75px !important;}\u00a0\u00bb][vc_row][vc_column width=\u00a0\u00bb1\/6&Prime;][\/vc_column][vc_column width=\u00a0\u00bb2\/3&Prime;][vc_column_text css=\u00a0\u00bb\u00a0\u00bb]<\/p>\n<h2 style=\"text-align: center;\"><strong>\u00c9limination du dioxyde de carbone<\/strong><\/h2>\n<p style=\"text-align: center;\">L\u2019\u00e9limination du dioxyde de carbone en milieu marin (EDCm) est une s\u00e9rie d\u2019approches novatrices qui peuvent concourir \u00e0 l\u2019atteinte des objectifs z\u00e9ro \u00e9mission du Canada tout en contribuant \u00e0 une croissance \u00e9conomique importante.<\/p>\n<p style=\"text-align: center;\">Selon le Groupe d\u2019experts intergouvernemental sur l\u2019\u00e9volution du climat, l\u2019\u00e9limination du dioxyde de carbone (EDC) est une composante essentielle d\u2019un avenir \u00e0 long terme align\u00e9 sur le climat. L\u2019une des options de d\u00e9ploiement les plus prometteuses pour l\u2019EDC se trouve dans les environnements marins qui pr\u00e9sentent des avantages d\u2019\u00e9chelle naturels, un potentiel de croissance rapide, un manque de concurrence avec des activit\u00e9s terrestres et un vaste \u00e9ventail d\u2019avantages connexes.<\/p>\n<p style=\"text-align: center;\">Le niveau d\u2019EDC requis pour atteindre les objectifs climatiques, tels que la limitation de la hausse de la temp\u00e9rature mondiale \u00e0 1,5 \u00b0C, est significatif. Un r\u00e9cent rapport de Carbon Removal Canada montre un grand potentiel pour l\u2019industrie canadienne de l\u2019EDCm d\u2019ici 2050; ce qui repr\u00e9sente une contribution importante \u00e0 ce besoin national.<\/p>\n<p>[\/vc_column_text][\/vc_column][vc_column width=\u00a0\u00bb1\/6&Prime;][\/vc_column][\/vc_row][\/vc_section][vc_section full_width=\u00a0\u00bbstretch_row\u00a0\u00bb css=\u00a0\u00bb.vc_custom_1758032342891{padding-top: 75px !important;padding-bottom: 75px !important;background-color: #E5F8FB !important;}\u00a0\u00bb][vc_row][vc_column width=\u00a0\u00bb1\/4&Prime;][vc_column_text css=\u00a0\u00bb.vc_custom_1759334679099{padding-right: 25px !important;}\u00a0\u00bb]<\/p>\n<h2 style=\"text-align: left;\"><strong>Le potentiel d\u2019\u00e9limination du dioxyde de carbone en milieu marin au Canada<\/strong><\/h2>\n<p>[\/vc_column_text][\/vc_column][vc_column width=\u00a0\u00bb3\/4&Prime;][vc_row_inner][vc_column_inner width=\u00a0\u00bb2\/3&Prime;][vc_column_text css=\u00a0\u00bb.vc_custom_1760643394997{padding-right: 25px !important;}\u00a0\u00bb]<span data-olk-copy-source=\"MessageBody\">Une r\u00e9cente \u00e9tude men\u00e9e par Supergrappe des oc\u00e9ans du Canada a \u00e9valu\u00e9 les possibilit\u00e9s offertes par l\u2019EDCm au Canada. Cette \u00e9tude \u00e9tait cofinanc\u00e9e par l\u2019Agence de promotion \u00e9conomique du Canada atlantique (APECA), Invest Nova Scotia, le Centre for Ocean Applied Sustainable Technologies (COAST), Carbon to Sea et elle \u00e9tait appuy\u00e9e par l\u2019Ocean Frontier Institute (OFI) et COVE.<\/span><\/p>\n<p>Les avantages de ce bon d\u00e9part du Canada pourraient nous permettre de devenir un chef de file mondial en mati\u00e8re d\u2019EDCm et de servir de moteur cl\u00e9 dans le cadre de la nouvelle strat\u00e9gie de comp\u00e9titivit\u00e9 climatique du Canada pr\u00e9vue cet automne. Parmi ces avantages :<\/p>\n<ul>\n<li>Le plus grand littoral du monde<\/li>\n<li>Analyse de pedigree en science et technologie oc\u00e9aniques<\/li>\n<li>Infrastructure maritime mature<\/li>\n<li>Ressources critiques requises<\/li>\n<li>Vivier de talents de haute qualit\u00e9<\/li>\n<\/ul>\n<p>La Colombie-Britannique et la Nouvelle-\u00c9cosse abritent d\u00e9j\u00e0 des entreprises d\u2019EDCm, et toutes deux font preuve d\u2019initiatives pour accro\u00eetre l\u2019action climatique.<\/p>\n<p>Aujourd\u2019hui, la plupart des d\u00e9ploiements d\u2019EDCm en sont encore \u00e0 l\u2019\u00e9tape pilote. Pour que le terrain r\u00e9ussisse et joue son r\u00f4le important dans le cadre de la solution climatique, il doit \u00eatre incub\u00e9 maintenant avec des d\u00e9ploiements dans le monde r\u00e9el, similaires aux actions prises dans le pass\u00e9 qui ont contribu\u00e9 \u00e0 la croissance et \u00e0 l\u2019\u00e9volution d\u2019autres industries dans le secteur des technologies propres.<\/p>\n<p>S\u2019il progresse dans un processus s\u00e9curitaire et \u00e9quitable, l\u2019EDCm devrait \u00eatre consid\u00e9r\u00e9 comme un \u00e9l\u00e9ment important des solutions qui peuvent r\u00e9duire l\u2019empreinte carbone du Canada, g\u00e9n\u00e9rer de nouvelles activit\u00e9s \u00e9conomiques et permettre la transition vers une \u00e9conomie \u00e0 faibles \u00e9missions de carbone.[\/vc_column_text][vc_btn title=\u00a0\u00bbLire le rapport\u00a0\u00bb style=\u00a0\u00bbflat\u00a0\u00bb shape=\u00a0\u00bbsquare\u00a0\u00bb color=\u00a0\u00bbinfo\u00a0\u00bb align=\u00a0\u00bbleft\u00a0\u00bb css=\u00a0\u00bb\u00a0\u00bb link=\u00a0\u00bburl:https%3A%2F%2Foceansupercluster.ca%2Fwp-content%2Fuploads%2FmCDR-Summary-Report-2025_Fr_1208.pdf|target:_blank\u00a0\u00bb el_class=\u00a0\u00bbvbtn\u00a0\u00bb][\/vc_column_inner][vc_column_inner width=\u00a0\u00bb1\/3&Prime;][vc_single_image image=\u00a0\u00bb20358&Prime; img_size=\u00a0\u00bblarge\u00a0\u00bb alignment=\u00a0\u00bbcenter\u00a0\u00bb onclick=\u00a0\u00bbcustom_link\u00a0\u00bb img_link_target=\u00a0\u00bb_blank\u00a0\u00bb css=\u00a0\u00bb\u00a0\u00bb link=\u00a0\u00bbhttps:\/\/oceansupercluster.ca\/wp-content\/uploads\/mCDR-Summary-Report-2025_Fr_1208.pdf\u00a0\u00bb][\/vc_column_inner][\/vc_row_inner][\/vc_column][\/vc_row][\/vc_section][vc_section full_width=\u00a0\u00bbstretch_row\u00a0\u00bb css=\u00a0\u00bb.vc_custom_1759331823126{padding-top: 75px !important;padding-bottom: 75px !important;background-color: #FFFFFF !important;}\u00a0\u00bb][vc_row][vc_column width=\u00a0\u00bb1\/4&Prime;][vc_column_text css=\u00a0\u00bb\u00a0\u00bb]<\/p>\n<h2 style=\"text-align: left;\"><strong>Que disent les donn\u00e9es?<\/strong><\/h2>\n<p>[\/vc_column_text][\/vc_column][vc_column width=\u00a0\u00bb3\/4&Prime;][vc_row_inner][vc_column_inner][vc_column_text css=\u00a0\u00bb.vc_custom_1760643416745{padding-right: 25px !important;}\u00a0\u00bb]<strong>Sur la base des projections de 2025, l\u2019EDCm a le potentiel de :<\/strong><\/p>\n<ul>\n<li>Fournir environ 40 % de la capacit\u00e9 d\u2019\u00e9limination du carbone qui sera n\u00e9cessaire au Canada<\/li>\n<li>R\u00e9duire les \u00e9missions nettes d\u2019environ 15 %<\/li>\n<li><span data-olk-copy-source=\"MessageBody\">Aidez le Canada \u00e0 respecter ses contributions d\u00e9termin\u00e9es au niveau national (CDN) (si l\u2019\u00e9limination est permise)\u00a0\u00a0<\/span><\/li>\n<li>Am\u00e9liorer l\u2019acidification des oc\u00e9ans, la r\u00e9silience c\u00f4ti\u00e8re<\/li>\n<\/ul>\n<p>&nbsp;<\/p>\n<p><strong>L\u2019EDCm offre \u00e9galement une occasion \u00e9conomique importante, notamment, selon les projections de 2025 :<\/strong><\/p>\n<ul>\n<li>Cr\u00e9er environ 90 000 emplois permanents (1\/3 du secteur actuel des technologies propres)<\/li>\n<li>Augmenter le PIB de 16 milliards de dollars (1\/3 de l\u2019\u00e9conomie oc\u00e9anique actuelle)<\/li>\n<li>G\u00e9n\u00e9rer un potentiel d\u2019investissement de 30 milliards de dollars et plus<\/li>\n<li>Cr\u00e9er des possibilit\u00e9s de propri\u00e9t\u00e9 intellectuelle et d\u2019exportation<\/li>\n<li>Favoriser le perfectionnement professionnel de la main-d\u2019\u0153uvre<\/li>\n<\/ul>\n<p>Tout cela fait d\u2019aujourd\u2019hui un grand moment de possibilit\u00e9s pour l\u2019EDCm au Canada avec les premiers leaders qui gagnent des occasions d\u2019investissement ainsi que l\u2019impact sur le climat.[\/vc_column_text][vc_btn title=\u00a0\u00bbLire le rapport\u00a0\u00bb style=\u00a0\u00bbflat\u00a0\u00bb shape=\u00a0\u00bbsquare\u00a0\u00bb color=\u00a0\u00bbinfo\u00a0\u00bb align=\u00a0\u00bbleft\u00a0\u00bb css=\u00a0\u00bb\u00a0\u00bb link=\u00a0\u00bburl:https%3A%2F%2Foceansupercluster.ca%2Fwp-content%2Fuploads%2FmCDR-Summary-Report-2025_Fr_1208.pdf|target:_blank\u00a0\u00bb el_class=\u00a0\u00bbvbtn\u00a0\u00bb][vc_column_text css=\u00a0\u00bb\u00a0\u00bb]<strong>Remarque<\/strong>\u202f: Si vous souhaitez consulter le rapport d\u00e9taill\u00e9 de l\u2019\u00e9tude mCDR,<br \/>\nveuillez envoyer un courriel \u00e0 contact@oceansupercluster.ca pour en demander l\u2019acc\u00e8s.[\/vc_column_text][\/vc_column_inner][\/vc_row_inner][\/vc_column][\/vc_row][\/vc_section][vc_section full_width=\u00a0\u00bbstretch_row\u00a0\u00bb css=\u00a0\u00bb.vc_custom_1759331863902{padding-top: 75px !important;padding-bottom: 75px !important;background-color: #E5F8FB !important;}\u00a0\u00bb][vc_row][vc_column][vc_column_text css=\u00a0\u00bb\u00a0\u00bb]<\/p>\n<h4 style=\"text-align: center;\">Vous voulez rester connect\u00e9 sur l&rsquo;EDCm dans les oc\u00e9ans ?<\/h4>\n<p>[\/vc_column_text][vc_btn title=\u00a0\u00bbSuivez-nous sur LinkedIn\u00a0\u00bb style=\u00a0\u00bbflat\u00a0\u00bb shape=\u00a0\u00bbsquare\u00a0\u00bb color=\u00a0\u00bbinfo\u00a0\u00bb align=\u00a0\u00bbcenter\u00a0\u00bb css=\u00a0\u00bb\u00a0\u00bb link=\u00a0\u00bburl:https%3A%2F%2Fwww.linkedin.com%2Fcompany%2Fcanada-s-ocean-supercluster|target:_blank\u00a0\u00bb el_class=\u00a0\u00bbvbtn\u00a0\u00bb][\/vc_column][\/vc_row][\/vc_section]<\/p><\/div>\n<\/div>","protected":false},"excerpt":{"rendered":"<p>[vc_section css=\u00a0\u00bb.vc_custom_1758032317185{padding-top: 50px !important;padding-bottom: 75px !important;}\u00a0\u00bb][vc_row][vc_column width=\u00a0\u00bb1\/6&Prime;][\/vc_column][vc_column width=\u00a0\u00bb2\/3&Prime;][vc_column_text css=\u00a0\u00bb\u00a0\u00bb] \u00c9limination du dioxyde de carbone L\u2019\u00e9limination du dioxyde de carbone en milieu marin (EDCm) est une s\u00e9rie d\u2019approches novatrices qui peuvent [&hellip;]<\/p>\n","protected":false},"author":9,"featured_media":20261,"parent":0,"menu_order":0,"comment_status":"closed","ping_status":"closed","template":"","meta":{"_acf_changed":false,"footnotes":""},"class_list":["post-20355","page","type-page","status-publish","has-post-thumbnail","hentry"],"acf":[],"_links":{"self":[{"href":"https:\/\/oceansupercluster.ca\/fr\/wp-json\/wp\/v2\/pages\/20355","targetHints":{"allow":["GET"]}}],"collection":[{"href":"https:\/\/oceansupercluster.ca\/fr\/wp-json\/wp\/v2\/pages"}],"about":[{"href":"https:\/\/oceansupercluster.ca\/fr\/wp-json\/wp\/v2\/types\/page"}],"author":[{"embeddable":true,"href":"https:\/\/oceansupercluster.ca\/fr\/wp-json\/wp\/v2\/users\/9"}],"replies":[{"embeddable":true,"href":"https:\/\/oceansupercluster.ca\/fr\/wp-json\/wp\/v2\/comments?post=20355"}],"version-history":[{"count":11,"href":"https:\/\/oceansupercluster.ca\/fr\/wp-json\/wp\/v2\/pages\/20355\/revisions"}],"predecessor-version":[{"id":20726,"href":"https:\/\/oceansupercluster.ca\/fr\/wp-json\/wp\/v2\/pages\/20355\/revisions\/20726"}],"wp:featuredmedia":[{"embeddable":true,"href":"https:\/\/oceansupercluster.ca\/fr\/wp-json\/wp\/v2\/media\/20261"}],"wp:attachment":[{"href":"https:\/\/oceansupercluster.ca\/fr\/wp-json\/wp\/v2\/media?parent=20355"}],"curies":[{"name":"wp","href":"https:\/\/api.w.org\/{rel}","templated":true}]}}