{"id":20927,"date":"2026-01-28T18:52:41","date_gmt":"2026-01-28T18:52:41","guid":{"rendered":"https:\/\/oceansupercluster.ca\/msp\/"},"modified":"2026-03-03T20:41:57","modified_gmt":"2026-03-03T20:41:57","slug":"msp","status":"publish","type":"page","link":"https:\/\/oceansupercluster.ca\/fr\/msp\/","title":{"rendered":"La Plate-forme de solutions de march\u00e9"},"content":{"rendered":"<div class=\"wpb-content-wrapper\"><div class=\"g-container\">[vc_section css=\u00a0\u00bb.vc_custom_1770131922401{padding-top: 50px !important;padding-bottom: 50px !important;}\u00a0\u00bb][vc_row][vc_column width=\u00a0\u00bb1\/6&Prime;][\/vc_column][vc_column width=\u00a0\u00bb2\/3&Prime;][vc_column_text css=\u00a0\u00bb\u00a0\u00bb]<\/p>\n<h2 style=\"text-align: center;\">La Plate-forme de solutions de march\u00e9 (PSM) est une initiative strat\u00e9gique visant \u00e0 faire progresser la viabilit\u00e9 commerciale de solutions oc\u00e9aniques climatiques. La plate-forme vient ainsi aider \u00e0 cr\u00e9er des conditions n\u00e9cessaires au d\u00e9veloppement et \u00e0 l&rsquo;expansion de march\u00e9s en vue de r\u00e9aliser l&rsquo;impact potentiel contre le changement climatique et l&rsquo;occasion \u00e9conomique repr\u00e9sent\u00e9e par ces solutions.<\/h2>\n<p>[\/vc_column_text][\/vc_column][vc_column width=\u00a0\u00bb1\/6&Prime;][\/vc_column][\/vc_row][\/vc_section][vc_section full_width=\u00a0\u00bbstretch_row\u00a0\u00bb content_placement=\u00a0\u00bbmiddle\u00a0\u00bb css=\u00a0\u00bb.vc_custom_1772029193937{padding-top: 75px !important;padding-bottom: 50px !important;background-color: #E5F4FA !important;}\u00a0\u00bb][vc_row][vc_column width=\u00a0\u00bb1\/2&Prime; css=\u00a0\u00bb.vc_custom_1772029184626{padding-right: 50px !important;padding-left: 0px !important;}\u00a0\u00bb][vc_column_text css=\u00a0\u00bb.vc_custom_1772040780384{padding-right: 25px !important;padding-left: 0px !important;}\u00a0\u00bb]<\/p>\n<h2 style=\"text-align: left;\" aria-level=\"1\"><span style=\"color: #1ac0de;\"><strong>Contexte du d\u00e9fi actuel\u00a0<\/strong><\/span><\/h2>\n<p style=\"text-align: left;\">L\u2019oc\u00e9an est un catalyseur de notre transition vers une \u00e9conomie \u00e0 faibles \u00e9missions de carbone et repr\u00e9sente une occasion \u00e9conomique importante Canada. Toutefois, des solutions climatiques bas\u00e9es sur les oc\u00e9ans sont fond\u00e9es sur la cha\u00eene de valeur et leur efficacit\u00e9 d\u00e9pend de leur maillon le plus faible.<\/p>\n<p style=\"text-align: left;\">Des efforts importants sont en cours dans les domaines de la recherche scientifique, du d\u00e9veloppement technologique, de l\u2019avancement des politiques et des composantes li\u00e9es \u00e0 l\u2019engagement communautaire de solutions climatiques ax\u00e9es sur les oc\u00e9ans. Bien que ces efforts soient d&rsquo;une importance cruciale, ils ne suffisent pas \u00e0 eux seuls \u00e0 rendre ces solutions \u00e9conomiquement viables ou \u00e9volutives. Il est donc imp\u00e9ratif que les composantes du d\u00e9veloppement du march\u00e9 progressent en parall\u00e8le; ce qui constitue une lacune majeure dans le secteur.<\/p>\n<p style=\"text-align: left;\"><strong>La Plate-forme de solutions de march\u00e9 vise \u00e0 combler cette lacune. <\/strong><\/p>\n<p>[\/vc_column_text][\/vc_column][vc_column width=\u00a0\u00bb1\/2&Prime;][vc_row_inner][vc_column_inner width=\u00a0\u00bb1\/2&Prime;][vc_single_image image=\u00a0\u00bb18872&Prime; img_size=\u00a0\u00bb175&#215;175&Prime; css=\u00a0\u00bb.vc_custom_1770133600040{padding-bottom: 15px !important;}\u00a0\u00bb][vc_column_text css=\u00a0\u00bb.vc_custom_1772040789198{padding-right: 25px !important;}\u00a0\u00bb]<\/p>\n<h3 aria-level=\"1\"><span data-contrast=\"none\">Vision<\/span><span data-ccp-props=\"{&quot;134233117&quot;:false,&quot;134233118&quot;:false,&quot;134245418&quot;:true,&quot;134245529&quot;:true,&quot;201341983&quot;:0,&quot;335551550&quot;:0,&quot;335551620&quot;:0,&quot;335559738&quot;:360,&quot;335559739&quot;:0,&quot;335559740&quot;:276}\">\u00a0<\/span><\/h3>\n<p>Acc\u00e9l\u00e9rer le d\u00e9veloppement de march\u00e9s pour des solutions climatiques fond\u00e9es sur les oc\u00e9ans en vue de r\u00e9aliser leurs impacts potentiels sur le changement climatique et les occasions \u00e9conomiques qu\u2019elles repr\u00e9sentent.[\/vc_column_text][\/vc_column_inner][vc_column_inner width=\u00a0\u00bb1\/2&Prime;][vc_single_image image=\u00a0\u00bb18878&Prime; img_size=\u00a0\u00bb175&#215;175&Prime; css=\u00a0\u00bb.vc_custom_1770133611198{padding-bottom: 15px !important;}\u00a0\u00bb][vc_column_text css=\u00a0\u00bb.vc_custom_1772040797782{padding-right: 25px !important;}\u00a0\u00bb]<\/p>\n<h3 style=\"text-align: left;\"><span style=\"color: #1ac0de;\">Mission\u00a0<\/span><\/h3>\n<p>Devenir une plate-forme pour le d\u00e9veloppement de solutions de march\u00e9 afin de combler les lacunes critiques dans la cha\u00eene de valeur qui entraveront la viabilit\u00e9 commerciale et les possibilit\u00e9s d&rsquo;expansion de solutions climatiques bas\u00e9es sur les oc\u00e9ans dans un avenir pr\u00e9visible.[\/vc_column_text][\/vc_column_inner][\/vc_row_inner][\/vc_column][\/vc_row][\/vc_section][vc_section full_width=\u00a0\u00bbstretch_row\u00a0\u00bb css=\u00a0\u00bb.vc_custom_1772029202790{padding-top: 75px !important;padding-bottom: 50px !important;}\u00a0\u00bb][vc_row css=\u00a0\u00bb.vc_custom_1772029206793{padding-left: 0px !important;}\u00a0\u00bb][vc_column width=\u00a0\u00bb1\/4&Prime; css=\u00a0\u00bb.vc_custom_1771857780924{padding-right: 50px !important;}\u00a0\u00bb][vc_column_text css=\u00a0\u00bb\u00a0\u00bb]<\/p>\n<h2 style=\"text-align: left;\" aria-level=\"1\"><span style=\"color: #1ac0de;\"><strong>Principes directeurs\u00a0<\/strong><\/span><\/h2>\n<p>Des principes directeurs cl\u00e9s guideront l&rsquo;approche globale pour l&rsquo;identification, la hi\u00e9rarchisation et l&rsquo;\u00e9laboration de solutions aux probl\u00e8mes.[\/vc_column_text][\/vc_column][vc_column width=\u00a0\u00bb3\/4&Prime;][vc_column_text css=\u00a0\u00bb\u00a0\u00bb]<\/p>\n<ul>\n<li>\u200b<strong>Pertinentes<br \/>\n<\/strong>Se concentrer sur les probl\u00e8mes les plus critiques qui entravent et continueront d&rsquo;entraver la croissance des solutions climatiques oc\u00e9aniques.<\/li>\n<li><strong>Int\u00e9gr\u00e9es<br \/>\n<\/strong>Se concentrer sur les besoins \u00e0 travers la cha\u00eene de valeur de bout en bout plut\u00f4t que sur une perspective cloisonn\u00e9e.<\/li>\n<li><strong>Fond\u00e9es sur l&rsquo;\u00e9cosyst\u00e8me<br \/>\n<\/strong>Adopter une approche \u00e9cosyst\u00e9mique en \u00e9tablissant des partenariats avec des organisations s\u00e9lectionn\u00e9es dans des domaines pertinents de la cha\u00eene de valeur en tant que partenaires cl\u00e9s et tirer parti de la force collective de la coalition.<\/li>\n<li><strong>Cumulatives et compl\u00e9mentaires<br \/>\n<\/strong>Se concentrer sur les probl\u00e8mes qui ne sont pas abord\u00e9s et, s&rsquo;ils le sont, compl\u00e9ter ces efforts.<\/li>\n<li><strong>It\u00e9ratives et percutantes<br \/>\n<\/strong>Une approche it\u00e9rative pour la valorisation continue de la valeur sur le terrain pour g\u00e9n\u00e9rer un impact continu.<\/li>\n<li><strong>De pointe<br \/>\n<\/strong>Tirer parti des recherches de pointe men\u00e9es par des \u00e9tablissements universitaires et acc\u00e9l\u00e9rer leur progression vers des validations de principe et en fin de compte, commercialiser des solutions; lancer les recherches requises le cas \u00e9ch\u00e9ant.<\/li>\n<\/ul>\n<p>La Plate-forme de solutions de march\u00e9 cr\u00e9era ainsi un portefeuille de moyens de mise en \u0153uvre de solutions qui varieront selon la nature du probl\u00e8me trait\u00e9.\u00a0Les validations de principe, les structures de financement, les \u00e9tudes de cas, les pratiques de pointe et la recherche appliqu\u00e9e de fronti\u00e8re sont des exemples de ces moyens.[\/vc_column_text][\/vc_column][\/vc_row][\/vc_section][vc_section full_width=\u00a0\u00bbstretch_row\u00a0\u00bb css=\u00a0\u00bb.vc_custom_1770391317022{padding-top: 75px !important;padding-bottom: 0px !important;background-color: #F2F2F2F2 !important;}\u00a0\u00bb][vc_row][vc_column width=\u00a0\u00bb1\/6&Prime;][\/vc_column][vc_column width=\u00a0\u00bb2\/3&Prime;][vc_column_text css=\u00a0\u00bb\u00a0\u00bb]<\/p>\n<h2 style=\"text-align: center;\"><span style=\"color: #1ac0de;\"><strong>Approche \u00e9cosyst\u00e9mique\u00a0<\/strong><\/span><\/h2>\n<p style=\"text-align: center;\"><span data-contrast=\"auto\">Une approche bas\u00e9e sur l&rsquo;\u00e9cosyst\u00e8me qui tire parti d&rsquo;un mod\u00e8le de r\u00e9seau de r\u00e9seaux constitue un \u00e9l\u00e9ment fondamental de la conception de la Plate-forme de solutions de march\u00e9. Les efforts et l&rsquo;orientation de la Plate-forme de solutions de march\u00e9 seront guid\u00e9s et \u00e9clair\u00e9s par des connaissances exploitables et l&rsquo;expertise d&rsquo;une \u00e9quipe consultative strat\u00e9gique compos\u00e9e de leaders du climat et des affaires ayant une expertise en finance, en march\u00e9s de capitaux et en gestion du carbone, ainsi que de nos partenaires de collaboration institutionnelle.\u200b<\/span><\/p>\n<p style=\"text-align: center;\"><span class=\"NormalTextRun CommentHighlightRest SCXW228198703 BCX8\">L\u2019\u00e9quipe consultative strat\u00e9gique de la Plate-forme de solutions de march\u00e9 est compos\u00e9e de <a href=\"https:\/\/www.linkedin.com\/in\/babbin\/\" target=\"_blank\" rel=\"noopener\">Andrew Babbin, <\/a><a href=\"https:\/\/www.linkedin.com\/in\/michaelberger1\/\" target=\"_blank\" rel=\"noopener\">Michael Berger, <\/a><a href=\"https:\/\/www.linkedin.com\/in\/ross-brooks-61206838\/\" target=\"_blank\" rel=\"noopener\">Ross Brooks, <\/a><a href=\"https:\/\/www.linkedin.com\/in\/jeff-brown-8b68551\/\" target=\"_blank\" rel=\"noopener\">Jeff Brown, <\/a><a href=\"https:\/\/www.linkedin.com\/in\/ryan-fan-67729a3\/\" target=\"_blank\" rel=\"noopener\">Ryan Fan, <\/a><a href=\"https:\/\/www.linkedin.com\/in\/1stevenfox\/\" target=\"_blank\" rel=\"noopener\">Steven Fox, <\/a><a href=\"https:\/\/www.linkedin.com\/in\/matthewkielek\/\" target=\"_blank\" rel=\"noopener\">Matt Kielek, <\/a><a href=\"https:\/\/www.linkedin.com\/in\/john-lochner-3419b73\/\" target=\"_blank\" rel=\"noopener\">John Lochner, <\/a><a href=\"https:\/\/www.linkedin.com\/in\/mannjim\/\" target=\"_blank\" rel=\"noopener\">Jim Mann, <\/a><\/span><span class=\"NormalTextRun CommentHighlightRest SCXW228198703 BCX8\">et <\/span><span class=\"NormalTextRun CommentHighlightRest SCXW228198703 BCX8\"><a href=\"https:\/\/www.linkedin.com\/in\/larsen-mettler-5645028\/\" target=\"_blank\" rel=\"noopener\">Larsen Mettler.<\/a><\/span><\/p>\n<p>[\/vc_column_text][\/vc_column][vc_column width=\u00a0\u00bb1\/6&Prime;][\/vc_column][\/vc_row][\/vc_section][vc_section full_width=\u00a0\u00bbstretch_row\u00a0\u00bb content_placement=\u00a0\u00bbmiddle\u00a0\u00bb css=\u00a0\u00bb.vc_custom_1770391311459{padding-top: 0px !important;padding-bottom: 75px !important;background-color: #F2F2F2 !important;}\u00a0\u00bb][vc_row][vc_column][vc_column_text css=\u00a0\u00bb.vc_custom_1772040974740{padding-top: 50px !important;padding-bottom: 20px !important;}\u00a0\u00bb]<\/p>\n<h2 style=\"text-align: center;\"><strong><span style=\"color: #1ac0de;\">\u00a0Partenaires de collaboration institutionnelle<\/span><\/strong><\/h2>\n<p style=\"text-align: center;\">Nous sommes reconnaissants envers nos partenaires de collaboration institutionnelle pour leur partenariat actif dans le cadre de cette initiative.<\/p>\n<p>[\/vc_column_text][vc_row_inner][vc_column_inner width=\u00a0\u00bb1\/5&Prime;][\/vc_column_inner][vc_column_inner width=\u00a0\u00bb1\/5&Prime;][vc_single_image image=\u00a0\u00bb20904&Prime; img_size=\u00a0\u00bb150&#215;150&Prime; alignment=\u00a0\u00bbcenter\u00a0\u00bb css=\u00a0\u00bb\u00a0\u00bb][vc_column_text css=\u00a0\u00bb\u00a0\u00bb]<\/p>\n<p style=\"text-align: center;\"><a href=\"https:\/\/katapult.vc\/ocean\/\"><strong>Katapult Ocean<\/strong><\/a><\/p>\n<p>[\/vc_column_text][\/vc_column_inner][vc_column_inner width=\u00a0\u00bb1\/5&Prime;][vc_single_image image=\u00a0\u00bb20850&Prime; img_size=\u00a0\u00bb150&#215;150&Prime; alignment=\u00a0\u00bbcenter\u00a0\u00bb css=\u00a0\u00bb\u00a0\u00bb][vc_column_text css=\u00a0\u00bb\u00a0\u00bb]<\/p>\n<p style=\"text-align: center;\"><a href=\"https:\/\/propellervc.com\/\"><strong>Propeller Ventures<\/strong><\/a><\/p>\n<p>[\/vc_column_text][\/vc_column_inner][vc_column_inner width=\u00a0\u00bb1\/5&Prime;][vc_single_image image=\u00a0\u00bb20910&Prime; img_size=\u00a0\u00bb150&#215;150&Prime; alignment=\u00a0\u00bbcenter\u00a0\u00bb css=\u00a0\u00bb\u00a0\u00bb][vc_column_text css=\u00a0\u00bb\u00a0\u00bb]<\/p>\n<p style=\"text-align: center;\"><a href=\"https:\/\/www.s2ginvestments.com\/\"><strong>S2G Investments<\/strong><\/a><\/p>\n<p>[\/vc_column_text][\/vc_column_inner][vc_column_inner width=\u00a0\u00bb1\/5&Prime;][\/vc_column_inner][\/vc_row_inner][\/vc_column][\/vc_row][vc_row css=\u00a0\u00bb.vc_custom_1772138011840{padding-top: 50px !important;}\u00a0\u00bb][vc_column width=\u00a0\u00bb1\/4&Prime;][\/vc_column][vc_column width=\u00a0\u00bb1\/4&Prime;][vc_single_image image=\u00a0\u00bb20968&Prime; img_size=\u00a0\u00bbfull\u00a0\u00bb alignment=\u00a0\u00bbcenter\u00a0\u00bb css=\u00a0\u00bb.vc_custom_1772570506264{padding-right: 25px !important;}\u00a0\u00bb][vc_column_text css=\u00a0\u00bb.vc_custom_1772570516013{padding-top: 25px !important;}\u00a0\u00bb]<\/p>\n<p style=\"text-align: center;\"><strong><a href=\"https:\/\/cibccm.com\/en\/\">CIBC<\/a><\/strong><\/p>\n<p>[\/vc_column_text][\/vc_column][vc_column width=\u00a0\u00bb1\/4&Prime;][vc_single_image image=\u00a0\u00bb20938&Prime; img_size=\u00a0\u00bbfull\u00a0\u00bb alignment=\u00a0\u00bbcenter\u00a0\u00bb css=\u00a0\u00bb\u00a0\u00bb][vc_column_text css=\u00a0\u00bb.vc_custom_1772138042494{padding-top: 25px !important;}\u00a0\u00bb]<\/p>\n<p style=\"text-align: center;\"><strong><a href=\"https:\/\/sustainability-accelerator.stanford.edu\/\">L\u2019Acc\u00e9l\u00e9rateur de durabilit\u00e9 de Stanford, bas\u00e9 \u00e0 la Stanford Doerr School of Sustainability<br \/>\n<\/a><\/strong><\/p>\n<p>[\/vc_column_text][\/vc_column][vc_column width=\u00a0\u00bb1\/4&Prime;][\/vc_column][\/vc_row][\/vc_section][vc_section content_placement=\u00a0\u00bbmiddle\u00a0\u00bb css=\u00a0\u00bb.vc_custom_1770832940446{padding-top: 75px !important;padding-bottom: 25px !important;}\u00a0\u00bb][vc_row content_placement=\u00a0\u00bbmiddle\u00a0\u00bb][vc_column width=\u00a0\u00bb1\/2&Prime; css=\u00a0\u00bb.vc_custom_1770132074469{padding-right: 100px !important;}\u00a0\u00bb][vc_column_text css=\u00a0\u00bb\u00a0\u00bb]<\/p>\n<h2 aria-level=\"1\"><span style=\"color: #1ac0de;\"><strong>Impliquez-vous\u00a0<\/strong><\/span><\/h2>\n<p>De nombreuses occasions sont offertes pour vous impliquer et collaborer \u00e0 la Plate-forme de solutions de march\u00e9 avec Supergrappe des oc\u00e9ans du Canada. Si vous d\u00e9sirez y participer ou obtenir plus d\u2019informations, veuillez communiquer avec :<\/p>\n<ul>\n<li>Akash Rastogi<br \/>\n<a href=\"mailto:akash.rastogi@oceansupercluster.ca\">akash.rastogi@oceansupercluster.ca<\/a><\/li>\n<li>Timothy\u00a0Bushman<br \/>\n<a href=\"mailto:Timothy.Bushman@oceansupercluster.ca\">Timothy.Bushman@oceansupercluster.ca<\/a><\/li>\n<li><a href=\"mailto:msp@oceansupercluster.ca\">msp@oceansupercluster.ca<\/a><\/li>\n<\/ul>\n<p>[\/vc_column_text][\/vc_column][vc_column width=\u00a0\u00bb1\/2&Prime;][vc_single_image image=\u00a0\u00bb20870&Prime; img_size=\u00a0\u00bb700&#215;500&Prime; alignment=\u00a0\u00bbright\u00a0\u00bb css=\u00a0\u00bb\u00a0\u00bb][\/vc_column][\/vc_row][\/vc_section]<\/p><\/div>\n<\/div>","protected":false},"excerpt":{"rendered":"<p>[vc_section css=\u00a0\u00bb.vc_custom_1770131922401{padding-top: 50px !important;padding-bottom: 50px !important;}\u00a0\u00bb][vc_row][vc_column width=\u00a0\u00bb1\/6&Prime;][\/vc_column][vc_column width=\u00a0\u00bb2\/3&Prime;][vc_column_text css=\u00a0\u00bb\u00a0\u00bb] La Plate-forme de solutions de march\u00e9 (PSM) est une initiative strat\u00e9gique visant \u00e0 faire progresser la viabilit\u00e9 commerciale de solutions oc\u00e9aniques [&hellip;]<\/p>\n","protected":false},"author":6,"featured_media":20868,"parent":0,"menu_order":0,"comment_status":"closed","ping_status":"closed","template":"","meta":{"_acf_changed":false,"footnotes":""},"class_list":["post-20927","page","type-page","status-publish","has-post-thumbnail","hentry"],"acf":[],"_links":{"self":[{"href":"https:\/\/oceansupercluster.ca\/fr\/wp-json\/wp\/v2\/pages\/20927","targetHints":{"allow":["GET"]}}],"collection":[{"href":"https:\/\/oceansupercluster.ca\/fr\/wp-json\/wp\/v2\/pages"}],"about":[{"href":"https:\/\/oceansupercluster.ca\/fr\/wp-json\/wp\/v2\/types\/page"}],"author":[{"embeddable":true,"href":"https:\/\/oceansupercluster.ca\/fr\/wp-json\/wp\/v2\/users\/6"}],"replies":[{"embeddable":true,"href":"https:\/\/oceansupercluster.ca\/fr\/wp-json\/wp\/v2\/comments?post=20927"}],"version-history":[{"count":9,"href":"https:\/\/oceansupercluster.ca\/fr\/wp-json\/wp\/v2\/pages\/20927\/revisions"}],"predecessor-version":[{"id":20930,"href":"https:\/\/oceansupercluster.ca\/fr\/wp-json\/wp\/v2\/pages\/20927\/revisions\/20930"}],"wp:featuredmedia":[{"embeddable":true,"href":"https:\/\/oceansupercluster.ca\/fr\/wp-json\/wp\/v2\/media\/20868"}],"wp:attachment":[{"href":"https:\/\/oceansupercluster.ca\/fr\/wp-json\/wp\/v2\/media?parent=20927"}],"curies":[{"name":"wp","href":"https:\/\/api.w.org\/{rel}","templated":true}]}}