{"id":338,"date":"2023-03-10T10:46:17","date_gmt":"2023-03-10T10:46:17","guid":{"rendered":"http:\/\/SITEURL\/privacy-policy\/"},"modified":"2023-03-27T16:28:11","modified_gmt":"2023-03-27T16:28:11","slug":"privacy-policy","status":"publish","type":"page","link":"https:\/\/oceansupercluster.ca\/fr\/privacy-policy\/","title":{"rendered":"Politique de Confidentialit\u00e9"},"content":{"rendered":"<div class=\"g-container\"><strong>Supergrappe des oc\u00e9ans du Canada &#8211; Politique de confidentialit\u00e9 du site Web<\/strong><\/p>\n<p>Supergrappe des oc\u00e9ans du Canada (\u00ab <strong>SOC<\/strong> \u00bb) s\u2019engage \u00e0 prot\u00e9ger la confidentialit\u00e9 des visiteurs de ses sites Web officiels (collectivement, le \u00ab <strong>site Web<\/strong> \u00bb). Cette politique r\u00e9sume la politique de confidentialit\u00e9 et des pratiques connexes de SOC pour son site Web. Dans la pr\u00e9sente politique de confidentialit\u00e9, \u00ab nous \u00bb, \u00ab notre \u00bb et \u00ab nos \u00bb font r\u00e9f\u00e9rence \u00e0 Supregrappe des oc\u00e9ans du Canada.<\/p>\n<p><strong>Collecte de renseignements<\/strong><\/p>\n<p>Notre site Web ne recueille pas automatiquement de renseignements personnels aupr\u00e8s de vous. Nous ne recueillons vos renseignements personnels (tels que votre nom et votre adresse de courriel) que si vous nous les fournissez volontairement en nous les envoyant par la poste ou par courriel lorsque vous remplissez des formulaires de soumission de contact de SOC ou que vous configurez un compte pour acc\u00e9der au Portail des membres de SOC. Les renseignements personnels que vous choisissez de nous fournir sont trait\u00e9s conform\u00e9ment \u00e0 la loi applicable sur la protection des renseignements personnels ainsi qu\u2019\u00e0 nos politiques et proc\u00e9dures.<\/p>\n<p>Notre site Web ne recueille automatiquement que certains renseignements au sujet de votre appareil, y compris les renseignements au sujet de votre navigateur Web, l\u2019adresse IP, le fuseau horaire ainsi que certains t\u00e9moins (cookies) install\u00e9s sur votre appareil. De plus, lorsque vous naviguez sur notre site Web, nous recueillons des renseignements au sujet des pages Web et du contenu que vous affichez, les sites Web et les termes de recherche qui vous r\u00e9f\u00e8rent \u00e0 notre site Web ainsi que des renseignements sur la fa\u00e7on dont vous interagissez avec notre site Web. Nous faisons r\u00e9f\u00e9rence \u00e0 ces renseignements recueillis automatiquement en tant que \u00ab <strong>renseignements sur les appareils<\/strong> \u00bb.<\/p>\n<p>Nous recueillons des renseignements sur les appareils en utilisant les technologies suivantes :<\/p>\n<ul>\n<li>Les t\u00e9moins, qui sont des fichiers de donn\u00e9es plac\u00e9s sur votre appareil ou votre ordinateur. Ils contiennent souvent un identifiant unique et anonyme. Pour plus de renseignements au sujet des t\u00e9moins et la fa\u00e7on de d\u00e9sactiver les t\u00e9moins, visitez <a href=\"http:\/\/www.allaboutcookies.org\"><strong>http:\/\/www.allaboutcookies.org<\/strong><\/a> ou consulter les param\u00e8tres de votre navigateur;<\/li>\n<li>Des fichiers journaux, qui permettent de faire le suivi des actions se produisant sur le site et de recueillir des donn\u00e9es dont votre adresse IP, le type de navigateur, le fournisseur de service Internet, leur emplacement g\u00e9ographique g\u00e9n\u00e9ral, la r\u00e9f\u00e9rence et la sortie de pages ainsi que la date et l\u2019heure; et<\/li>\n<li>Les balises et les pixels Web, qui sont des fichiers \u00e9lectroniques utilis\u00e9s pour enregistrer des renseignements sur la fa\u00e7on dont vous naviguez sur notre site Web.<\/li>\n<\/ul>\n<p><strong>Utilisation<\/strong><\/p>\n<p>Nous pouvons utiliser des renseignements que nous recueillons ou que vous nous fournissez, y compris des renseignements personnels :<\/p>\n<ul>\n<li>Pour vous pr\u00e9senter notre site Web et son contenu;<\/li>\n<li>Pour r\u00e9pondre \u00e0 vos demandes, commentaires ou questions;<\/li>\n<li>Afin de r\u00e9pondre aux fins pour lesquelles vous avez fourni des renseignements ou qui ont \u00e9t\u00e9 d\u00e9crites lorsque vos donn\u00e9es ont \u00e9t\u00e9 recueillies, ou \u00e0 toute autre fin pour laquelle nous vous les fournissons ou \u00e0 des fins compatibles;<\/li>\n<li>Pour se conformer aux exigences juridiques;<\/li>\n<li>Afin d\u2019am\u00e9liorer notre site Web ou nos relations avec les visiteurs et les membres et les exp\u00e9riences;<\/li>\n<li>De toute autre fa\u00e7on que nous pouvons d\u00e9crire lorsque vous fournissez ces renseignements; ou<\/li>\n<li>Pour toute autre fin avec votre consentement.<\/li>\n<\/ul>\n<p><strong>Divulgation<\/strong><\/p>\n<p>Nous pouvons divulguer les renseignements que nous recueillons ou que vous nous fournissez, y compris des renseignements personnels :<\/p>\n<ul>\n<li>Pour accomplir les fins pour lesquelles vous les avez fournis ou toute autre fin que nous divulguons lorsque vous fournissez les renseignements;<\/li>\n<li>Pour le personnel de SOC ayant besoin des renseignements pour s\u2019acquitter de leurs responsabilit\u00e9s, r\u00e9pondre aux demandes que vous pr\u00e9sentez ou pour un besoin de savoir en ce qui concerne les fins pour lesquelles ils ont \u00e9t\u00e9 recueillis;<\/li>\n<li>\u00c0 certains fournisseurs qui nous aident \u00e0 servir nos membres ou n\u00e9cessitent autrement l\u2019acc\u00e8s aux renseignements pour nous fournir des services;<\/li>\n<li>Conform\u00e9ment \u00e0 la loi applicable \u00e0 un successeur pour lequel les renseignements personnels que nous d\u00e9tenons au sujet de nos utilisateurs et de nos membres font partie des actifs transf\u00e9r\u00e9s;<\/li>\n<li>Pour se conformer \u00e0 toute ordonnance d\u2019un tribunal, loi, processus juridique, y compris pour r\u00e9pondre \u00e0 toute demande gouvernementale ou r\u00e9glementaire, conform\u00e9ment \u00e0 la loi applicable;<\/li>\n<li>Pour se conformer \u00e0 nos ententes de financement avec le gouvernement du Canada;<\/li>\n<li>Pour appliquer ou faire appliquer nos Conditions d\u2019utilisation des sites Web <a href=\"https:\/\/oceansupercluster.ca\/fr\/site-web-et-portail-des-membres-conditions-dutilisation\">https:\/\/oceansupercluster.ca\/fr\/site-web-et-portail-des-membres-conditions-dutilisation<\/a>\/ et autres ententes;<\/li>\n<li>Si nous croyons que la divulgation est n\u00e9cessaire ou pertinente pour prot\u00e9ger les droits, la propri\u00e9t\u00e9 ou la s\u00e9curit\u00e9 de SOC, nos membres ou d\u2019autres personnes; ou<\/li>\n<li>Avec votre consentement.<\/li>\n<\/ul>\n<p><strong>S\u00e9curit\u00e9<\/strong><\/p>\n<p>La s\u00e9curit\u00e9 de vos renseignements personnels est importante pour nous. Nous utilisons des mesures \u00e9lectroniques et administratives visant \u00e0 prot\u00e9ger vos renseignements personnels contre toute perte accidentelle et tout acc\u00e8s, utilisation, modification et divulgation non autoris\u00e9s. Toutefois, la s\u00e9curit\u00e9 de vos renseignements d\u00e9pend \u00e9galement de vous. Si nous vous avons donn\u00e9 un mot de passe ou que vous l\u2019avez choisi pour avoir acc\u00e8s aux zones restreintes de notre site Web, vous avez alors la responsabilit\u00e9 de la confidentialit\u00e9 de ce mot de passe.<\/p>\n<p>De plus, la transmission de renseignements par Internet n\u2019est pas totalement s\u00e9curis\u00e9e et nous ne pouvons pas garantir la s\u00e9curit\u00e9 des renseignements personnels que vous choisissez de transmettre \u00e0 notre site Web. Vous assumez les risques de toute transmission de renseignements personnels. Nous n\u2019assumons pas la responsabilit\u00e9 de tout contournement des param\u00e8tres de confidentialit\u00e9 ou des mesures de s\u00e9curit\u00e9 sur le site Web.<\/p>\n<p><strong>Sites li\u00e9s<\/strong><\/p>\n<p>Notre site Web peut contenir des liens vers des m\u00e9dias sociaux et d\u2019autres sites de tiers. Nous n\u2019acceptons aucune responsabilit\u00e9 pour le contenu ou les pratiques de confidentialit\u00e9 de ces comptes de m\u00e9dias sociaux, des sites Web de tiers ou tout autre contenu li\u00e9.<\/p>\n<p><strong>Communiquez avec nous<\/strong><\/p>\n<p>Veuillez communiquer avec nous par courriel \u00e0 <a href=\"mailto:contact@oceansupercluster.cao\"><strong>contact@oceansupercluster.ca<\/strong><\/a> ou par courrier \u00e0 l\u2019adresse ci-dessous si vous avez des questions, des commentaires ou des pr\u00e9occupations :<\/p>\n<p>Supergrappe des oc\u00e9ans du Canada<br \/>\nPO Box 338<br \/>\nSt. John\u2019s, NL<br \/>\nA1C 5J9<br \/>\nCanada<\/p>\n<p>&nbsp;<\/p>\n<p>Derni\u00e8re mise \u00e0 jour : 28 mai 2021<\/p>\n<p>&nbsp;<\/p>\n<p>\u00ad\u00ad\u00ad<\/p><\/div>\n","protected":false},"excerpt":{"rendered":"<p>Supergrappe des oc\u00e9ans du Canada &#8211; Politique de confidentialit\u00e9 du site Web Supergrappe des oc\u00e9ans du Canada (\u00ab SOC \u00bb) s\u2019engage \u00e0 prot\u00e9ger la confidentialit\u00e9 des visiteurs de ses sites [&hellip;]<\/p>\n","protected":false},"author":1,"featured_media":0,"parent":0,"menu_order":0,"comment_status":"closed","ping_status":"closed","template":"","meta":{"_acf_changed":false,"footnotes":""},"class_list":["post-338","page","type-page","status-publish","hentry"],"acf":[],"_links":{"self":[{"href":"https:\/\/oceansupercluster.ca\/fr\/wp-json\/wp\/v2\/pages\/338","targetHints":{"allow":["GET"]}}],"collection":[{"href":"https:\/\/oceansupercluster.ca\/fr\/wp-json\/wp\/v2\/pages"}],"about":[{"href":"https:\/\/oceansupercluster.ca\/fr\/wp-json\/wp\/v2\/types\/page"}],"author":[{"embeddable":true,"href":"https:\/\/oceansupercluster.ca\/fr\/wp-json\/wp\/v2\/users\/1"}],"replies":[{"embeddable":true,"href":"https:\/\/oceansupercluster.ca\/fr\/wp-json\/wp\/v2\/comments?post=338"}],"version-history":[{"count":0,"href":"https:\/\/oceansupercluster.ca\/fr\/wp-json\/wp\/v2\/pages\/338\/revisions"}],"wp:attachment":[{"href":"https:\/\/oceansupercluster.ca\/fr\/wp-json\/wp\/v2\/media?parent=338"}],"curies":[{"name":"wp","href":"https:\/\/api.w.org\/{rel}","templated":true}]}}