{"id":347,"date":"2023-03-10T11:32:47","date_gmt":"2023-03-10T11:32:47","guid":{"rendered":"http:\/\/SITEURL\/our-impact\/benefits-and-momentum\/"},"modified":"2026-04-07T16:56:17","modified_gmt":"2026-04-07T16:56:17","slug":"avantages-et-lancee","status":"publish","type":"page","link":"https:\/\/oceansupercluster.ca\/fr\/our-impact\/avantages-et-lancee\/","title":{"rendered":"Avantages pour le Canada"},"content":{"rendered":"<div class=\"wpb-content-wrapper\"><div class=\"g-container\">[vc_row][vc_column][vc_column_text css=\u00a0\u00bb\u00a0\u00bb]Supergrappe des oc\u00e9ans du Canada est une grappe nationale dirig\u00e9e par l\u2019industrie qui fait croitre l\u2019\u00e9conomie oc\u00e9anique du Canada de fa\u00e7on num\u00e9rique, durable et inclusive. Chaque mois, vous pouvez consulter ici des informations sur la lanc\u00e9e que nous b\u00e2tissons dans l\u2019oc\u00e9an ainsi que les avantages pour les Canadiens.<\/p>\n<h3>Faits en bref<\/h3>\n<ul class=\"nicelist\">\n<li>Pr\u00e8s de 900+ membres de partout au Canada \u2013 ici \u2013consultez notre liste de membresconsultez notre liste de membres \u2013 <a href=\"https:\/\/oceansupercluster.ca\/fr\/members\/\">consultez notre liste de membres ici<\/a><\/li>\n<li>Plus de 420 millions de dollars d&rsquo;engagements d&rsquo;une valeur totale de projets \u00e0 ce jour (dont 50 % provenant de partenaires de l&rsquo;industrie)<\/li>\n<li>Plus de 150 projets approuv\u00e9s<\/li>\n<li>Plus de 300 nouveaux produits, processus et services oc\u00e9aniques cr\u00e9\u00e9s au Canada seront d\u00e9velopp\u00e9s et commercialis\u00e9s \u00e0 partir des projets annonc\u00e9s \u00e0 ce jour.<\/li>\n<li>96 % des projets dirig\u00e9s par une PME qui investit dans le projet<\/li>\n<li>100 % des projets incluent au moins une PME partenaire<\/li>\n<li>Plus de 10 000 emplois directs et indirects issus des projets annonc\u00e9s \u00e0 ce jour<\/li>\n<li>20 000 attendus d\u2019ici 2030<\/li>\n<\/ul>\n<p>&nbsp;<\/p>\n<h3>Collaboration \u00e0 travers le Canada<\/h3>\n<p>Avec 300 partenaires de projets d\u2019un oc\u00e9an \u00e0 l\u2019autre, non seulement SOC co-investit dans des projets avec l\u2019industrie, mais elle agit \u00e9galement de coordonnatrice du r\u00e9seau oc\u00e9anique du Canada. \u00c0 partir du milieu universitaire jusqu&rsquo;\u00e0 l\u2019industrie, en passant par les entreprises de toutes tailles, les p\u00f4les d\u2019innovation r\u00e9gionaux, les investisseurs et le gouvernement, nous collaborons partout au pays pour maximiser les r\u00e9sultats et les avantages pour nous tous.[\/vc_column_text][\/vc_column][\/vc_row][vc_row][vc_column width=\u00a0\u00bb2\/3&Prime;][vc_single_image image=\u00a0\u00bb20576&Prime; img_size=\u00a0\u00bbfull\u00a0\u00bb css=\u00a0\u00bb\u00a0\u00bb][\/vc_column][vc_column width=\u00a0\u00bb1\/3&Prime;][vc_row_inner][vc_column_inner width=\u00a0\u00bb1\/2&Prime;][vc_empty_space][vc_column_text css=\u00a0\u00bb\u00a0\u00bb]BC:\u00a0<strong>209<\/strong><br \/>\nNS:\u00a0<strong>207<\/strong><br \/>\nON:\u00a0<strong>150<\/strong><br \/>\nNL:\u00a0\u00a0<strong>114<\/strong><br \/>\nQC:\u00a0<strong>77<\/strong><br \/>\nNB:\u00a0<strong>49<\/strong>[\/vc_column_text][\/vc_column_inner][vc_column_inner width=\u00a0\u00bb1\/2&Prime;][vc_empty_space][vc_column_text css=\u00a0\u00bb\u00a0\u00bb]AB:\u00a0<strong>26<\/strong><br \/>\nPEI:\u00a0<strong>21<\/strong><br \/>\nNU:\u00a0<strong>6<\/strong><br \/>\nNWT:\u00a0<strong>2<\/strong><br \/>\nSK:\u00a0<strong>2<\/strong><br \/>\nMN:\u00a0<strong>1<\/strong>[\/vc_column_text][\/vc_column_inner][\/vc_row_inner][\/vc_column][\/vc_row]<\/div>\n<\/div>","protected":false},"excerpt":{"rendered":"<p>[vc_row][vc_column][vc_column_text css=\u00a0\u00bb\u00a0\u00bb]Supergrappe des oc\u00e9ans du Canada est une grappe nationale dirig\u00e9e par l\u2019industrie qui fait croitre l\u2019\u00e9conomie oc\u00e9anique du Canada de fa\u00e7on num\u00e9rique, durable et inclusive. Chaque mois, vous pouvez [&hellip;]<\/p>\n","protected":false},"author":1,"featured_media":12547,"parent":341,"menu_order":0,"comment_status":"closed","ping_status":"closed","template":"","meta":{"_acf_changed":false,"footnotes":""},"class_list":["post-347","page","type-page","status-publish","has-post-thumbnail","hentry"],"acf":[],"_links":{"self":[{"href":"https:\/\/oceansupercluster.ca\/fr\/wp-json\/wp\/v2\/pages\/347","targetHints":{"allow":["GET"]}}],"collection":[{"href":"https:\/\/oceansupercluster.ca\/fr\/wp-json\/wp\/v2\/pages"}],"about":[{"href":"https:\/\/oceansupercluster.ca\/fr\/wp-json\/wp\/v2\/types\/page"}],"author":[{"embeddable":true,"href":"https:\/\/oceansupercluster.ca\/fr\/wp-json\/wp\/v2\/users\/1"}],"replies":[{"embeddable":true,"href":"https:\/\/oceansupercluster.ca\/fr\/wp-json\/wp\/v2\/comments?post=347"}],"version-history":[{"count":6,"href":"https:\/\/oceansupercluster.ca\/fr\/wp-json\/wp\/v2\/pages\/347\/revisions"}],"predecessor-version":[{"id":21110,"href":"https:\/\/oceansupercluster.ca\/fr\/wp-json\/wp\/v2\/pages\/347\/revisions\/21110"}],"up":[{"embeddable":true,"href":"https:\/\/oceansupercluster.ca\/fr\/wp-json\/wp\/v2\/pages\/341"}],"wp:featuredmedia":[{"embeddable":true,"href":"https:\/\/oceansupercluster.ca\/fr\/wp-json\/wp\/v2\/media\/12547"}],"wp:attachment":[{"href":"https:\/\/oceansupercluster.ca\/fr\/wp-json\/wp\/v2\/media?parent=347"}],"curies":[{"name":"wp","href":"https:\/\/api.w.org\/{rel}","templated":true}]}}