{"id":484,"date":"2023-03-10T11:38:12","date_gmt":"2023-03-10T11:38:12","guid":{"rendered":"http:\/\/SITEURL\/edi\/"},"modified":"2024-01-08T20:06:30","modified_gmt":"2024-01-08T20:06:30","slug":"edi","status":"publish","type":"page","link":"https:\/\/oceansupercluster.ca\/fr\/qui-nous-sommes\/edi\/","title":{"rendered":"DIVERSIT\u00c9, \u00c9QUIT\u00c9 ET INCLUSION"},"content":{"rendered":"<div class=\"wpb-content-wrapper\"><div class=\"g-container\">[vc_row css=\u00a0\u00bb.vc_custom_1702476886498{padding-top: 50px !important;padding-bottom: 50px !important;}\u00a0\u00bb][vc_column][vc_column_text]<\/p>\n<h4>Supergrappe des oc\u00e9ans du Canada (SOC) est une grappe nationale r\u00e9unissant des entreprises de toutes formes et de toutes tailles pour d\u00e9velopper l\u2019\u00e9conomie oc\u00e9anique de mani\u00e8re num\u00e9rique, durable et inclusive.<\/h4>\n<p>SOC s\u2019efforce d\u2019\u00eatre une organisation \u00e9quitable, diversifi\u00e9e et inclusive par l\u2019\u00e9valuation et la modification des politiques, des processus et des communications, tel que pr\u00e9sent\u00e9 dans son Plan sur la diversit\u00e9, l&rsquo;\u00e9quit\u00e9 et l&rsquo;inclusion.<\/p>\n<p>SOC reconna\u00eet que pour \u00eatre un chef de file national dans une \u00e9conomie oc\u00e9anique durable, nous devons avoir l\u2019environnement et les processus commerciaux les plus inclusifs, diversifi\u00e9s et \u00e9quitables et encourager nos membres \u00e0 faire de m\u00eame. SOC est fi\u00e8re de participer au D\u00e9fi 50 &#8211; 30 du gouvernement du Canada et est engag\u00e9e \u00e0 promouvoir, favoriser et investir dans l\u2019\u00e9quit\u00e9, la diversit\u00e9 et l\u2019int\u00e9gration dans l\u2019\u00e9conomie oc\u00e9anique du Canada.<\/p>\n<p>Afin de renforcer la capacit\u00e9 du secteur oc\u00e9anique, de faire face au bassin limit\u00e9 de talents disponibles et de demeurer concurrentielle, Supergrappe des oc\u00e9ans du Canada co-investit pour attirer et d\u00e9velopper des talents, stimuler l\u2019innovation et se concentrer sur les solutions num\u00e9riques en cr\u00e9ant un \u00e9cosyst\u00e8me oc\u00e9anique plus diversifi\u00e9 et inclusif.<\/p>\n<h2><\/h2>\n<h2>D\u00e9claration sur la diversit\u00e9, l\u2019\u00e9quit\u00e9 et l\u2019inclusion<\/h2>\n<p>SOC s\u2019efforce de cr\u00e9er un environnement diversifi\u00e9, \u00e9quitable et inclusif (DEI) qui appuie SOC et assure un espace s\u00e9curitaire et cr\u00e9atif pour l\u2019innovation dans nos projets connexes. De par ses op\u00e9rations, ses projets et le d\u00e9veloppement de son \u00e9cosyst\u00e8me, SOC fait la promotion de la DEI par le biais de collaborations et de partenariats significatifs avec des titulaires de droits autochtones et des communaut\u00e9s sous-repr\u00e9sent\u00e9es. L\u2019engagement de SOC envers la DEI s\u2019\u00e9tend \u00e0 notre soutien au d\u00e9fi 50\/30, \u00e0 notre initiative Vision des deux yeux et \u00e0 l\u2019augmentation de la visibilit\u00e9 des groupes traditionnellement marginalis\u00e9s dans la main-d\u2019\u0153uvre oc\u00e9anique. La recherche d\u2019un consortium diversifi\u00e9 de participants au projet et de collaborateurs dans votre proposition de projet d\u00e9montre la fa\u00e7on dont votre projet contribuera \u00e0 des avantages sociaux et \u00e9conomiques pour nos communaut\u00e9s sous-repr\u00e9sent\u00e9es et \u00e0 des avantages environnementaux pour la sant\u00e9 des oc\u00e9ans, qui sont essentiels \u00e0 la sant\u00e9 de notre population et de notre plan\u00e8te.[\/vc_column_text][\/vc_column][\/vc_row][vc_section][vc_row full_width=\u00a0\u00bbstretch_row\u00a0\u00bb css=\u00a0\u00bb.vc_custom_1702476830986{padding-top: 50px !important;background-color: #f2f2f2 !important;}\u00a0\u00bb][vc_column css=\u00a0\u00bb.vc_custom_1702476645977{background-color: #f2f2f2 !important;}\u00a0\u00bb][vc_row_inner][vc_column_inner css=\u00a0\u00bb.vc_custom_1701896236432{background-color: #f2f2f2 !important;}\u00a0\u00bb][vc_column_text css=\u00a0\u00bb.vc_custom_1702476207518{background-color: #f2f2f2 !important;}\u00a0\u00bb]<\/p>\n<h2><\/h2>\n<h2>Faire progresser la DEI ensemble<\/h2>\n<p>L\u2019int\u00e9gration des objectifs DEI dans les projets de SOC est une priorit\u00e9 constante. De plus, les projets de SOC abordant directement les d\u00e9fis et possibilit\u00e9 DEI dans l\u2019\u00e9conomie oc\u00e9anique comprennent :[\/vc_column_text][vc_basic_grid post_type=\u00a0\u00bbproject\u00a0\u00bb max_items=\u00a0\u00bb6&Prime; item=\u00a0\u00bb12431&Prime; grid_id=\u00a0\u00bbvc_gid:1704742570060-a11de6d3-99a6-10&Prime; taxonomies=\u00a0\u00bb31&Prime; el_id=\u00a0\u00bbcontent-grid\u00a0\u00bb][\/vc_column_inner][\/vc_row_inner][\/vc_column][\/vc_row][\/vc_section][vc_section][vc_row css=\u00a0\u00bb.vc_custom_1702476844467{padding-top: 50px !important;}\u00a0\u00bb][vc_column][vc_column_text]<\/p>\n<h2>Ressources DEI<\/h2>\n<ul>\n<li><a href=\"https:\/\/oceanallies.ca\/wp-content\/uploads\/2021\/02\/Ocean-Allies-Navigating-Change.pdf\">Le rapport Navigating Change (Composer avec le changement) des Alli\u00e9s de lOc\u00e9an<\/a><\/li>\n<li><a href=\"https:\/\/diversityemployment.ca\/for-employers\/\">R\u00e9seau d\u2019emploi pour la diversit\u00e9 \u2013 Employeurs<\/a><\/li>\n<li><a href=\"https:\/\/diversityemployment.ca\/for-job-seekers\/\">R\u00e9seau d\u2019emploi pour la diversit\u00e9 \u2013 Chercheurs d\u2019emploi<\/a><\/li>\n<li><a href=\"https:\/\/www.meda.org\/the-gem-self-assessment\">Outil d\u2019auto-\u00e9valuation de l\u2019int\u00e9gration de l\u2019\u00e9galit\u00e9 des sexes (GEM)<\/a><\/li>\n<li><a href=\"https:\/\/www.aaaa.org\/index.php?checkfileaccess=\/wp-content\/uploads\/2020\/06\/EQUITY-INCLUSION-IN-ACTION_AdvancingBeyondConversation.pdf&amp;access_pid=90283\">\u00c9quit\u00e9 et inclusion en action<\/a><\/li>\n<\/ul>\n<p>[\/vc_column_text][\/vc_column][\/vc_row][\/vc_section]<\/p><\/div>\n<\/div>","protected":false},"excerpt":{"rendered":"<p>[vc_row css=\u00a0\u00bb.vc_custom_1702476886498{padding-top: 50px !important;padding-bottom: 50px !important;}\u00a0\u00bb][vc_column][vc_column_text] Supergrappe des oc\u00e9ans du Canada (SOC) est une grappe nationale r\u00e9unissant des entreprises de toutes formes et de toutes tailles pour d\u00e9velopper l\u2019\u00e9conomie oc\u00e9anique [&hellip;]<\/p>\n","protected":false},"author":1,"featured_media":12557,"parent":488,"menu_order":0,"comment_status":"closed","ping_status":"closed","template":"","meta":{"_acf_changed":false,"footnotes":""},"class_list":["post-484","page","type-page","status-publish","has-post-thumbnail","hentry"],"acf":[],"_links":{"self":[{"href":"https:\/\/oceansupercluster.ca\/fr\/wp-json\/wp\/v2\/pages\/484","targetHints":{"allow":["GET"]}}],"collection":[{"href":"https:\/\/oceansupercluster.ca\/fr\/wp-json\/wp\/v2\/pages"}],"about":[{"href":"https:\/\/oceansupercluster.ca\/fr\/wp-json\/wp\/v2\/types\/page"}],"author":[{"embeddable":true,"href":"https:\/\/oceansupercluster.ca\/fr\/wp-json\/wp\/v2\/users\/1"}],"replies":[{"embeddable":true,"href":"https:\/\/oceansupercluster.ca\/fr\/wp-json\/wp\/v2\/comments?post=484"}],"version-history":[{"count":0,"href":"https:\/\/oceansupercluster.ca\/fr\/wp-json\/wp\/v2\/pages\/484\/revisions"}],"up":[{"embeddable":true,"href":"https:\/\/oceansupercluster.ca\/fr\/wp-json\/wp\/v2\/pages\/488"}],"wp:featuredmedia":[{"embeddable":true,"href":"https:\/\/oceansupercluster.ca\/fr\/wp-json\/wp\/v2\/media\/12557"}],"wp:attachment":[{"href":"https:\/\/oceansupercluster.ca\/fr\/wp-json\/wp\/v2\/media?parent=484"}],"curies":[{"name":"wp","href":"https:\/\/api.w.org\/{rel}","templated":true}]}}