{"id":494,"date":"2023-03-10T11:29:19","date_gmt":"2023-03-10T11:29:19","guid":{"rendered":"http:\/\/SITEURL\/who-we-are\/board-of-directory\/"},"modified":"2023-12-21T16:17:19","modified_gmt":"2023-12-21T16:17:19","slug":"conseil-dadministration","status":"publish","type":"page","link":"https:\/\/oceansupercluster.ca\/fr\/qui-nous-sommes\/conseil-dadministration\/","title":{"rendered":"Conseil d&rsquo;administration"},"content":{"rendered":"<div class=\"wpb-content-wrapper\"><div class=\"g-container\">[vc_row][vc_column width=\u00a0\u00bb1\/6&Prime;][\/vc_column][vc_column width=\u00a0\u00bb2\/3&Prime; el_class=\u00a0\u00bbsection-team\u00a0\u00bb][vc_column_text]<\/p>\n<h2>Conseil d&rsquo;administration<\/h2>\n<p>Supergrappe des oc\u00e9ans du Canada est guid\u00e9e par un Conseil d\u2019administration compos\u00e9 de leaders chevronn\u00e9s de l\u2019industrie qui s\u2019appuient sur leurs exp\u00e9riences et leurs ant\u00e9c\u00e9dents pour fournir une orientation strat\u00e9gique \u00e0 l\u2019organisation et contribuer \u00e0 maximiser ses avantages pour le Canada.[\/vc_column_text][vc_raw_html]PHN0eWxlPi53cGJfd3JhcHBlciBoNHsgbGluZS1oZWlnaHQ6IDE4cHg7IGZvbnQtc2l6ZTogMTZweDsgbWFyZ2luLWJvdHRvbTo2cHg7fQoud3BiX3dyYXBwZXIgaDN7IGxpbmUtaGVpZ2h0OiAxNnB4OyBmb250LXNpemU6IDE4cHg7IG1hcmdpbi1ib3R0b206NnB4O30KPC9zdHlsZT4=[\/vc_raw_html][vc_row_inner][vc_column_inner][vc_column_text]<div class=\"tmm tmm_bod-fr tmm-floating-pic\"><div class=\"tmm_3_columns tmm_wrap tmm_plugin_f\"><span class=\"tmm_two_containers_tablet\"><\/span><div class=\"tmm_container \"><div class=\"tmm_member tmm_plugin_f\" style=\"border-top:#444444 solid 5px;\"><div class=\"tmm_circular-borders  tmm_photo tmm_pic_bod-fr_0\" style=\"background: url(https:\/\/oceansupercluster.ca\/wp-content\/uploads\/John-Risley-Headshot-Sq-scaled.jpg); margin-left: auto; margin-right:auto; background-size:cover !important;\"><\/div><div class=\"tmm_textblock\"><div class=\"tmm_names\"><span class=\"tmm_fname\">John<\/span> <span class=\"tmm_lname\">Risley<\/span><\/div><div class=\"tmm_job\">Pr\u00e9sident du Conseil<\/div><div class=\"tmm_desc\" style=\"text-align:\">CFFI Ventures Inc.<\/div><div class=\"tmm_scblock\"><\/div><\/div><\/div><div class=\"tmm_member tmm_plugin_f\" style=\"border-top:#444444 solid 5px;\"><div class=\"tmm_circular-borders  tmm_photo tmm_pic_bod-fr_1\" style=\"background: url(https:\/\/oceansupercluster.ca\/wp-content\/uploads\/Peter-Adams-scaled.jpg); margin-left: auto; margin-right:auto; background-size:cover !important;\"><\/div><div class=\"tmm_textblock\"><div class=\"tmm_names\"><span class=\"tmm_fname\">Peter<\/span> <span class=\"tmm_lname\">Adams<\/span><\/div><div class=\"tmm_job\">Directeur<\/div><div class=\"tmm_desc\" style=\"text-align:\">Baffin Fisheries<\/div><div class=\"tmm_scblock\"><\/div><\/div><\/div><span class=\"tmm_two_containers_tablet\"><\/span><div class=\"tmm_member tmm_plugin_f\" style=\"border-top:#444444 solid 5px;\"><div class=\"tmm_circular-borders  tmm_photo tmm_pic_bod-fr_2\" style=\"background: url(https:\/\/oceansupercluster.ca\/wp-content\/uploads\/2022\/01\/Judyth_Almasi_Saab_Technologies-3.jpg); margin-left: auto; margin-right:auto; background-size:cover !important;\"><\/div><div class=\"tmm_textblock\"><div class=\"tmm_names\"><span class=\"tmm_fname\">Judyth<\/span> <span class=\"tmm_lname\">Almasi<\/span><\/div><div class=\"tmm_job\">Directeur<\/div><div class=\"tmm_desc\" style=\"text-align:\">Tidalis Americas Ltd<\/div><div class=\"tmm_scblock\"><\/div><\/div><\/div><\/div><span class=\"tmm_columns_containers_desktop\"><\/span><div class=\"tmm_container \"><div class=\"tmm_member tmm_plugin_f\" style=\"border-top:#444444 solid 5px;\"><div class=\"tmm_circular-borders  tmm_photo tmm_pic_bod-fr_3\" style=\"background: url(https:\/\/oceansupercluster.ca\/wp-content\/uploads\/Louis-Beaubien.jpg); margin-left: auto; margin-right:auto; background-size:cover !important;\"><\/div><div class=\"tmm_textblock\"><div class=\"tmm_names\"><span class=\"tmm_fname\">Louis <\/span> <span class=\"tmm_lname\">Beaubien<\/span><\/div><div class=\"tmm_job\">Directeur<\/div><div class=\"tmm_desc\" style=\"text-align:\">Dalhousie University\/BlueNode<\/div><div class=\"tmm_scblock\"><\/div><\/div><\/div><span class=\"tmm_two_containers_tablet\"><\/span><div class=\"tmm_member tmm_plugin_f\" style=\"border-top:#444444 solid 5px;\"><div class=\"tmm_circular-borders  tmm_photo tmm_pic_bod-fr_4\" style=\"background: url(https:\/\/oceansupercluster.ca\/wp-content\/uploads\/2020\/08\/zita-cobb-scaled.jpg); margin-left: auto; margin-right:auto; background-size:cover !important;\"><\/div><div class=\"tmm_textblock\"><div class=\"tmm_names\"><span class=\"tmm_fname\">Zita<\/span> <span class=\"tmm_lname\">Cobb<\/span><\/div><div class=\"tmm_job\">Directeur<\/div><div class=\"tmm_desc\" style=\"text-align:\">Shorefast<\/div><div class=\"tmm_scblock\"><\/div><\/div><\/div><div class=\"tmm_member tmm_plugin_f\" style=\"border-top:#444444 solid 5px;\"><div class=\"tmm_circular-borders  tmm_photo tmm_pic_bod-fr_5\" style=\"background: url(https:\/\/oceansupercluster.ca\/wp-content\/uploads\/2021\/12\/David-Courtemanche-Merinov-carre-scaled.jpg); margin-left: auto; margin-right:auto; background-size:cover !important;\"><\/div><div class=\"tmm_textblock\"><div class=\"tmm_names\"><span class=\"tmm_fname\">David <\/span> <span class=\"tmm_lname\">Courtemanche<\/span><\/div><div class=\"tmm_job\">Directeur<\/div><div class=\"tmm_desc\" style=\"text-align:\">Merinov<\/div><div class=\"tmm_scblock\"><\/div><\/div><\/div><span class=\"tmm_two_containers_tablet\"><\/span><\/div><span class=\"tmm_columns_containers_desktop\"><\/span><div class=\"tmm_container \"><div class=\"tmm_member tmm_plugin_f\" style=\"border-top:#444444 solid 5px;\"><div class=\"tmm_circular-borders  tmm_photo tmm_pic_bod-fr_6\" style=\"background: url(https:\/\/oceansupercluster.ca\/wp-content\/uploads\/Jan-De-Silva-scaled.jpg); margin-left: auto; margin-right:auto; background-size:cover !important;\"><\/div><div class=\"tmm_textblock\"><div class=\"tmm_names\"><span class=\"tmm_fname\">Janet (Jan)<\/span> <span class=\"tmm_lname\">De Silva<\/span><\/div><div class=\"tmm_job\">Directeur<\/div><div class=\"tmm_scblock\"><\/div><\/div><\/div><div class=\"tmm_member tmm_plugin_f\" style=\"border-top:#444444 solid 5px;\"><div class=\"tmm_circular-borders  tmm_photo tmm_pic_bod-fr_7\" style=\"background: url(https:\/\/oceansupercluster.ca\/wp-content\/uploads\/2022\/05\/Beverley-Evans-Director.jpg); margin-left: auto; margin-right:auto; background-size:cover !important;\"><\/div><div class=\"tmm_textblock\"><div class=\"tmm_names\"><span class=\"tmm_fname\">Beverley<\/span> <span class=\"tmm_lname\">Evans<\/span><\/div><div class=\"tmm_job\">Directeur<\/div><div class=\"tmm_scblock\"><\/div><\/div><\/div><span class=\"tmm_two_containers_tablet\"><\/span><div class=\"tmm_member tmm_plugin_f\" style=\"border-top:#444444 solid 5px;\"><div class=\"tmm_circular-borders  tmm_photo tmm_pic_bod-fr_8\" style=\"background: url(https:\/\/oceansupercluster.ca\/wp-content\/uploads\/Ryan-Fan.jpg); margin-left: auto; margin-right:auto; background-size:cover !important;\"><\/div><div class=\"tmm_textblock\"><div class=\"tmm_names\"><span class=\"tmm_fname\">Ryan<\/span> <span class=\"tmm_lname\">Fan<\/span><\/div><div class=\"tmm_job\">Directeur<\/div><div class=\"tmm_scblock\"><\/div><\/div><\/div><\/div><span class=\"tmm_columns_containers_desktop\"><\/span><div class=\"tmm_container \"><div class=\"tmm_member tmm_plugin_f\" style=\"border-top:#444444 solid 5px;\"><div class=\"tmm_circular-borders  tmm_photo tmm_pic_bod-fr_9\" style=\"background: url(https:\/\/oceansupercluster.ca\/wp-content\/uploads\/Craig-Headshot-2023-scaled-1707x1707-1.jpg); margin-left: auto; margin-right:auto; background-size:cover !important;\"><\/div><div class=\"tmm_textblock\"><div class=\"tmm_names\"><span class=\"tmm_fname\">Craig <\/span> <span class=\"tmm_lname\">Haney<\/span><\/div><div class=\"tmm_job\">Directeur<\/div><div class=\"tmm_desc\" style=\"text-align:\">AltaML<\/div><div class=\"tmm_scblock\"><\/div><\/div><\/div><span class=\"tmm_two_containers_tablet\"><\/span><div class=\"tmm_member tmm_plugin_f\" style=\"border-top:#444444 solid 5px;\"><div class=\"tmm_circular-borders  tmm_photo tmm_pic_bod-fr_10\" style=\"background: url(https:\/\/oceansupercluster.ca\/wp-content\/uploads\/Vannessa3.jpg); margin-left: auto; margin-right:auto; background-size:cover !important;\"><\/div><div class=\"tmm_textblock\"><div class=\"tmm_names\"><span class=\"tmm_fname\">Vanessa<\/span> <span class=\"tmm_lname\">Newhook<\/span><\/div><div class=\"tmm_job\">Directeur<\/div><div class=\"tmm_scblock\"><\/div><\/div><\/div><div class=\"tmm_member tmm_plugin_f\" style=\"border-top:#444444 solid 5px;\"><div class=\"tmm_circular-borders  tmm_photo tmm_pic_bod-fr_11\" style=\"background: url(https:\/\/oceansupercluster.ca\/wp-content\/uploads\/FRED.png); margin-left: auto; margin-right:auto; background-size:cover !important;\"><\/div><div class=\"tmm_textblock\"><div class=\"tmm_names\"><span class=\"tmm_fname\">Fred<\/span> <span class=\"tmm_lname\">Olayele<\/span><\/div><div class=\"tmm_job\">Directeur<\/div><div class=\"tmm_scblock\"><\/div><\/div><\/div><span class=\"tmm_two_containers_tablet\"><\/span><\/div><span class=\"tmm_columns_containers_desktop\"><\/span><div class=\"tmm_container \"><div class=\"tmm_member tmm_plugin_f\" style=\"border-top:#444444 solid 5px;\"><div class=\"tmm_circular-borders  tmm_photo tmm_pic_bod-fr_12\" style=\"background: url(https:\/\/oceansupercluster.ca\/wp-content\/uploads\/CSalci_Headshot_Colour-2.png); margin-left: auto; margin-right:auto; background-size:cover !important;\"><\/div><div class=\"tmm_textblock\"><div class=\"tmm_names\"><span class=\"tmm_fname\">Cara<\/span> <span class=\"tmm_lname\">Salci<\/span><\/div><div class=\"tmm_job\">Directeur<\/div><div class=\"tmm_desc\" style=\"text-align:\">Thales Canada Inc.<\/div><div class=\"tmm_scblock\"><\/div><\/div><\/div><div class=\"tmm_member tmm_plugin_f\" style=\"border-top:#444444 solid 5px;\"><div class=\"tmm_circular-borders  tmm_photo tmm_pic_bod-fr_13\" style=\"background: url(https:\/\/oceansupercluster.ca\/wp-content\/uploads\/2021\/12\/Niru-Somayajula.jpg); margin-left: auto; margin-right:auto; background-size:cover !important;\"><\/div><div class=\"tmm_textblock\"><div class=\"tmm_names\"><span class=\"tmm_fname\">Niru<\/span> <span class=\"tmm_lname\">Somayajula<\/span><\/div><div class=\"tmm_job\">Directeur<\/div><div class=\"tmm_desc\" style=\"text-align:\">Sensor Technology<\/div><div class=\"tmm_scblock\"><\/div><\/div><\/div><span class=\"tmm_two_containers_tablet\"><\/span><div class=\"tmm_member tmm_plugin_f\" style=\"border-top:#444444 solid 5px;\"><div class=\"tmm_circular-borders  tmm_photo tmm_pic_bod-fr_14\" style=\"background: url(https:\/\/oceansupercluster.ca\/wp-content\/uploads\/2020\/03\/Anya-Waite_headshot_2019.jpg); margin-left: auto; margin-right:auto; background-size:cover !important;\"><\/div><div class=\"tmm_textblock\"><div class=\"tmm_names\"><span class=\"tmm_fname\">Anya<\/span> <span class=\"tmm_lname\">Waite<\/span><\/div><div class=\"tmm_job\">Directeur<\/div><div class=\"tmm_desc\" style=\"text-align:\">Ocean Frontier Institute<\/div><div class=\"tmm_scblock\"><\/div><\/div><\/div><div style=\"clear:both;\"><\/div><\/div><\/div><\/div>[\/vc_column_text][\/vc_column_inner][\/vc_row_inner][\/vc_column][vc_column width=\u00a0\u00bb1\/6&Prime;][\/vc_column][\/vc_row]<\/p><\/div>\n<\/div>","protected":false},"excerpt":{"rendered":"<p>[vc_row][vc_column width=\u00a0\u00bb1\/6&Prime;][\/vc_column][vc_column width=\u00a0\u00bb2\/3&Prime; el_class=\u00a0\u00bbsection-team\u00a0\u00bb][vc_column_text] Conseil d&rsquo;administration Supergrappe des oc\u00e9ans du Canada est guid\u00e9e par un Conseil d\u2019administration compos\u00e9 de leaders chevronn\u00e9s de l\u2019industrie qui s\u2019appuient sur leurs exp\u00e9riences et leurs [&hellip;]<\/p>\n","protected":false},"author":1,"featured_media":12538,"parent":488,"menu_order":0,"comment_status":"closed","ping_status":"closed","template":"","meta":{"_acf_changed":false,"footnotes":""},"class_list":["post-494","page","type-page","status-publish","has-post-thumbnail","hentry"],"acf":[],"_links":{"self":[{"href":"https:\/\/oceansupercluster.ca\/fr\/wp-json\/wp\/v2\/pages\/494","targetHints":{"allow":["GET"]}}],"collection":[{"href":"https:\/\/oceansupercluster.ca\/fr\/wp-json\/wp\/v2\/pages"}],"about":[{"href":"https:\/\/oceansupercluster.ca\/fr\/wp-json\/wp\/v2\/types\/page"}],"author":[{"embeddable":true,"href":"https:\/\/oceansupercluster.ca\/fr\/wp-json\/wp\/v2\/users\/1"}],"replies":[{"embeddable":true,"href":"https:\/\/oceansupercluster.ca\/fr\/wp-json\/wp\/v2\/comments?post=494"}],"version-history":[{"count":0,"href":"https:\/\/oceansupercluster.ca\/fr\/wp-json\/wp\/v2\/pages\/494\/revisions"}],"up":[{"embeddable":true,"href":"https:\/\/oceansupercluster.ca\/fr\/wp-json\/wp\/v2\/pages\/488"}],"wp:featuredmedia":[{"embeddable":true,"href":"https:\/\/oceansupercluster.ca\/fr\/wp-json\/wp\/v2\/media\/12538"}],"wp:attachment":[{"href":"https:\/\/oceansupercluster.ca\/fr\/wp-json\/wp\/v2\/media?parent=494"}],"curies":[{"name":"wp","href":"https:\/\/api.w.org\/{rel}","templated":true}]}}