{"id":497,"date":"2023-03-10T11:37:37","date_gmt":"2023-03-10T11:37:37","guid":{"rendered":"http:\/\/SITEURL\/focus-area\/"},"modified":"2023-03-23T12:18:34","modified_gmt":"2023-03-23T12:18:34","slug":"focus-area","status":"publish","type":"page","link":"https:\/\/oceansupercluster.ca\/fr\/what-we-do\/focus-area\/","title":{"rendered":"Secteur d&rsquo;int\u00e9r\u00eat"},"content":{"rendered":"<div class=\"wpb-content-wrapper\"><div class=\"g-container\">\n<p>[vc_row][vc_column width=\u00a0\u00bb2\/3&Prime;][vc_column_text]Les projets de leadership technologique r\u00e9unissent des investisseurs et des partenaires de l\u2019ensemble des industries de l\u2019oc\u00e9an en vue de d\u00e9velopper et de commercialiser des solutions novatrices \u00e0 des d\u00e9fis communs tout en favorisant l\u2019accroissement de la connectivit\u00e9, le renforcement des capacit\u00e9s, la croissance de la cha\u00eene d\u2019approvisionnement et l\u2019\u00e9largissement de port\u00e9e internationale. Un partenariat solide de l\u2019industrie se retrouve au c\u0153ur de chaque projet de leadership technologique. Certains projets d\u00e9marrent \u00e0 partir d\u2019une id\u00e9e lanc\u00e9e par un membre \u00e0 d\u2019autres partenaires potentiels. D\u2019autres projets sont n\u00e9s de relations \u00e9troites entre des membres de Supergrappe des oc\u00e9ans du Canada (SOC). Tout membre de SOC peut d\u2019ailleurs lancer une id\u00e9e de projet et nous invitons la participation d\u2019autres organisations, y compris les entreprises en d\u00e9marrage et les institutions de recherche.[\/vc_column_text][\/vc_column][vc_column width=\u00a0\u00bb1\/3&Prime;][vc_single_image image=\u00a0\u00bb8507&Prime;][\/vc_column][\/vc_row][vc_row][vc_column][vc_btn title=\u00a0\u00bbD\u00e9marrage &#8211; Une introduction \u00e0 SOC &#8211; Document PDF\u00a0\u00bb color=\u00a0\u00bbSuperclusterBlue\u00a0\u00bb i_icon_fontawesome=\u00a0\u00bbfar fa-file\u00a0\u00bb add_icon=\u00a0\u00bbtrue\u00a0\u00bb link=\u00a0\u00bburl:https%3A%2F%2Foceansupercluster.ca%2Fwp-content%2Fuploads%2F2021%2F03%2FGetting-Started_An-Introduction-to-OSC.pdf|target:_blank\u00a0\u00bb][\/vc_column][\/vc_row][vc_row][vc_column][vc_btn title=\u00a0\u00bbMod\u00e8le de qualification pr\u00e9liminaire de projets TL SOC\u00a0\u00bb color=\u00a0\u00bbSuperclusterBlue\u00a0\u00bb i_icon_fontawesome=\u00a0\u00bbfar fa-file\u00a0\u00bb add_icon=\u00a0\u00bbtrue\u00a0\u00bb link=\u00a0\u00bburl:https%3A%2F%2Foceansupercluster.ca%2Fwp-content%2Fuploads%2F2021%2F08%2FProjet-de-leadership-technologique-SEO-qualification.docx|target:_blank\u00a0\u00bb][\/vc_column][\/vc_row][vc_row][vc_column][vc_btn title=\u00a0\u00bbGuide de s\u00e9lection de projets de leadership technologique\u00a0\u00bb color=\u00a0\u00bbSuperclusterBlue\u00a0\u00bb i_icon_fontawesome=\u00a0\u00bbfar fa-file\u00a0\u00bb add_icon=\u00a0\u00bbtrue\u00a0\u00bb link=\u00a0\u00bburl:https%3A%2F%2Foceansupercluster.ca%2Fwp-content%2Fuploads%2F2022%2F10%2FUPDATED-project_selection_guide_FINAL-2.pdf|target:_blank\u00a0\u00bb][\/vc_column][\/vc_row][vc_row][vc_column][vc_btn title=\u00a0\u00bbGuide sur la PI\u00a0\u00bb color=\u00a0\u00bbSuperclusterBlue\u00a0\u00bb i_icon_fontawesome=\u00a0\u00bbfar fa-file\u00a0\u00bb add_icon=\u00a0\u00bbtrue\u00a0\u00bb link=\u00a0\u00bburl:%2Fwp-content%2Fuploads%2F2020%2F03%2FIP_guide_Final.pdf||target:%20_blank|\u00a0\u00bb][\/vc_column][\/vc_row][vc_row][vc_column][vc_column_text]Un grand merci aux quelque 300 participants qui se sont joints \u00e0 notre webinaire sur l\u2019\u00e9laboration de projets SOC r\u00e9ussis. Avec des pr\u00e9sentations de la haute direction de SOC et une s\u00e9ance de pr\u00e8s d\u2019une heure de questions et r\u00e9ponses, nous avons couvert beaucoup de terrain et nous esp\u00e9rons que l\u2019information fournie permettra d\u2019\u00e9clairer l\u2019\u00e9laboration de propositions de projets dans tous nos programmes de base et acc\u00e9l\u00e9r\u00e9s. Vous avez manqu\u00e9 la s\u00e9ance ou vous d\u00e9sirez revoir la pr\u00e9sentation? La totalit\u00e9 de l\u2019\u00e9v\u00e9nement vid\u00e9o et la pr\u00e9sentation PowerPoint peuvent \u00eatre consult\u00e9es ici :<\/p>\n<h2 class=\"x_MsoNormal\"><b>Comment puis-je commencer?<\/b><\/h2>\n<p class=\"x_MsoNormal\"><b>Si vous n\u2019\u00eates pas d\u00e9j\u00e0 membre, veuillez remplir la d\u00e9claration d\u2019int\u00e9r\u00eat <a href=\"https:\/\/oceansupercluster.ca\/fr\/devenir-membre\/#\">ici<\/a>.<\/b><\/p>\n<p class=\"x_MsoNormal\">Membership options include Associate memberships that do not require an investment, and Industry memberships for companies who wish to invest in collaborative projects. Want more information?  Connect with the Technology Leadership team <a href=\"https:\/\/oceansupercluster.ca\/fr\/communiquez-avec-nous\/\">here<\/a>.<\/p>\n<p>[\/vc_column_text][\/vc_column][\/vc_row]<\/p>\n<\/div>\n<\/div>","protected":false},"excerpt":{"rendered":"<p>[vc_row][vc_column width=\u00a0\u00bb2\/3&Prime;][vc_column_text]Les projets de leadership technologique r\u00e9unissent des investisseurs et des partenaires de l\u2019ensemble des industries de l\u2019oc\u00e9an en vue de d\u00e9velopper et de commercialiser des solutions novatrices \u00e0 des [&hellip;]<\/p>\n","protected":false},"author":1,"featured_media":0,"parent":511,"menu_order":0,"comment_status":"closed","ping_status":"closed","template":"","meta":{"_acf_changed":false,"footnotes":""},"class_list":["post-497","page","type-page","status-publish","hentry"],"acf":[],"_links":{"self":[{"href":"https:\/\/oceansupercluster.ca\/fr\/wp-json\/wp\/v2\/pages\/497","targetHints":{"allow":["GET"]}}],"collection":[{"href":"https:\/\/oceansupercluster.ca\/fr\/wp-json\/wp\/v2\/pages"}],"about":[{"href":"https:\/\/oceansupercluster.ca\/fr\/wp-json\/wp\/v2\/types\/page"}],"author":[{"embeddable":true,"href":"https:\/\/oceansupercluster.ca\/fr\/wp-json\/wp\/v2\/users\/1"}],"replies":[{"embeddable":true,"href":"https:\/\/oceansupercluster.ca\/fr\/wp-json\/wp\/v2\/comments?post=497"}],"version-history":[{"count":0,"href":"https:\/\/oceansupercluster.ca\/fr\/wp-json\/wp\/v2\/pages\/497\/revisions"}],"up":[{"embeddable":true,"href":"https:\/\/oceansupercluster.ca\/fr\/wp-json\/wp\/v2\/pages\/511"}],"wp:attachment":[{"href":"https:\/\/oceansupercluster.ca\/fr\/wp-json\/wp\/v2\/media?parent=497"}],"curies":[{"name":"wp","href":"https:\/\/api.w.org\/{rel}","templated":true}]}}