{"id":503,"date":"2023-03-10T11:37:16","date_gmt":"2023-03-10T11:37:16","guid":{"rendered":"http:\/\/SITEURL\/programs\/"},"modified":"2026-04-07T17:23:43","modified_gmt":"2026-04-07T17:23:43","slug":"programs","status":"publish","type":"page","link":"https:\/\/oceansupercluster.ca\/fr\/what-we-do\/programs\/","title":{"rendered":"Projets et programmes"},"content":{"rendered":"<div class=\"wpb-content-wrapper\"><div class=\"g-container\">[vc_row css=\u00a0\u00bb.vc_custom_1775582580379{padding-top: 50px !important;padding-bottom: 50px !important;}\u00a0\u00bb][vc_column][vc_column_text css=\u00a0\u00bb\u00a0\u00bb]<\/p>\n<h2><strong>Projets et programmes<\/strong><\/h2>\n<p>Supergrappe des oc\u00e9ans du Canada co-investit avec l&rsquo;industrie pour acc\u00e9l\u00e8rer et commercialiser des solutions oc\u00e9aniques novatrices dans les domaines de <a href=\"https:\/\/oceansupercluster.ca\/fr\/energie-oceanique-elargie\/\">l\u2019\u00e9nergie oc\u00e9anique \u00e9largie<\/a>, <a href=\"https:\/\/oceansupercluster.ca\/fr\/fruits-de-mer-durables\/\">les fruits de mer durables<\/a>, <a href=\"https:\/\/oceansupercluster.ca\/fr\/avenir-du-transport\/\">l&rsquo;avenir du transport<\/a>, l<a href=\"https:\/\/oceansupercluster.ca\/fr\/solutions-climatiques-oceaniques\/\">es changements climatiques<\/a>, <a href=\"https:\/\/oceansupercluster.ca\/fr\/talents\/\">les talents<\/a> et le r\u00e9seau. Ces projets apportent des solutions canadiennes aux march\u00e9s mondiaux et contribuent \u00e9galement \u00e0 cr\u00e9er davantage de nouvelles entreprises oc\u00e9aniques et une main-d\u2019\u0153uvre diversifi\u00e9e dans le cadre d\u2019un solide \u00e9cosyst\u00e8me d\u2019innovation n\u00e9cessaire pour soutenir la trajectoire de croissance de l\u2019\u00e9conomie oc\u00e9anique et le leadership du Canada dans ce domaine.<\/p>\n<p style=\"text-align: left;\">Vous avez une id\u00e9e de projet? Vous aimeriez en savoir plus au sujet du processus de financement de SOC? Vous avez des questions sur l&rsquo;implication?<\/p>\n<p>[\/vc_column_text][vc_btn title=\u00a0\u00bbContactez-nous\u00a0\u00bb color=\u00a0\u00bbinfo\u00a0\u00bb css=\u00a0\u00bb\u00a0\u00bb link=\u00a0\u00bburl:https%3A%2F%2Foceansupercluster.ca%2Ffr%2Fformulaire-de-demande%2F|title:Formulaire%20de%20demande%C2%A0|target:_blank\u00a0\u00bb el_class=\u00a0\u00bbvbtn\u00a0\u00bb][\/vc_column][\/vc_row][vc_row gap=\u00a0\u00bb20&Prime; equal_height=\u00a0\u00bbyes\u00a0\u00bb][vc_column width=\u00a0\u00bb1\/2&Prime; css=\u00a0\u00bb.vc_custom_1775582617646{padding-top: 25px !important;padding-left: 25px !important;background-color: #f2f2f2 !important;}\u00a0\u00bb][vc_column_text css=\u00a0\u00bb\u00a0\u00bb]<\/p>\n<h2>Programme de projets de leadership technologique<\/h2>\n<p>[\/vc_column_text][vc_column_text]Le programme de projets de leadership technologique de SOC est con\u00e7u pour acc\u00e9l\u00e9rer le d\u00e9veloppement et la commercialisation de solutions oc\u00e9aniques novatrices cr\u00e9\u00e9es au Canada. Les principaux domaines d&rsquo;int\u00e9r\u00eat de ce programme comprennent l&rsquo;\u00e9nergie oc\u00e9anique \u00e9largie, les fruits de mer durables, l&rsquo;avenir du transport, les solutions climatiques oc\u00e9aniques ainsi que d&rsquo;autres domaines de croissance. Dans le cadre du programme de projets de leadership technologique, la soumission de propositions de projet peut se faire de deux fa\u00e7ons : via le programme de base de leadership technologique et les programmes d&rsquo;appel.<\/p>\n<p>Aper\u00e7u des exigences et processus du programme de base de leadership technologique :[\/vc_column_text][vc_column_text]Tout consortium peut soumettre une pr\u00e9-qualification.<\/p>\n<ul>\n<li>Calendrier de soumission : admission continue<\/li>\n<li>Fonds de contrepartie &#8211; Jusqu&rsquo;\u00e0 40 % des co\u00fbts admissibles du projet<\/li>\n<li>Valeur du projet \u2013 Pas de minimum ou de maximum<\/li>\n<li>Dur\u00e9e du projet &#8211; Doit se terminer en octobre 2027<\/li>\n<\/ul>\n<p>\u00c9tape du processus d\u2019\u00e9valuation\/approbation du projet :<\/p>\n<ul>\n<li>Pr\u00e9qualification<\/li>\n<li>\u00c9valuation de pr\u00e9qualification<\/li>\n<li>Phase de proposition<\/li>\n<li>Soumission de la proposition<\/li>\n<li>\u00c9valuation de la proposition<\/li>\n<li>Ratification de la proposition<\/li>\n<\/ul>\n<p>[\/vc_column_text][vc_column_text]Vous souhaitez soumettre votre id\u00e9e pour une pr\u00e9qualification au programme de base de leadership technologique? Voici quelques documents cl\u00e9s pour vous aider \u00e0 d\u00e9marrer :[\/vc_column_text][vc_btn title=\u00a0\u00bbLignes directrices\u00a0\u00bb color=\u00a0\u00bbinfo\u00a0\u00bb link=\u00a0\u00bburl:https%3A%2F%2Foceansupercluster.ca%2Fwp-content%2Fuploads%2FCore-Technology-Guidelines_French_February-2024.pdf|title:Lignes%20directrices|target:_blank\u00a0\u00bb][vc_empty_space height=\u00a0\u00bb18px\u00a0\u00bb][vc_btn title=\u00a0\u00bbOSC-TL-Projet-Pr\u00e9liminaire-Qualification-Budget &#8211; 2025&Prime; color=\u00a0\u00bbinfo\u00a0\u00bb css=\u00a0\u00bb\u00a0\u00bb link=\u00a0\u00bburl:https%3A%2F%2Foceansupercluster.ca%2Fwp-content%2Fuploads%2FOSC-TL-Project-Preliminary-Qualification-Budget-2025-FR.xlsm\u00a0\u00bb][vc_empty_space height=\u00a0\u00bb18px\u00a0\u00bb][vc_btn title=\u00a0\u00bbOSC-TL-Projet-Qualification-Pr\u00e9liminaire-2025&Prime; color=\u00a0\u00bbinfo\u00a0\u00bb css=\u00a0\u00bb\u00a0\u00bb link=\u00a0\u00bburl:https%3A%2F%2Foceansupercluster.ca%2Fwp-content%2Fuploads%2FOSC-TL-Project-Preliminary-Qualification-2025-FR-1.docx|target:_blank\u00a0\u00bb][vc_empty_space height=\u00a0\u00bb18px\u00a0\u00bb][vc_btn title=\u00a0\u00bbLignes directrices sur l\u2019admissibilit\u00e9 des co\u00fbts\u00a0\u00bb color=\u00a0\u00bbinfo\u00a0\u00bb i_icon_fontawesome=\u00a0\u00bbfar fa-file\u00a0\u00bb add_icon=\u00a0\u00bbtrue\u00a0\u00bb link=\u00a0\u00bburl:https%3A%2F%2Foceansupercluster.ca%2Fwp-content%2Fuploads%2FOSC-Cost-Eligibility-Guidelines-2023-12-FR-1.pdf|target:_blank\u00a0\u00bb][vc_empty_space][vc_column_text]Aper\u00e7u des exigences et du processus du programme d&rsquo;appel de leadership technologique :[\/vc_column_text][vc_column_text]L&rsquo;appel th\u00e9matique est lanc\u00e9 avec les lignes directrices du programme :<\/p>\n<ul>\n<li>Fonds de contrepartie &#8211; Jusqu&rsquo;\u00e0 40 % des co\u00fbts admissibles du projet<\/li>\n<li>Valeur du projet \u2013 Peut avoir un minimum ou un maximum<\/li>\n<li>Dur\u00e9e du projet &#8211; Sp\u00e9cifique \u00e0 l&rsquo;appel<\/li>\n<li>Calendrier de soumission \u2013 Sp\u00e9cifique \u00e0 l&rsquo;appel<\/li>\n<\/ul>\n<p>\u00c9tapes du processus de proposition :<\/p>\n<ul>\n<li>1. D\u00e9claration d&rsquo;int\u00e9r\u00eat<\/li>\n<li>2. \u00c9valuation de la d\u00e9claration d&rsquo;int\u00e9r\u00eat<\/li>\n<li>3. Proposal phase<\/li>\n<li>4. Soumission de la proposition<\/li>\n<li>5. \u00c9valuation de la proposition<\/li>\n<\/ul>\n<p>[\/vc_column_text][\/vc_column][vc_column width=\u00a0\u00bb1\/2&Prime; css=\u00a0\u00bb.vc_custom_1775582622752{padding-top: 25px !important;padding-left: 25px !important;background-color: #f2f2f2 !important;}\u00a0\u00bb][vc_column_text css=\u00a0\u00bb\u00a0\u00bb]<\/p>\n<h2>Programme Projets et activit\u00e9s de l&rsquo;\u00e9cosyst\u00e8me d&rsquo;innovation<\/h2>\n<p>[\/vc_column_text][vc_column_text css=\u00a0\u00bb\u00a0\u00bb]Les projets et programmes d&rsquo;activit\u00e9s de l&rsquo;\u00e9cosyst\u00e8me d&rsquo;innovation sont des initiatives non commerciales con\u00e7ues pour aider \u00e0 construire un \u00e9cosyst\u00e8me d&rsquo;innovation robuste avec des programmes visant \u00e0 soutenir davantage d&rsquo;entreprises oc\u00e9aniques \u00e0 mesure qu&rsquo;elles d\u00e9marrent et se d\u00e9veloppent, soutiennent le d\u00e9veloppement des comp\u00e9tences et le d\u00e9veloppement de la main-d&rsquo;\u0153uvre du secteur, construisent et \u00e9tendent des r\u00e9seaux et des partenariats oc\u00e9aniques et augmentent visibilit\u00e9 de la marque oc\u00e9anique mondiale du Canada. Le programme de projets et d&rsquo;activit\u00e9s de l&rsquo;\u00e9cosyst\u00e8me d&rsquo;innovation n&rsquo;accepte que les propositions dans le cadre d&rsquo;un programme de base \u00e0 admission continue. Si votre projet est ax\u00e9 sur le d\u00e9veloppement d&rsquo;une technologie, veuillez vous r\u00e9f\u00e9rer aux exigences du programme du projet de leadership technologique.<\/p>\n<p>Aper\u00e7u des exigence e tprocessus du programme Projets et activit\u00e9s de l&rsquo;\u00e9cosyst\u00e8me d&rsquo;innovation[\/vc_column_text][vc_column_text]Tout consortium peut soumettre une pr\u00e9-qualification.<\/p>\n<ul>\n<li>Fonds de contrepartie &#8211; Jusqu&rsquo;\u00e0 75 % des co\u00fbts admissibles du projet<\/li>\n<li>Valeur du projet \u2013 Les projets vont de milliers \u00e0 des millions de dollars<\/li>\n<li>Dur\u00e9e du projet &#8211; Doit se terminer en octobre 2027<\/li>\n<li>Calendrier de soumission &#8211; Admission continue<\/li>\n<\/ul>\n<p>\u00c9tape du processus d\u2019\u00e9valuation\/approbation du projet :<\/p>\n<ul>\n<li>Pr\u00e9qualification<\/li>\n<li>\u00c9valuation de pr\u00e9qualification<\/li>\n<li>Phase de proposition<\/li>\n<li>Soumission de la proposition<\/li>\n<li>\u00c9valuation de la proposition<\/li>\n<\/ul>\n<p>[\/vc_column_text][vc_column_text]Vous souhaitez soumettre votre id\u00e9e pour le programme Projets d\u2019\u00e9cosyst\u00e8mes d\u2019innovation et propositions? Voici quelques documents cl\u00e9s pour vous aider \u00e0 d\u00e9marrer :<\/p>\n<ul>\n<li>Pour la pr\u00e9qualification, veuillez pr\u00e9parer un r\u00e9sum\u00e9 de votre id\u00e9e bas\u00e9 sur les commentaires.<\/li>\n<\/ul>\n<p>[\/vc_column_text][vc_btn title=\u00a0\u00bbFormulaire de proposition de projet d&rsquo;\u00e9cosyst\u00e8me d&rsquo;innovation\u00a0\u00bb color=\u00a0\u00bbinfo\u00a0\u00bb i_icon_fontawesome=\u00a0\u00bbfar fa-file\u00a0\u00bb add_icon=\u00a0\u00bbtrue\u00a0\u00bb link=\u00a0\u00bburl:%2Fwp-content%2Fuploads%2FOSC-2.0-IE-Project-Proposal-Form-FINAL32-1.docx|target:_blank|\u00a0\u00bb][vc_empty_space height=\u00a0\u00bb18px\u00a0\u00bb][vc_btn title=\u00a0\u00bbLignes directrices sur l\u2019admissibilit\u00e9 des co\u00fbts\u00a0\u00bb color=\u00a0\u00bbinfo\u00a0\u00bb i_icon_fontawesome=\u00a0\u00bbfar fa-file\u00a0\u00bb add_icon=\u00a0\u00bbtrue\u00a0\u00bb link=\u00a0\u00bburl:https%3A%2F%2Foceansupercluster.ca%2Fwp-content%2Fuploads%2FOSC-Cost-Eligibility-Guidelines-2023-12-FR-1.pdf|target:_blank\u00a0\u00bb][vc_empty_space][\/vc_column][\/vc_row][vc_row][vc_column][vc_empty_space][vc_column_text]<\/p>\n<h2>Comment les d\u00e9cisions de financement ont-elles prises?<\/h2>\n<p>Dans tous les programmes, Supergrappe des oc\u00e9ans du Canada engage des experts ind\u00e9pendants pour \u00e9valuer les projets et formuler des recommandations en vue de leur approbation. SOC applique une politique stricte en mati\u00e8re de conflits d\u2019int\u00e9r\u00eats dans l\u2019\u00e9valuation des projets \u00e0 chaque phase.<\/p>\n<p>Avec un portefeuille de projets d&rsquo;environ 90 projets oc\u00e9aniques collaboratifs qui contribuent \u00e0 la sant\u00e9 et \u00e0 la productivit\u00e9 de notre oc\u00e9an, la valeur des projets varie de moins d\u2019un million de dollars \u00e0 des dizaines de millions de dollars, Supergrappe des oc\u00e9ans du Canada co-investissant avec l\u2019industrie pour mener \u00e0 bien le projet. Les projets impliquent souvent un \u00e9ventail de partenaires issus de PME, de grandes entreprises matures, d\u2019universit\u00e9s, de p\u00f4les d\u2019innovation r\u00e9gionaux, de partenaires autochtones et autres.[\/vc_column_text][vc_row_inner][vc_column_inner][vc_single_image image=\u00a0\u00bb13225&Prime; img_size=\u00a0\u00bbfull\u00a0\u00bb][vc_empty_space][\/vc_column_inner][\/vc_row_inner][vc_row_inner disable_element=\u00a0\u00bbyes\u00a0\u00bb][vc_column_inner][vc_btn title=\u00a0\u00bbFormulaire de pr\u00e9qualification en leadership technologique (FR)\u00a0\u00bb color=\u00a0\u00bbinfo\u00a0\u00bb i_icon_fontawesome=\u00a0\u00bbfar fa-file\u00a0\u00bb add_icon=\u00a0\u00bbtrue\u00a0\u00bb link=\u00a0\u00bburl:%2Fwp-content%2Fuploads%2FOSC-TL-Project-Preliminary-Qualification-Template-2023-04-FR-1.docx|target:_blank|\u00a0\u00bb][vc_empty_space][\/vc_column_inner][\/vc_row_inner][\/vc_column][\/vc_row][vc_row][vc_column][vc_separator][\/vc_column][\/vc_row]<\/p><\/div>\n<\/div>","protected":false},"excerpt":{"rendered":"<p>[vc_row css=\u00a0\u00bb.vc_custom_1775582580379{padding-top: 50px !important;padding-bottom: 50px !important;}\u00a0\u00bb][vc_column][vc_column_text css=\u00a0\u00bb\u00a0\u00bb] Projets et programmes Supergrappe des oc\u00e9ans du Canada co-investit avec l&rsquo;industrie pour acc\u00e9l\u00e8rer et commercialiser des solutions oc\u00e9aniques novatrices dans les domaines de [&hellip;]<\/p>\n","protected":false},"author":1,"featured_media":12559,"parent":511,"menu_order":0,"comment_status":"closed","ping_status":"closed","template":"","meta":{"_acf_changed":false,"footnotes":""},"class_list":["post-503","page","type-page","status-publish","has-post-thumbnail","hentry"],"acf":[],"_links":{"self":[{"href":"https:\/\/oceansupercluster.ca\/fr\/wp-json\/wp\/v2\/pages\/503","targetHints":{"allow":["GET"]}}],"collection":[{"href":"https:\/\/oceansupercluster.ca\/fr\/wp-json\/wp\/v2\/pages"}],"about":[{"href":"https:\/\/oceansupercluster.ca\/fr\/wp-json\/wp\/v2\/types\/page"}],"author":[{"embeddable":true,"href":"https:\/\/oceansupercluster.ca\/fr\/wp-json\/wp\/v2\/users\/1"}],"replies":[{"embeddable":true,"href":"https:\/\/oceansupercluster.ca\/fr\/wp-json\/wp\/v2\/comments?post=503"}],"version-history":[{"count":5,"href":"https:\/\/oceansupercluster.ca\/fr\/wp-json\/wp\/v2\/pages\/503\/revisions"}],"predecessor-version":[{"id":21128,"href":"https:\/\/oceansupercluster.ca\/fr\/wp-json\/wp\/v2\/pages\/503\/revisions\/21128"}],"up":[{"embeddable":true,"href":"https:\/\/oceansupercluster.ca\/fr\/wp-json\/wp\/v2\/pages\/511"}],"wp:featuredmedia":[{"embeddable":true,"href":"https:\/\/oceansupercluster.ca\/fr\/wp-json\/wp\/v2\/media\/12559"}],"wp:attachment":[{"href":"https:\/\/oceansupercluster.ca\/fr\/wp-json\/wp\/v2\/media?parent=503"}],"curies":[{"name":"wp","href":"https:\/\/api.w.org\/{rel}","templated":true}]}}