{"id":505,"date":"2023-03-10T11:18:12","date_gmt":"2023-03-10T11:18:12","guid":{"rendered":"http:\/\/SITEURL\/terms-and-conditions\/"},"modified":"2023-03-27T16:26:52","modified_gmt":"2023-03-27T16:26:52","slug":"terms-and-conditions","status":"publish","type":"page","link":"https:\/\/oceansupercluster.ca\/fr\/terms-and-conditions\/","title":{"rendered":"Conditions D\u2019Utilisation"},"content":{"rendered":"<div class=\"g-container\">Supergrappe des oc\u00e9ans du Canada vous invite \u00e0 lire ces conditions d\u2019utilisation ainsi que les modalit\u00e9s suppl\u00e9mentaires incorpor\u00e9es par renvoi (collectivement, les \u00ab <strong>Conditions d\u2019utilisation<\/strong> \u00bb), alors qu\u2019elles cr\u00e9ent une entente entre vous et Supergrappe des oc\u00e9ans du Canada et r\u00e9gissent votre acc\u00e8s et votre utilisation du site Web de Supergrappe des oc\u00e9ans du Canada et au portail des membres, y compris les fonctionnalit\u00e9s, les services et le contenu offerts sur ou par le biais de notre site Web et du portail des membres (collectivement, le \u00ab <strong>site Web<\/strong> \u00bb).<\/p>\n<p>Dans ces Conditions d\u2019utilisation, \u00ab nous \u00bb, \u00ab notre \u00bb et \u00ab nos \u00bb r\u00e9f\u00e8rent \u00e0 Supregrappe des oc\u00e9ans du Canada.<\/p>\n<p><strong>Acceptation et modalit\u00e9s suppl\u00e9mentaires<\/strong><\/p>\n<p>En utilisant notre site Web ou en cliquant pour accepter ces Conditions d\u2019utilisation, vous confirmez accepter ces conditions ainsi que notre Politique de confidentialit\u00e9 qui peut \u00eatre consult\u00e9e ici :<a href=\"https:\/\/oceansupercluster.ca\/fr\/politique-de-confidentialite\/\"> https:\/\/oceansupercluster.ca\/fr\/politique-de-confidentialite\/<\/a><\/p>\n<p>N\u2019acc\u00e9dez pas et n\u2019utilisez pas notre site Web si vous n\u2019acceptez pas ces Conditions d\u2019utilisation ou si vous n\u2019avez pas l\u2019\u00e2ge de la majorit\u00e9 dans votre lieu de r\u00e9sidence ou que vous n\u2019avez autrement pas la capacit\u00e9 d\u2019accepter ces Conditions d\u2019utilisation.<\/p>\n<p><strong>Portail des membres<\/strong><\/p>\n<p>Notre portail membre est une zone restreinte mise \u00e0 la disposition uniquement aux membres de Supergrappe des oc\u00e9ans du Canada. Si vous avez re\u00e7u des identifiants de connexion de notre part et que vous avez cr\u00e9\u00e9 un compte, vous devez vous assurer que vos renseignements d\u2019inscription sont exacts, complets et \u00e0 jour. Vous assumez seul la responsabilit\u00e9 de l\u2019activit\u00e9 ayant lieu sur votre compte et du maintien de la confidentialit\u00e9 de votre nom d\u2019utilisateur et de votre mot de passe. Vous devez nous informer imm\u00e9diatement par \u00e9crit de toute utilisation non autoris\u00e9e de votre compte ou de toute autre violation de s\u00e9curit\u00e9 li\u00e9e au compte dont vous \u00eates inform\u00e9e.<\/p>\n<p>\u00c0 notre seule et enti\u00e8re discr\u00e9tion, nous pouvons d\u00e9sactiver ou cesser votre utilisation de ou l\u2019acc\u00e8s \u00e0 notre portail des membres ou \u00e0 toute partie, aspect, caract\u00e9ristique et fonctionnalit\u00e9 de notre portail des membres ou supprimer des soumissions ou communications que vous avez faites pour un motif quelconque ou sans motif, en tout temps, avec ou sans pr\u00e9avis. Sans limiter la g\u00e9n\u00e9ralit\u00e9 de la phrase pr\u00e9c\u00e9dente, nous pouvons \u00e0 notre seule discr\u00e9tion d\u00e9sactiver l\u2019acc\u00e8s au portail des membres ou r\u00e9silier l\u2019inscription de tout utilisateur qui enfreint ces Conditions d\u2019utilisation.<\/p>\n<p>Pour plus de renseignements au sujet de la fa\u00e7on de devenir membre de l\u2019\u00e9quipe de Supergrappe des oc\u00e9ans du Canada ou demander des renseignements d\u2019identification de connexion ou de l\u2019aide avec le portail des membres, veuillez envoyer un courriel \u00e0 <a href=\"mailto:membership@oceansupercluster.ca\"><strong>membership@oceansupercluster.ca<\/strong><\/a>.<\/p>\n<p><strong>Utilisation acceptable<\/strong><\/p>\n<p>En tant que condition pour votre acc\u00e8s et votre utilisation de notre site Web, vous ne devez pas :<\/p>\n<ol>\n<li>Utiliser notre site Web \u00e0 des fins illicites ou d\u2019une mani\u00e8re interdite par les pr\u00e9sentes Conditions d\u2019utilisation;<\/li>\n<li>Envoyer ou recevoir, t\u00e9l\u00e9charger, transf\u00e9rer ou utiliser sciemment toute donn\u00e9e qui n\u2019est pas conforme \u00e0 ces Conditions d\u2019utilisation;<\/li>\n<li>Envoyer du courrier ind\u00e9sirable, pourriel ou toute forme de r\u00e9p\u00e9tition des messages, qu\u2019il s\u2019agisse de nature commerciale ou non commerciale;<\/li>\n<li>Alt\u00e9rer ou violer, ou tenter d\u2019alt\u00e9rer ou de violer la s\u00e9curit\u00e9 ou l\u2019int\u00e9grit\u00e9 de notre site Web et de contourner toute mesure que nous pouvons mettre en \u0153uvre pour pr\u00e9venir ou limiter une alt\u00e9ration ou une violation;<\/li>\n<li>Avoir ou tenter d\u2019avoir un acc\u00e8s non autoris\u00e9 aux donn\u00e9es ou au contenu ne vous \u00e9tant pas destin\u00e9 ou aux zones restreintes de notre site Web;<\/li>\n<li>Interf\u00e9rer, modifier, restreindre, alourdir, perturber ou d\u00e9sactiver notre site Web ou un de nos syst\u00e8mes, serveurs h\u00f4tes, r\u00e9seaux, bases de donn\u00e9es, logiciels, mat\u00e9riels ou \u00e9quipements utilis\u00e9s par ou pour notre site Web;<\/li>\n<li>Banaliser ou encourager d\u2019une fa\u00e7on quelconque une conduite qui pourrait r\u00e9duire l\u2019utilisation ou la jouissance de notre site Web, ou qui, tel que d\u00e9termin\u00e9 par nous, pourrait nous nuire ou nuire aux utilisateurs de notre site Web ou exposer quelqu\u2019un \u00e0 des r\u00e9clamations; ou<\/li>\n<li>Introduire un code malicieux, nuisible ou perturbateur, un virus, un cheval de Troie, un ver, une bombe logique ou tout autre \u00e9l\u00e9ment semblable, ou mettre en \u0153uvre des attaques de d\u00e9ni de service ou autres attaques, ou interf\u00e9rer ou tenter d\u2019interf\u00e9rer avec le bon fonctionnement du site Web.<\/li>\n<\/ol>\n<p>De plus, vous assumez seul la responsabilit\u00e9 de vous assurer que vous disposez de tous les droits, licences, consentements et autorit\u00e9 pour tout contenu, mat\u00e9riel et renseignements que vous soumettez, publiez, affichez, transmettez ou communiquez \u00e0 notre site Web ou \u00e0 d\u2019autres utilisateurs (collectivement, les \u00ab <strong>soumissions<\/strong> \u00bb). Vous garantissez \u00e9galement que toute soumission que vous effectuez ne :<\/p>\n<ol>\n<li>Viole ni n\u2019encourage la violation de toute autre norme applicable \u00e0 l\u2019\u00e9chelle internationale, f\u00e9d\u00e9rale, provinciale ou locale des lois, des r\u00e8glements, et qu\u2019elle ne contient aucune ordonnance et aucun \u00e9l\u00e9ment qui pourrait entra\u00eener une responsabilit\u00e9 civile ou p\u00e9nale en vertu de ces lois applicables ou qui autrement pourraient entrer en conflit avec ces Conditions d\u2019utilisation;<\/li>\n<li>Enfreigne ni ne d\u00e9tourne tout droit d\u2019auteur, marque d\u00e9pos\u00e9e, secret commercial, brevet ou tout autre droit de propri\u00e9t\u00e9 intellectuelle ou des droits l\u00e9gaux comme les droits moraux ou des droits de la vie priv\u00e9e d\u2019une tierce partie;<\/li>\n<li>Implique l\u2019approbation ou ni l\u2019origine de Supergrappe des oc\u00e9ans du Canada ou de toute autre personne ou entit\u00e9, si ce n\u2019est pas le cas;<\/li>\n<li>Viole une obligation cr\u00e9\u00e9e par un contrat auquel vous \u00eates une partie, y compris des obligations de confidentialit\u00e9 ;<\/li>\n<li>Enfreint une condition d\u2019utilisation de tout site Web tiers li\u00e9 par notre site Web; ou<\/li>\n<li>Inclut du contenu ou mat\u00e9riel abusif, diffamatoire, discriminatoire, pr\u00e9dateur, harcelant, pr\u00e9judiciable, haineux, inflammatoire, obsc\u00e8ne, offensant, mena\u00e7ant ou autrement r\u00e9pr\u00e9hensible.<\/li>\n<\/ol>\n<p>Nous pouvons, mais n\u2019y sommes pas oblig\u00e9s, surveiller ou examiner les soumissions faites \u00e0 notre portail des membres, mais nous ne sommes pas responsables de nous assurer que toute soumission est conforme \u00e0 ces Conditions d\u2019utilisation, pas plus que nous n\u2019examinons des soumissions avant que de telles soumissions ne soient visibles sur le portail des membres. Vous avez l\u2019enti\u00e8re responsabilit\u00e9 de vous assurer que vos soumissions sont conformes \u00e0 ces Conditions d\u2019utilisation avant de les pr\u00e9senter.<\/p>\n<p><strong>Protection de la vie priv\u00e9e<\/strong><\/p>\n<p>Le texte int\u00e9gral de notre Politique de confidentialit\u00e9 peut \u00eatre consult\u00e9 ici : <a href=\"https:\/\/oceansupercluster.ca\/fr\/politique-de-confidentialite\/\">https:\/\/oceansupercluster.ca\/fr\/politique-de-confidentialite\/<\/a><\/p>\n<p>Notre site Web ne recueille pas automatiquement des renseignements personnels (tels que votre nom ou votre adresse de courriel) aupr\u00e8s de vous. Nous ne recueillons vos renseignements personnels que si vous nous les fournissez volontairement en nous les envoyant par la poste ou par courriel lorsque vous remplissez notre formulaire de soumission de contact ou que vous configurez un compte pour acc\u00e9der \u00e0 notre Portail des membres.<\/p>\n<p>Notre site Web ne recueille automatiquement que certains renseignements au sujet de votre appareil, y compris les renseignements au sujet de votre navigateur Web, l\u2019adresse IP, le fuseau horaire ainsi que certains t\u00e9moins (cookies) install\u00e9s sur votre appareil. De plus, lorsque vous naviguez sur notre site Web, nous recueillons des renseignements au sujet des pages Web et du contenu que vous affichez, les sites Web et les termes de recherche qui vous r\u00e9f\u00e8rent \u00e0 notre site Web ainsi que des renseignements sur la fa\u00e7on dont vous interagissez avec notre site Web. Nous faisons r\u00e9f\u00e9rence \u00e0 ces renseignements recueillis automatiquement en tant que \u00ab <strong>renseignements sur les appareils<\/strong> \u00bb.<\/p>\n<p>Nous recueillons des renseignements sur les appareils en utilisant les technologies suivantes :<\/p>\n<ul>\n<li>Les t\u00e9moins, qui sont des fichiers de donn\u00e9es plac\u00e9s sur votre appareil ou votre ordinateur. Ils contiennent souvent un identifiant unique et anonyme. Pour plus de renseignements au sujet des t\u00e9moins et la fa\u00e7on de d\u00e9sactiver les t\u00e9moins, visitez <a href=\"http:\/\/www.allaboutcookies.orgo\"><strong>http:\/\/www.allaboutcookies.org<\/strong><\/a> ou consulter les param\u00e8tres de votre navigateur;<\/li>\n<li>Des fichiers journaux, qui permettent de faire le suivi des actions se produisant sur le site et de recueillir des donn\u00e9es dont votre adresse IP, le type de navigateur, le fournisseur de service Internet, leur emplacement g\u00e9ographique g\u00e9n\u00e9ral, la r\u00e9f\u00e9rence et la sortie de pages ainsi que la date et l\u2019heure; et<\/li>\n<li>Les balises et les pixels Web, qui sont des fichiers \u00e9lectroniques utilis\u00e9s pour enregistrer des renseignements sur la fa\u00e7on dont vous naviguez sur notre site Web.<\/li>\n<\/ul>\n<p><strong>Liens vers des sites Web de tiers<\/strong><\/p>\n<p>Nous entretenons une forte pr\u00e9sence sur une vari\u00e9t\u00e9 de plates-formes de m\u00e9dias sociaux. Nous fournissons souvent des liens ou des pointeurs vers nos comptes de m\u00e9dias sociaux et \u00e0 ceux de nos membres, ainsi que de sites Web que nous croyons pertinents pour les visiteurs de notre site Web. Les liens ou les pointeurs sur notre site Web vers des comptes de m\u00e9dias sociaux ou d\u2019autres sites Web de tiers sont fournis uniquement pour votre commodit\u00e9 et ne constitue pas une acceptation, une recommandation ou l\u2019approbation de ces autres sites Web de notre part.<\/p>\n<p>Si vous choisissez d\u2019acc\u00e9der \u00e0 nos comptes de m\u00e9dias sociaux ou de tout site Web de tiers, vous le faites \u00e0 vos propres risques et vous devez lire les conditions de service et les politiques de confidentialit\u00e9 de ces plates-formes de m\u00e9dias sociaux et des sites Web de tiers. Nous n\u2019acceptons aucune responsabilit\u00e9 pour le contenu de ces comptes de m\u00e9dias sociaux, des sites Web de tiers ou tout autre contenu li\u00e9.<\/p>\n<p><strong>Droits de propri\u00e9t\u00e9 intellectuelle et autres droits<\/strong><\/p>\n<p>Vous comprenez et acceptez que le site Web et tout son contenu, ses caract\u00e9ristiques et sa fonctionnalit\u00e9, y compris tous les renseignements, logiciels, codes, textes, affichages, graphiques, photographies, vid\u00e9os, audio, conceptions, pr\u00e9sentations, s\u00e9lections et dispositions sont d\u00e9tenus par nous, nos conc\u00e9dants de licence ou d\u2019autres fournisseurs de ces \u00e9l\u00e9ments et qu\u2019ils sont prot\u00e9g\u00e9s sous toutes formes par des lois de propri\u00e9t\u00e9 intellectuelle, tels que le droit d\u2019auteur, les marques de commerce, les brevets, les secrets commerciaux ou tout autre droit de propri\u00e9t\u00e9.<\/p>\n<p>Les noms, logos, dessins, images et slogans des entreprises apparaissant sur notre site Web peuvent \u00eatre des marques de leur soci\u00e9t\u00e9 respective ou de ses soci\u00e9t\u00e9s affili\u00e9es ou de ses conc\u00e9dants de licence. Vous ne devez pas utiliser ces marques sans l\u2019autorisation \u00e9crite pr\u00e9alable du propri\u00e9taire.  Toute utilisation de ces marques, sauf tel qu\u2019express\u00e9ment autoris\u00e9 par \u00e9crit par le propri\u00e9taire, constitue une contrefa\u00e7on ou une violation des droits du propri\u00e9taire, peut constituer une violation de la loi f\u00e9d\u00e9rale ou d\u2019autres lois, et pourrait exposer le contrevenant \u00e0 des poursuites judiciaires.<\/p>\n<p><strong>Clause de non-responsabilit\u00e9<\/strong><\/p>\n<p>Nous offrons la consultation de notre site Web \u00ab tel quel \u00bb et \u00ab tel que disponible \u00bb sans garantie ou condition de quelque nature que ce soit, expresse ou implicite, y compris les garanties implicites de qualit\u00e9 marchande, d\u2019ad\u00e9quation \u00e0 un usage particulier ou de non-violation. Vous reconnaissez que votre utilisation de notre site Web est \u00e0 vos propres risques. Nous ne faisons aucune d\u00e9claration et ne donnons aucune garantie et ne prenons aucun engagement \u00e0 l\u2019effet que notre site Web est complet, pr\u00e9cis, exact, s\u00e9curis\u00e9, fiable, disponible, adapt\u00e9 ou \u00e0 jour ou que tout contenu, fichier ou donn\u00e9e disponible via notre site Web ou autrement est exempt de virus ou d\u2019un autre code destructeur.<\/p>\n<p>Toutes les d\u00e9clarations, les avis, ou d\u2019autres contenus produits ou fournis par des tiers (\u00ab <strong>contenu de tiers<\/strong> \u00bb) rel\u00e8vent de la responsabilit\u00e9 de ces tiers. Ces contenus de tiers ne refl\u00e8tent pas n\u00e9cessairement notre opinion et nous n\u2019assumons aucune responsabilit\u00e9 de quelque nature que ce soit envers vous ou une tierce partie relativement au contenu ou \u00e0 l\u2019exactitude du contenu d\u2019un tiers.<\/p>\n<p><strong>Limitation de responsabilit\u00e9<\/strong><\/p>\n<p>En aucune circonstance, Supergrappe des oc\u00e9ans du Canada ou ses administrateurs, employ\u00e9s, entrepreneurs ind\u00e9pendants, agents ou membres (\u00ab <strong>SOC Group<\/strong> \u00bb) ne sera tenu responsable de toute perte ou dommage que ce soit (y compris directs, indirects, sp\u00e9ciaux, accessoires, cons\u00e9cutifs, exemplaires, punitifs ou autres dommages), qu\u2019il soit fond\u00e9 sur un contrat, un d\u00e9lit, une n\u00e9gligence ou de toute autre th\u00e9orie l\u00e9gale, r\u00e9sultant de ou en relation avec votre utilisation, ou l\u2019incapacit\u00e9 d\u2019utiliser, ou la d\u00e9pendance du site Web, de tout site Web li\u00e9 ou d\u2019une plate-forme ou d\u2019un compte de m\u00e9dias sociaux ou du contenu, de documents, de messages ou de renseignements \u00e0 ce sujet, ou pour tous les bogues, virus, chevaux de Troie ou \u00e9l\u00e9ments similaires (ind\u00e9pendamment de l\u2019origine), ou de toute erreur ou omission dans tout contenu, m\u00eame si Supergrappe des oc\u00e9ans du Canada a \u00e9t\u00e9 express\u00e9ment inform\u00e9e de la possibilit\u00e9 de tels dommages ou pertes, ou si ces pertes ou dommages \u00e9taient pr\u00e9visibles.<\/p>\n<p>Si vous \u00eates insatisfait de notre site Web pour quelque raison que ce soit, votre seul recours est de cesser d\u2019utiliser notre site Web.<\/p>\n<p><strong>Indemnit\u00e9<\/strong><\/p>\n<p>Vous acceptez d\u2019indemniser OSC Group de toute perte, dommage, r\u00e9clamation, demande, co\u00fbt, frais et d\u00e9pense de quelque nature que ce soit d\u00e9coulant de ou en relation avec votre utilisation de notre site Web (y compris toute soumission ou communication que vous effectuez), de tout site ou contenu reli\u00e9 de tiers, de toute utilisation de notre site Web incompatible aux Conditions d\u2019utilisation, de votre conduite en relation avec notre site Web ou d\u2019autres utilisateurs du portail des membres, de toute violation de ces Conditions d\u2019utilisation ou de toute loi ou des droits de toute tierce partie, y compris toute violation ou d\u00e9tournement par vous (ou tout tiers utilisant votre compte) de tout droit de propri\u00e9t\u00e9 intellectuelle ou tout autre droit de toute personne ou entit\u00e9, ou tout manquement de votre part (ou de tout tiers utilisant votre compte) relativement aux obligations de confidentialit\u00e9 ou de renseignements personnels envers toute personne ou entit\u00e9.<\/p>\n<p><strong> Conditions suppl\u00e9mentaires<\/strong><\/p>\n<p>Nous nous r\u00e9servons le droit de modifier ces Conditions d\u2019utilisation en tout temps et sans pr\u00e9avis, par la mise \u00e0 jour de cette publication. Les modifications apport\u00e9es aux Conditions d\u2019utilisation entreront alors en vigueur d\u00e8s leur publication et remplaceront les versions ant\u00e9rieures. Votre utilisation continue de notre site Web constitue votre acceptation de ces modalit\u00e9s modifi\u00e9es.<\/p>\n<p>Nous exploitons et maintenons notre site Web \u00e0 partir du Canada. Nous ne faisons aucune repr\u00e9sentation \u00e0 l\u2019effet que notre site Web est appropri\u00e9 ou disponible pour une utilisation \u00e0 l\u2019ext\u00e9rieur du Canada. Si vous acc\u00e9dez \u00e0 notre site Web \u00e0 partir d\u2019une juridiction autre que le Canada, vous le faites \u00e0 vos propres risques et \u00eates responsable du respect de toutes les lois de votre juridiction locale.<\/p>\n<p>Si une disposition quelconque de ces modalit\u00e9s est jug\u00e9e ill\u00e9gale, nulle ou inex\u00e9cutable, cette disposition sera soit limit\u00e9e ou supprim\u00e9e dans la mesure minimale n\u00e9cessaire et n\u2019affectera pas la validit\u00e9 et le caract\u00e8re ex\u00e9cutoire des autres dispositions.<\/p>\n<p>Si vous enfreignez ces Conditions d\u2019utilisation, tout d\u00e9lai de prise de mesures de notre part ne constitue pas une renonciation \u00e0 tout droit ou recours que nous pouvons avoir ni ne nous limite \u00e0 agir ou \u00e0 exercer des droits ou des recours \u00e0 l\u2019avenir.<\/p>\n<p>Ces conditions d\u2019utilisation seront r\u00e9gies et interpr\u00e9t\u00e9es conform\u00e9ment aux lois de Terre-Neuve-et-Labrador et aux lois f\u00e9d\u00e9rales en vigueur au Canada, peu importe votre lieu de domicile, de r\u00e9sidence ou emplacement physique. Vous vous soumettez irr\u00e9vocablement \u00e0 la juridiction exclusive des tribunaux de la province de Terre-Neuve-et-Labrador et vous renoncez \u00e0 toute objection express\u00e9ment \u00e0 l\u2019exercice de la comp\u00e9tence par et le lieu de ces tribunaux. Rien dans ces Conditions d\u2019utilisation emp\u00eache Supergrappe des oc\u00e9ans du Canada de pr\u00e9senter une demande d\u2019injonction ou d\u2019autres all\u00e9gements juridiques urgents dans toute juridiction.<\/p>\n<p><strong>Communiquez avec nous<\/strong><\/p>\n<p>Veuillez communiquer avec nous par courriel \u00e0 <a href=\"mailto:contact@oceansupercluster.cao\"><strong>contact@oceansupercluster.ca<\/strong><\/a> ou par courrier \u00e0 l\u2019adresse ci-dessous si vous avez des questions, des commentaires ou des pr\u00e9occupations :<\/p>\n<p>Supergrappe des oc\u00e9ans du Canada<br \/>\nPO Box 338<br \/>\nSt. John\u2019s, NL<br \/>\nA1C 5J9<br \/>\nCanada<\/p>\n<p>\u00ad\u00ad\u00ad<\/p><\/div>\n","protected":false},"excerpt":{"rendered":"<p>Supergrappe des oc\u00e9ans du Canada vous invite \u00e0 lire ces conditions d\u2019utilisation ainsi que les modalit\u00e9s suppl\u00e9mentaires incorpor\u00e9es par renvoi (collectivement, les \u00ab Conditions d\u2019utilisation \u00bb), alors qu\u2019elles cr\u00e9ent une [&hellip;]<\/p>\n","protected":false},"author":1,"featured_media":0,"parent":0,"menu_order":0,"comment_status":"closed","ping_status":"closed","template":"","meta":{"_acf_changed":false,"footnotes":""},"class_list":["post-505","page","type-page","status-publish","hentry"],"acf":[],"_links":{"self":[{"href":"https:\/\/oceansupercluster.ca\/fr\/wp-json\/wp\/v2\/pages\/505","targetHints":{"allow":["GET"]}}],"collection":[{"href":"https:\/\/oceansupercluster.ca\/fr\/wp-json\/wp\/v2\/pages"}],"about":[{"href":"https:\/\/oceansupercluster.ca\/fr\/wp-json\/wp\/v2\/types\/page"}],"author":[{"embeddable":true,"href":"https:\/\/oceansupercluster.ca\/fr\/wp-json\/wp\/v2\/users\/1"}],"replies":[{"embeddable":true,"href":"https:\/\/oceansupercluster.ca\/fr\/wp-json\/wp\/v2\/comments?post=505"}],"version-history":[{"count":0,"href":"https:\/\/oceansupercluster.ca\/fr\/wp-json\/wp\/v2\/pages\/505\/revisions"}],"wp:attachment":[{"href":"https:\/\/oceansupercluster.ca\/fr\/wp-json\/wp\/v2\/media?parent=505"}],"curies":[{"name":"wp","href":"https:\/\/api.w.org\/{rel}","templated":true}]}}