{"id":9756,"date":"2023-03-21T16:11:22","date_gmt":"2023-03-21T16:11:22","guid":{"rendered":"https:\/\/cos.m5i.com\/?page_id=9756"},"modified":"2023-03-21T16:12:53","modified_gmt":"2023-03-21T16:12:53","slug":"balado-une-plongee-en-profondeur-a-deeper-dive","status":"publish","type":"page","link":"https:\/\/oceansupercluster.ca\/fr\/news-media\/balado-une-plongee-en-profondeur-a-deeper-dive\/","title":{"rendered":"Balado Une plong\u00e9e en profondeur (A Deeper Dive)"},"content":{"rendered":"<div class=\"wpb-content-wrapper\"><div class=\"g-container\">\n<p>[vc_row][vc_column][vc_empty_space][vc_column_text]<img loading=\"lazy\" decoding=\"async\" class=\"alignnone size-large wp-image-2442\" src=\"https:\/\/oceansupercluster.ca\/wp-content\/uploads\/2021\/03\/A-Deeper-Dive-THUMBNAIL7-1024x576.png\" alt=\"\" width=\"900\" height=\"506\" \/><\/p>\n<p>Lorsque nous examinons certains des plus grands d\u00e9fis du monde et les meilleurs possibilit\u00e9s offertes au Canada, l\u2019oc\u00e9an n\u2019est pas seulement un espace que nous connaissons, c\u2019est un espace que nous pouvons diriger. La Supergrappe des oc\u00e9ans invite les personnes qui participent \u00e0 l\u2019\u00e9conomie des oc\u00e9ans et toutes celles qui s\u2019y int\u00e9ressent \u00e0 plonger plus profond\u00e9ment dans certains projets oc\u00e9aniques incroyables et novateurs en cours au Canada et \u00e0 appuyer les gens qui le font. Le balado bimensuel pr\u00e9sentera une vari\u00e9t\u00e9 d\u2019animateurs de l\u2019\u00e9quipe de la SOC au fur et \u00e0 mesure que nous passons d\u2019un \u00e9pisode \u00e0 l\u2019autre avec des invit\u00e9s des projets annonc\u00e9s de la Supergrappe des oc\u00e9ans. Nous pourrons ainsi faire le point avec eux et entendre parler des d\u00e9fis qu\u2019ils rel\u00e8vent et de leurs travaux en vue de stimuler une croissance durable, num\u00e9rique et inclusive dans le secteur des oc\u00e9ans.<\/p>\n<hr \/>\n<p>Episode 15 &#8211;<\/p>\n<p><strong>\u00c9pisode 15<\/strong> \u2013 Le projet <a href=\"https:\/\/oceansupercluster.ca\/fr\/project\/supergrappe-des-oceans-du-canada-annonce-un-projet-ido-rutter-de-31-m\/\">Rutter Internet of Things (Internet des objets Rutter)<\/a> offre la surveillance \u00e0 distance sous forme de service g\u00e9r\u00e9 avec acquisition de donn\u00e9es par syst\u00e8me radar sp\u00e9cialis\u00e9 ainsi que le stockage infonuagique et les analyses aux industries extrac\u00f4ti\u00e8res du Canada.<\/p>\n<p>D\u00e9couvrez cette technologie novatrice avec Jakub Skrzypczyk de SOC et Stephen Hale, vice-pr\u00e9sident de Rutter, lors de l\u2019\u00e9pisode 15 de A Deeper Dive.<\/p>\n<p><iframe loading=\"lazy\" src=\"https:\/\/w.soundcloud.com\/player\/?url=https%3A\/\/api.soundcloud.com\/tracks\/1237406509&amp;color=%23ff5500&amp;auto_play=false&amp;hide_related=false&amp;show_comments=true&amp;show_user=true&amp;show_reposts=false&amp;show_teaser=true\" width=\"100%\" height=\"166\" frameborder=\"no\" scrolling=\"no\"><\/iframe><\/p>\n<hr \/>\n<hr \/>\n<p>Episode 14 &#8211; Le <a tabindex=\"-1\" title=\"https:\/\/can01.safelinks.protection.outlook.com\/?url=https%3a%2f%2foceansupercluster.ca%2fproject%2ftallybot-project-artificial-intelligence-for-next-generation-seafood-processing%2f&amp;data=04%7c01%7c%7cdaf099b3f39b4779a81608d9f09409f8%7caca8bb6237414c09a3cd96b782ee1bed%7c0%7c0%7c637805340878721045%7cunknown%7ctwfpbgzsb3d8eyjwijoimc4wljawmdailcjqijoiv2lumziilcjbtii6ik1hawwilcjxvci6mn0%3d%7c3000&amp;sdata=xalzkbysqqpt8ncwe4jexci7dvvtdfeihv6fexpvcg8%3d&amp;reserved=0\" href=\"https:\/\/can01.safelinks.protection.outlook.com\/?url=https%3A%2F%2Foceansupercluster.ca%2Fproject%2Ftallybot-project-artificial-intelligence-for-next-generation-seafood-processing%2F&amp;data=04%7C01%7C%7Cdaf099b3f39b4779a81608d9f09409f8%7Caca8bb6237414c09a3cd96b782ee1bed%7C0%7C0%7C637805340878721045%7CUnknown%7CTWFpbGZsb3d8eyJWIjoiMC4wLjAwMDAiLCJQIjoiV2luMzIiLCJBTiI6Ik1haWwiLCJXVCI6Mn0%3D%7C3000&amp;sdata=XAlZkbYSQqPT8nCwE4jexCi7dVvTdFeIHV6fexPvCG8%3D&amp;reserved=0\" target=\"_blank\" rel=\"noopener noreferrer\" aria-label=\"Link projet Tallybot\">projet Tallybot<\/a> vise \u00e0 \u00eatre l\u2019un des premiers au monde \u00e0 int\u00e9grer l\u2019IA dans un logiciel de production et de tra\u00e7abilit\u00e9 de fruits de mer.<\/p>\n<p>D\u00e9couvrez cette solution innovante avec Max Flinn de SOC et Eric Enno Tam, PDG et co\u2011fondateur de ThisFish Inc., lors de l\u2019\u00e9pisode 14 de \u00ab A Deeper Dive \u00bb. <a tabindex=\"-1\" title=\"https:\/\/can01.safelinks.protection.outlook.com\/?url=https%3a%2f%2foceansupercluster.ca%2fa-deeper-dive-podcast%2f&amp;data=04%7c01%7c%7cdaf099b3f39b4779a81608d9f09409f8%7caca8bb6237414c09a3cd96b782ee1bed%7c0%7c0%7c637805340878721045%7cunknown%7ctwfpbgzsb3d8eyjwijoimc4wljawmdailcjqijoiv2lumziilcjbtii6ik1hawwilcjxvci6mn0%3d%7c3000&amp;sdata=s8ef4gsoxodenx6seyssmxi9nwyx0xryyihmtlc152i%3d&amp;reserved=0\" href=\"https:\/\/can01.safelinks.protection.outlook.com\/?url=https%3A%2F%2Foceansupercluster.ca%2Fa-deeper-dive-podcast%2F&amp;data=04%7C01%7C%7Cdaf099b3f39b4779a81608d9f09409f8%7Caca8bb6237414c09a3cd96b782ee1bed%7C0%7C0%7C637805340878721045%7CUnknown%7CTWFpbGZsb3d8eyJWIjoiMC4wLjAwMDAiLCJQIjoiV2luMzIiLCJBTiI6Ik1haWwiLCJXVCI6Mn0%3D%7C3000&amp;sdata=S8EF4GsoxOdEnX6SEYSsMxi9nWYX0xRyyihMtlC152I%3D&amp;reserved=0\" target=\"_blank\" rel=\"noopener noreferrer\" aria-label=\"Link https:\/\/oceansupercluster.ca\/a-deeper-dive-podcast\/\">https:\/\/oceansupercluster.ca\/a-deeper-dive-podcast\/<\/a><\/p>\n<p><iframe loading=\"lazy\" src=\"https:\/\/w.soundcloud.com\/player\/?url=https%3A\/\/api.soundcloud.com\/tracks\/1216363402&amp;color=%23ff5500&amp;auto_play=false&amp;hide_related=false&amp;show_comments=true&amp;show_user=true&amp;show_reposts=false&amp;show_teaser=true\" width=\"100%\" height=\"166\" frameborder=\"no\" scrolling=\"no\"><\/iframe><\/p>\n<hr \/>\n<p>\u00c9pisode 13 \u2013 Le projet Marine SAR Helicopter Mission Simulation (Simulation de mission d\u2019un h\u00e9licopt\u00e8re de recherche et de sauvetage maritimes) rehausse la pr\u00e9paration du personnel de recherche et sauvetage (SAR) pour mener leurs activit\u00e9s dans les conditions environnementales difficiles du Canada.<\/p>\n<p>D\u00e9couvrez cette solution novatrice avec Suvro Burman de SOC et Stephen Lenser, directeur principal de l&rsquo;ing\u00e9nierie des syst\u00e8mes chez Bluedrop Training and Simulation dans l&rsquo;\u00e9pisode 13 de A Deeper Dive.<\/p>\n<p><iframe loading=\"lazy\" src=\"https:\/\/w.soundcloud.com\/player\/?url=https%3A\/\/api.soundcloud.com\/tracks\/1167373075&amp;color=%23ff5500&amp;auto_play=false&amp;hide_related=false&amp;show_comments=true&amp;show_user=true&amp;show_reposts=false&amp;show_teaser=true\" width=\"100%\" height=\"166\" frameborder=\"no\" scrolling=\"no\"><\/iframe><\/p>\n<hr \/>\n<p>Episode 12 \u2013 -Le projet de main-d\u2019\u0153uvre inclusive pour la technologie de l\u2019oc\u00e9an Arctique \u00e9labore une formation en comp\u00e9tences techniques pour les participants inuits de l\u2019Inuit Nunangat.<\/p>\n<p>\u00c9coutez Carolann Harding et Gillian Davidge de SmartICE dans l\u2019\u00c9pisode 12 de A Deeper Dive<\/p>\n<p><iframe loading=\"lazy\" src=\"https:\/\/w.soundcloud.com\/player\/?url=https%3A\/\/api.soundcloud.com\/tracks\/1151818813&amp;color=%23ff5500&amp;auto_play=false&amp;hide_related=false&amp;show_comments=true&amp;show_user=true&amp;show_reposts=false&amp;show_teaser=true\" width=\"100%\" height=\"166\" frameborder=\"no\" scrolling=\"no\"><\/iframe><\/p>\n<hr \/>\n<hr \/>\n<p>Episode 11 \u2013 Le projet Rev\u00eatements protecteurs intelligents d\u00e9veloppe le rev\u00eatement marin le plus durable au monde.<\/p>\n<p>D\u00e9couvrez cette innovation de pointe avec Cassidy Walker de SOC et Mo AlGermozi, co-fondateur et PDG de Graphite Innovation and Technology lors de l&rsquo;\u00e9pisode 11 de \u00ab A Deeper Dive \u00bb.<\/p>\n<p><iframe loading=\"lazy\" src=\"https:\/\/w.soundcloud.com\/player\/?url=https%3A\/\/api.soundcloud.com\/tracks\/1114174825&amp;color=%23ff5500&amp;auto_play=false&amp;hide_related=false&amp;show_comments=true&amp;show_user=true&amp;show_reposts=false&amp;show_teaser=true\" width=\"100%\" height=\"166\" frameborder=\"no\" scrolling=\"no\"><\/iframe><\/p>\n<div>\n<p>\u00c9pisode 10 &#8211; La demande pour des outils de collaboration num\u00e9rique continue de cro\u00eetre dans l\u2019\u00e9conomie de l\u2019oc\u00e9an. L\u2019ann\u00e9e derni\u00e8re et les confinements de la pand\u00e9mie mondiale n\u2019ont fait qu\u2019amplifier ce besoin.<\/p>\n<p>\u00c9coutez Nichola Anderson de SOC et Adam Keating, PDG et co-fondateur de Colab Software, parler du projet Colab Enterprise.<\/p>\n<p><iframe loading=\"lazy\" src=\"https:\/\/w.soundcloud.com\/player\/?url=https%3A\/\/api.soundcloud.com\/tracks\/1094287234&amp;color=%23ff5500&amp;auto_play=false&amp;hide_related=false&amp;show_comments=true&amp;show_user=true&amp;show_reposts=false&amp;show_teaser=true\" width=\"100%\" height=\"166\" frameborder=\"no\" scrolling=\"no\"><\/iframe><\/p>\n<hr \/>\n<p>\u00c9pisode 9 &#8211; SOC a r\u00e9cemment lanc\u00e9 le programme <a href=\"https:\/\/oceansupercluster.ca\/fr\/projects\/nouveau-programme-impact-des-leaders-de-locean-lappel-de-propositions\/\">Ocean leaders impact Program (OLIP) (Programme Impact des leaders de l\u2019oc\u00e9an)<\/a> ax\u00e9 sur le d\u00e9veloppement de nouvelles possibilit\u00e9s de mentorat et d\u2019un bassin de talents exp\u00e9riment\u00e9s dans l\u2019\u00e9conomie de l\u2019oc\u00e9an du Canada.<\/p>\n<p>\u00c9coutez Melissa O&rsquo;Rourke de SOC et Sherry Scully de SES Workforce Research &amp; Consulting parler du programme OLIP ainsi que des p\u00e9nuries de talents, des d\u00e9fis et des besoins dans le secteur de l\u2019oc\u00e9an.<\/p>\n<p><iframe loading=\"lazy\" src=\"https:\/\/w.soundcloud.com\/player\/?url=https%3A\/\/api.soundcloud.com\/tracks\/1086761053&amp;color=%23ff5500&amp;auto_play=false&amp;hide_related=false&amp;show_comments=true&amp;show_user=true&amp;show_reposts=false&amp;show_teaser=true\" width=\"100%\" height=\"166\" frameborder=\"no\" scrolling=\"no\"><\/iframe><\/p>\n<hr \/>\n<div>\n<div>\n<div>\n<p>\u00c9pisode 8 &#8211; Le premier projet de Supergrappe des oc\u00e9ans du Canada dirig\u00e9 par l\u2019Alberta, le projet ORCA, lance un carburant \u00e0 faible teneur en carbone pour le secteur maritime du Canada.<\/p>\n<p>Anim\u00e9 par Nancy Andrews de Supergrappe des oc\u00e9ans du Canada qui re\u00e7oit Craig Latimer, cet \u00e9pisode se penche sur les plus r\u00e9cents d\u00e9veloppements du projet ORCA.<\/p>\n<p><iframe loading=\"lazy\" src=\"https:\/\/w.soundcloud.com\/player\/?url=https%3A\/\/api.soundcloud.com\/tracks\/1075124821&amp;color=%23ff5500&amp;auto_play=false&amp;hide_related=false&amp;show_comments=true&amp;show_user=true&amp;show_reposts=false&amp;show_teaser=true\" width=\"100%\" height=\"166\" frameborder=\"no\" scrolling=\"no\"><\/iframe><\/p>\n<div style=\"font-size: 10px; color: #cccccc; line-break: anywhere; word-break: normal; overflow: hidden; white-space: nowrap; text-overflow: ellipsis; font-family: Interstate,Lucida Grande,Lucida Sans Unicode,Lucida Sans,Garuda,Verdana,Tahoma,sans-serif; font-weight: 100;\"><a style=\"color: #cccccc; text-decoration: none;\" title=\"Canada's OSC\" href=\"https:\/\/soundcloud.com\/canadas-osc\" target=\"_blank\" rel=\"noopener\">Canada&rsquo;s OSC<\/a> \u00b7 <a style=\"color: #cccccc; text-decoration: none;\" title=\"A Deeper Dive - Episode 8 - Project ORCA - Projet ORCA\" href=\"https:\/\/soundcloud.com\/canadas-osc\/a-deeper-dive-episode-8-project-orca-projet-orca\" target=\"_blank\" rel=\"noopener\">A Deeper Dive &#8211; Episode 8 &#8211; Project ORCA &#8211; Projet ORCA<\/a><\/div>\n<hr \/>\n<\/div>\n<div>\n<div>\n<p>\u00c9pisode 07 &#8211; Le projet OceanDNA r\u00e9volutionne la fa\u00e7on dont nous \u00e9valuons, surveillons et cat\u00e9gorisons l&rsquo;oc\u00e9an.<\/p>\n<p>Anim\u00e9 par Corey Kirkhus, gestionnaire des relations avec les membres de SOC qui re\u00e7oit Nicole Fahner, chef de projet chez eDNAtec, cet \u00e9pisode plonge dans les plus r\u00e9centes nouvelles du projet OceanDNA.<\/p><\/div>\n<div>\n<p><iframe loading=\"lazy\" src=\"https:\/\/w.soundcloud.com\/player\/?url=https%3A\/\/api.soundcloud.com\/tracks\/1066591420&amp;color=%23ff5500&amp;auto_play=false&amp;hide_related=false&amp;show_comments=true&amp;show_user=true&amp;show_reposts=false&amp;show_teaser=true\" width=\"100%\" height=\"166\" frameborder=\"no\" scrolling=\"no\"><\/iframe><\/p>\n<div>\n<hr \/>\n<p>\u00c9pisode 06 &#8211; \u00ab Better data means better decisions. \u00bb (De meilleures donn\u00e9es favorisent de meilleures d\u00e9cisions.)<\/p>\n<p>Anim\u00e9 par Diane Hollman de SOC, \u00e9coutez Matthew Kowalczyk et Michael Huskilson du <a href=\"https:\/\/can01.safelinks.protection.outlook.com\/?url=https%3A%2F%2Foceansupercluster.ca%2Fproject%2Fxocean-xo-g2-project%2F&amp;data=04%7C01%7C%7Cc72fbd84567c48f20b9808d921e97c98%7Caca8bb6237414c09a3cd96b782ee1bed%7C0%7C0%7C637578108981635607%7CUnknown%7CTWFpbGZsb3d8eyJWIjoiMC4wLjAwMDAiLCJQIjoiV2luMzIiLCJBTiI6Ik1haWwiLCJXVCI6Mn0%3D%7C1000&amp;sdata=Flj2K8cJydSyyYajJx9D1bjH1cpbpqYu%2FYIf8UgDX88%3D&amp;reserved=0\">projet XO-G2<\/a> parler de la prochaine g\u00e9n\u00e9ration de navires sans \u00e9quipage lors de cet \u00e9pisode de A Deeper Dive (Une plong\u00e9e en profondeur).<\/p>\n<p><iframe loading=\"lazy\" src=\"https:\/\/w.soundcloud.com\/player\/?url=https%3A\/\/api.soundcloud.com\/tracks\/1052445148&amp;color=%23ff5500&amp;auto_play=false&amp;hide_related=false&amp;show_comments=true&amp;show_user=true&amp;show_reposts=false&amp;show_teaser=true\" width=\"100%\" height=\"166\" frameborder=\"no\" scrolling=\"no\"><\/iframe><\/p>\n<hr \/>\n<p>\u00c9pisode 05 &#8211; Le <a href=\"https:\/\/can01.safelinks.protection.outlook.com\/?url=https%3A%2F%2Foceansupercluster.ca%2Fprojects%2Finnovation-ecosystem-activities%2Focean-startup-project%2F&amp;data=04%7C01%7C%7Cc72fbd84567c48f20b9808d921e97c98%7Caca8bb6237414c09a3cd96b782ee1bed%7C0%7C0%7C637578108981645598%7CUnknown%7CTWFpbGZsb3d8eyJWIjoiMC4wLjAwMDAiLCJQIjoiV2luMzIiLCJBTiI6Ik1haWwiLCJXVCI6Mn0%3D%7C1000&amp;sdata=AjqILN2UsQ2QpiuytHoHR4Z8dxE3Btk8hxDiis8drDo%3D&amp;reserved=0\">projet Ocean Startup (D\u00e9marrage dans le secteur de l\u2019oc\u00e9an<\/a> repr\u00e9sente la premi\u00e8re collaboration en son genre \u00e9tablie en vue de faire du Canada le meilleur endroit pour d\u00e9marrer et d\u00e9velopper une entreprise de l\u2019oc\u00e9an.<\/p>\n<p>Anim\u00e9 par Rob Barton de SOC qui re\u00e7oit l\u2019invit\u00e9 Don Grant, cet \u00e9pisode se plonge dans les plus r\u00e9centes nouvelles du projet Alli\u00e9s de l\u2019oc\u00e9an. <a href=\"https:\/\/can01.safelinks.protection.outlook.com\/?url=https%3A%2F%2Foceansupercluster.ca%2Fa-deeper-dive-podcast%2F&amp;data=04%7C01%7C%7Cc72fbd84567c48f20b9808d921e97c98%7Caca8bb6237414c09a3cd96b782ee1bed%7C0%7C0%7C637578108981655593%7CUnknown%7CTWFpbGZsb3d8eyJWIjoiMC4wLjAwMDAiLCJQIjoiV2luMzIiLCJBTiI6Ik1haWwiLCJXVCI6Mn0%3D%7C1000&amp;sdata=OINcldJ40T%2Ff4QUuf8s62G86Daz5ike8nhT9HbPbacs%3D&amp;reserved=0\">\u00c9coutez l\u2019\u00e9pisode 05<\/a><\/p>\n<p><iframe loading=\"lazy\" src=\"https:\/\/w.soundcloud.com\/player\/?url=https%3A\/\/api.soundcloud.com\/tracks\/1044612559&amp;color=%23ff5500&amp;auto_play=false&amp;hide_related=false&amp;show_comments=true&amp;show_user=true&amp;show_reposts=false&amp;show_teaser=true\" width=\"100%\" height=\"166\" frameborder=\"no\" scrolling=\"no\"><\/iframe><\/p>\n<hr \/>\n<p>\u00c9pisode 04- Le <a href=\"https:\/\/can01.safelinks.protection.outlook.com\/?url=https%3A%2F%2Foceansupercluster.us18.list-manage.com%2Ftrack%2Fclick%3Fu%3Dc28090401dfc69f9e503c2b03%26id%3D5a683d3d76%26e%3D42feb25b3b&amp;data=04%7C01%7C%7Cfd5470feac4b49ab7fa408d90bfebb8d%7Caca8bb6237414c09a3cd96b782ee1bed%7C0%7C1%7C637554010985933739%7CUnknown%7CTWFpbGZsb3d8eyJWIjoiMC4wLjAwMDAiLCJQIjoiV2luMzIiLCJBTiI6Ik1haWwiLCJXVCI6Mn0%3D%7C2000&amp;sdata=9qHVx903fCOshDEwHSW9NnYdRUeuW76beQaUw%2BuBLj0%3D&amp;reserved=0\">projet Vision de l\u2019oc\u00e9an (Ocean Vision)<\/a> a \u00e9t\u00e9 le tout premier projet de SOC et il a depuis atteint des jalons importants alors qu\u2019il contribue au d\u00e9veloppement de nouvelles technologies pour l\u2019imagerie et la cartographie haute r\u00e9solution du plancher oc\u00e9anique et ces technologies suscitent un grand int\u00e9r\u00eat \u00e0 l\u2019\u00e9chelle mondiale.<\/p>\n<p>Anim\u00e9 par Andy Stone de SOC qui re\u00e7oit l\u2019invit\u00e9 David Shea, cet \u00e9pisode se penche sur les plus r\u00e9cents d\u00e9veloppements du projet Vision de l\u2019oc\u00e9an. <a href=\"https:\/\/can01.safelinks.protection.outlook.com\/?url=https%3A%2F%2Foceansupercluster.us18.list-manage.com%2Ftrack%2Fclick%3Fu%3Dc28090401dfc69f9e503c2b03%26id%3D0f7c256e87%26e%3D42feb25b3b&amp;data=04%7C01%7C%7Cfd5470feac4b49ab7fa408d90bfebb8d%7Caca8bb6237414c09a3cd96b782ee1bed%7C0%7C1%7C637554010985933739%7CUnknown%7CTWFpbGZsb3d8eyJWIjoiMC4wLjAwMDAiLCJQIjoiV2luMzIiLCJBTiI6Ik1haWwiLCJXVCI6Mn0%3D%7C2000&amp;sdata=59va0SLi1T%2BKM6Oro4E9BFVWgbo20JHE3Dc9VTdu6Cc%3D&amp;reserved=0\">\u00c9coutez l\u2019\u00e9pisode <\/a><a href=\"https:\/\/can01.safelinks.protection.outlook.com\/?url=https%3A%2F%2Foceansupercluster.us18.list-manage.com%2Ftrack%2Fclick%3Fu%3Dc28090401dfc69f9e503c2b03%26id%3D40845ae75e%26e%3D42feb25b3b&amp;data=04%7C01%7C%7Cfd5470feac4b49ab7fa408d90bfebb8d%7Caca8bb6237414c09a3cd96b782ee1bed%7C0%7C1%7C637554010985943729%7CUnknown%7CTWFpbGZsb3d8eyJWIjoiMC4wLjAwMDAiLCJQIjoiV2luMzIiLCJBTiI6Ik1haWwiLCJXVCI6Mn0%3D%7C2000&amp;sdata=D9DIRlc7XraMFDbvhYIgINaTtXokYHX8KjmW76QuMiE%3D&amp;reserved=0\">04<\/a><\/p>\n<p><iframe loading=\"lazy\" src=\"https:\/\/w.soundcloud.com\/player\/?url=https%3A\/\/api.soundcloud.com\/tracks\/1034555293&amp;color=%23ff5500&amp;auto_play=false&amp;hide_related=false&amp;show_comments=true&amp;show_user=true&amp;show_reposts=false&amp;show_teaser=true\" width=\"100%\" height=\"166\" frameborder=\"no\" scrolling=\"no\"><\/iframe><\/p>\n<div style=\"font-size: 10px; color: #cccccc; line-break: anywhere; word-break: normal; overflow: hidden; white-space: nowrap; text-overflow: ellipsis; font-family: Interstate,Lucida Grande,Lucida Sans Unicode,Lucida Sans,Garuda,Verdana,Tahoma,sans-serif; font-weight: 100;\"><\/div>\n<hr \/>\n<div> \u00c9pisode 03 : Le projet <a href=\"https:\/\/oceansupercluster.ca\/ocean-allies-project\/\">Alli\u00e9s de l\u2019oc\u00e9an<\/a> (Ocean Allies) a \u00e9t\u00e9 con\u00e7u pour offrir l\u2019acc\u00e8s, l\u2019implication et le soutien \u00e0 la diversification de l\u2019\u00e9conomie oc\u00e9anique par des activit\u00e9s strat\u00e9giques.<\/div>\n<p>Anim\u00e9 par Melissa O\u2019Rourke de SOC qui re\u00e7oit l\u2019invit\u00e9 Kes Morton, cet \u00e9pisode se penche sur les derni\u00e8res nouvelles sur le projet Alli\u00e9s de l\u2019oc\u00e9an.<\/p>\n<p><iframe loading=\"lazy\" src=\"https:\/\/w.soundcloud.com\/player\/?url=https%3A\/\/api.soundcloud.com\/tracks\/1025116390&amp;color=%23ff5500&amp;auto_play=false&amp;hide_related=false&amp;show_comments=true&amp;show_user=true&amp;show_reposts=false&amp;show_teaser=true\" width=\"100%\" height=\"166\" frameborder=\"no\" scrolling=\"no\" data-mce-fragment=\"1\"><\/iframe><\/p>\n<div data-tid=\"messageBodyContent\">\n<div>\n<hr \/>\n<\/div>\n<div>\n<div data-tid=\"messageBodyContent\">\n<div>\n<p>\u00c9pisode 02 \u2013 Le <a href=\"https:\/\/oceansupercluster.ca\/ocean-aware-project-announcement\/\">projet Sensibilisation aux oc\u00e9ans<\/a> (Ocean Aware) constitue le plus important projet de SOC annonc\u00e9 \u00e0 ce jour. Il s\u2019agit d\u2019une collaboration entre les secteurs et les r\u00e9gions qui apportera des solutions novatrices pour la surveillance du d\u00e9placement des poissons, de la sant\u00e9 des poissons ainsi que de l\u2019environnement.<\/p>\n<p>Anim\u00e9 par Ogaga Johnson de la SOC, cet \u00e9pisode de \u00ab A Deeper Dive \u00bb (Une plong\u00e9e en profondeur) fait une mise \u00e0 jour avec Amy Brookman du projet Ocean Aware.<\/p><\/div>\n<\/div>\n<\/div>\n<\/div>\n<div>\n<p><iframe loading=\"lazy\" src=\"https:\/\/w.soundcloud.com\/player\/?url=https%3A\/\/api.soundcloud.com\/tracks\/1016115682&amp;color=%23ff5500&amp;auto_play=false&amp;hide_related=false&amp;show_comments=true&amp;show_user=true&amp;show_reposts=false&amp;show_teaser=true\" width=\"100%\" height=\"166\" frameborder=\"no\" scrolling=\"no\" data-mce-fragment=\"1\"><\/iframe><\/div>\n<div>\n<hr \/>\n<p>\u00c9pisode 01\u2013 Alors que nous lan\u00e7ons notre nouveau balado, Max Flinn, analyste de projet \u00e0 la SOC, a discut\u00e9 avec Susan Hunt, directrice de la technologie, sur les sujets pr\u00e9sent\u00e9s sur \u00ab Une plong\u00e9e en profondeur (A Deeper Dive) \u00bb.<\/p><\/div>\n<div>\n<p><iframe loading=\"lazy\" src=\"https:\/\/w.soundcloud.com\/player\/?url=https%3A\/\/api.soundcloud.com\/tracks\/1004808190&amp;color=%2374bccc&amp;auto_play=false&amp;hide_related=false&amp;show_comments=true&amp;show_user=true&amp;show_reposts=false&amp;show_teaser=true\" width=\"100%\" height=\"166\" frameborder=\"no\" scrolling=\"no\" data-mce-fragment=\"1\"><\/iframe><\/p>\n<hr \/>\n<p>&nbsp;<\/p>\n<p><a href=\"https:\/\/open.spotify.com\/show\/6K0Rj5ERUcxO7Tizn4cBAt#_=_\"><img loading=\"lazy\" decoding=\"async\" class=\"alignnone wp-image-2463\" src=\"https:\/\/oceansupercluster.ca\/wp-content\/uploads\/2021\/03\/open-graph-default-1024x538.png\" alt=\"\" width=\"320\" height=\"167\" \/><\/a><\/p>\n<p><a href=\"https:\/\/open.spotify.com\/show\/6K0Rj5ERUcxO7Tizn4cBAt?si=gReNtbsHQB-ZBfiH_14hMw\">Suiverz-nous sur Spotify<\/a><\/p>\n<p><a href=\"https:\/\/podcasts.apple.com\/ca\/podcast\/a-deeper-dive\/id1558389820\"><img loading=\"lazy\" decoding=\"async\" class=\"alignnone wp-image-2508\" src=\"https:\/\/oceansupercluster.ca\/wp-content\/uploads\/2021\/03\/listen-on-apple-podcast-1024x270.png\" alt=\"\" width=\"518\" height=\"137\" \/><\/a><\/p>\n<p><a href=\"https:\/\/podcasts.apple.com\/ca\/podcast\/a-deeper-dive\/id1558389820\">Inscrivez-vous sur Apple Podcasts<\/a><\/p>\n<p><a href=\"https:\/\/www.google.com\/podcasts?feed=aHR0cHM6Ly9hbmNob3IuZm0vcy81MTBhMTRlMC9wb2RjYXN0L3Jzcw==\"><img loading=\"lazy\" decoding=\"async\" class=\"alignnone wp-image-2510\" src=\"https:\/\/oceansupercluster.ca\/wp-content\/uploads\/2021\/03\/listen-on-google-podcast-1024x260.png\" alt=\"\" width=\"519\" height=\"132\" \/><\/a><\/p>\n<p><a href=\"https:\/\/www.google.com\/podcasts?feed=aHR0cHM6Ly9hbmNob3IuZm0vcy81MTBhMTRlMC9wb2RjYXN0L3Jzcw==\">\u00c9coutez sur Google Podcasts <\/a><\/div>\n<\/div>\n<\/div>\n<p>&nbsp;<\/p><\/div>\n<p>[\/vc_column_text][\/vc_column][\/vc_row][vc_row][vc_column][vc_column_text]<\/p>\n<p>[\/vc_column_text][\/vc_column][\/vc_row][vc_row][vc_column][vc_column_text]<\/p><\/div>\n<\/div>\n<\/div>\n<p>[\/vc_column_text][\/vc_column][\/vc_row]<\/p>\n<\/div>\n<\/div>","protected":false},"excerpt":{"rendered":"<p>[vc_row][vc_column][vc_empty_space][vc_column_text] Lorsque nous examinons certains des plus grands d\u00e9fis du monde et les meilleurs possibilit\u00e9s offertes au Canada, l\u2019oc\u00e9an n\u2019est pas seulement un espace que nous connaissons, c\u2019est un espace [&hellip;]<\/p>\n","protected":false},"author":2,"featured_media":0,"parent":336,"menu_order":0,"comment_status":"closed","ping_status":"closed","template":"","meta":{"_acf_changed":false,"footnotes":""},"class_list":["post-9756","page","type-page","status-publish","hentry"],"acf":[],"_links":{"self":[{"href":"https:\/\/oceansupercluster.ca\/fr\/wp-json\/wp\/v2\/pages\/9756","targetHints":{"allow":["GET"]}}],"collection":[{"href":"https:\/\/oceansupercluster.ca\/fr\/wp-json\/wp\/v2\/pages"}],"about":[{"href":"https:\/\/oceansupercluster.ca\/fr\/wp-json\/wp\/v2\/types\/page"}],"author":[{"embeddable":true,"href":"https:\/\/oceansupercluster.ca\/fr\/wp-json\/wp\/v2\/users\/2"}],"replies":[{"embeddable":true,"href":"https:\/\/oceansupercluster.ca\/fr\/wp-json\/wp\/v2\/comments?post=9756"}],"version-history":[{"count":0,"href":"https:\/\/oceansupercluster.ca\/fr\/wp-json\/wp\/v2\/pages\/9756\/revisions"}],"up":[{"embeddable":true,"href":"https:\/\/oceansupercluster.ca\/fr\/wp-json\/wp\/v2\/pages\/336"}],"wp:attachment":[{"href":"https:\/\/oceansupercluster.ca\/fr\/wp-json\/wp\/v2\/media?parent=9756"}],"curies":[{"name":"wp","href":"https:\/\/api.w.org\/{rel}","templated":true}]}}